{"id":80,"date":"2016-10-19T11:49:16","date_gmt":"2016-10-19T09:49:16","guid":{"rendered":"https:\/\/tandcity2.wpengine.com\/?page_id=80"},"modified":"2025-01-29T14:39:38","modified_gmt":"2025-01-29T13:39:38","slug":"porslinsfasader-malmo","status":"publish","type":"page","link":"https:\/\/tandcity.se\/sv\/porslinsfasader-malmo\/","title":{"rendered":"Fasader"},"content":{"rendered":"<div class=\"wpb-content-wrapper\"><div data-vc-full-width=\"true\" data-vc-full-width-init=\"false\" data-vc-stretch-content=\"true\" class=\"vc_row wpb_row vc_row-fluid fullwidth coverimage vc_custom_1528186115576 vc_row-has-fill\"><div class=\"wpb_column vc_column_container vc_col-sm-12\"><div class=\"vc_column-inner\"><div class=\"wpb_wrapper\"><\/div><\/div><\/div><\/div><div class=\"vc_row-full-width vc_clearfix\"><\/div><div class=\"vc_row wpb_row vc_row-fluid\"><div class=\"wpb_column vc_column_container vc_col-sm-12\"><div class=\"vc_column-inner\"><div class=\"wpb_wrapper\">\n\t<div class=\"wpb_text_column wpb_content_element  introtext\" >\n\t\t<div class=\"wpb_wrapper\">\n\t\t\t<h1>Vi hj\u00e4lper dig med porslinfasader<\/h1>\n<p><em>Porslinsfasader \u00e4r individuellt anpassade supertunna skal av porslin i \u00f6nskad tandf\u00e4rg. Dessa anv\u00e4nds ur estetiskt syfte.<\/em><\/p>\n\n\t\t<\/div>\n\t<\/div>\n<\/div><\/div><\/div><\/div><div class=\"vc_row wpb_row vc_row-fluid\"><div class=\"wpb_column vc_column_container vc_col-sm-6\"><div class=\"vc_column-inner\"><div class=\"wpb_wrapper\">\n\t<div class=\"wpb_text_column wpb_content_element \" >\n\t\t<div class=\"wpb_wrapper\">\n\t\t\t<p>Tandfasaderna s\u00e4tts fast p\u00e5 framt\u00e4nderna. Patienten f\u00e5r en perfekt tandoptik betr\u00e4ffande f\u00e4rg, form och storlek. Eftersom de \u00e4r mycket tunna och sl\u00e4pper igenom ljus ser man ingen skillnad p\u00e5 de egna t\u00e4nderna och de med fasader. Du kan v\u00e4lja att anv\u00e4nda fasader f\u00f6r en eller flera t\u00e4nder.<\/p>\n<p>Fasader kan ocks\u00e5 tillverkas av konstmaterial (bonded veneers), d\u00e5 man anv\u00e4nder estetiskt fyllnadsmaterial. De konstgjorda fasaderna framst\u00e4lls antingen av tandteknikern eller s\u00e5 g\u00f6rs de direkt av tandl\u00e4karen.<\/p>\n\n\t\t<\/div>\n\t<\/div>\n<\/div><\/div><\/div><div class=\"wpb_column vc_column_container vc_col-sm-6\"><div class=\"vc_column-inner\"><div class=\"wpb_wrapper\">\n\t<div  class=\"wpb_single_image wpb_content_element vc_align_center  wpb_animate_when_almost_visible wpb_bottom-to-top bottom-to-top\">\n\t\t\n\t\t<figure class=\"wpb_wrapper vc_figure\">\n\t\t\t<div class=\"vc_single_image-wrapper   vc_box_border_grey\"><img loading=\"lazy\" decoding=\"async\" width=\"653\" height=\"532\" src=\"https:\/\/tandcity.se\/wp-content\/uploads\/2016\/10\/tandfasader-i-malmo.jpg\" class=\"vc_single_image-img attachment-full\" alt=\"Boka tid f\u00f6r porslinfasader - TandCity\" title=\"Porslinfasader pris\" srcset=\"https:\/\/tandcity.se\/wp-content\/uploads\/2016\/10\/tandfasader-i-malmo.jpg 653w, https:\/\/tandcity.se\/wp-content\/uploads\/2016\/10\/tandfasader-i-malmo-300x244.jpg 300w\" sizes=\"auto, (max-width: 653px) 100vw, 653px\" \/><\/div>\n\t\t<\/figure>\n\t<\/div>\n<\/div><\/div><\/div><\/div><div class=\"vc_row wpb_row vc_row-fluid\"><div class=\"wpb_column vc_column_container vc_col-sm-12\"><div class=\"vc_column-inner\"><div class=\"wpb_wrapper\">\n\t<div class=\"wpb_text_column wpb_content_element \" >\n\t\t<div class=\"wpb_wrapper\">\n\t\t\t<h2>Vi arbetar minimal-invasivt<\/h2>\n<p>F\u00f6re behandlingen och sj\u00e4lva ins\u00e4ttandet av porslinsfasader i Malm\u00f6 tas avtryck av\u00a0dina t\u00e4nder, vilka sedan skickas till v\u00e5r tandtekniker. Tandteknikern g\u00f6r sedan en Wax-up. Gummiguider g\u00f6rs p\u00e5 Wax-up formen, s\u00e5 att tandl\u00e4karen kan bed\u00f6ma hur mycket av tanden som skall tas bort innan fasaden s\u00e4tts p\u00e5. P\u00e5 s\u00e5 s\u00e4tt vet vi att vi inte tar bort mer \u00e4n n\u00f6dv\u00e4ndigt av\u00a0din egna tand.<\/p>\n<p>Boka tid f\u00f6r nya porslinsfasader i Malm\u00f6, redan idag! Vi p\u00e5 TandCity hj\u00e4lper\u00a0dig till ett str\u00e5lande leende och erbjuder \u00e4ven <a href=\"http:\/\/tandcity.se\/sv\/behandla-tandgnissling\/\">behandling f\u00f6r tandgnissling i Malm\u00f6<\/a>.<\/p>\n\n\t\t<\/div>\n\t<\/div>\n<\/div><\/div><\/div><\/div><div class=\"vc_row wpb_row vc_row-fluid\"><div class=\"wpb_column vc_column_container vc_col-sm-6\"><div class=\"vc_column-inner\"><div class=\"wpb_wrapper\">\n\t<div  class=\"wpb_single_image wpb_content_element vc_align_center  wpb_animate_when_almost_visible wpb_bottom-to-top bottom-to-top\">\n\t\t\n\t\t<figure class=\"wpb_wrapper vc_figure\">\n\t\t\t<div class=\"vc_single_image-wrapper   vc_box_border_grey\"><img loading=\"lazy\" decoding=\"async\" width=\"591\" height=\"496\" src=\"https:\/\/tandcity.se\/wp-content\/uploads\/2016\/10\/shutterstock_134915318-a.jpg\" class=\"vc_single_image-img attachment-full\" alt=\"Porslinsfaner i Malm\u00f6 - TandCity\" title=\"shutterstock_134915318-a\" srcset=\"https:\/\/tandcity.se\/wp-content\/uploads\/2016\/10\/shutterstock_134915318-a.jpg 591w, https:\/\/tandcity.se\/wp-content\/uploads\/2016\/10\/shutterstock_134915318-a-300x252.jpg 300w\" sizes=\"auto, (max-width: 591px) 100vw, 591px\" \/><\/div>\n\t\t<\/figure>\n\t<\/div>\n<\/div><\/div><\/div><div class=\"wpb_column vc_column_container vc_col-sm-6\"><div class=\"vc_column-inner\"><div class=\"wpb_wrapper\">\n\t<div class=\"wpb_text_column wpb_content_element \" >\n\t\t<div class=\"wpb_wrapper\">\n\t\t\t<h2>Tandfasader \u00e4r s\u00e4rskilt l\u00e4mpliga f\u00f6r patienter med:<\/h2>\n<ul>\n<li>Missf\u00e4rgade t\u00e4nder \u2013 t\u00e4nder, som t ex har blivit m\u00f6rkare efter en rotkanalbehandling<\/li>\n<li>T\u00e4nder som har oregelbunden form, snedst\u00e4llda t\u00e4nder eller oj\u00e4mna t\u00e4nder<\/li>\n<li>Avslagna eller splittrade t\u00e4nder<\/li>\n<li>Nerslitna t\u00e4nder<\/li>\n<li>Luckor mellan t\u00e4nderna \u2013 i avsikt att t\u00e4cka luckorna<\/li>\n<\/ul>\n<p>Eftersom de flesta behandlingar med porslinsfasader i Malm\u00f6 g\u00f6rs av estetiska sk\u00e4l, \u00e4r det av st\u00f6rsta betydelse, att tandl\u00e4karen och patienten \u00e4r fullst\u00e4ndigt eniga.<\/p>\n\n\t\t<\/div>\n\t<\/div>\n<\/div><\/div><\/div><\/div><div class=\"vc_row wpb_row vc_row-fluid\"><div class=\"wpb_column vc_column_container vc_col-sm-12\"><div class=\"vc_column-inner\"><div class=\"wpb_wrapper\">\n\t<div class=\"wpb_text_column wpb_content_element \" >\n\t\t<div class=\"wpb_wrapper\">\n\t\t\t<p>P\u00e5 TandCity i Malm\u00f6 \u00e4r vi m\u00e5na om att\u00a0du verkligen f\u00e5r information om varje del i behandlingen, att\u00a0du k\u00e4nner\u00a0dig v\u00e4l mottagen och f\u00e5r det allra b\u00e4sta resultatet. \u2028Vi tar ett foto av ditt leende och skickar detta till v\u00e5r tekniker. Tandteknikern anv\u00e4nder sig av en speciell mjukvara, f\u00f6r att f\u00e5 fram ett leende som passar just dig (Digital imaging). Genom att visualisera hur det ska se ut kan du f\u00f6rest\u00e4lla dig det nya leendet och \u00e4ndringar kan g\u00f6ras, s\u00e5 att\u00a0du blir helt n\u00f6jd.<\/p>\n<h2><\/h2>\n\n\t\t<\/div>\n\t<\/div>\n<\/div><\/div><\/div><\/div><div class=\"vc_row wpb_row vc_row-fluid\"><div class=\"wpb_column vc_column_container vc_col-sm-12\"><div class=\"vc_column-inner\"><div class=\"wpb_wrapper\">\n\t<div class=\"wpb_text_column wpb_content_element \" >\n\t\t<div class=\"wpb_wrapper\">\n\t\t\t<table class=\"table-style1\" style=\"height: 142px;\" width=\"487\">\n<tbody>\n<tr>\n<th>Protetik\u00a0\/ Krona\u00a0\/\u00a0Bro<\/th>\n<th>Pris<\/th>\n<\/tr>\n<tr>\n<td>Permanent tandst\u00f6dd krona, helkeramisk, en per k\u00e4ke<\/td>\n<td>\u00a06760<\/td>\n<\/tr>\n<tr>\n<td>Permanent tandst\u00f6dd krona, helkeramisk, flera i samma k\u00e4ke<\/td>\n<td>\u00a05290<\/td>\n<\/tr>\n<tr>\n<td><\/td>\n<td><\/td>\n<\/tr>\n<tr>\n<td><\/td>\n<td><\/td>\n<\/tr>\n<tr>\n<td><\/td>\n<td><\/td>\n<\/tr>\n<tr>\n<td><\/td>\n<td><\/td>\n<\/tr>\n<tr>\n<td><\/td>\n<td><\/td>\n<\/tr>\n<tr>\n<td><\/td>\n<td><\/td>\n<\/tr>\n<tr>\n<td><\/td>\n<td><\/td>\n<\/tr>\n<tr>\n<td><\/td>\n<td><\/td>\n<\/tr>\n<tr>\n<td><\/td>\n<td><\/td>\n<\/tr>\n<tr>\n<td><\/td>\n<td><\/td>\n<\/tr>\n<tr>\n<td><\/td>\n<td><\/td>\n<\/tr>\n<tr>\n<td><\/td>\n<td><\/td>\n<\/tr>\n<tr>\n<td><\/td>\n<td><\/td>\n<\/tr>\n<\/tbody>\n<\/table>\n\n\t\t<\/div>\n\t<\/div>\n<\/div><\/div><\/div><\/div><div data-vc-full-width=\"true\" data-vc-full-width-init=\"false\" class=\"vc_row wpb_row vc_row-fluid fullwidth booking_section_responsive vc_custom_1529577250078 vc_row-has-fill vc_row-o-equal-height vc_row-flex\"><div class=\"wpb_column vc_column_container vc_col-sm-12\"><div class=\"vc_column-inner\"><div class=\"wpb_wrapper\">\n\t<div class=\"wpb_text_column wpb_content_element \" >\n\t\t<div class=\"wpb_wrapper\">\n\t\t\t<h2><span style=\"color: #ffffff;\">TandCity \u2013 akut tandv\u00e5rd i Malm\u00f6<\/span><\/h2>\n<p class=\"subtext_online\">\u00c4r du i behov av en akuttid eller vill du av n\u00e5gon annan anledning f\u00e5 en tid snabbt?<\/p>\n<p>&nbsp;<\/p>\n<h4><span style=\"color: #ffffff;\">Bara lugn, vi hj\u00e4lper dig. Vi f\u00f6rst\u00e5r att vissa saker inte kan v\u00e4nta och ser till att du f\u00e5r en tid s\u00e5 fort som m\u00f6jligt. H\u00f6r av dig till oss p\u00e5 telefonnummer 040 23 66 00 eller boka din tid online. Varmt v\u00e4lkommen!<\/span><\/h4>\n\n\t\t<\/div>\n\t<\/div>\n<div class=\"vc_btn3-container  tandcitygreen vc_btn3-inline vc_custom_1585898339820\" ><a class=\"vc_general vc_btn3 vc_btn3-size-lg vc_btn3-shape-rounded vc_btn3-style-modern vc_btn3-color-green\" href=\"http:\/\/tandcity.se\/sv\/boka-tid-online\/\" title=\"Best\u00e4ll tid online\" target=\"_blank\" onclick=\"ga(&#039;send&#039;, &#039;event&#039;, &#039;button&#039;, &#039;click&#039;, &#039;bottom-banner-sv&#039;);\">Best\u00e4ll tid online<\/a><\/div><\/div><\/div><\/div><\/div><div class=\"vc_row-full-width vc_clearfix\"><\/div>\n<\/div>","protected":false},"excerpt":{"rendered":"Vi hj\u00e4lper dig med porslinfasader Porslinsfasader \u00e4r individuellt anpassade supertunna skal av porslin i \u00f6nskad tandf\u00e4rg. Dessa anv\u00e4nds ur estetiskt <a href=\"https:\/\/tandcity.se\/sv\/porslinsfasader-malmo\/\" class=\"more-link\">\u2026 <span class=\"screen-reader-text\">  Fasader<\/span><\/a>","protected":false},"author":24,"featured_media":0,"parent":0,"menu_order":0,"comment_status":"closed","ping_status":"closed","template":"","meta":{"footnotes":""},"class_list":["post-80","page","type-page","status-publish"],"yoast_head":"<!-- This site is optimized with the Yoast SEO plugin v25.5 - https:\/\/yoast.com\/wordpress\/plugins\/seo\/ -->\n<title>Porslinsfasader, skalfasader &amp; kompositfasad | TandCity Malm\u00f6<\/title>\n<meta name=\"description\" content=\"Vi erbjuder porslinsfasader, skalfasader &amp; kompositfasad p\u00e5 TandCity Malm\u00f6. Vi ger dig ett nytt leende du kan trivas med. Kontakta oss eller boka idag!\" \/>\n<meta name=\"robots\" content=\"index, follow, max-snippet:-1, max-image-preview:large, max-video-preview:-1\" \/>\n<link rel=\"canonical\" href=\"https:\/\/tandcity.se\/sv\/porslinsfasader-malmo\/\" \/>\n<meta name=\"twitter:label1\" content=\"Ber\u00e4knad l\u00e4stid\" \/>\n\t<meta name=\"twitter:data1\" content=\"3 minuter\" \/>\n<!-- \/ Yoast SEO plugin. -->","yoast_head_json":{"title":"Porslinsfasader, skalfasader & kompositfasad | TandCity Malm\u00f6","description":"Vi erbjuder porslinsfasader, skalfasader & kompositfasad p\u00e5 TandCity Malm\u00f6. Vi ger dig ett nytt leende du kan trivas med. Kontakta oss eller boka idag!","robots":{"index":"index","follow":"follow","max-snippet":"max-snippet:-1","max-image-preview":"max-image-preview:large","max-video-preview":"max-video-preview:-1"},"canonical":"https:\/\/tandcity.se\/sv\/porslinsfasader-malmo\/","twitter_misc":{"Ber\u00e4knad l\u00e4stid":"3 minuter"},"schema":{"@context":"https:\/\/schema.org","@graph":[{"@type":"WebPage","@id":"https:\/\/tandcity.se\/sv\/porslinsfasader-malmo\/","url":"https:\/\/tandcity.se\/sv\/porslinsfasader-malmo\/","name":"Porslinsfasader, skalfasader & kompositfasad | TandCity Malm\u00f6","isPartOf":{"@id":"https:\/\/tandcity.se\/sv\/#website"},"datePublished":"2016-10-19T09:49:16+00:00","dateModified":"2025-01-29T13:39:38+00:00","description":"Vi erbjuder porslinsfasader, skalfasader & kompositfasad p\u00e5 TandCity Malm\u00f6. Vi ger dig ett nytt leende du kan trivas med. Kontakta oss eller boka idag!","breadcrumb":{"@id":"https:\/\/tandcity.se\/sv\/porslinsfasader-malmo\/#breadcrumb"},"inLanguage":"sv-SE","potentialAction":[{"@type":"ReadAction","target":["https:\/\/tandcity.se\/sv\/porslinsfasader-malmo\/"]}]},{"@type":"BreadcrumbList","@id":"https:\/\/tandcity.se\/sv\/porslinsfasader-malmo\/#breadcrumb","itemListElement":[{"@type":"ListItem","position":1,"name":"Hjem","item":"https:\/\/tandcity.se\/en\/"},{"@type":"ListItem","position":2,"name":"Fasader"}]},{"@type":"WebSite","@id":"https:\/\/tandcity.se\/sv\/#website","url":"https:\/\/tandcity.se\/sv\/","name":"TandCity Malm\u00f6","description":"","potentialAction":[{"@type":"SearchAction","target":{"@type":"EntryPoint","urlTemplate":"https:\/\/tandcity.se\/sv\/?s={search_term_string}"},"query-input":{"@type":"PropertyValueSpecification","valueRequired":true,"valueName":"search_term_string"}}],"inLanguage":"sv-SE"}]}},"_links":{"self":[{"href":"https:\/\/tandcity.se\/sv\/wp-json\/wp\/v2\/pages\/80","targetHints":{"allow":["GET"]}}],"collection":[{"href":"https:\/\/tandcity.se\/sv\/wp-json\/wp\/v2\/pages"}],"about":[{"href":"https:\/\/tandcity.se\/sv\/wp-json\/wp\/v2\/types\/page"}],"author":[{"embeddable":true,"href":"https:\/\/tandcity.se\/sv\/wp-json\/wp\/v2\/users\/24"}],"replies":[{"embeddable":true,"href":"https:\/\/tandcity.se\/sv\/wp-json\/wp\/v2\/comments?post=80"}],"version-history":[{"count":8,"href":"https:\/\/tandcity.se\/sv\/wp-json\/wp\/v2\/pages\/80\/revisions"}],"predecessor-version":[{"id":4430,"href":"https:\/\/tandcity.se\/sv\/wp-json\/wp\/v2\/pages\/80\/revisions\/4430"}],"wp:attachment":[{"href":"https:\/\/tandcity.se\/sv\/wp-json\/wp\/v2\/media?parent=80"}],"curies":[{"name":"wp","href":"https:\/\/api.w.org\/{rel}","templated":true}]}}