{"id":79,"date":"2016-10-19T11:48:51","date_gmt":"2016-10-19T09:48:51","guid":{"rendered":"https:\/\/tandcity2.wpengine.com\/?page_id=79"},"modified":"2024-09-19T14:23:45","modified_gmt":"2024-09-19T12:23:45","slug":"akut-tandvard-malmo","status":"publish","type":"page","link":"https:\/\/tandcity.se\/sv\/akut-tandvard-malmo\/","title":{"rendered":"Akuttandl\u00e4kare Malm\u00f6"},"content":{"rendered":"<div class=\"wpb-content-wrapper\"><div data-vc-full-width=\"true\" data-vc-full-width-init=\"false\" data-vc-stretch-content=\"true\" class=\"vc_row wpb_row vc_row-fluid fullwidth coverimage vc_custom_1678394516875 vc_row-has-fill\"><div class=\"wpb_column vc_column_container vc_col-sm-12\"><div class=\"vc_column-inner\"><div class=\"wpb_wrapper\"><div class=\"vc_empty_space\"   style=\"height: 32px\"><span class=\"vc_empty_space_inner\"><\/span><\/div><div class=\"vc_empty_space\"   style=\"height: 32px\"><span class=\"vc_empty_space_inner\"><\/span><\/div><div class=\"vc_empty_space\"   style=\"height: 32px\"><span class=\"vc_empty_space_inner\"><\/span><\/div><div class=\"vc_empty_space\"   style=\"height: 32px\"><span class=\"vc_empty_space_inner\"><\/span><\/div>\n\t<div class=\"wpb_text_column wpb_content_element \" >\n\t\t<div class=\"wpb_wrapper\">\n\t\t\t<p style=\"text-align: left;\"><a class=\"header_button_boka\" href=\"https:\/\/4447.etand.se\/bookings\/\" target=\"_blank\" rel=\"noopener noreferrer\">Boka tid online<\/a>\u00a0 \u00a0 <a class=\"header_button_kontakt\" href=\"\/sv\/kontakt\/\">Kontakta oss<\/a><\/p>\n\n\t\t<\/div>\n\t<\/div>\n<\/div><\/div><\/div><\/div><div class=\"vc_row-full-width vc_clearfix\"><\/div><div class=\"vc_row wpb_row vc_row-fluid\"><div class=\"wpb_column vc_column_container vc_col-sm-12\"><div class=\"vc_column-inner\"><div class=\"wpb_wrapper\">\n\t<div class=\"wpb_text_column wpb_content_element  introtext\" >\n\t\t<div class=\"wpb_wrapper\">\n\t\t\t<h1>Kvalificerad akuttandv\u00e5rd i Malm\u00f6 till l\u00e5ga priser<\/h1>\n<p><em>Det g\u00e5r inte alltid att planera varje behandling.\u00a0En olycka kan h\u00e4nda n\u00e4r som helst eller s\u00e5 kan man drabbas av pl\u00f6tslig tandv\u00e4rk. Oavsett vilka besv\u00e4r du har vi s\u00e5 erbjuder vi p\u00e5 TandCity akuttandv\u00e5rd f\u00f6r just dina behov. Ni kan alltid boka tid med kort varsel och vi har\u00a0gener\u00f6sa \u00f6ppettider.\u00a0<\/em><\/p>\n\n\t\t<\/div>\n\t<\/div>\n<\/div><\/div><\/div><\/div><div class=\"vc_row wpb_row vc_row-fluid\"><div class=\"wpb_column vc_column_container vc_col-sm-6\"><div class=\"vc_column-inner\"><div class=\"wpb_wrapper\">\n\t<div class=\"wpb_text_column wpb_content_element \" >\n\t\t<div class=\"wpb_wrapper\">\n\t\t\t<h2>Boka tandl\u00e4kare akut hos TandCity i Malm\u00f6<\/h2>\n<p>Tandbesv\u00e4r kan uppst\u00e5 n\u00e4r som helst och sm\u00e4rtan upplevs olika. Nervsystemet f\u00f6r hals och huvud \u00e4r mycket komplex. Om du\u00a0f\u00e5r ont i t\u00e4nderna, f\u00f6rs\u00f6k att t\u00e4nka efter n\u00e4r sm\u00e4rtan b\u00f6rjade och var den f\u00f6rst uppstod. \u00c4r det en konstant sm\u00e4rta eller visar den sig n\u00e4r\u00a0du g\u00f6r n\u00e5got speciellt, t ex tuggar eller \u00e4ter n\u00e5got kallt\/varmt\/s\u00f6tt eller surt? All information som\u00a0du kan ge \u00e4r av betydelse f\u00f6r oss f\u00f6r att vi som\u00a0akuttandl\u00e4kare i Malm\u00f6\u00a0ska kunna erbjuda dig den b\u00e4sta tandv\u00e5rden.<\/p>\n<p>Vi p\u00e5\u00a0TandCity i Malm\u00f6\u00a0l\u00e4gger stort v\u00e4rde vid att\u00a0du\u00a0ska f\u00f6rst\u00e5 allt som vi g\u00f6r under behandlingen och att\u00a0du f\u00e5r alla\u00a0viktiga uppgifter som kr\u00e4vs f\u00f6re\u00a0din behandling. Det finns alltid alternativ. Om\u00a0du har fr\u00e5gor besvarar vi s\u00e5 klart dessa. Vi\u00a0str\u00e4var alltid att erbjuda\u00a0dig den b\u00e4sta l\u00f6sningen, genom en behaglig och s\u00e4ker behandling.<\/p>\n\n\t\t<\/div>\n\t<\/div>\n<\/div><\/div><\/div><div class=\"wpb_column vc_column_container vc_col-sm-6\"><div class=\"vc_column-inner\"><div class=\"wpb_wrapper\">\n\t<div  class=\"wpb_single_image wpb_content_element vc_align_center  wpb_animate_when_almost_visible wpb_bottom-to-top bottom-to-top\">\n\t\t\n\t\t<figure class=\"wpb_wrapper vc_figure\">\n\t\t\t<div class=\"vc_single_image-wrapper   vc_box_border_grey\"><img loading=\"lazy\" decoding=\"async\" width=\"600\" height=\"450\" src=\"https:\/\/tandcity.se\/wp-content\/uploads\/2016\/10\/akuttandlakare-malmo.jpg\" class=\"vc_single_image-img attachment-full\" alt=\"Beh\u00f6ver du hj\u00e4lp med akut tandv\u00e4rk i Malm\u00f6?\" title=\"Akut Tandv\u00e4rk Malm\u00f6 - Snabb och professionell hj\u00e4lp med onlinebokning dygnet runt\" srcset=\"https:\/\/tandcity.se\/wp-content\/uploads\/2016\/10\/akuttandlakare-malmo.jpg 600w, https:\/\/tandcity.se\/wp-content\/uploads\/2016\/10\/akuttandlakare-malmo-300x225.jpg 300w\" sizes=\"auto, (max-width: 600px) 100vw, 600px\" \/><\/div>\n\t\t<\/figure>\n\t<\/div>\n<\/div><\/div><\/div><\/div><div class=\"vc_row wpb_row vc_row-fluid\"><div class=\"wpb_column vc_column_container vc_col-sm-12\"><div class=\"vc_column-inner\"><div class=\"wpb_wrapper\">\n\t<div class=\"wpb_text_column wpb_content_element \" >\n\t\t<div class=\"wpb_wrapper\">\n\t\t\t<h2>Akuttandl\u00e4kare i Malm\u00f6<\/h2>\n<p>Om en olycka h\u00e4nder och du \u00e4r i behov av en <a href=\"https:\/\/tandcity.se\/sv\/\">tandl\u00e4kare i Malm\u00f6<\/a> akut t\u00e4cker ofta ditt egna f\u00f6rs\u00e4kringsbolag kostnaderna. Kontakta oss s\u00e5 hj\u00e4lper vid dig. Vi har blanketter f\u00f6r f\u00f6rs\u00e4kringar, men ofta har f\u00f6rs\u00e4kringsbolagen egna formul\u00e4r som skall fyllas i. Om det beh\u00f6vs hj\u00e4lper vi er s\u00e5 klart att fylla i dessa.<\/p>\n\n\t\t<\/div>\n\t<\/div>\n<\/div><\/div><\/div><\/div><div class=\"vc_row wpb_row vc_row-fluid\"><div class=\"wpb_column vc_column_container vc_col-sm-6\"><div class=\"vc_column-inner\"><div class=\"wpb_wrapper\">\n\t<div  class=\"wpb_single_image wpb_content_element vc_align_left\">\n\t\t\n\t\t<figure class=\"wpb_wrapper vc_figure\">\n\t\t\t<div class=\"vc_single_image-wrapper   vc_box_border_grey\"><img loading=\"lazy\" decoding=\"async\" width=\"935\" height=\"722\" src=\"https:\/\/tandcity.se\/wp-content\/uploads\/2016\/10\/Akuttandlakare-i-Malmo.jpg\" class=\"vc_single_image-img attachment-full\" alt=\"Kvinna med tandv\u00e4rk s\u00f6ker akut tandv\u00e5rd hos tandl\u00e4kare i Malm\u00f6\" title=\"Tandl\u00e4kare Malm\u00f6 Akut\" srcset=\"https:\/\/tandcity.se\/wp-content\/uploads\/2016\/10\/Akuttandlakare-i-Malmo.jpg 935w, https:\/\/tandcity.se\/wp-content\/uploads\/2016\/10\/Akuttandlakare-i-Malmo-300x232.jpg 300w, https:\/\/tandcity.se\/wp-content\/uploads\/2016\/10\/Akuttandlakare-i-Malmo-768x593.jpg 768w, https:\/\/tandcity.se\/wp-content\/uploads\/2016\/10\/Akuttandlakare-i-Malmo-50x39.jpg 50w\" sizes=\"auto, (max-width: 935px) 100vw, 935px\" \/><\/div>\n\t\t<\/figure>\n\t<\/div>\n<\/div><\/div><\/div><div class=\"wpb_column vc_column_container vc_col-sm-6\"><div class=\"vc_column-inner\"><div class=\"wpb_wrapper\">\n\t<div class=\"wpb_text_column wpb_content_element \" >\n\t\t<div class=\"wpb_wrapper\">\n\t\t\t<h2>Akuttandv\u00e5rd med gener\u00f6sa \u00f6ppettider<\/h2>\n<p>N\u00e4r det g\u00e4ller akut och sm\u00e4rtande tandv\u00e4rk \u00e4r det viktigt att du\u00a0tar kontakt med en tandl\u00e4kare s\u00e5 snart som m\u00f6jligt. D\u00e5 minskas risken f\u00f6r att problemen f\u00f6rv\u00e4rras. Eftersom vi bygger v\u00e5r verksamhet p\u00e5 tillg\u00e4nglighet och gener\u00f6sa \u00f6ppettider s\u00e5 kan\u00a0du ocks\u00e5 f\u00e5 tandv\u00e5rd i Malm\u00f6 akut under kv\u00e4llar och helger (l\u00f6rdagar), med v\u00e5r online bokning kan du snabbt och enkelt hitta en tid som passar dig. TandCity \u00e4r med andra ord en tandl\u00e4karmottagning f\u00f6r dig som s\u00f6ker akuttandv\u00e5rd i Malm\u00f6, vi kompromissar inte mellan bra och prisv\u00e4rda behandlingar utan str\u00e4var tv\u00e4rtom efter att i alla l\u00e4gen erbjuda personligt och skr\u00e4ddarsytt bem\u00f6tande som skapar en grund f\u00f6r l\u00e5ngvariga kundrelationer. Alla ska ha r\u00e4tt till kvalitativ tandv\u00e5rd, till rimliga priser.<\/p>\n\n\t\t<\/div>\n\t<\/div>\n<\/div><\/div><\/div><\/div><div class=\"vc_row wpb_row vc_row-fluid\"><div class=\"wpb_column vc_column_container vc_col-sm-12\"><div class=\"vc_column-inner\"><div class=\"wpb_wrapper\">\n\t<div class=\"wpb_text_column wpb_content_element \" >\n\t\t<div class=\"wpb_wrapper\">\n\t\t\t<p>Ett av v\u00e5ra specialistomr\u00e5den \u00e4r ocks\u00e5 att st\u00f6tta och hj\u00e4lpa dig som lider av tandl\u00e4karskr\u00e4ck. Vi arbetar metodiskt och \u00e4r noggranna med att f\u00f6rklara varje behandlingssteg f\u00f6r de patienter som upplever obehag eller stress i samband med tandl\u00e4karbes\u00f6ket.\u00a0Du beh\u00f6ver med andra ord inte dra\u00a0dig f\u00f6r att <a href=\"http:\/\/tandcity.se\/sv\/kontakt\/\" target=\"_blank\" rel=\"noopener noreferrer\">kontakta oss<\/a> p\u00e5 grund av oro eller r\u00e4dsla. Vi tar dig igenom processen, oavsett om det r\u00f6r sig om en mindre eller st\u00f6rre behandling. Naturligtvis kan vi ocks\u00e5 erbjuda lugnande medel som underl\u00e4ttar f\u00f6r dig som \u00e4nd\u00e5 k\u00e4nner dig stressad.<\/p>\n<h2>Professionell akuttandv\u00e5rd med fokus p\u00e5 dina unika behov<\/h2>\n<p>Vi \u00e4r v\u00e4l medvetna om att varje patient har unika behov och l\u00e4gger alltid upp v\u00e5ra behandlingar efter de specifika f\u00f6ruts\u00e4ttningarna. Tack vare samarbete med n\u00e5gra av branschens skickligaste leverant\u00f6rer kan vi ocks\u00e5 utlova b\u00e4sta m\u00f6jliga <a href=\"https:\/\/tandcity.se\/sv\/tandimplantat-malmo\/\">tandimplantat<\/a>, <a href=\"https:\/\/tandcity.se\/sv\/keramiska-tandkronor\/\">tandkronor<\/a> och andra produkter. Din upplevelse st\u00e5r alltid i fokus genom behandlingens alla steg och oavsett anledningen till ditt behov av akuttandv\u00e5rd s\u00e5 erbjuder vi bred kompetens, service och h\u00f6gkvalitativ utrustning &#8211; alltid till bra priser. F\u00f6r att du \u00e4nd\u00e5 ska kunna planera ekonomin s\u00e5 \u00e4r vi alltid transparenta och tydliga med kostnadsbilden, redan innan behandlingen p\u00e5b\u00f6rjas. Som patient hos oss kan du ocks\u00e5 f\u00e5 finansiell st\u00f6ttning i form av h\u00f6gkostnadsskyddet och det allm\u00e4nna tandv\u00e5rdsbidraget (ATB), h\u00f6r g\u00e4rna av dig f\u00f6r eventuella fr\u00e5gor om v\u00e5ra villkor och <a href=\"http:\/\/tandcity.se\/sv\/tandlakare-malmo-priser\/\">tandv\u00e5rdspriser<\/a>.<\/p>\n<p>Naturligtvis har vi ocks\u00e5 behandlingar f\u00f6r\u00a0dig med intresse av ett mer bl\u00e4ndande leende. <a href=\"https:\/\/tandcity.se\/sv\/blekning-pa-kliniken\/\">Tandblekning<\/a> eller <a href=\"https:\/\/tandcity.se\/sv\/tandsmycke\/\">tandsmycke<\/a> \u00e4r bara tv\u00e5 exempel p\u00e5 l\u00f6sningar f\u00f6r en lyxigare look. En <a href=\"https:\/\/tandcity.se\/sv\/tandrengoring-malmo\/\">professionell tandreng\u00f6ring<\/a> \u00e4r ett annat alternativ f\u00f6r en h\u00e4rlig och ren k\u00e4nsla i munnen, professionell tandreng\u00f6ring minskar dessutom risken f\u00f6r olika munsjukdomar. Du \u00e4r ocks\u00e5 v\u00e4lkommen att kontakta oss, din akuttandl\u00e4kare i Malm\u00f6, f\u00f6r konsultation och r\u00e5dgivning g\u00e4llande b\u00e4ttre munhygien eller instruktioner om akuttandv\u00e5rd.<\/p>\n\n\t\t<\/div>\n\t<\/div>\n<\/div><\/div><\/div><\/div><div data-vc-full-width=\"true\" data-vc-full-width-init=\"false\" class=\"vc_row wpb_row vc_row-fluid fullwidth booking_section_responsive vc_custom_1529576667850 vc_row-has-fill vc_row-o-equal-height vc_row-flex\"><div class=\"wpb_column vc_column_container vc_col-sm-12\"><div class=\"vc_column-inner\"><div class=\"wpb_wrapper\">\n\t<div class=\"wpb_text_column wpb_content_element \" >\n\t\t<div class=\"wpb_wrapper\">\n\t\t\t<h2><span style=\"color: #ffffff;\">TandCity \u2013 akut tandv\u00e5rd i Malm\u00f6<\/span><\/h2>\n<p class=\"subtext_online\">\u00c4r du i behov av en akuttid eller vill du av n\u00e5gon annan anledning f\u00e5 en tid snabbt??<\/p>\n<p>&nbsp;<\/p>\n<h4><span style=\"color: #ffffff;\">Bara lugn, vi hj\u00e4lper dig. Vi f\u00f6rst\u00e5r att vissa saker inte kan v\u00e4nta och ser till att du f\u00e5r en tid s\u00e5 fort som m\u00f6jligt. H\u00f6r av dig till oss p\u00e5 telefonnummer 040 23 66 00 eller boka din tid online. Varmt v\u00e4lkommen!<\/span><\/h4>\n\n\t\t<\/div>\n\t<\/div>\n<div class=\"vc_btn3-container  tandcitygreen vc_btn3-inline vc_custom_1585898013477\" ><a class=\"vc_general vc_btn3 vc_btn3-size-lg vc_btn3-shape-rounded vc_btn3-style-modern vc_btn3-color-green\" href=\"http:\/\/tandcity.se\/sv\/boka-tid-online\/\" title=\"Best\u00e4ll tid online\" target=\"_blank\" onclick=\"ga(&#039;send&#039;, &#039;event&#039;, &#039;button&#039;, &#039;click&#039;, &#039;bottom-banner-sv&#039;);\">Best\u00e4ll tid online<\/a><\/div><\/div><\/div><\/div><\/div><div class=\"vc_row-full-width vc_clearfix\"><\/div><div class=\"wpb_column vc_column_container vc_col-sm-12\"><div class=\"vc_column-inner\"><div class=\"wpb_wrapper\"><\/div><\/div><\/div>\n<\/div>","protected":false},"excerpt":{"rendered":"Boka tid online\u00a0 \u00a0 Kontakta oss Kvalificerad akuttandv\u00e5rd i Malm\u00f6 till l\u00e5ga priser Det g\u00e5r inte alltid att planera varje <a href=\"https:\/\/tandcity.se\/sv\/akut-tandvard-malmo\/\" class=\"more-link\">\u2026 <span class=\"screen-reader-text\">  Akuttandl\u00e4kare Malm\u00f6<\/span><\/a>","protected":false},"author":24,"featured_media":0,"parent":0,"menu_order":0,"comment_status":"closed","ping_status":"closed","template":"","meta":{"footnotes":""},"class_list":["post-79","page","type-page","status-publish"],"yoast_head":"<!-- This site is optimized with the Yoast SEO plugin v25.5 - https:\/\/yoast.com\/wordpress\/plugins\/seo\/ -->\n<title>Akut tandv\u00e5rd Malm\u00f6 - Akuttandl\u00e4kare - F\u00e5 tid snabbt - TandCity<\/title>\n<meta name=\"description\" content=\"Akuttandl\u00e4kare i Malm\u00f6 alla dagar om \u00e5ret. F\u00e5 hj\u00e4lp med all typ av tandv\u00e5rd s\u00e5som tandv\u00e4rk, tandskada eller andra akuta besv\u00e4r. Boka akut tandv\u00e5rd idag!\" \/>\n<meta name=\"robots\" content=\"index, follow, max-snippet:-1, max-image-preview:large, max-video-preview:-1\" \/>\n<link rel=\"canonical\" href=\"https:\/\/tandcity.se\/sv\/akut-tandvard-malmo\/\" \/>\n<meta name=\"twitter:label1\" content=\"Ber\u00e4knad l\u00e4stid\" \/>\n\t<meta name=\"twitter:data1\" content=\"4 minuter\" \/>\n<!-- \/ Yoast SEO plugin. -->","yoast_head_json":{"title":"Akut tandv\u00e5rd Malm\u00f6 - Akuttandl\u00e4kare - F\u00e5 tid snabbt - TandCity","description":"Akuttandl\u00e4kare i Malm\u00f6 alla dagar om \u00e5ret. F\u00e5 hj\u00e4lp med all typ av tandv\u00e5rd s\u00e5som tandv\u00e4rk, tandskada eller andra akuta besv\u00e4r. Boka akut tandv\u00e5rd idag!","robots":{"index":"index","follow":"follow","max-snippet":"max-snippet:-1","max-image-preview":"max-image-preview:large","max-video-preview":"max-video-preview:-1"},"canonical":"https:\/\/tandcity.se\/sv\/akut-tandvard-malmo\/","twitter_misc":{"Ber\u00e4knad l\u00e4stid":"4 minuter"},"schema":{"@context":"https:\/\/schema.org","@graph":[{"@type":"WebPage","@id":"https:\/\/tandcity.se\/sv\/akut-tandvard-malmo\/","url":"https:\/\/tandcity.se\/sv\/akut-tandvard-malmo\/","name":"Akut tandv\u00e5rd Malm\u00f6 - Akuttandl\u00e4kare - F\u00e5 tid snabbt - TandCity","isPartOf":{"@id":"https:\/\/tandcity.se\/sv\/#website"},"datePublished":"2016-10-19T09:48:51+00:00","dateModified":"2024-09-19T12:23:45+00:00","description":"Akuttandl\u00e4kare i Malm\u00f6 alla dagar om \u00e5ret. F\u00e5 hj\u00e4lp med all typ av tandv\u00e5rd s\u00e5som tandv\u00e4rk, tandskada eller andra akuta besv\u00e4r. Boka akut tandv\u00e5rd idag!","breadcrumb":{"@id":"https:\/\/tandcity.se\/sv\/akut-tandvard-malmo\/#breadcrumb"},"inLanguage":"sv-SE","potentialAction":[{"@type":"ReadAction","target":["https:\/\/tandcity.se\/sv\/akut-tandvard-malmo\/"]}]},{"@type":"BreadcrumbList","@id":"https:\/\/tandcity.se\/sv\/akut-tandvard-malmo\/#breadcrumb","itemListElement":[{"@type":"ListItem","position":1,"name":"Hjem","item":"https:\/\/tandcity.se\/en\/"},{"@type":"ListItem","position":2,"name":"Akuttandl\u00e4kare Malm\u00f6"}]},{"@type":"WebSite","@id":"https:\/\/tandcity.se\/sv\/#website","url":"https:\/\/tandcity.se\/sv\/","name":"TandCity Malm\u00f6","description":"","potentialAction":[{"@type":"SearchAction","target":{"@type":"EntryPoint","urlTemplate":"https:\/\/tandcity.se\/sv\/?s={search_term_string}"},"query-input":{"@type":"PropertyValueSpecification","valueRequired":true,"valueName":"search_term_string"}}],"inLanguage":"sv-SE"}]}},"_links":{"self":[{"href":"https:\/\/tandcity.se\/sv\/wp-json\/wp\/v2\/pages\/79","targetHints":{"allow":["GET"]}}],"collection":[{"href":"https:\/\/tandcity.se\/sv\/wp-json\/wp\/v2\/pages"}],"about":[{"href":"https:\/\/tandcity.se\/sv\/wp-json\/wp\/v2\/types\/page"}],"author":[{"embeddable":true,"href":"https:\/\/tandcity.se\/sv\/wp-json\/wp\/v2\/users\/24"}],"replies":[{"embeddable":true,"href":"https:\/\/tandcity.se\/sv\/wp-json\/wp\/v2\/comments?post=79"}],"version-history":[{"count":11,"href":"https:\/\/tandcity.se\/sv\/wp-json\/wp\/v2\/pages\/79\/revisions"}],"predecessor-version":[{"id":4372,"href":"https:\/\/tandcity.se\/sv\/wp-json\/wp\/v2\/pages\/79\/revisions\/4372"}],"wp:attachment":[{"href":"https:\/\/tandcity.se\/sv\/wp-json\/wp\/v2\/media?parent=79"}],"curies":[{"name":"wp","href":"https:\/\/api.w.org\/{rel}","templated":true}]}}