{"id":78,"date":"2016-10-19T11:48:31","date_gmt":"2016-10-19T09:48:31","guid":{"rendered":"https:\/\/tandcity2.wpengine.com\/?page_id=78"},"modified":"2023-11-10T10:46:46","modified_gmt":"2023-11-10T09:46:46","slug":"sinuslift-i-malmo","status":"publish","type":"page","link":"https:\/\/tandcity.se\/sv\/sinuslift-i-malmo\/","title":{"rendered":"Benuppbyggnad i Malm\u00f6"},"content":{"rendered":"<div class=\"wpb-content-wrapper\"><div data-vc-full-width=\"true\" data-vc-full-width-init=\"false\" data-vc-stretch-content=\"true\" class=\"vc_row wpb_row vc_row-fluid fullwidth coverimage vc_custom_1494504349907 vc_row-has-fill\"><div class=\"wpb_column vc_column_container vc_col-sm-12\"><div class=\"vc_column-inner\"><div class=\"wpb_wrapper\"><\/div><\/div><\/div><\/div><div class=\"vc_row-full-width vc_clearfix\"><\/div><div class=\"vc_row wpb_row vc_row-fluid\"><div class=\"wpb_column vc_column_container vc_col-sm-12\"><div class=\"vc_column-inner\"><div class=\"wpb_wrapper\">\n\t<div class=\"wpb_text_column wpb_content_element  introtext\" >\n\t\t<div class=\"wpb_wrapper\">\n\t\t\t<h1>F\u00e5 hj\u00e4lp med sinuslyft metoden av v\u00e5ra kvalificerade tandl\u00e4kare i Malm\u00f6<\/h1>\n<p><em>Benuppbyggnad g\u00f6r det m\u00f6jligt f\u00f6r alla att kunna f\u00e5 insatt implantat!\u00a0Eftersom implantat f\u00f6ruts\u00e4tter ben f\u00f6r ins\u00e4ttning, erfordras en benuppbyggnad d\u00e4r implantatet skall s\u00e4ttas.\u00a0<\/em><\/p>\n\n\t\t<\/div>\n\t<\/div>\n<\/div><\/div><\/div><\/div><div class=\"vc_row wpb_row vc_row-fluid\"><div class=\"wpb_column vc_column_container vc_col-sm-6\"><div class=\"vc_column-inner\"><div class=\"wpb_wrapper\">\n\t<div class=\"wpb_text_column wpb_content_element \" >\n\t\t<div class=\"wpb_wrapper\">\n\t\t\t<h2>Benuppbyggnad med sinuslyft\u00a0 metoden\u00a0 \u2013 vid brist p\u00e5 ben i k\u00e4ken<\/h2>\n<p>Det finns ett antal orsaker till minskad benmassa.<\/p>\n<p>I \u00f6verk\u00e4ken \u00e4r f\u00f6r det mesta orsaken att Sinus (bih\u00e5lan) v\u00e4xer med \u00e5ldern. F\u00f6r att avhj\u00e4lpa detta problem kan man anv\u00e4nda sig av sinuslyft metoden, d\u00e4r man f\u00f6rsiktigt lyfter upp bih\u00e5lan och bygger p\u00e5 med beners\u00e4ttningsmaterial.<br \/>\nEn annan orsak till minskad benmassa kan vara att benmassan drar sig tillbaka efter en extraktion.<\/p>\n<p>I underk\u00e4ken \u00e4r problemet f\u00f6r det mesta tjockleken p\u00e5 benmassan och underliggande nerv (Nervus Mandibularis).<\/p>\n\n\t\t<\/div>\n\t<\/div>\n<\/div><\/div><\/div><div class=\"wpb_column vc_column_container vc_col-sm-6\"><div class=\"vc_column-inner\"><div class=\"wpb_wrapper\">\n\t<div  class=\"wpb_single_image wpb_content_element vc_align_center  wpb_animate_when_almost_visible wpb_bottom-to-top bottom-to-top\">\n\t\t\n\t\t<figure class=\"wpb_wrapper vc_figure\">\n\t\t\t<div class=\"vc_single_image-wrapper   vc_box_border_grey\"><img loading=\"lazy\" decoding=\"async\" width=\"866\" height=\"578\" src=\"https:\/\/tandcity.se\/wp-content\/uploads\/2016\/10\/benuppbyggnad-sinuslift.jpg\" class=\"vc_single_image-img attachment-full\" alt=\"F\u00e5 hj\u00e4lp med sinuslift i Malm\u00f6 - TandCity\" title=\"Behandla brist p\u00e5 ben i k\u00e4ken med benuppbyggnad\" srcset=\"https:\/\/tandcity.se\/wp-content\/uploads\/2016\/10\/benuppbyggnad-sinuslift.jpg 866w, https:\/\/tandcity.se\/wp-content\/uploads\/2016\/10\/benuppbyggnad-sinuslift-300x200.jpg 300w, https:\/\/tandcity.se\/wp-content\/uploads\/2016\/10\/benuppbyggnad-sinuslift-768x513.jpg 768w, https:\/\/tandcity.se\/wp-content\/uploads\/2016\/10\/benuppbyggnad-sinuslift-272x182.jpg 272w\" sizes=\"auto, (max-width: 866px) 100vw, 866px\" \/><\/div>\n\t\t<\/figure>\n\t<\/div>\n<\/div><\/div><\/div><\/div><div class=\"vc_row wpb_row vc_row-fluid\"><div class=\"wpb_column vc_column_container vc_col-sm-12\"><div class=\"vc_column-inner\"><div class=\"wpb_wrapper\">\n\t<div class=\"wpb_text_column wpb_content_element \" >\n\t\t<div class=\"wpb_wrapper\">\n\t\t\t<h2>Benuppbyggnad<\/h2>\n<p>Vid benuppbyggnad anv\u00e4nder vi oss av biokompatibelt material ben\u00e4mnt Bio-Oss, vilket kroppen l\u00e4tt tillgodog\u00f6r sig. H\u00e4rigenom bildas nya ben, som kr\u00e4vs f\u00f6r den planerade\u00a0<a href=\"http:\/\/tandcity.se\/sv\/tandimplantat-malmo\/\">implantatbehandlingen<\/a>.<\/p>\n\n\t\t<\/div>\n\t<\/div>\n<\/div><\/div><\/div><\/div><div class=\"vc_row wpb_row vc_row-fluid\"><div class=\"wpb_column vc_column_container vc_col-sm-6\"><div class=\"vc_column-inner\"><div class=\"wpb_wrapper\">\n\t<div  class=\"wpb_single_image wpb_content_element vc_align_center  wpb_animate_when_almost_visible wpb_bottom-to-top bottom-to-top\">\n\t\t\n\t\t<figure class=\"wpb_wrapper vc_figure\">\n\t\t\t<div class=\"vc_single_image-wrapper   vc_box_border_grey\"><img loading=\"lazy\" decoding=\"async\" width=\"467\" height=\"467\" src=\"https:\/\/tandcity.se\/wp-content\/uploads\/2016\/10\/Bone-building-a.jpg\" class=\"vc_single_image-img attachment-full\" alt=\"Benuppbyggnad vid brist p\u00e5 ben i k\u00e4ken - TandCity\" title=\"bone-building-a\" srcset=\"https:\/\/tandcity.se\/wp-content\/uploads\/2016\/10\/Bone-building-a.jpg 467w, https:\/\/tandcity.se\/wp-content\/uploads\/2016\/10\/Bone-building-a-150x150.jpg 150w, https:\/\/tandcity.se\/wp-content\/uploads\/2016\/10\/Bone-building-a-300x300.jpg 300w\" sizes=\"auto, (max-width: 467px) 100vw, 467px\" \/><\/div>\n\t\t<\/figure>\n\t<\/div>\n<\/div><\/div><\/div><div class=\"wpb_column vc_column_container vc_col-sm-6\"><div class=\"vc_column-inner\"><div class=\"wpb_wrapper\">\n\t<div class=\"wpb_text_column wpb_content_element \" >\n\t\t<div class=\"wpb_wrapper\">\n\t\t\t<p>Sinuslyft metoden kan enkelt beskrivas som att ett f\u00f6nster in i munnen \u00e4nda fram till bih\u00e5lan \u00f6ppnas upp. Sinus st\u00e4ngs med en mjuk v\u00e4vnad l\u00e4ngs bih\u00e5lans v\u00e4ggar. V\u00e4vnaden \u00e4r r\u00f6rlig och kan d\u00e4rmed anv\u00e4ndas som ett slags t\u00e4lt. Detta t\u00e4lt fylls med Bio-Oss, samtidigt som f\u00f6nstret st\u00e4ngs.<br \/>\nH\u00e4refter f\u00f6ljer en l\u00e4kningsperiod p\u00e5 minst 6 m\u00e5nader. Efter en lyckad l\u00e4kning kan sedan implantat s\u00e4ttas in. \u00c4ven efter en normal tandutdragning rekommenderas ibland en omedelbar benuppbyggnad, f\u00f6r att m\u00f6jligg\u00f6ra en \u00e4nnu b\u00e4ttre implantatbehandling.<\/p>\n<p>Med hj\u00e4lp av en r\u00f6ntgenbild kan vi i de flesta fall bed\u00f6ma behovet av benuppbyggnad f\u00f6re behandlingen. Dock blir vissa faktorer f\u00f6rst uppenbara d\u00e5 benet visar sig vid sj\u00e4lva implantatbehandlingen. Om benmassan \u00e4r otillr\u00e4cklig g\u00f6r vi antingen en sinuslyft i kombination med ett implantat eller s\u00e5 b\u00f6rjar vi med uppbyggnade och sedan n\u00e4r allt \u00e4r l\u00e4kt, g\u00f6rs sj\u00e4lva implantatbehandlingen.<\/p>\n\n\t\t<\/div>\n\t<\/div>\n<\/div><\/div><\/div><\/div><div data-vc-full-width=\"true\" data-vc-full-width-init=\"false\" class=\"vc_row wpb_row vc_row-fluid fullwidth booking_section_responsive vc_custom_1529577533916 vc_row-has-fill vc_row-o-equal-height vc_row-flex\"><div class=\"wpb_column vc_column_container vc_col-sm-12\"><div class=\"vc_column-inner\"><div class=\"wpb_wrapper\">\n\t<div class=\"wpb_text_column wpb_content_element \" >\n\t\t<div class=\"wpb_wrapper\">\n\t\t\t<h2><span style=\"color: #ffffff;\">TandCity \u2013 akut tandv\u00e5rd i Malm\u00f6<\/span><\/h2>\n<p class=\"subtext_online\">\u00c4r du i behov av en akuttid eller vill du av n\u00e5gon annan anledning f\u00e5 en tid snabbt?<\/p>\n<p>&nbsp;<\/p>\n<h4><span style=\"color: #ffffff;\">Bara lugn, vi hj\u00e4lper dig. Vi f\u00f6rst\u00e5r att vissa saker inte kan v\u00e4nta och ser till att du f\u00e5r en tid s\u00e5 fort som m\u00f6jligt. H\u00f6r av dig till oss p\u00e5 telefonnummer 040 23 66 00 eller boka din tid online. Varmt v\u00e4lkommen!<\/span><\/h4>\n\n\t\t<\/div>\n\t<\/div>\n<div class=\"vc_btn3-container  tandcitygreen vc_btn3-inline vc_custom_1585897977913\" ><a class=\"vc_general vc_btn3 vc_btn3-size-lg vc_btn3-shape-rounded vc_btn3-style-modern vc_btn3-color-green\" href=\"http:\/\/tandcity.se\/sv\/boka-tid-online\/\" title=\"Best\u00e4ll tid online\" target=\"_blank\" onclick=\"ga(&#039;send&#039;, &#039;event&#039;, &#039;button&#039;, &#039;click&#039;, &#039;bottom-banner-sv&#039;);\">Best\u00e4ll tid online<\/a><\/div><\/div><\/div><\/div><\/div><div class=\"vc_row-full-width vc_clearfix\"><\/div>\n<\/div>","protected":false},"excerpt":{"rendered":"F\u00e5 hj\u00e4lp med sinuslyft metoden av v\u00e5ra kvalificerade tandl\u00e4kare i Malm\u00f6 Benuppbyggnad g\u00f6r det m\u00f6jligt f\u00f6r alla att kunna f\u00e5 <a href=\"https:\/\/tandcity.se\/sv\/sinuslift-i-malmo\/\" class=\"more-link\">\u2026 <span class=\"screen-reader-text\">  Benuppbyggnad i Malm\u00f6<\/span><\/a>","protected":false},"author":24,"featured_media":0,"parent":0,"menu_order":0,"comment_status":"closed","ping_status":"closed","template":"","meta":{"footnotes":""},"class_list":["post-78","page","type-page","status-publish"],"yoast_head":"<!-- This site is optimized with the Yoast SEO plugin v25.5 - https:\/\/yoast.com\/wordpress\/plugins\/seo\/ -->\n<title>Sinuslyft: implantat &amp; bentransplantation k\u00e4ken | TandCity Malm\u00f6<\/title>\n<meta name=\"description\" content=\"Sinuslyft (\u00f6vre k\u00e4kkirurgi), \u00e4r en bepr\u00f6vad metod f\u00f6r att \u00e5terst\u00e4lla benmassan i \u00f6vre k\u00e4ken, s\u00e4rskilt runt kindt\u00e4nderna. Boka tid p\u00e5 TandCity.se.\" \/>\n<meta name=\"robots\" content=\"index, follow, max-snippet:-1, max-image-preview:large, max-video-preview:-1\" \/>\n<link rel=\"canonical\" href=\"https:\/\/tandcity.se\/sv\/sinuslift-i-malmo\/\" \/>\n<meta name=\"twitter:label1\" content=\"Ber\u00e4knad l\u00e4stid\" \/>\n\t<meta name=\"twitter:data1\" content=\"2 minuter\" \/>\n<!-- \/ Yoast SEO plugin. -->","yoast_head_json":{"title":"Sinuslyft: implantat & bentransplantation k\u00e4ken | TandCity Malm\u00f6","description":"Sinuslyft (\u00f6vre k\u00e4kkirurgi), \u00e4r en bepr\u00f6vad metod f\u00f6r att \u00e5terst\u00e4lla benmassan i \u00f6vre k\u00e4ken, s\u00e4rskilt runt kindt\u00e4nderna. Boka tid p\u00e5 TandCity.se.","robots":{"index":"index","follow":"follow","max-snippet":"max-snippet:-1","max-image-preview":"max-image-preview:large","max-video-preview":"max-video-preview:-1"},"canonical":"https:\/\/tandcity.se\/sv\/sinuslift-i-malmo\/","twitter_misc":{"Ber\u00e4knad l\u00e4stid":"2 minuter"},"schema":{"@context":"https:\/\/schema.org","@graph":[{"@type":"WebPage","@id":"https:\/\/tandcity.se\/sv\/sinuslift-i-malmo\/","url":"https:\/\/tandcity.se\/sv\/sinuslift-i-malmo\/","name":"Sinuslyft: implantat & bentransplantation k\u00e4ken | TandCity Malm\u00f6","isPartOf":{"@id":"https:\/\/tandcity.se\/sv\/#website"},"datePublished":"2016-10-19T09:48:31+00:00","dateModified":"2023-11-10T09:46:46+00:00","description":"Sinuslyft (\u00f6vre k\u00e4kkirurgi), \u00e4r en bepr\u00f6vad metod f\u00f6r att \u00e5terst\u00e4lla benmassan i \u00f6vre k\u00e4ken, s\u00e4rskilt runt kindt\u00e4nderna. Boka tid p\u00e5 TandCity.se.","breadcrumb":{"@id":"https:\/\/tandcity.se\/sv\/sinuslift-i-malmo\/#breadcrumb"},"inLanguage":"sv-SE","potentialAction":[{"@type":"ReadAction","target":["https:\/\/tandcity.se\/sv\/sinuslift-i-malmo\/"]}]},{"@type":"BreadcrumbList","@id":"https:\/\/tandcity.se\/sv\/sinuslift-i-malmo\/#breadcrumb","itemListElement":[{"@type":"ListItem","position":1,"name":"Hjem","item":"https:\/\/tandcity.se\/en\/"},{"@type":"ListItem","position":2,"name":"Benuppbyggnad i Malm\u00f6"}]},{"@type":"WebSite","@id":"https:\/\/tandcity.se\/sv\/#website","url":"https:\/\/tandcity.se\/sv\/","name":"TandCity Malm\u00f6","description":"","potentialAction":[{"@type":"SearchAction","target":{"@type":"EntryPoint","urlTemplate":"https:\/\/tandcity.se\/sv\/?s={search_term_string}"},"query-input":{"@type":"PropertyValueSpecification","valueRequired":true,"valueName":"search_term_string"}}],"inLanguage":"sv-SE"}]}},"_links":{"self":[{"href":"https:\/\/tandcity.se\/sv\/wp-json\/wp\/v2\/pages\/78","targetHints":{"allow":["GET"]}}],"collection":[{"href":"https:\/\/tandcity.se\/sv\/wp-json\/wp\/v2\/pages"}],"about":[{"href":"https:\/\/tandcity.se\/sv\/wp-json\/wp\/v2\/types\/page"}],"author":[{"embeddable":true,"href":"https:\/\/tandcity.se\/sv\/wp-json\/wp\/v2\/users\/24"}],"replies":[{"embeddable":true,"href":"https:\/\/tandcity.se\/sv\/wp-json\/wp\/v2\/comments?post=78"}],"version-history":[{"count":3,"href":"https:\/\/tandcity.se\/sv\/wp-json\/wp\/v2\/pages\/78\/revisions"}],"predecessor-version":[{"id":4044,"href":"https:\/\/tandcity.se\/sv\/wp-json\/wp\/v2\/pages\/78\/revisions\/4044"}],"wp:attachment":[{"href":"https:\/\/tandcity.se\/sv\/wp-json\/wp\/v2\/media?parent=78"}],"curies":[{"name":"wp","href":"https:\/\/api.w.org\/{rel}","templated":true}]}}