{"id":77,"date":"2016-10-19T11:48:11","date_gmt":"2016-10-19T09:48:11","guid":{"rendered":"https:\/\/tandcity2.wpengine.com\/?page_id=77"},"modified":"2025-01-29T14:32:06","modified_gmt":"2025-01-29T13:32:06","slug":"rotfyllning","status":"publish","type":"page","link":"https:\/\/tandcity.se\/sv\/rotfyllning\/","title":{"rendered":"Rotfyllning"},"content":{"rendered":"<div class=\"wpb-content-wrapper\"><div data-vc-full-width=\"true\" data-vc-full-width-init=\"false\" data-vc-stretch-content=\"true\" class=\"vc_row wpb_row vc_row-fluid fullwidth coverimage vc_custom_1494505496278 vc_row-has-fill\"><div class=\"wpb_column vc_column_container vc_col-sm-12\"><div class=\"vc_column-inner\"><div class=\"wpb_wrapper\"><\/div><\/div><\/div><\/div><div class=\"vc_row-full-width vc_clearfix\"><\/div><div class=\"vc_row wpb_row vc_row-fluid\"><div class=\"wpb_column vc_column_container vc_col-sm-12\"><div class=\"vc_column-inner\"><div class=\"wpb_wrapper\">\n\t<div class=\"wpb_text_column wpb_content_element  introtext\" >\n\t\t<div class=\"wpb_wrapper\">\n\t\t\t<h1>Rotfyllning i Malm\u00f6 med bra pris<\/h1>\n<p><em>En rotfyllning, \u00e4ven kallad Endodontie, \u00e4r en metod f\u00f6r att behandla inflammationer inne i tanden, pulpan eller tandnerven. Pulpan \u00e4r tandens \u201dhj\u00e4rta\u201d och best\u00e5r av nerver, blodk\u00e4rl och bindv\u00e4v som tillsammans fyller tandkanalerna som str\u00e4cker sig fr\u00e5n tandroten in i kronan och tillbaka.<\/em><\/p>\n\n\t\t<\/div>\n\t<\/div>\n<\/div><\/div><\/div><\/div><div class=\"vc_row wpb_row vc_row-fluid\"><div class=\"wpb_column vc_column_container vc_col-sm-6\"><div class=\"vc_column-inner\"><div class=\"wpb_wrapper\">\n\t<div class=\"wpb_text_column wpb_content_element \" >\n\t\t<div class=\"wpb_wrapper\">\n\t\t\t<h2>Orsaker till rotfyllning<\/h2>\n<p>Genom pulpan h\u00e5lls tanden levande men sv\u00e5r karies eller\u00a0<a href=\"http:\/\/tandcity.se\/sv\/tandfyllning-malmo\/\">tandfyllningar<\/a>\u00a0kan inflammera eller infektera pulpan. Med en rotkanalbehandling kan den inflammerade pulpan avl\u00e4gsnas och ers\u00e4ttas med ett gummimaterial, kallat guttaperka. Genom guttaperkan h\u00e5lls kanalerna fria fr\u00e5n f\u00f6roreningar och infektioner och tanden kan beh\u00e5llas i st\u00e4llet f\u00f6r att dras ut.<br \/>\nNedan beskrivs olika orsaker till akut pulpa inflammation vilka \u00e5tf\u00f6ljs av svullnader, inre tryck i tanden och v\u00e4rk:<\/p>\n<ul>\n<li>L\u00e5ngtg\u00e5ende karies<\/li>\n<li>Djupa fyllningar i n\u00e4rheten av nerven<\/li>\n<li>Upprepade tandbehandlingar &#8211; t ex ers\u00e4ttning av en stor fyllning<\/li>\n<li>Traumatiska skador som sprickor, flisning eller bryggor<\/li>\n<li>Traumatisk ocklusion &#8211; upprepad alltf\u00f6r kraftig st\u00f6t mot tanden, n\u00e4r t\u00e4nderna bits ihop<\/li>\n<\/ul>\n<h2><\/h2>\n\n\t\t<\/div>\n\t<\/div>\n<\/div><\/div><\/div><div class=\"wpb_column vc_column_container vc_col-sm-6\"><div class=\"vc_column-inner\"><div class=\"wpb_wrapper\">\n\t<div  class=\"wpb_single_image wpb_content_element vc_align_center  wpb_animate_when_almost_visible wpb_bottom-to-top bottom-to-top\">\n\t\t\n\t\t<figure class=\"wpb_wrapper vc_figure\">\n\t\t\t<div class=\"vc_single_image-wrapper   vc_box_border_grey\"><img loading=\"lazy\" decoding=\"async\" width=\"500\" height=\"500\" src=\"https:\/\/tandcity.se\/wp-content\/uploads\/2016\/10\/root-canal-a.jpg\" class=\"vc_single_image-img attachment-full\" alt=\"Rotfyllning - TandCity i Malm\u00f6\" title=\"Rodbehandling tandcity\" srcset=\"https:\/\/tandcity.se\/wp-content\/uploads\/2016\/10\/root-canal-a.jpg 500w, https:\/\/tandcity.se\/wp-content\/uploads\/2016\/10\/root-canal-a-150x150.jpg 150w, https:\/\/tandcity.se\/wp-content\/uploads\/2016\/10\/root-canal-a-300x300.jpg 300w\" sizes=\"auto, (max-width: 500px) 100vw, 500px\" \/><\/div>\n\t\t<\/figure>\n\t<\/div>\n<\/div><\/div><\/div><\/div><div class=\"vc_row wpb_row vc_row-fluid\"><div class=\"wpb_column vc_column_container vc_col-sm-12\"><div class=\"vc_column-inner\"><div class=\"wpb_wrapper\">\n\t<div class=\"wpb_text_column wpb_content_element \" >\n\t\t<div class=\"wpb_wrapper\">\n\t\t\t<h2>G\u00f6r rotfyllning ont?<\/h2>\n<p>En\u00a0rotfyllning\u00a0inleds med att tanden \u00f6ppnas upp helt, f\u00f6r att man skall hitta alla kanaler. Antal kanaler skiljer sig fr\u00e5n tand till tand; det kan vara 1-4 kanaler i en tand.\u2028 N\u00e4r alla kanaler har lokaliserats m\u00e4ts dessa elektroniskt, f\u00f6r att rotfyllningen skall t\u00e4cka hela kanalen fr\u00e5n rotens \u00e4nde \u00e4nda upp. Kanalerna rensas noggrant med filar. D\u00e4refter spolas de med en antiseptisk l\u00f6sning och slutligen fylls kanalerna med guttaperka. En rotfyllning kan g\u00f6ra ont, men sm\u00e4rtan f\u00f6rsvinner med bed\u00f6vning som vanligtvis ges i samband med behandlingen.\u2028 Efter rotfyllningen skall tanden f\u00f6rses med komposit eller en krona beroende p\u00e5 hur mycket av tanden som har g\u00e5tt f\u00f6rlorad.<\/p>\n\n\t\t<\/div>\n\t<\/div>\n<\/div><\/div><\/div><\/div><div class=\"vc_row wpb_row vc_row-fluid\"><div class=\"wpb_column vc_column_container vc_col-sm-6\"><div class=\"vc_column-inner\"><div class=\"wpb_wrapper\">\n\t<div  class=\"wpb_single_image wpb_content_element vc_align_center  wpb_animate_when_almost_visible wpb_bottom-to-top bottom-to-top\">\n\t\t\n\t\t<figure class=\"wpb_wrapper vc_figure\">\n\t\t\t<div class=\"vc_single_image-wrapper   vc_box_border_grey\"><img loading=\"lazy\" decoding=\"async\" width=\"620\" height=\"500\" src=\"https:\/\/tandcity.se\/wp-content\/uploads\/2016\/10\/shutterstock_226358404-a.jpg\" class=\"vc_single_image-img attachment-full\" alt=\"F\u00e5 hj\u00e4lp med rotfyllning i Malm\u00f6 - TandCity\" title=\"Rodbehandling ved tandcity\" srcset=\"https:\/\/tandcity.se\/wp-content\/uploads\/2016\/10\/shutterstock_226358404-a.jpg 620w, https:\/\/tandcity.se\/wp-content\/uploads\/2016\/10\/shutterstock_226358404-a-300x242.jpg 300w\" sizes=\"auto, (max-width: 620px) 100vw, 620px\" \/><\/div>\n\t\t<\/figure>\n\t<\/div>\n<\/div><\/div><\/div><div class=\"wpb_column vc_column_container vc_col-sm-6\"><div class=\"vc_column-inner\"><div class=\"wpb_wrapper\">\n\t<div class=\"wpb_text_column wpb_content_element \" >\n\t\t<div class=\"wpb_wrapper\">\n\t\t\t<p>En annan metod utg\u00f6rs av tv\u00e5 steg: reng\u00f6ring och fyllning. Om tandinflammationen ocks\u00e5 str\u00e4cker sig \u00f6ver det omgivanden benmaterialet orsakas v\u00e4rken av b\u00e5da regionerna. Ett antiseptiskt medel anv\u00e4nds d\u00e5 efter kanalreng\u00f6ringen. D\u00e4refter skall en l\u00e4kningsperiod om minst en vecka med en provisorisk fyllning f\u00f6lja. \u00c4r\u00a0du\u00a0fri fr\u00e5n besv\u00e4r efter det och vi kan se att en framg\u00e5ngsrik benl\u00e4kning har p\u00e5b\u00f6rjats, forts\u00e4tter vi behandlingen med det andra steget. Vi avslutar rotbehandlingen med en individuellt anpassad tandfyllning.<\/p>\n\n\t\t<\/div>\n\t<\/div>\n<\/div><\/div><\/div><\/div><div class=\"vc_row wpb_row vc_row-fluid\"><div class=\"wpb_column vc_column_container vc_col-sm-12\"><div class=\"vc_column-inner\"><div class=\"wpb_wrapper\">\n\t<div class=\"wpb_text_column wpb_content_element \" >\n\t\t<div class=\"wpb_wrapper\">\n\t\t\t<p>Om du upplever att ditt tandbesv\u00e4r \u00e4r akut kan du\u00a0<a href=\"http:\/\/tandcity.se\/sv\/akut-tandvard-malmo\/\">boka tid hos n\u00e5gon av v\u00e5ra akuttandl\u00e4kare\u00a0i Malm\u00f6<\/a>. Vi har \u00f6ppet m\u00e5ndag-l\u00f6rdag med gener\u00f6sa \u00f6ppettider. Vi \u00e4r\u00a0\u00e4ven specialiserade p\u00e5 att hj\u00e4lpa patienter som upplever att det k\u00e4nns obehagligt att f\u00e5 behandlingar av det h\u00e4r slaget och vi utg\u00e5r alltid ifr\u00e5n\u00a0dina behov och\u00a0dina tidigare upplevelser fr\u00e5n tandv\u00e5rden. Behandlingen bygger ocks\u00e5 i alla l\u00e4gen p\u00e5 metodiska arbetss\u00e4tt d\u00e4r vi l\u00f6pande informerar\u00a0dig om de olika stegen.<\/p>\n<p>Vid behov, och framf\u00f6rallt i de fall som det inte \u00e4r m\u00f6jligt att ge bed\u00f6vning ett inledande skede s\u00e5 kan vi alltid erbjuda lugnande medel som g\u00f6r det l\u00e4ttare att slappna av.<\/p>\n<p>Vi \u00e4r noggranna med att s\u00e4kerst\u00e4lla att rotfyllningen g\u00f6rs p\u00e5 b\u00e4sta s\u00e4tt och avslutar inte behandlingen f\u00f6rr\u00e4n vi har kommit tillr\u00e4tta med problemen och eventuell sm\u00e4rta. P\u00e5 grund av detta kan det i vissa fall vara sv\u00e5rt att veta hur l\u00e5ng tid det tar att f\u00e4rdigst\u00e4lla behandlingen, men oavsett vilket s\u00e5 l\u00e4gger vi upp den med fokus p\u00e5 ditt v\u00e4lm\u00e5ende. I det fall att\u00a0du eventuellt skulle forts\u00e4tta ha ont efter rotfyllning f\u00f6ljer vi naturligtvis ocks\u00e5 upp situationen.<\/p>\n<p><a href=\"http:\/\/tandcity.se\/sv\/kontakt\/\">Kontakta oss<\/a> g\u00e4rna f\u00f6r mer information om v\u00e5ra behandlingar eller boka tid redan idag.<\/p>\n\n\t\t<\/div>\n\t<\/div>\n<\/div><\/div><\/div><\/div><div class=\"vc_row wpb_row vc_row-fluid\"><div class=\"wpb_column vc_column_container vc_col-sm-12\"><div class=\"vc_column-inner\"><div class=\"wpb_wrapper\"><h2 style=\"text-align: left;font-family:Abril Fatface;font-weight:400;font-style:normal\" class=\"vc_custom_heading\" >Rotfyllning pris<\/h2>\n\t<div class=\"wpb_text_column wpb_content_element \" >\n\t\t<div class=\"wpb_wrapper\">\n\t\t\t<table class=\"table-style1\">\n<tbody>\n<tr>\n<th>Rotbehandling<\/th>\n<th>Pris<\/th>\n<\/tr>\n<tr>\n<td>Rensning och rotfyllning, en rotkanal<\/td>\n<td>4015<\/td>\n<\/tr>\n<tr>\n<td>Rensning och rotfyllning, tv\u00e5 rotkanaler<\/td>\n<td>4845<\/td>\n<\/tr>\n<tr>\n<td>Rensning och rotfyllning, tre rotkanaler<\/td>\n<td>6080<\/td>\n<\/tr>\n<tr>\n<td>Rensning och rotfyllning, fyra eller fler<\/td>\n<td>6630<\/td>\n<\/tr>\n<tr>\n<td>Akut rotbehandling<\/td>\n<td>950<\/td>\n<\/tr>\n<tr>\n<td>Komplicerad kanallokalisation<\/td>\n<td>955<\/td>\n<\/tr>\n<tr>\n<td>Stiftborttagning<\/td>\n<td>1395<\/td>\n<\/tr>\n<\/tbody>\n<\/table>\n\n\t\t<\/div>\n\t<\/div>\n<\/div><\/div><\/div><\/div><div data-vc-full-width=\"true\" data-vc-full-width-init=\"false\" class=\"vc_row wpb_row vc_row-fluid fullwidth booking_section_responsive vc_custom_1529577165016 vc_row-has-fill vc_row-o-equal-height vc_row-flex\"><div class=\"wpb_column vc_column_container vc_col-sm-12\"><div class=\"vc_column-inner\"><div class=\"wpb_wrapper\">\n\t<div class=\"wpb_text_column wpb_content_element \" >\n\t\t<div class=\"wpb_wrapper\">\n\t\t\t<h2><span style=\"color: #ffffff;\">TandCity \u2013 akut tandv\u00e5rd i Malm\u00f6<\/span><\/h2>\n<p class=\"subtext_online\">\u00c4r du i behov av en akuttid eller vill du av n\u00e5gon annan anledning f\u00e5 en tid snabbt?<\/p>\n<p>&nbsp;<\/p>\n<h4><span style=\"color: #ffffff;\">Bara lugn, vi hj\u00e4lper dig. Vi f\u00f6rst\u00e5r att vissa saker inte kan v\u00e4nta och ser till att du f\u00e5r en tid s\u00e5 fort som m\u00f6jligt. H\u00f6r av dig till oss p\u00e5 telefonnummer 040 23 66 00 eller boka din tid online. Varmt v\u00e4lkommen!<\/span><\/h4>\n\n\t\t<\/div>\n\t<\/div>\n<div class=\"vc_btn3-container  tandcitygreen vc_btn3-inline vc_custom_1585899883900\" ><a class=\"vc_general vc_btn3 vc_btn3-size-lg vc_btn3-shape-rounded vc_btn3-style-modern vc_btn3-color-green\" href=\"http:\/\/tandcity.se\/sv\/boka-tid-online\/\" title=\"Best\u00e4ll tid online\" target=\"_blank\" onclick=\"ga(&#039;send&#039;, &#039;event&#039;, &#039;button&#039;, &#039;click&#039;, &#039;bottom-banner-sv&#039;);\">Best\u00e4ll tid online<\/a><\/div><\/div><\/div><\/div><\/div><div class=\"vc_row-full-width vc_clearfix\"><\/div>\n<\/div>","protected":false},"excerpt":{"rendered":"Rotfyllning i Malm\u00f6 med bra pris En rotfyllning, \u00e4ven kallad Endodontie, \u00e4r en metod f\u00f6r att behandla inflammationer inne i <a href=\"https:\/\/tandcity.se\/sv\/rotfyllning\/\" class=\"more-link\">\u2026 <span class=\"screen-reader-text\">  Rotfyllning<\/span><\/a>","protected":false},"author":24,"featured_media":0,"parent":0,"menu_order":0,"comment_status":"closed","ping_status":"closed","template":"","meta":{"footnotes":""},"class_list":["post-77","page","type-page","status-publish"],"yoast_head":"<!-- This site is optimized with the Yoast SEO plugin v25.5 - https:\/\/yoast.com\/wordpress\/plugins\/seo\/ -->\n<title>Rotfyllning i Malm\u00f6 - Rotfyllning kostnad | TandCity<\/title>\n<meta name=\"description\" content=\"F\u00e5 hj\u00e4lp med rotfyllning hos din tandl\u00e4kare i Malm\u00f6 - rotfyllning beh\u00f6ver inte g\u00f6ra ont. Se v\u00e5ra behandlingar &amp; priser. Boka tid online p\u00e5 TandCity Malm\u00f6.\" \/>\n<meta name=\"robots\" content=\"index, follow, max-snippet:-1, max-image-preview:large, max-video-preview:-1\" \/>\n<link rel=\"canonical\" href=\"http:\/\/tandcity.se\/sv\/rotfyllning\/\" \/>\n<meta name=\"twitter:label1\" content=\"Ber\u00e4knad l\u00e4stid\" \/>\n\t<meta name=\"twitter:data1\" content=\"4 minuter\" \/>\n<!-- \/ Yoast SEO plugin. -->","yoast_head_json":{"title":"Rotfyllning i Malm\u00f6 - Rotfyllning kostnad | TandCity","description":"F\u00e5 hj\u00e4lp med rotfyllning hos din tandl\u00e4kare i Malm\u00f6 - rotfyllning beh\u00f6ver inte g\u00f6ra ont. Se v\u00e5ra behandlingar & priser. Boka tid online p\u00e5 TandCity Malm\u00f6.","robots":{"index":"index","follow":"follow","max-snippet":"max-snippet:-1","max-image-preview":"max-image-preview:large","max-video-preview":"max-video-preview:-1"},"canonical":"http:\/\/tandcity.se\/sv\/rotfyllning\/","twitter_misc":{"Ber\u00e4knad l\u00e4stid":"4 minuter"},"schema":{"@context":"https:\/\/schema.org","@graph":[{"@type":"WebPage","@id":"https:\/\/tandcity.se\/sv\/rotfyllning\/","url":"http:\/\/tandcity.se\/sv\/rotfyllning\/","name":"Rotfyllning i Malm\u00f6 - Rotfyllning kostnad | TandCity","isPartOf":{"@id":"https:\/\/tandcity.se\/sv\/#website"},"datePublished":"2016-10-19T09:48:11+00:00","dateModified":"2025-01-29T13:32:06+00:00","description":"F\u00e5 hj\u00e4lp med rotfyllning hos din tandl\u00e4kare i Malm\u00f6 - rotfyllning beh\u00f6ver inte g\u00f6ra ont. Se v\u00e5ra behandlingar & priser. Boka tid online p\u00e5 TandCity Malm\u00f6.","breadcrumb":{"@id":"http:\/\/tandcity.se\/sv\/rotfyllning\/#breadcrumb"},"inLanguage":"sv-SE","potentialAction":[{"@type":"ReadAction","target":["http:\/\/tandcity.se\/sv\/rotfyllning\/"]}]},{"@type":"BreadcrumbList","@id":"http:\/\/tandcity.se\/sv\/rotfyllning\/#breadcrumb","itemListElement":[{"@type":"ListItem","position":1,"name":"Hjem","item":"https:\/\/tandcity.se\/en\/"},{"@type":"ListItem","position":2,"name":"Rotfyllning"}]},{"@type":"WebSite","@id":"https:\/\/tandcity.se\/sv\/#website","url":"https:\/\/tandcity.se\/sv\/","name":"TandCity Malm\u00f6","description":"","potentialAction":[{"@type":"SearchAction","target":{"@type":"EntryPoint","urlTemplate":"https:\/\/tandcity.se\/sv\/?s={search_term_string}"},"query-input":{"@type":"PropertyValueSpecification","valueRequired":true,"valueName":"search_term_string"}}],"inLanguage":"sv-SE"}]}},"_links":{"self":[{"href":"https:\/\/tandcity.se\/sv\/wp-json\/wp\/v2\/pages\/77","targetHints":{"allow":["GET"]}}],"collection":[{"href":"https:\/\/tandcity.se\/sv\/wp-json\/wp\/v2\/pages"}],"about":[{"href":"https:\/\/tandcity.se\/sv\/wp-json\/wp\/v2\/types\/page"}],"author":[{"embeddable":true,"href":"https:\/\/tandcity.se\/sv\/wp-json\/wp\/v2\/users\/24"}],"replies":[{"embeddable":true,"href":"https:\/\/tandcity.se\/sv\/wp-json\/wp\/v2\/comments?post=77"}],"version-history":[{"count":11,"href":"https:\/\/tandcity.se\/sv\/wp-json\/wp\/v2\/pages\/77\/revisions"}],"predecessor-version":[{"id":4428,"href":"https:\/\/tandcity.se\/sv\/wp-json\/wp\/v2\/pages\/77\/revisions\/4428"}],"wp:attachment":[{"href":"https:\/\/tandcity.se\/sv\/wp-json\/wp\/v2\/media?parent=77"}],"curies":[{"name":"wp","href":"https:\/\/api.w.org\/{rel}","templated":true}]}}