{"id":76,"date":"2016-10-19T11:47:45","date_gmt":"2016-10-19T09:47:45","guid":{"rendered":"https:\/\/tandcity2.wpengine.com\/?page_id=76"},"modified":"2023-11-10T10:29:46","modified_gmt":"2023-11-10T09:29:46","slug":"behandla-tandgnissling","status":"publish","type":"page","link":"https:\/\/tandcity.se\/sv\/behandla-tandgnissling\/","title":{"rendered":"Tandgnissling i Malm\u00f6"},"content":{"rendered":"<div class=\"wpb-content-wrapper\"><div data-vc-full-width=\"true\" data-vc-full-width-init=\"false\" data-vc-stretch-content=\"true\" class=\"vc_row wpb_row vc_row-fluid fullwidth coverimage vc_custom_1494505334005 vc_row-has-fill\"><div class=\"wpb_column vc_column_container vc_col-sm-12\"><div class=\"vc_column-inner\"><div class=\"wpb_wrapper\"><\/div><\/div><\/div><\/div><div class=\"vc_row-full-width vc_clearfix\"><\/div><div class=\"vc_row wpb_row vc_row-fluid\"><div class=\"wpb_column vc_column_container vc_col-sm-12\"><div class=\"vc_column-inner\"><div class=\"wpb_wrapper\">\n\t<div class=\"wpb_text_column wpb_content_element  introtext\" >\n\t\t<div class=\"wpb_wrapper\">\n\t\t\t<h1>Kvalificerad behandling av tandgnissling i Malm\u00f6<\/h1>\n<p><em>Tandgnissling och tandpressning kallas ocks\u00e5 Bruxismus.\u00a0En hel del m\u00e4nniskor gnisslar ibland t\u00e4nderna eller pressar h\u00e5rt ihop t\u00e4nderna ofta under stress och i s\u00f6mnen. Om det inte sker s\u00e5 ofta, utg\u00f6r det inget problem.\u00a0Men om det sker regelbundet kan bettet skadas. Vanligt \u00e4r att man ocks\u00e5 f\u00e5r huvudv\u00e4rk genom tandgnissling.\u00a0<\/em><\/p>\n\n\t\t<\/div>\n\t<\/div>\n<\/div><\/div><\/div><\/div><div class=\"vc_row wpb_row vc_row-fluid\"><div class=\"wpb_column vc_column_container vc_col-sm-12\"><div class=\"vc_column-inner\"><div class=\"wpb_wrapper\">\n\t<div class=\"wpb_text_column wpb_content_element \" >\n\t\t<div class=\"wpb_wrapper\">\n\t\t\t<h2>Vilka orsaker ligger bakom tandgnissling?<\/h2>\n\n\t\t<\/div>\n\t<\/div>\n<\/div><\/div><\/div><\/div><div class=\"vc_row wpb_row vc_row-fluid\"><div class=\"wpb_column vc_column_container vc_col-sm-6\"><div class=\"vc_column-inner\"><div class=\"wpb_wrapper\">\n\t<div class=\"wpb_text_column wpb_content_element \" >\n\t\t<div class=\"wpb_wrapper\">\n\t\t\t<p>Tandgnissling eller tandpressning kan bero p\u00e5 stress eller oro men ocks\u00e5 s\u00f6mnst\u00f6rningar (t ex s\u00f6mnapn\u00e9). Det kan ocks\u00e5 bero p\u00e5 en felaktig ocklusion (kontakt mellan \u00f6ver- och underk\u00e4ke), t ex avsaknad av t\u00e4nder eller sneda t\u00e4nder.<\/p>\n<p>Som indikation p\u00e5 tandgnissling kan man f\u00e5 en \u00f6mmande k\u00e4ke eller ih\u00e5llande huvudv\u00e4rk.<\/p>\n<p>En patients partner \u00e4r ofta den som g\u00f6r patienten uppm\u00e4rksam p\u00e5 att han\/hon gnisslar t\u00e4nder under natten.<\/p>\n<p>En m\u00e4nniskas bett utvecklas under barndomen. Det formas av tandf\u00f6r\u00e4ndringar, k\u00e4kmuskulatur, tunga och individuella vanor. \u00c4ven om de flesta inte har ett helt perfekt bett kan det \u00e4nd\u00e5 fungera utan problem. Hos\u00a0vissa kan det ge upphov till ett instabilt bett. F\u00f6r att anpassa sig till detta instabila bett b\u00f6rjar man gnissla t\u00e4nder.<\/p>\n\n\t\t<\/div>\n\t<\/div>\n<\/div><\/div><\/div><div class=\"wpb_column vc_column_container vc_col-sm-6\"><div class=\"vc_column-inner\"><div class=\"wpb_wrapper\">\n\t<div  class=\"wpb_single_image wpb_content_element vc_align_center  wpb_animate_when_almost_visible wpb_bottom-to-top bottom-to-top\">\n\t\t\n\t\t<figure class=\"wpb_wrapper vc_figure\">\n\t\t\t<div class=\"vc_single_image-wrapper   vc_box_border_grey\"><img loading=\"lazy\" decoding=\"async\" width=\"600\" height=\"474\" src=\"https:\/\/tandcity.se\/wp-content\/uploads\/2016\/10\/behandla-tandgnissling-och-bruxismus.jpg\" class=\"vc_single_image-img attachment-full\" alt=\"F\u00e5 hj\u00e4lp med en kvalificerad behandling av tandgnissling i Malm\u00f6 - TandCity\" title=\"Tandgnissling pris\" srcset=\"https:\/\/tandcity.se\/wp-content\/uploads\/2016\/10\/behandla-tandgnissling-och-bruxismus.jpg 600w, https:\/\/tandcity.se\/wp-content\/uploads\/2016\/10\/behandla-tandgnissling-och-bruxismus-300x237.jpg 300w\" sizes=\"auto, (max-width: 600px) 100vw, 600px\" \/><\/div>\n\t\t<\/figure>\n\t<\/div>\n<\/div><\/div><\/div><\/div><div class=\"vc_row wpb_row vc_row-fluid\"><div class=\"wpb_column vc_column_container vc_col-sm-12\"><div class=\"vc_column-inner\"><div class=\"wpb_wrapper\">\n\t<div class=\"wpb_text_column wpb_content_element \" >\n\t\t<div class=\"wpb_wrapper\">\n\t\t\t<p>Ett instabilt bett kan ocks\u00e5 vara ett resultat av f\u00f6r\u00e4ndringar p g a <a href=\"http:\/\/tandcity.se\/sv\/tandfyllning-malmo\/\">tandfyllningar<\/a> eller kronor, om det inte har tagits tillr\u00e4ckligt h\u00e4nsyn till bettet. Tandl\u00e4karen skall alltid ge akt p\u00e5 att gjorda f\u00f6r\u00e4ndringar inte har n\u00e5gon st\u00f6rande inverkan p\u00e5 bettet, eftersom dessa kan ge l\u00e5ngtg\u00e5ende skador p\u00e5 t\u00e4nder, muskulatur och leder.<\/p>\n<h2><\/h2>\n\n\t\t<\/div>\n\t<\/div>\n<\/div><\/div><\/div><\/div><div class=\"vc_row wpb_row vc_row-fluid\"><div class=\"wpb_column vc_column_container vc_col-sm-6\"><div class=\"vc_column-inner\"><div class=\"wpb_wrapper\">\n\t<div  class=\"wpb_single_image wpb_content_element vc_align_center  wpb_animate_when_almost_visible wpb_bottom-to-top bottom-to-top\">\n\t\t\n\t\t<figure class=\"wpb_wrapper vc_figure\">\n\t\t\t<div class=\"vc_single_image-wrapper   vc_box_border_grey\"><img loading=\"lazy\" decoding=\"async\" width=\"725\" height=\"538\" src=\"https:\/\/tandcity.se\/wp-content\/uploads\/2016\/10\/shutterstock_150281285-a.jpg\" class=\"vc_single_image-img attachment-full\" alt=\"F\u00e5 behandlad f\u00f6r Bruxismus i Malm\u00f6 -TandCity\" title=\"Bideskinne Tandcity\" srcset=\"https:\/\/tandcity.se\/wp-content\/uploads\/2016\/10\/shutterstock_150281285-a.jpg 725w, https:\/\/tandcity.se\/wp-content\/uploads\/2016\/10\/shutterstock_150281285-a-300x223.jpg 300w\" sizes=\"auto, (max-width: 725px) 100vw, 725px\" \/><\/div>\n\t\t<\/figure>\n\t<\/div>\n<\/div><\/div><\/div><div class=\"wpb_column vc_column_container vc_col-sm-6\"><div class=\"vc_column-inner\"><div class=\"wpb_wrapper\">\n\t<div class=\"wpb_text_column wpb_content_element \" >\n\t\t<div class=\"wpb_wrapper\">\n\t\t\t<h2>Att t\u00e4nka p\u00e5 vid behandling av tandgnissling<\/h2>\n<p>Den sv\u00e5raste men ocks\u00e5 viktigaste uppgiften \u00e4r att l\u00f6sa problemen med ocklusion.<br \/>\nP\u00e5\u00a0<a href=\"http:\/\/tandcity.se\/sv\" target=\"_blank\" rel=\"noopener noreferrer\">TandCity i Malm\u00f6<\/a>\u00a0\u00e4r det just detta vi fokuserar p\u00e5. Vi informerar alla patienter om den problematik som r\u00f6r bett, k\u00e4ke och leder. Under behandling av tandgnissling \u00e4r det viktigt att inte bara t\u00e4nka p\u00e5 t\u00e4nderna och bettet var och en f\u00f6r sig, utan att f\u00f6rst\u00e5 hur allt h\u00e4nger ihop.<\/p>\n<p>Det \u00e4r tv\u00e5 viktiga komponenter som man m\u00e5ste ta med i ber\u00e4kningen vid tandgnissling: muskler och leder.<\/p>\n<p>Vid instabila bett glider k\u00e4ken \u00e5t sidan vid sammanbitningen. Denna sidglidning \u00e5stadkommer en f\u00f6r\u00e4ndring av ledpositionen, vilket i sin tur kompenseras av musklerna, f\u00f6r att ev. ledskador skall undvikas. Den kompenserande r\u00f6relsen tillsammans med den instabila ocklusionen ger med tiden upphov till \u00f6verdriven tandnerslitning, muskelsm\u00e4rtor och huvudv\u00e4rk.<\/p>\n<p>Tandgnissling kan ibland leda till st\u00f6rningar i lederna. Klickljud uppkommer och det blir sv\u00e5rare att r\u00f6ra k\u00e4ken.<\/p>\n\n\t\t<\/div>\n\t<\/div>\n<\/div><\/div><\/div><\/div><div class=\"vc_row wpb_row vc_row-fluid\"><div class=\"wpb_column vc_column_container vc_col-sm-12\"><div class=\"vc_column-inner\"><div class=\"wpb_wrapper\">\n\t<div class=\"wpb_text_column wpb_content_element \" >\n\t\t<div class=\"wpb_wrapper\">\n\t\t\t<h2>Vad h\u00e4nder om tandgnissling inte behandlas?<\/h2>\n<p>Om Bruxismus inte behandlas kan t\u00e4nderna bli l\u00f6sare, g\u00e5 s\u00f6nder eller t o m ramla av.\u00a0En alltf\u00f6r stor f\u00f6rlust av tandsubstans kan leda till tandstumpar, som till slut kr\u00e4ver rotbehandlingar, kronor, bryggor och\u00a0<a href=\"http:\/\/tandcity.se\/sv\/tandimplantat-malmo\/\" target=\"_blank\" rel=\"noopener noreferrer\">tandimplantat<\/a>. Tandgnissling kan dessutom p\u00e5verka leder och muskulatur s\u00e5 att v\u00e4rk i leder och huvudv\u00e4rk uppst\u00e5r.<\/p>\n\n\t\t<\/div>\n\t<\/div>\n<\/div><\/div><\/div><\/div><div class=\"vc_row wpb_row vc_row-fluid\"><div class=\"wpb_column vc_column_container vc_col-sm-12\"><div class=\"vc_column-inner\"><div class=\"wpb_wrapper\">\n\t<div class=\"wpb_text_column wpb_content_element \" >\n\t\t<div class=\"wpb_wrapper\">\n\t\t\t<h2>Vad kan jag g\u00f6ra f\u00f6r att upph\u00f6ra med tandnisslandet?<\/h2>\n\n\t\t<\/div>\n\t<\/div>\n<\/div><\/div><\/div><\/div><div class=\"vc_row wpb_row vc_row-fluid\"><div class=\"wpb_column vc_column_container vc_col-sm-6\"><div class=\"vc_column-inner\"><div class=\"wpb_wrapper\">\n\t<div class=\"wpb_text_column wpb_content_element \" >\n\t\t<div class=\"wpb_wrapper\">\n\t\t\t<p>Allra f\u00f6rst m\u00e5ste du boka tid hos tandl\u00e4karen f\u00f6r att f\u00e5 unders\u00f6kt\u00a0dina t\u00e4nder och k\u00e4ke, f\u00f6r att kontrollera om och vilken slags Bruxismus\u00a0du har. I de flesta fall \u00e4r ett f\u00f6rsta val av behandling av tandgnissling en individuell bettskena, som skall anv\u00e4ndas p\u00e5 natten och antingen f\u00e4sts i \u00f6ver- eller underk\u00e4ke.<\/p>\n<p>Med hj\u00e4lp av tandavtryck som tas kan tandteknikern genast se hur\u00a0du gnisslar och vilka t\u00e4nder som orsakar bett instabiliteten.\u2028 Baserat p\u00e5 dessa kunskaper tillverkas en individuell skena f\u00f6r ett stabilt bett. D\u00e4rmed kan inte underk\u00e4ken glida \u00e5t sidan och ingen muskelkompensation kr\u00e4vs. Skenan verkar som ett skydd f\u00f6r t\u00e4nderna och f\u00f6rhindrar ocks\u00e5 att t\u00e4nderna r\u00f6r sig med tiden.<\/p>\n<p>Om man ser resultat vid anv\u00e4ndning av skenan, finns en m\u00f6jlighet att permanent beh\u00e5lla den i munnen. Som behandling av tandgnissling i Malm\u00f6 kan tandl\u00e4karen i dessa fall tillverka en stabil och bekv\u00e4m ocklusion med skr\u00e4ddarsydda \u201dguider\u201d framtagen av v\u00e5r tandtekniker. H\u00e4r anv\u00e4nds ofta keramik och komposit i kombination.<\/p>\n<p>Vid behov av behandling av tandgnissling i Malm\u00f6 eller om\u00a0du har fr\u00e5gor, \u00e4r\u00a0du v\u00e4lkommen att h\u00f6ra av\u00a0dig till oss p\u00e5 TandCity. Vi unders\u00f6ker g\u00e4rna\u00a0dina t\u00e4nder, leder och muskulatur f\u00f6r att kontrollera om det r\u00f6r sig om Bruxismus.<\/p>\n<h2><\/h2>\n\n\t\t<\/div>\n\t<\/div>\n<\/div><\/div><\/div><div class=\"wpb_column vc_column_container vc_col-sm-6\"><div class=\"vc_column-inner\"><div class=\"wpb_wrapper\">\n\t<div  class=\"wpb_single_image wpb_content_element vc_align_center  wpb_animate_when_almost_visible wpb_bottom-to-top bottom-to-top\">\n\t\t\n\t\t<figure class=\"wpb_wrapper vc_figure\">\n\t\t\t<div class=\"vc_single_image-wrapper   vc_box_border_grey\"><img loading=\"lazy\" decoding=\"async\" width=\"551\" height=\"587\" src=\"https:\/\/tandcity.se\/wp-content\/uploads\/2016\/10\/stop-bruxism-a.jpg\" class=\"vc_single_image-img attachment-full\" alt=\"Bruxismus och tandgnissling, behandla i Malm\u00f6 - TandCity\" title=\"stop tandcity\" srcset=\"https:\/\/tandcity.se\/wp-content\/uploads\/2016\/10\/stop-bruxism-a.jpg 551w, https:\/\/tandcity.se\/wp-content\/uploads\/2016\/10\/stop-bruxism-a-282x300.jpg 282w\" sizes=\"auto, (max-width: 551px) 100vw, 551px\" \/><\/div>\n\t\t<\/figure>\n\t<\/div>\n<\/div><\/div><\/div><\/div><div data-vc-full-width=\"true\" data-vc-full-width-init=\"false\" class=\"vc_row wpb_row vc_row-fluid fullwidth booking_section_responsive vc_custom_1529581450960 vc_row-has-fill vc_row-o-equal-height vc_row-flex\"><div class=\"wpb_column vc_column_container vc_col-sm-12\"><div class=\"vc_column-inner\"><div class=\"wpb_wrapper\">\n\t<div class=\"wpb_text_column wpb_content_element \" >\n\t\t<div class=\"wpb_wrapper\">\n\t\t\t<h2><span style=\"color: #ffffff;\">TandCity \u2013 akut tandv\u00e5rd i Malm\u00f6<\/span><\/h2>\n<p class=\"subtext_online\">\u00c4r du i behov av en akuttid eller vill du av n\u00e5gon annan anledning f\u00e5 en tid snabbt?<\/p>\n<p>&nbsp;<\/p>\n<h4><span style=\"color: #ffffff;\">Bara lugn, vi hj\u00e4lper dig. Vi f\u00f6rst\u00e5r att vissa saker inte kan v\u00e4nta och ser till att du f\u00e5r en tid s\u00e5 fort som m\u00f6jligt. H\u00f6r av dig till oss p\u00e5 telefonnummer 040 23 66 00 eller boka din tid online. Varmt v\u00e4lkommen!<\/span><\/h4>\n\n\t\t<\/div>\n\t<\/div>\n<div class=\"vc_btn3-container  tandcitygreen vc_btn3-inline vc_custom_1585899802437\" ><a class=\"vc_general vc_btn3 vc_btn3-size-lg vc_btn3-shape-rounded vc_btn3-style-modern vc_btn3-color-green\" href=\"http:\/\/tandcity.se\/sv\/boka-tid-online\/\" title=\"Best\u00e4ll tid online\" target=\"_blank\" onclick=\"ga(&#039;send&#039;, &#039;event&#039;, &#039;button&#039;, &#039;click&#039;, &#039;bottom-banner-sv&#039;);\">Best\u00e4ll tid online<\/a><\/div><\/div><\/div><\/div><\/div><div class=\"vc_row-full-width vc_clearfix\"><\/div>\n<\/div>","protected":false},"excerpt":{"rendered":"Kvalificerad behandling av tandgnissling i Malm\u00f6 Tandgnissling och tandpressning kallas ocks\u00e5 Bruxismus.\u00a0En hel del m\u00e4nniskor gnisslar ibland t\u00e4nderna eller pressar <a href=\"https:\/\/tandcity.se\/sv\/behandla-tandgnissling\/\" class=\"more-link\">\u2026 <span class=\"screen-reader-text\">  Tandgnissling i Malm\u00f6<\/span><\/a>","protected":false},"author":24,"featured_media":0,"parent":0,"menu_order":0,"comment_status":"closed","ping_status":"closed","template":"","meta":{"footnotes":""},"class_list":["post-76","page","type-page","status-publish"],"yoast_head":"<!-- This site is optimized with the Yoast SEO plugin v25.5 - https:\/\/yoast.com\/wordpress\/plugins\/seo\/ -->\n<title>Behandling bruxism &amp; tandgnissling Malm\u00f6 | TandCity<\/title>\n<meta name=\"description\" content=\"Gnissla t\u00e4nder? Vi erbjuder utv\u00e4rdering &amp; behandling av bruxism &amp; tandgnissling i Malm\u00f6. \u00d6ppet alla dagar - \u00e4ven akut tandv\u00e5rd. Boka tid online idag!\" \/>\n<meta name=\"robots\" content=\"index, follow, max-snippet:-1, max-image-preview:large, max-video-preview:-1\" \/>\n<link rel=\"canonical\" href=\"https:\/\/tandcity.se\/sv\/behandla-tandgnissling\/\" \/>\n<meta name=\"twitter:label1\" content=\"Ber\u00e4knad l\u00e4stid\" \/>\n\t<meta name=\"twitter:data1\" content=\"4 minuter\" \/>\n<!-- \/ Yoast SEO plugin. -->","yoast_head_json":{"title":"Behandling bruxism & tandgnissling Malm\u00f6 | TandCity","description":"Gnissla t\u00e4nder? Vi erbjuder utv\u00e4rdering & behandling av bruxism & tandgnissling i Malm\u00f6. \u00d6ppet alla dagar - \u00e4ven akut tandv\u00e5rd. Boka tid online idag!","robots":{"index":"index","follow":"follow","max-snippet":"max-snippet:-1","max-image-preview":"max-image-preview:large","max-video-preview":"max-video-preview:-1"},"canonical":"https:\/\/tandcity.se\/sv\/behandla-tandgnissling\/","twitter_misc":{"Ber\u00e4knad l\u00e4stid":"4 minuter"},"schema":{"@context":"https:\/\/schema.org","@graph":[{"@type":"WebPage","@id":"https:\/\/tandcity.se\/en\/teeth-grinding\/","url":"https:\/\/tandcity.se\/en\/teeth-grinding\/","name":"Behandling bruxism & tandgnissling Malm\u00f6 | TandCity","isPartOf":{"@id":"https:\/\/tandcity.se\/sv\/#website"},"datePublished":"2016-10-19T09:47:45+00:00","dateModified":"2023-11-10T09:29:46+00:00","description":"Gnissla t\u00e4nder? Vi erbjuder utv\u00e4rdering & behandling av bruxism & tandgnissling i Malm\u00f6. \u00d6ppet alla dagar - \u00e4ven akut tandv\u00e5rd. Boka tid online idag!","breadcrumb":{"@id":"https:\/\/tandcity.se\/en\/teeth-grinding\/#breadcrumb"},"inLanguage":"sv-SE","potentialAction":[{"@type":"ReadAction","target":["https:\/\/tandcity.se\/en\/teeth-grinding\/"]}]},{"@type":"BreadcrumbList","@id":"https:\/\/tandcity.se\/en\/teeth-grinding\/#breadcrumb","itemListElement":[{"@type":"ListItem","position":1,"name":"Hjem","item":"https:\/\/tandcity.se\/en\/"},{"@type":"ListItem","position":2,"name":"Tandgnissling i Malm\u00f6"}]},{"@type":"WebSite","@id":"https:\/\/tandcity.se\/sv\/#website","url":"https:\/\/tandcity.se\/sv\/","name":"TandCity Malm\u00f6","description":"","potentialAction":[{"@type":"SearchAction","target":{"@type":"EntryPoint","urlTemplate":"https:\/\/tandcity.se\/sv\/?s={search_term_string}"},"query-input":{"@type":"PropertyValueSpecification","valueRequired":true,"valueName":"search_term_string"}}],"inLanguage":"sv-SE"}]}},"_links":{"self":[{"href":"https:\/\/tandcity.se\/sv\/wp-json\/wp\/v2\/pages\/76","targetHints":{"allow":["GET"]}}],"collection":[{"href":"https:\/\/tandcity.se\/sv\/wp-json\/wp\/v2\/pages"}],"about":[{"href":"https:\/\/tandcity.se\/sv\/wp-json\/wp\/v2\/types\/page"}],"author":[{"embeddable":true,"href":"https:\/\/tandcity.se\/sv\/wp-json\/wp\/v2\/users\/24"}],"replies":[{"embeddable":true,"href":"https:\/\/tandcity.se\/sv\/wp-json\/wp\/v2\/comments?post=76"}],"version-history":[{"count":3,"href":"https:\/\/tandcity.se\/sv\/wp-json\/wp\/v2\/pages\/76\/revisions"}],"predecessor-version":[{"id":4054,"href":"https:\/\/tandcity.se\/sv\/wp-json\/wp\/v2\/pages\/76\/revisions\/4054"}],"wp:attachment":[{"href":"https:\/\/tandcity.se\/sv\/wp-json\/wp\/v2\/media?parent=76"}],"curies":[{"name":"wp","href":"https:\/\/api.w.org\/{rel}","templated":true}]}}