{"id":75,"date":"2016-10-19T11:47:24","date_gmt":"2016-10-19T09:47:24","guid":{"rendered":"https:\/\/tandcity2.wpengine.com\/?page_id=75"},"modified":"2023-12-15T14:32:55","modified_gmt":"2023-12-15T13:32:55","slug":"tandsmycke","status":"publish","type":"page","link":"https:\/\/tandcity.se\/sv\/tandsmycke\/","title":{"rendered":"Tandsmycke"},"content":{"rendered":"<div class=\"wpb-content-wrapper\"><div data-vc-full-width=\"true\" data-vc-full-width-init=\"false\" data-vc-stretch-content=\"true\" class=\"vc_row wpb_row vc_row-fluid fullwidth coverimage vc_custom_1494505288208 vc_row-has-fill\"><div class=\"wpb_column vc_column_container vc_col-sm-12\"><div class=\"vc_column-inner\"><div class=\"wpb_wrapper\"><\/div><\/div><\/div><\/div><div class=\"vc_row-full-width vc_clearfix\"><\/div><div class=\"vc_row wpb_row vc_row-fluid\"><div class=\"wpb_column vc_column_container vc_col-sm-12\"><div class=\"vc_column-inner\"><div class=\"wpb_wrapper\">\n\t<div class=\"wpb_text_column wpb_content_element  introtext\" >\n\t\t<div class=\"wpb_wrapper\">\n\t\t\t<h1>Tandsmycke i Malm\u00f6 \u2013 s\u00e4tt lite extra glans p\u00e5 leendet<\/h1>\n<p><em>Om du vill \u00e5stadkomma en lyxig look tar du s\u00e4kert fram ett gnistrande halsband eller glittrande \u00f6rh\u00e4ngen. Nu kan vi hj\u00e4lpa\u00a0dig ytterligare genom att via tandsmycken f\u00f6rse\u00a0dig med ett str\u00e5lande leende.<\/em><\/p>\n\n\t\t<\/div>\n\t<\/div>\n<\/div><\/div><\/div><\/div><div class=\"vc_row wpb_row vc_row-fluid\"><div class=\"wpb_column vc_column_container vc_col-sm-12\"><div class=\"vc_column-inner\"><div class=\"wpb_wrapper\"><\/div><\/div><\/div><\/div><div class=\"vc_row wpb_row vc_row-fluid\"><div class=\"wpb_column vc_column_container vc_col-sm-6\"><div class=\"vc_column-inner\"><div class=\"wpb_wrapper\">\n\t<div class=\"wpb_text_column wpb_content_element \" >\n\t\t<div class=\"wpb_wrapper\">\n\t\t\t<h2>F\u00e5 ett snyggare leende med tandsmycke<\/h2>\n<p>Vi erbjuder Swarovski\u00a0tandsmycken som \u00e4r mycket sm\u00e5 kristaller som f\u00e4sts p\u00e5 tanden. Swarovski \u00e4r ju ber\u00f6mda f\u00f6r att kunna slipa glas s\u00e5 precist att kristallerna gnistrar som diamanter.\u00a0Du best\u00e4mmer exakt var du vill ha dessa kristaller p\u00e5 tanden. Innan vi f\u00e4ster Swarovski kristallen p\u00e5 tanden polerar vi i tandytan l\u00e4tt. Sedan l\u00e4ggs ett genomskinligt lim p\u00e5 tandytan som belyses med halogenljus. Tandemaljen skadas inte med denna metod och\u00a0du kommer inte att k\u00e4nna n\u00e5gon sm\u00e4rta. Vill\u00a0du efter ett tag ta bort kristallen g\u00e5r det utan problem.<\/p>\n<p>Ett tandsmycke \u00e4r med andra ord en enkel v\u00e4g till ett personligare och mer gnistrande leende. P\u00e5\u00a0TandCity i Malm\u00f6\u00a0har vi ett antal kristaller som\u00a0du kan v\u00e4lja mellan. Vilket smycke\u00a0du \u00f6nskar \u00e4r helt upp till\u00a0dig och f\u00f6r b\u00e4sta slutresultat rekommenderar vi alltid att du v\u00e4ljer smyckesf\u00e4rg samt storlek efter just din egen smak. Det \u00e4r naturligtvis heller inget krav att du v\u00e4ljer bland just de smycken som vi tillhandah\u00e5ller. Tv\u00e4rtom kan\u00a0du till och med ta med ett eget smycke som\u00a0du vill att vi f\u00e4ster p\u00e5\u00a0din tand.<\/p>\n<p>Ett tandsmycke kr\u00e4ver ingen speciell omv\u00e5rdnad och varken mer eller mindre tandv\u00e5rd \u00e4n\u00a0dina vanliga rutiner. Kristallen sitter vanligen fram tills dess att\u00a0du \u00f6nskar ta bort det, av en eller annan anledning och i samband med borttagandet beh\u00f6ver du aldrig vara orolig f\u00f6r att smycket ska l\u00e4mna sp\u00e5r p\u00e5 tandemaljen. Tv\u00e4rtom kommer tanden d\u00e5 att se precis som innan kristallen klistrades p\u00e5.<\/p>\n<p>V\u00e4lkommen att kontakta oss p\u00e5 TandCity f\u00f6r att f\u00e5 hj\u00e4lp med tandsmycke i Malm\u00f6 eller f\u00f6r mer information om v\u00e5ra olika behandlingar. Om du inte k\u00e4nner att ett tandsmycke \u00e4r ett alternativ f\u00f6r\u00a0dig s\u00e5 \u00e4r en <a href=\"http:\/\/tandcity.se\/sv\/tandrengoring-malmo\/\">professionell tandreng\u00f6ring i Malm\u00f6<\/a> en annan effektiv v\u00e4g till ett str\u00e5lande leende. <a href=\"http:\/\/tandcity.se\/sv\/kontakt\/\">Boka tid redan idag!<\/a><\/p>\n\n\t\t<\/div>\n\t<\/div>\n<\/div><\/div><\/div><div class=\"wpb_column vc_column_container vc_col-sm-6\"><div class=\"vc_column-inner\"><div class=\"wpb_wrapper\">\n\t<div  class=\"wpb_single_image wpb_content_element vc_align_center  wpb_animate_when_almost_visible wpb_bottom-to-top bottom-to-top\">\n\t\t\n\t\t<figure class=\"wpb_wrapper vc_figure\">\n\t\t\t<div class=\"vc_single_image-wrapper   vc_box_border_grey\"><img loading=\"lazy\" decoding=\"async\" width=\"629\" height=\"418\" src=\"https:\/\/tandcity.se\/wp-content\/uploads\/2016\/10\/Tandsmykke.jpg\" class=\"vc_single_image-img attachment-full\" alt=\"L\u00e4gg lite extra glans p\u00e5 leendet med tandsmycken i Malm\u00f6 - TandCity\" title=\"F\u00e5 et smukkere smil med Tandsmykke\" srcset=\"https:\/\/tandcity.se\/wp-content\/uploads\/2016\/10\/Tandsmykke.jpg 629w, https:\/\/tandcity.se\/wp-content\/uploads\/2016\/10\/Tandsmykke-300x199.jpg 300w, https:\/\/tandcity.se\/wp-content\/uploads\/2016\/10\/Tandsmykke-272x182.jpg 272w\" sizes=\"auto, (max-width: 629px) 100vw, 629px\" \/><\/div>\n\t\t<\/figure>\n\t<\/div>\n<\/div><\/div><\/div><\/div><div class=\"vc_row wpb_row vc_row-fluid\"><div class=\"wpb_column vc_column_container vc_col-sm-12\"><div class=\"vc_column-inner\"><div class=\"wpb_wrapper\">\n\t<div class=\"wpb_text_column wpb_content_element \" >\n\t\t<div class=\"wpb_wrapper\">\n\t\t\t<table class=\"table-style1\">\n<tbody>\n<tr>\n<th>Tandsmycke<\/th>\n<th>Pris<\/th>\n<\/tr>\n<tr>\n<td>Tandsmycke<\/td>\n<td>850<\/td>\n<\/tr>\n<\/tbody>\n<\/table>\n\n\t\t<\/div>\n\t<\/div>\n<\/div><\/div><\/div><\/div><div data-vc-full-width=\"true\" data-vc-full-width-init=\"false\" class=\"vc_row wpb_row vc_row-fluid fullwidth booking_section_responsive vc_custom_1529581724866 vc_row-has-fill vc_row-o-equal-height vc_row-flex\"><div class=\"wpb_column vc_column_container vc_col-sm-12\"><div class=\"vc_column-inner\"><div class=\"wpb_wrapper\">\n\t<div class=\"wpb_text_column wpb_content_element \" >\n\t\t<div class=\"wpb_wrapper\">\n\t\t\t<h2><span style=\"color: #ffffff;\">TandCity \u2013 akut tandv\u00e5rd i Malm\u00f6<\/span><\/h2>\n<p class=\"subtext_online\">\u00c4r du i behov av en akuttid eller vill du av n\u00e5gon annan anledning f\u00e5 en tid snabbt?<\/p>\n<p>&nbsp;<\/p>\n<h4><span style=\"color: #ffffff;\">Bara lugn, vi hj\u00e4lper dig. Vi f\u00f6rst\u00e5r att vissa saker inte kan v\u00e4nta och ser till att du f\u00e5r en tid s\u00e5 fort som m\u00f6jligt. H\u00f6r av dig till oss p\u00e5 telefonnummer 040 23 66 00 eller boka din tid online. Varmt v\u00e4lkommen!<\/span><\/h4>\n\n\t\t<\/div>\n\t<\/div>\n<div class=\"vc_btn3-container  tandcitygreen vc_btn3-inline vc_custom_1585900652625\" ><a class=\"vc_general vc_btn3 vc_btn3-size-lg vc_btn3-shape-rounded vc_btn3-style-modern vc_btn3-color-green\" href=\"http:\/\/tandcity.se\/sv\/boka-tid-online\/\" title=\"Best\u00e4ll tid online\" target=\"_blank\" onclick=\"ga(&#039;send&#039;, &#039;event&#039;, &#039;button&#039;, &#039;click&#039;, &#039;bottom-banner-sv&#039;);\">Best\u00e4ll tid online<\/a><\/div><\/div><\/div><\/div><\/div><div class=\"vc_row-full-width vc_clearfix\"><\/div>\n<\/div>","protected":false},"excerpt":{"rendered":"Tandsmycke i Malm\u00f6 \u2013 s\u00e4tt lite extra glans p\u00e5 leendet Om du vill \u00e5stadkomma en lyxig look tar du s\u00e4kert <a href=\"https:\/\/tandcity.se\/sv\/tandsmycke\/\" class=\"more-link\">\u2026 <span class=\"screen-reader-text\">  Tandsmycke<\/span><\/a>","protected":false},"author":24,"featured_media":0,"parent":0,"menu_order":0,"comment_status":"closed","ping_status":"closed","template":"","meta":{"footnotes":""},"class_list":["post-75","page","type-page","status-publish"],"yoast_head":"<!-- This site is optimized with the Yoast SEO plugin v25.5 - https:\/\/yoast.com\/wordpress\/plugins\/seo\/ -->\n<title>Tandsmycke i Malm\u00f6 - Swarovski kristaller | TandCity<\/title>\n<meta name=\"description\" content=\"Vi erbjuder tandsmycken i kristall f\u00f6r ett glittrande leende. Vi tar \u00e4ven bort befintliga tandsmycken. Se v\u00e5ra priser &amp; boka tid idag p\u00e5 TandCity i Malm\u00f6.\" \/>\n<meta name=\"robots\" content=\"index, follow, max-snippet:-1, max-image-preview:large, max-video-preview:-1\" \/>\n<link rel=\"canonical\" href=\"https:\/\/tandcity.se\/sv\/tandsmycke\/\" \/>\n<meta name=\"twitter:label1\" content=\"Ber\u00e4knad l\u00e4stid\" \/>\n\t<meta name=\"twitter:data1\" content=\"3 minuter\" \/>\n<!-- \/ Yoast SEO plugin. -->","yoast_head_json":{"title":"Tandsmycke i Malm\u00f6 - Swarovski kristaller | TandCity","description":"Vi erbjuder tandsmycken i kristall f\u00f6r ett glittrande leende. Vi tar \u00e4ven bort befintliga tandsmycken. Se v\u00e5ra priser & boka tid idag p\u00e5 TandCity i Malm\u00f6.","robots":{"index":"index","follow":"follow","max-snippet":"max-snippet:-1","max-image-preview":"max-image-preview:large","max-video-preview":"max-video-preview:-1"},"canonical":"https:\/\/tandcity.se\/sv\/tandsmycke\/","twitter_misc":{"Ber\u00e4knad l\u00e4stid":"3 minuter"},"schema":{"@context":"https:\/\/schema.org","@graph":[{"@type":"WebPage","@id":"https:\/\/tandcity.se\/en\/dental-jewelry\/","url":"https:\/\/tandcity.se\/en\/dental-jewelry\/","name":"Tandsmycke i Malm\u00f6 - Swarovski kristaller | TandCity","isPartOf":{"@id":"https:\/\/tandcity.se\/sv\/#website"},"datePublished":"2016-10-19T09:47:24+00:00","dateModified":"2023-12-15T13:32:55+00:00","description":"Vi erbjuder tandsmycken i kristall f\u00f6r ett glittrande leende. Vi tar \u00e4ven bort befintliga tandsmycken. Se v\u00e5ra priser & boka tid idag p\u00e5 TandCity i Malm\u00f6.","breadcrumb":{"@id":"https:\/\/tandcity.se\/en\/dental-jewelry\/#breadcrumb"},"inLanguage":"sv-SE","potentialAction":[{"@type":"ReadAction","target":["https:\/\/tandcity.se\/en\/dental-jewelry\/"]}]},{"@type":"BreadcrumbList","@id":"https:\/\/tandcity.se\/en\/dental-jewelry\/#breadcrumb","itemListElement":[{"@type":"ListItem","position":1,"name":"Hjem","item":"https:\/\/tandcity.se\/en\/"},{"@type":"ListItem","position":2,"name":"Tandsmycke"}]},{"@type":"WebSite","@id":"https:\/\/tandcity.se\/sv\/#website","url":"https:\/\/tandcity.se\/sv\/","name":"TandCity Malm\u00f6","description":"","potentialAction":[{"@type":"SearchAction","target":{"@type":"EntryPoint","urlTemplate":"https:\/\/tandcity.se\/sv\/?s={search_term_string}"},"query-input":{"@type":"PropertyValueSpecification","valueRequired":true,"valueName":"search_term_string"}}],"inLanguage":"sv-SE"}]}},"_links":{"self":[{"href":"https:\/\/tandcity.se\/sv\/wp-json\/wp\/v2\/pages\/75","targetHints":{"allow":["GET"]}}],"collection":[{"href":"https:\/\/tandcity.se\/sv\/wp-json\/wp\/v2\/pages"}],"about":[{"href":"https:\/\/tandcity.se\/sv\/wp-json\/wp\/v2\/types\/page"}],"author":[{"embeddable":true,"href":"https:\/\/tandcity.se\/sv\/wp-json\/wp\/v2\/users\/24"}],"replies":[{"embeddable":true,"href":"https:\/\/tandcity.se\/sv\/wp-json\/wp\/v2\/comments?post=75"}],"version-history":[{"count":4,"href":"https:\/\/tandcity.se\/sv\/wp-json\/wp\/v2\/pages\/75\/revisions"}],"predecessor-version":[{"id":4060,"href":"https:\/\/tandcity.se\/sv\/wp-json\/wp\/v2\/pages\/75\/revisions\/4060"}],"wp:attachment":[{"href":"https:\/\/tandcity.se\/sv\/wp-json\/wp\/v2\/media?parent=75"}],"curies":[{"name":"wp","href":"https:\/\/api.w.org\/{rel}","templated":true}]}}