{"id":74,"date":"2016-10-19T11:47:03","date_gmt":"2016-10-19T09:47:03","guid":{"rendered":"https:\/\/tandcity2.wpengine.com\/?page_id=74"},"modified":"2025-01-29T14:27:58","modified_gmt":"2025-01-29T13:27:58","slug":"tandfyllning-malmo","status":"publish","type":"page","link":"https:\/\/tandcity.se\/sv\/tandfyllning-malmo\/","title":{"rendered":"Tandfyllning i Malm\u00f6"},"content":{"rendered":"<div class=\"wpb-content-wrapper\"><div data-vc-full-width=\"true\" data-vc-full-width-init=\"false\" data-vc-stretch-content=\"true\" class=\"vc_row wpb_row vc_row-fluid fullwidth coverimage vc_custom_1528186575233 vc_row-has-fill\"><div class=\"wpb_column vc_column_container vc_col-sm-12\"><div class=\"vc_column-inner\"><div class=\"wpb_wrapper\"><\/div><\/div><\/div><\/div><div class=\"vc_row-full-width vc_clearfix\"><\/div><div class=\"vc_row wpb_row vc_row-fluid\"><div class=\"wpb_column vc_column_container vc_col-sm-12\"><div class=\"vc_column-inner\"><div class=\"wpb_wrapper\">\n\t<div class=\"wpb_text_column wpb_content_element  introtext\" >\n\t\t<div class=\"wpb_wrapper\">\n\t\t\t<h1>Tandfyllning i Malm\u00f6 \u2013 \u00e5terskapa ett vackert leende<\/h1>\n<p><em>Vi erbjuder de senaste tandfyllningsmaterialen p\u00e5 marknaden.\u00a0V\u00e4lj mellan olika tandf\u00e4rger och egenskaper som kan anpassas till\u00a0din speciella situation.<\/em><\/p>\n\n\t\t<\/div>\n\t<\/div>\n<\/div><\/div><\/div><\/div><div class=\"vc_row wpb_row vc_row-fluid\"><div class=\"wpb_column vc_column_container vc_col-sm-6\"><div class=\"vc_column-inner\"><div class=\"wpb_wrapper\">\n\t<div class=\"wpb_text_column wpb_content_element \" >\n\t\t<div class=\"wpb_wrapper\">\n\t\t\t<p>Utseendet p\u00e5 t\u00e4nderna, framf\u00f6rallt framt\u00e4nderna, \u00e4ndras mycket med r\u00e5dande ljusf\u00f6rh\u00e5llanden. Anv\u00e4nds konstgjort material till tandfyllningen tar man h\u00e4nsyn till detta faktum f\u00f6r att de nyfyllda t\u00e4nderna ska likna de omgivande t\u00e4nderna s\u00e5 mycket som m\u00f6jligt. P\u00e5 TandCity i Malm\u00f6 arbetar vi med den senaste tekniken och med fyllningar av konstmaterial. I de fall d\u00e5 den st\u00f6rsta delen av tuggytan m\u00e5ste f\u00f6rnyas eller d\u00e5 patienten har <a href=\"http:\/\/tandcity.se\/sv\/behandla-tandgnissling\/\">tandgnisslingsproblem<\/a>, rekommenderar vi porslinsfyllningar. Dessa h\u00e5ller l\u00e4ngre och n\u00f6ts l\u00e5ngsammare. F\u00f6rfarandet liknar det som anv\u00e4nds f\u00f6r kronor men man beh\u00e5ller mer av den egna tanden.<\/p>\n\n\t\t<\/div>\n\t<\/div>\n<\/div><\/div><\/div><div class=\"wpb_column vc_column_container vc_col-sm-6\"><div class=\"vc_column-inner\"><div class=\"wpb_wrapper\">\n\t<div  class=\"wpb_single_image wpb_content_element vc_align_left  wpb_animate_when_almost_visible wpb_bottom-to-top bottom-to-top\">\n\t\t\n\t\t<figure class=\"wpb_wrapper vc_figure\">\n\t\t\t<div class=\"vc_single_image-wrapper   vc_box_border_grey\"><img loading=\"lazy\" decoding=\"async\" width=\"1000\" height=\"722\" src=\"https:\/\/tandcity.se\/wp-content\/uploads\/2016\/10\/Tandfyllning-.jpg\" class=\"vc_single_image-img attachment-full\" alt=\"B\u00e4sta tandfyllning i Malm\u00f6 -TandCity\" title=\"Tandfyllning\" srcset=\"https:\/\/tandcity.se\/wp-content\/uploads\/2016\/10\/Tandfyllning-.jpg 1000w, https:\/\/tandcity.se\/wp-content\/uploads\/2016\/10\/Tandfyllning--300x217.jpg 300w, https:\/\/tandcity.se\/wp-content\/uploads\/2016\/10\/Tandfyllning--768x554.jpg 768w\" sizes=\"auto, (max-width: 1000px) 100vw, 1000px\" \/><\/div>\n\t\t<\/figure>\n\t<\/div>\n<\/div><\/div><\/div><\/div><div class=\"vc_row wpb_row vc_row-fluid\"><div class=\"wpb_column vc_column_container vc_col-sm-12\"><div class=\"vc_column-inner\"><div class=\"wpb_wrapper\">\n\t<div class=\"wpb_text_column wpb_content_element \" >\n\t\t<div class=\"wpb_wrapper\">\n\t\t\t<h2>Vi anv\u00e4nder endast godk\u00e4nda tandfyllningsmaterial<\/h2>\n<p>Vi anv\u00e4nder inte metallfyllningar (amalgam) p\u00e5 TandCity. Eftersom dessa legeringar inneh\u00e5ller kvicksilver \u00e4r de i fri form skadliga f\u00f6r m\u00e4nniskans hj\u00e4rna och nervsystem. Risken \u00e4r l\u00e5g vid anv\u00e4ndning i munh\u00e5lan eftersom m\u00e4ngden kvicksilver som frisl\u00e4pps i munh\u00e5lan genom att korrosion \u00e4r mycket l\u00e5g. Studier har emellertid visat att m\u00e4ngden kvicksilver som uppm\u00e4ts i naturen \u00f6kar genom \u00f6kad anv\u00e4ndning av kvicksilver i samh\u00e4llet och det finns mer kvicksilver i den mat vi \u00e4ter. Detta sammanv\u00e4gt med estetiska grunder och med h\u00e4nsyn till den m\u00e4ngd tandsubstans som m\u00e5ste tas bort vid anv\u00e4ndning av metallfyllningar g\u00f6r att vi inte anv\u00e4nder denna typ av tandfyllning.<\/p>\n<p>Forskning p\u00e5g\u00e5r fortfarande om risken med amalgamfyllningar. Vi vet att det f\u00f6rekommer en kontinuerlig korrosion n\u00e4r man har en amalgamfyllning. Fyllningen expanderar l\u00e5ngsamt tills omgivande tanddelar f\u00e5r frakturer. Vi rekommenderar d\u00e4rf\u00f6r v\u00e5ra patienter som eventuellt har amalgamfyllningar att ers\u00e4tta dessa med komposit- eller <a href=\"http:\/\/tandcity.se\/sv\/porslinsfasader-malmo\/\">porslinsfyllningar<\/a>, innan frakturerna uppst\u00e5r. Att t\u00e4nderna dessutom blir mer estetiskt tilltalande \u00e4r ett plus p\u00e5 k\u00f6pet.<\/p>\n\n\t\t<\/div>\n\t<\/div>\n<\/div><\/div><\/div><\/div><div class=\"vc_row wpb_row vc_row-fluid\"><div class=\"wpb_column vc_column_container vc_col-sm-12\"><div class=\"vc_column-inner\"><div class=\"wpb_wrapper\"><h2 style=\"text-align: left;font-family:Abril Fatface;font-weight:400;font-style:normal\" class=\"vc_custom_heading\" >Tandfyllning pris<\/h2>\n\t<div class=\"wpb_text_column wpb_content_element \" >\n\t\t<div class=\"wpb_wrapper\">\n\t\t\t<table class=\"table-style1\">\n<tbody>\n<tr>\n<th>Fyllning<\/th>\n<th>Pris<\/th>\n<\/tr>\n<tr>\n<td>Fyllning av en yta p\u00e5 framtand eller h\u00f6rntand<\/td>\n<td>\u00a0720<\/td>\n<\/tr>\n<tr>\n<td>Fyllning av tv\u00e5 ytor p\u00e5 framtand eller h\u00f6rntand<\/td>\n<td>\u00a01145<\/td>\n<\/tr>\n<tr>\n<td>Fyllning av tre eller flera ytor p\u00e5 framtand eller h\u00f6rntand<\/td>\n<td>\u00a01405<\/td>\n<\/tr>\n<tr>\n<td>Fyllning av en yta p\u00e5 molar eller premolar<\/td>\n<td>\u00a0925<\/td>\n<\/tr>\n<tr>\n<td>Fyllning av tv\u00e5 ytor p\u00e5 molar eller premolar<\/td>\n<td>\u00a01508<\/td>\n<\/tr>\n<tr>\n<td>Fyllning av tre eller flera ytor p\u00e5 molar eller premolar<\/td>\n<td>\u00a01870<\/td>\n<\/tr>\n<tr>\n<td>Kompositkrona, klinikframst\u00e4lld<\/td>\n<td>\u00a03120<\/td>\n<\/tr>\n<\/tbody>\n<\/table>\n\n\t\t<\/div>\n\t<\/div>\n<\/div><\/div><\/div><\/div><div data-vc-full-width=\"true\" data-vc-full-width-init=\"false\" class=\"vc_row wpb_row vc_row-fluid fullwidth booking_section_responsive vc_custom_1529577045463 vc_row-has-fill vc_row-o-equal-height vc_row-flex\"><div class=\"wpb_column vc_column_container vc_col-sm-12\"><div class=\"vc_column-inner\"><div class=\"wpb_wrapper\">\n\t<div class=\"wpb_text_column wpb_content_element \" >\n\t\t<div class=\"wpb_wrapper\">\n\t\t\t<h2><span style=\"color: #ffffff;\">TandCity \u2013 akut tandv\u00e5rd i Malm\u00f6<\/span><\/h2>\n<p class=\"subtext_online\">\u00c4r du i behov av en akuttid eller vill du av n\u00e5gon annan anledning f\u00e5 en tid snabbt?<\/p>\n<p>&nbsp;<\/p>\n<h4><span style=\"color: #ffffff;\">Bara lugn, vi hj\u00e4lper dig. Vi f\u00f6rst\u00e5r att vissa saker inte kan v\u00e4nta och ser till att du f\u00e5r en tid s\u00e5 fort som m\u00f6jligt. H\u00f6r av dig till oss p\u00e5 telefonnummer 040 23 66 00 eller boka din tid online. Varmt v\u00e4lkommen!<\/span><\/h4>\n\n\t\t<\/div>\n\t<\/div>\n<div class=\"vc_btn3-container  tandcitygreen vc_btn3-inline vc_custom_1585899826622\" ><a class=\"vc_general vc_btn3 vc_btn3-size-lg vc_btn3-shape-rounded vc_btn3-style-modern vc_btn3-color-green\" href=\"http:\/\/tandcity.se\/sv\/boka-tid-online\/\" title=\"Best\u00e4ll tid online\" target=\"_blank\" onclick=\"ga(&#039;send&#039;, &#039;event&#039;, &#039;button&#039;, &#039;click&#039;, &#039;bottom-banner-sv&#039;);\">Best\u00e4ll tid online<\/a><\/div><\/div><\/div><\/div><\/div><div class=\"vc_row-full-width vc_clearfix\"><\/div>\n<\/div>","protected":false},"excerpt":{"rendered":"Tandfyllning i Malm\u00f6 \u2013 \u00e5terskapa ett vackert leende Vi erbjuder de senaste tandfyllningsmaterialen p\u00e5 marknaden.\u00a0V\u00e4lj mellan olika tandf\u00e4rger och egenskaper <a href=\"https:\/\/tandcity.se\/sv\/tandfyllning-malmo\/\" class=\"more-link\">\u2026 <span class=\"screen-reader-text\">  Tandfyllning i Malm\u00f6<\/span><\/a>","protected":false},"author":24,"featured_media":0,"parent":0,"menu_order":0,"comment_status":"closed","ping_status":"closed","template":"","meta":{"footnotes":""},"class_list":["post-74","page","type-page","status-publish"],"yoast_head":"<!-- This site is optimized with the Yoast SEO plugin v25.5 - https:\/\/yoast.com\/wordpress\/plugins\/seo\/ -->\n<title>Tandfyllning: Behandling, material &amp; pris | TandCity Malm\u00f6<\/title>\n<meta name=\"description\" content=\"TandCity erbjuder sm\u00e4rtfri, kvalitativ tandfyllning till ett bra pris. Bes\u00f6k v\u00e5r hemsida f\u00f6r information om v\u00e5ra tandfyllningsbehandlingar &amp; priser.\" \/>\n<meta name=\"robots\" content=\"index, follow, max-snippet:-1, max-image-preview:large, max-video-preview:-1\" \/>\n<link rel=\"canonical\" href=\"https:\/\/tandcity.se\/sv\/tandfyllning-malmo\/\" \/>\n<meta name=\"twitter:label1\" content=\"Ber\u00e4knad l\u00e4stid\" \/>\n\t<meta name=\"twitter:data1\" content=\"3 minuter\" \/>\n<!-- \/ Yoast SEO plugin. -->","yoast_head_json":{"title":"Tandfyllning: Behandling, material & pris | TandCity Malm\u00f6","description":"TandCity erbjuder sm\u00e4rtfri, kvalitativ tandfyllning till ett bra pris. Bes\u00f6k v\u00e5r hemsida f\u00f6r information om v\u00e5ra tandfyllningsbehandlingar & priser.","robots":{"index":"index","follow":"follow","max-snippet":"max-snippet:-1","max-image-preview":"max-image-preview:large","max-video-preview":"max-video-preview:-1"},"canonical":"https:\/\/tandcity.se\/sv\/tandfyllning-malmo\/","twitter_misc":{"Ber\u00e4knad l\u00e4stid":"3 minuter"},"schema":{"@context":"https:\/\/schema.org","@graph":[{"@type":"WebPage","@id":"https:\/\/tandcity.se\/sv\/tandfyllning-malmo\/","url":"https:\/\/tandcity.se\/sv\/tandfyllning-malmo\/","name":"Tandfyllning: Behandling, material & pris | TandCity Malm\u00f6","isPartOf":{"@id":"https:\/\/tandcity.se\/sv\/#website"},"datePublished":"2016-10-19T09:47:03+00:00","dateModified":"2025-01-29T13:27:58+00:00","description":"TandCity erbjuder sm\u00e4rtfri, kvalitativ tandfyllning till ett bra pris. Bes\u00f6k v\u00e5r hemsida f\u00f6r information om v\u00e5ra tandfyllningsbehandlingar & priser.","breadcrumb":{"@id":"https:\/\/tandcity.se\/sv\/tandfyllning-malmo\/#breadcrumb"},"inLanguage":"sv-SE","potentialAction":[{"@type":"ReadAction","target":["https:\/\/tandcity.se\/sv\/tandfyllning-malmo\/"]}]},{"@type":"BreadcrumbList","@id":"https:\/\/tandcity.se\/sv\/tandfyllning-malmo\/#breadcrumb","itemListElement":[{"@type":"ListItem","position":1,"name":"Hjem","item":"https:\/\/tandcity.se\/en\/"},{"@type":"ListItem","position":2,"name":"Tandfyllning i Malm\u00f6"}]},{"@type":"WebSite","@id":"https:\/\/tandcity.se\/sv\/#website","url":"https:\/\/tandcity.se\/sv\/","name":"TandCity Malm\u00f6","description":"","potentialAction":[{"@type":"SearchAction","target":{"@type":"EntryPoint","urlTemplate":"https:\/\/tandcity.se\/sv\/?s={search_term_string}"},"query-input":{"@type":"PropertyValueSpecification","valueRequired":true,"valueName":"search_term_string"}}],"inLanguage":"sv-SE"}]}},"_links":{"self":[{"href":"https:\/\/tandcity.se\/sv\/wp-json\/wp\/v2\/pages\/74","targetHints":{"allow":["GET"]}}],"collection":[{"href":"https:\/\/tandcity.se\/sv\/wp-json\/wp\/v2\/pages"}],"about":[{"href":"https:\/\/tandcity.se\/sv\/wp-json\/wp\/v2\/types\/page"}],"author":[{"embeddable":true,"href":"https:\/\/tandcity.se\/sv\/wp-json\/wp\/v2\/users\/24"}],"replies":[{"embeddable":true,"href":"https:\/\/tandcity.se\/sv\/wp-json\/wp\/v2\/comments?post=74"}],"version-history":[{"count":15,"href":"https:\/\/tandcity.se\/sv\/wp-json\/wp\/v2\/pages\/74\/revisions"}],"predecessor-version":[{"id":4427,"href":"https:\/\/tandcity.se\/sv\/wp-json\/wp\/v2\/pages\/74\/revisions\/4427"}],"wp:attachment":[{"href":"https:\/\/tandcity.se\/sv\/wp-json\/wp\/v2\/media?parent=74"}],"curies":[{"name":"wp","href":"https:\/\/api.w.org\/{rel}","templated":true}]}}