{"id":73,"date":"2016-10-19T11:46:30","date_gmt":"2016-10-19T09:46:30","guid":{"rendered":"https:\/\/tandcity2.wpengine.com\/?page_id=73"},"modified":"2023-10-17T15:43:12","modified_gmt":"2023-10-17T13:43:12","slug":"inman-aligner","status":"publish","type":"page","link":"https:\/\/tandcity.se\/sv\/inman-aligner\/","title":{"rendered":"Inman Aligner"},"content":{"rendered":"<div class=\"wpb-content-wrapper\"><div data-vc-full-width=\"true\" data-vc-full-width-init=\"false\" data-vc-stretch-content=\"true\" class=\"vc_row wpb_row vc_row-fluid fullwidth coverimage vc_custom_1494505131724 vc_row-has-fill\"><div class=\"wpb_column vc_column_container vc_col-sm-12\"><div class=\"vc_column-inner\"><div class=\"wpb_wrapper\"><\/div><\/div><\/div><\/div><div class=\"vc_row-full-width vc_clearfix\"><\/div><div class=\"vc_row wpb_row vc_row-fluid\"><div class=\"wpb_column vc_column_container vc_col-sm-12\"><div class=\"vc_column-inner\"><div class=\"wpb_wrapper\">\n\t<div class=\"wpb_text_column wpb_content_element  introtext\" >\n\t\t<div class=\"wpb_wrapper\">\n\t\t\t<h1>Kvalificerad Inman Aligner-behandling i Malm\u00f6<\/h1>\n<p><em>\u00c4r du\u00a0inte n\u00f6jd med ditt\u00a0leende?\u00a0<\/em><em>Inte intresserad av fast tandst\u00e4llning?\u00a0<\/em><em>\u00d6nskar du\u00a0en snabb och tillf\u00f6rlitlig behandling? D\u00e5 \u00e4r Inman Aligner eller Invisalign ditt\u00a0b\u00e4sta val!\u00a0<\/em><\/p>\n<p><em>Ett utm\u00e4rkt val f\u00f6r tr\u00e5nga eller utst\u00e5ende t\u00e4nder. Snabbt, tillf\u00f6rlitligt och avtagbart!<\/em><\/p>\n\n\t\t<\/div>\n\t<\/div>\n<\/div><\/div><\/div><\/div><div class=\"vc_row wpb_row vc_row-fluid\"><div class=\"wpb_column vc_column_container vc_col-sm-12\"><div class=\"vc_column-inner\"><div class=\"wpb_wrapper\">\n\t<div class=\"wpb_text_column wpb_content_element \" >\n\t\t<div class=\"wpb_wrapper\">\n\t\t\t<h2>F\u00e5 raka t\u00e4nder med Inman Aligner<\/h2>\n\n\t\t<\/div>\n\t<\/div>\n<\/div><\/div><\/div><\/div><div class=\"vc_row wpb_row vc_row-fluid\"><div class=\"wpb_column vc_column_container vc_col-sm-6\"><div class=\"vc_column-inner\"><div class=\"wpb_wrapper\">\n\t<div class=\"wpb_text_column wpb_content_element \" >\n\t\t<div class=\"wpb_wrapper\">\n\t\t\t<p>Den patenterade <strong>Inman Aligner<\/strong> metoden handlar om en \u201eStand alone\u201c behandling med en avtagbar ortodontisk st\u00e4llning. Den anv\u00e4nds huvudsakligen f\u00f6r att r\u00e4tta upp t\u00e4nder, innan <a href=\"http:\/\/tandcity.se\/sv\/tandsmycke\/\">kosmetiska behandlingar<\/a> med t ex estetiska <a href=\"http:\/\/tandcity.se\/sv\/tandfyllning-malmo\/\">tandfyllningar<\/a> eller fasader blir n\u00f6dv\u00e4ndiga.<\/p>\n<p>Genom att t\u00e4nderna r\u00e4ttas till uppn\u00e5s inte bara ett sunt och vackert leende. Det f\u00e5r ocks\u00e5 en positiv effekt p\u00e5 tand- och tandk\u00f6ttsh\u00e4lsan. Utan tandreglering, r\u00f6r sig t\u00e4nderna obehindrat i munnen. Med tandreglering \u00e4r det mycket l\u00e4ttare att h\u00e5lla t\u00e4nder och tandk\u00f6tt i bra form.<\/p>\n\n\t\t<\/div>\n\t<\/div>\n<\/div><\/div><\/div><div class=\"wpb_column vc_column_container vc_col-sm-6\"><div class=\"vc_column-inner\"><div class=\"wpb_wrapper\">\n\t<div  class=\"wpb_single_image wpb_content_element vc_align_center  wpb_animate_when_almost_visible wpb_bottom-to-top bottom-to-top\">\n\t\t\n\t\t<figure class=\"wpb_wrapper vc_figure\">\n\t\t\t<div class=\"vc_single_image-wrapper   vc_box_border_grey\"><img loading=\"lazy\" decoding=\"async\" width=\"330\" height=\"280\" src=\"https:\/\/tandcity.se\/wp-content\/uploads\/2016\/10\/inman-aligner-behandling.png\" class=\"vc_single_image-img attachment-full\" alt=\"Inman Aligner-behandling i Malm\u00f6 -TandCity\" title=\"Inman Aligner pris\" srcset=\"https:\/\/tandcity.se\/wp-content\/uploads\/2016\/10\/inman-aligner-behandling.png 330w, https:\/\/tandcity.se\/wp-content\/uploads\/2016\/10\/inman-aligner-behandling-300x255.png 300w\" sizes=\"auto, (max-width: 330px) 100vw, 330px\" \/><\/div>\n\t\t<\/figure>\n\t<\/div>\n<\/div><\/div><\/div><\/div><div class=\"vc_row wpb_row vc_row-fluid\"><div class=\"wpb_column vc_column_container vc_col-sm-12\"><div class=\"vc_column-inner\"><div class=\"wpb_wrapper\">\n\t<div class=\"wpb_text_column wpb_content_element \" >\n\t\t<div class=\"wpb_wrapper\">\n\t\t\t<h2>Hur fungerar Inman Aligner och hur g\u00e5r jag tillv\u00e4ga?<\/h2>\n<p>Med Inman Aligner anv\u00e4nds tv\u00e5 metallband, som f\u00f6r tv\u00e5 Aligner b\u00e5gar ihop, vilket successivt f\u00f6ser t\u00e4nderna till det \u00f6nskade l\u00e4get. Behandlingstiden \u00e4r mellan 3-6 m\u00e5nader men kan \u00e4ven avslutas tidigare.<\/p>\n<p>Du bokar en tid f\u00f6r r\u00e5dgivning hos v\u00e5r certifierade <a href=\"http:\/\/tandcity.se\/sv\/tandl%C3%A4kare-malm%C3%B6\/\">tandl\u00e4kare<\/a>. N\u00e5gon av v\u00e5ra certifierade tandl\u00e4kare bed\u00f6mer om en behandling \u00e4r l\u00e4mplig i\u00a0ditt fall.<\/p>\n\n\t\t<\/div>\n\t<\/div>\n<\/div><\/div><\/div><\/div><div class=\"vc_row wpb_row vc_row-fluid\"><div class=\"wpb_column vc_column_container vc_col-sm-6\"><div class=\"vc_column-inner\"><div class=\"wpb_wrapper\">\n\t<div  class=\"wpb_single_image wpb_content_element vc_align_left\">\n\t\t\n\t\t<figure class=\"wpb_wrapper vc_figure\">\n\t\t\t<div class=\"vc_single_image-wrapper   vc_box_border_grey\"><img loading=\"lazy\" decoding=\"async\" width=\"500\" height=\"334\" src=\"https:\/\/tandcity.se\/wp-content\/uploads\/2016\/10\/inman-aligner.jpg\" class=\"vc_single_image-img attachment-full\" alt=\"F\u00e5 ett finare leende med Inman Aligner behandling - TandCity\" title=\"inman-aligner\" srcset=\"https:\/\/tandcity.se\/wp-content\/uploads\/2016\/10\/inman-aligner.jpg 500w, https:\/\/tandcity.se\/wp-content\/uploads\/2016\/10\/inman-aligner-300x200.jpg 300w, https:\/\/tandcity.se\/wp-content\/uploads\/2016\/10\/inman-aligner-272x182.jpg 272w\" sizes=\"auto, (max-width: 500px) 100vw, 500px\" \/><\/div>\n\t\t<\/figure>\n\t<\/div>\n<\/div><\/div><\/div><div class=\"wpb_column vc_column_container vc_col-sm-6\"><div class=\"vc_column-inner\"><div class=\"wpb_wrapper\">\n\t<div class=\"wpb_text_column wpb_content_element \" >\n\t\t<div class=\"wpb_wrapper\">\n\t\t\t<p>Du\u00a0f\u00e5r en realistisk bed\u00f6mning f\u00f6r att\u00a0du ska f\u00f6rst\u00e5 vad behandlingen g\u00e5r ut p\u00e5 och ungef\u00e4r hur l\u00e5ng tid den tar. Om\u00a0du och tandl\u00e4karen tillsammans kommer fram till att Inman Aligner kan vara ett bra\u00a0alternativ f\u00f6r dig, tas avtryck av under- och \u00f6verk\u00e4ke, tillsammans med ett bettavtryck som visar hur det ska se ut n\u00e4r du biter ihop t\u00e4nderna. Avtrycken skickas till tandteknikern som skall tillverka\u00a0din individuella tandst\u00e4llning.<\/p>\n<p>Tv\u00e5 veckor efter att avtrycken har tagits ska anpassningen av Inman Aligner g\u00f6ras. Du\u00a0m\u00e5ste b\u00e4ra tandst\u00e4llning 16-20 timmar per\/ dygn. Var 4:e vecka skall en efterkontroll g\u00f6ras hos din tandl\u00e4kare p\u00e5 TandCity i Malm\u00f6. N\u00e4r behandlingen \u00e4r klar, skall en Retainer (tandstabilisator) anv\u00e4ndas f\u00f6r att f\u00f6rhindra att t\u00e4nderna f\u00f6rskjuts p\u00e5 nytt. En Retainer \u00e4r en tunn fast metalltr\u00e5d, som f\u00e4sts p\u00e5 baksidan av framt\u00e4nderna.<\/p>\n<p>\u00c4r du\u00a0redo f\u00f6r ett nytt leende?<\/p>\n\n\t\t<\/div>\n\t<\/div>\n<\/div><\/div><\/div><\/div><div data-vc-full-width=\"true\" data-vc-full-width-init=\"false\" class=\"vc_row wpb_row vc_row-fluid fullwidth booking_section_responsive vc_custom_1529581576251 vc_row-has-fill vc_row-o-equal-height vc_row-flex\"><div class=\"wpb_column vc_column_container vc_col-sm-12\"><div class=\"vc_column-inner\"><div class=\"wpb_wrapper\">\n\t<div class=\"wpb_text_column wpb_content_element \" >\n\t\t<div class=\"wpb_wrapper\">\n\t\t\t<h2><span style=\"color: #ffffff;\">TandCity \u2013 akut tandv\u00e5rd i Malm\u00f6<\/span><\/h2>\n<p class=\"subtext_online\">\u00c4r du i behov av en akuttid eller vill du av n\u00e5gon annan anledning f\u00e5 en tid snabbt?<\/p>\n<p>&nbsp;<\/p>\n<h4><span style=\"color: #ffffff;\">Bara lugn, vi hj\u00e4lper dig. Vi f\u00f6rst\u00e5r att vissa saker inte kan v\u00e4nta och ser till att du f\u00e5r en tid s\u00e5 fort som m\u00f6jligt. H\u00f6r av dig till oss p\u00e5 telefonnummer 040 23 66 00 eller boka din tid online. Varmt v\u00e4lkommen!<\/span><\/h4>\n\n\t\t<\/div>\n\t<\/div>\n<div class=\"vc_btn3-container  tandcitygreen vc_btn3-inline vc_custom_1574088847024\" ><a class=\"vc_general vc_btn3 vc_btn3-size-lg vc_btn3-shape-rounded vc_btn3-style-modern vc_btn3-color-green\" href=\"https:\/\/4447.etand.se\/$\/\" title=\"Best\u00e4ll tid online\" target=\"_blank\" onclick=\"ga(&#039;send&#039;, &#039;event&#039;, &#039;button&#039;, &#039;click&#039;, &#039;bottom-banner-sv&#039;);\">Best\u00e4ll tid online<\/a><\/div><\/div><\/div><\/div><\/div><div class=\"vc_row-full-width vc_clearfix\"><\/div>\n<\/div>","protected":false},"excerpt":{"rendered":"Kvalificerad Inman Aligner-behandling i Malm\u00f6 \u00c4r du\u00a0inte n\u00f6jd med ditt\u00a0leende?\u00a0Inte intresserad av fast tandst\u00e4llning?\u00a0\u00d6nskar du\u00a0en snabb och tillf\u00f6rlitlig behandling? D\u00e5 <a href=\"https:\/\/tandcity.se\/sv\/inman-aligner\/\" class=\"more-link\">\u2026 <span class=\"screen-reader-text\">  Inman Aligner<\/span><\/a>","protected":false},"author":24,"featured_media":0,"parent":0,"menu_order":0,"comment_status":"closed","ping_status":"closed","template":"","meta":{"footnotes":""},"class_list":["post-73","page","type-page","status-publish"],"yoast_head":"<!-- This site is optimized with the Yoast SEO plugin v25.5 - https:\/\/yoast.com\/wordpress\/plugins\/seo\/ -->\n<title>Inman Aligner - tandreglering Malm\u00f6 f\u00f6r raka t\u00e4nder | TandCity<\/title>\n<meta name=\"description\" content=\"F\u00e5 raka t\u00e4nder med Inman Aligner tandst\u00e4llning - ett utm\u00e4rkt val f\u00f6r tr\u00e5nga eller utst\u00e5ende t\u00e4nder. Bra pris. Boka r\u00e5dgivning idag hos TandCity i Malm\u00f6.\" \/>\n<meta name=\"robots\" content=\"index, follow, max-snippet:-1, max-image-preview:large, max-video-preview:-1\" \/>\n<link rel=\"canonical\" href=\"http:\/\/tandcity.se\/sv\/inman-aligner-malmo\/\" \/>\n<meta name=\"twitter:label1\" content=\"Ber\u00e4knad l\u00e4stid\" \/>\n\t<meta name=\"twitter:data1\" content=\"3 minuter\" \/>\n<!-- \/ Yoast SEO plugin. -->","yoast_head_json":{"title":"Inman Aligner - tandreglering Malm\u00f6 f\u00f6r raka t\u00e4nder | TandCity","description":"F\u00e5 raka t\u00e4nder med Inman Aligner tandst\u00e4llning - ett utm\u00e4rkt val f\u00f6r tr\u00e5nga eller utst\u00e5ende t\u00e4nder. Bra pris. Boka r\u00e5dgivning idag hos TandCity i Malm\u00f6.","robots":{"index":"index","follow":"follow","max-snippet":"max-snippet:-1","max-image-preview":"max-image-preview:large","max-video-preview":"max-video-preview:-1"},"canonical":"http:\/\/tandcity.se\/sv\/inman-aligner-malmo\/","twitter_misc":{"Ber\u00e4knad l\u00e4stid":"3 minuter"},"schema":{"@context":"https:\/\/schema.org","@graph":[{"@type":"WebPage","@id":"https:\/\/tandcity.se\/en\/inman-aligner\/","url":"http:\/\/tandcity.se\/sv\/inman-aligner-malmo\/","name":"Inman Aligner - tandreglering Malm\u00f6 f\u00f6r raka t\u00e4nder | TandCity","isPartOf":{"@id":"https:\/\/tandcity.se\/sv\/#website"},"datePublished":"2016-10-19T09:46:30+00:00","dateModified":"2023-10-17T13:43:12+00:00","description":"F\u00e5 raka t\u00e4nder med Inman Aligner tandst\u00e4llning - ett utm\u00e4rkt val f\u00f6r tr\u00e5nga eller utst\u00e5ende t\u00e4nder. Bra pris. Boka r\u00e5dgivning idag hos TandCity i Malm\u00f6.","breadcrumb":{"@id":"http:\/\/tandcity.se\/sv\/inman-aligner-malmo\/#breadcrumb"},"inLanguage":"sv-SE","potentialAction":[{"@type":"ReadAction","target":["http:\/\/tandcity.se\/sv\/inman-aligner-malmo\/"]}]},{"@type":"BreadcrumbList","@id":"http:\/\/tandcity.se\/sv\/inman-aligner-malmo\/#breadcrumb","itemListElement":[{"@type":"ListItem","position":1,"name":"Hjem","item":"https:\/\/tandcity.se\/en\/"},{"@type":"ListItem","position":2,"name":"Inman Aligner"}]},{"@type":"WebSite","@id":"https:\/\/tandcity.se\/sv\/#website","url":"https:\/\/tandcity.se\/sv\/","name":"TandCity Malm\u00f6","description":"","potentialAction":[{"@type":"SearchAction","target":{"@type":"EntryPoint","urlTemplate":"https:\/\/tandcity.se\/sv\/?s={search_term_string}"},"query-input":{"@type":"PropertyValueSpecification","valueRequired":true,"valueName":"search_term_string"}}],"inLanguage":"sv-SE"}]}},"_links":{"self":[{"href":"https:\/\/tandcity.se\/sv\/wp-json\/wp\/v2\/pages\/73","targetHints":{"allow":["GET"]}}],"collection":[{"href":"https:\/\/tandcity.se\/sv\/wp-json\/wp\/v2\/pages"}],"about":[{"href":"https:\/\/tandcity.se\/sv\/wp-json\/wp\/v2\/types\/page"}],"author":[{"embeddable":true,"href":"https:\/\/tandcity.se\/sv\/wp-json\/wp\/v2\/users\/24"}],"replies":[{"embeddable":true,"href":"https:\/\/tandcity.se\/sv\/wp-json\/wp\/v2\/comments?post=73"}],"version-history":[{"count":2,"href":"https:\/\/tandcity.se\/sv\/wp-json\/wp\/v2\/pages\/73\/revisions"}],"predecessor-version":[{"id":4121,"href":"https:\/\/tandcity.se\/sv\/wp-json\/wp\/v2\/pages\/73\/revisions\/4121"}],"wp:attachment":[{"href":"https:\/\/tandcity.se\/sv\/wp-json\/wp\/v2\/media?parent=73"}],"curies":[{"name":"wp","href":"https:\/\/api.w.org\/{rel}","templated":true}]}}