{"id":71,"date":"2016-10-19T11:45:24","date_gmt":"2016-10-19T09:45:24","guid":{"rendered":"https:\/\/tandcity2.wpengine.com\/?page_id=71"},"modified":"2025-01-29T14:41:18","modified_gmt":"2025-01-29T13:41:18","slug":"tandkottsinflammation-behandling","status":"publish","type":"page","link":"https:\/\/tandcity.se\/sv\/tandkottsinflammation-behandling\/","title":{"rendered":"Tandk\u00f6ttsinflammation"},"content":{"rendered":"<div class=\"wpb-content-wrapper\"><div data-vc-full-width=\"true\" data-vc-full-width-init=\"false\" data-vc-stretch-content=\"true\" class=\"vc_row wpb_row vc_row-fluid fullwidth coverimage vc_custom_1494504984509 vc_row-has-fill\"><div class=\"wpb_column vc_column_container vc_col-sm-12\"><div class=\"vc_column-inner\"><div class=\"wpb_wrapper\"><\/div><\/div><\/div><\/div><div class=\"vc_row-full-width vc_clearfix\"><\/div><div class=\"vc_row wpb_row vc_row-fluid\"><div class=\"wpb_column vc_column_container vc_col-sm-12\"><div class=\"vc_column-inner\"><div class=\"wpb_wrapper\">\n\t<div class=\"wpb_text_column wpb_content_element  introtext\" >\n\t\t<div class=\"wpb_wrapper\">\n\t\t\t<h1>Vi har l\u00e5ng erfarenhet av att behandla tandk\u00f6ttsinflammation och tandlossning<\/h1>\n<p><em>Att borsta t\u00e4nderna med tandkr\u00e4m och att reng\u00f6ra mellan t\u00e4nderna med tandtr\u00e5d minst tv\u00e5 g\u00e5nger per dag h\u00f6r till god munhygien.\u00a0Tyv\u00e4rr r\u00e4cker inte alltid dessa \u00e5tg\u00e4rder eller reng\u00f6ringen \u00e4r bristf\u00e4llig.\u00a0D\u00e4rmed \u00f6kar risken f\u00f6r att drabbas av tandk\u00f6ttsinflammation.<\/em><\/p>\n\n\t\t<\/div>\n\t<\/div>\n<\/div><\/div><\/div><\/div><div class=\"vc_row wpb_row vc_row-fluid\"><div class=\"wpb_column vc_column_container vc_col-sm-6\"><div class=\"vc_column-inner\"><div class=\"wpb_wrapper\">\n\t<div class=\"wpb_text_column wpb_content_element \" >\n\t\t<div class=\"wpb_wrapper\">\n\t\t\t<h2>Orsaker och f\u00f6rebyggande av tandk\u00f6ttsinflammation<\/h2>\n<p>P\u00e5 TandCity i Malm\u00f6\u00a0kan\u00a0du f\u00e5 en noggrann och professionell reng\u00f6ring efter\u00a0dina individuella behov. F\u00f6r vissa finns en st\u00f6rre risk att drabbas av munsjukdomar, t ex f\u00f6r diabetiker och r\u00f6kare.<\/p>\n<p>D\u00e4rf\u00f6r \u00e4r vi noga med att ge varje patient en helt individuellt anpassad behandling av tandk\u00f6ttsinflammation eller andra problemomr\u00e5den. Det kan ibland beh\u00f6vas m\u00e5nga behandlingar. N\u00e4r s\u00e5 kr\u00e4vs eller patienten speciellt \u00f6nskar det, genomf\u00f6r vi behandlingar med narkos.<\/p>\n<p><strong>En regelbunden professionell tandhygienistbehandling best\u00e5r av:<\/strong><\/p>\n<ul>\n<li>En klinisk kontroll och information, inkl en kort tandk\u00f6ttsinflammationskontroll.<\/li>\n<li>Estetisk reng\u00f6ring<\/li>\n<li>Djupreng\u00f6ring\u00a0om n\u00f6dv\u00e4ndigt<\/li>\n<li>Polering<\/li>\n<li><a href=\"http:\/\/tandcity.se\/sv\/tandkottsinflammation-behandling\/\">Munhygien<\/a>\u00a0&#8211; Instruktioner och r\u00e5dgivning f\u00f6r en korrekt tandv\u00e5rd<\/li>\n<li>Rekommendation av s\u00e4rskilda produkter, om detta kr\u00e4vs<\/li>\n<\/ul>\n\n\t\t<\/div>\n\t<\/div>\n<\/div><\/div><\/div><div class=\"wpb_column vc_column_container vc_col-sm-6\"><div class=\"vc_column-inner\"><div class=\"wpb_wrapper\">\n\t<div  class=\"wpb_single_image wpb_content_element vc_align_center  wpb_animate_when_almost_visible wpb_bottom-to-top bottom-to-top\">\n\t\t\n\t\t<figure class=\"wpb_wrapper vc_figure\">\n\t\t\t<div class=\"vc_single_image-wrapper   vc_box_border_grey\"><img loading=\"lazy\" decoding=\"async\" width=\"648\" height=\"571\" src=\"https:\/\/tandcity.se\/wp-content\/uploads\/2016\/10\/tandkottsinflammation.jpg\" class=\"vc_single_image-img attachment-full\" alt=\"Metod f\u00f6r att behandla tandk\u00f6ttsinflammation steg f\u00f6r steg\" title=\"tandkottsinflammation\" srcset=\"https:\/\/tandcity.se\/wp-content\/uploads\/2016\/10\/tandkottsinflammation.jpg 648w, https:\/\/tandcity.se\/wp-content\/uploads\/2016\/10\/tandkottsinflammation-300x264.jpg 300w\" sizes=\"auto, (max-width: 648px) 100vw, 648px\" \/><\/div>\n\t\t<\/figure>\n\t<\/div>\n<\/div><\/div><\/div><\/div><div class=\"vc_row wpb_row vc_row-fluid\"><div class=\"wpb_column vc_column_container vc_col-sm-12\"><div class=\"vc_column-inner\"><div class=\"wpb_wrapper\">\n\t<div class=\"wpb_text_column wpb_content_element \" >\n\t\t<div class=\"wpb_wrapper\">\n\t\t\t<h2>Vad \u00e4r egentligen Parodontit?<\/h2>\n<p>Den f\u00f6rsta fasen av Parodontit ben\u00e4mns ofta Gingivitis, vilket \u00e4r en tandk\u00f6ttsinflammation orsakad av bakterier i tandk\u00f6ttskanten. K\u00e4nnetecknande f\u00f6r inflammationen \u00e4r att tandk\u00f6ttet bl\u00f6der, n\u00e4r man borstar t\u00e4nderna eller anv\u00e4nder tandtr\u00e5d.<\/p>\n<p>Om inflammationen sprider sig djupare ner i v\u00e4vnaderna kan tandbenet ocks\u00e5 angripas och ge upphov till tandlossning. Om inte behandling s\u00e4tts in kan t\u00e4nderna f\u00f6rloras helt. Tandk\u00f6ttsinflammation uppst\u00e5r f\u00f6r det mesta pga en bristande munhygien, men den kan \u00e4ven bero p\u00e5 andra faktorer s\u00e5som t ex r\u00f6kning, arv, speciella bakterier och diabetes.<\/p>\n<p>Om man vill f\u00f6rebygga eller f\u00f6rhindra risken f\u00f6r Parodontit, ska man sk\u00f6ta sin munhygien med den dagliga tandv\u00e5rden, regelbundna tandhygienbes\u00f6k och g\u00e4rna sluta med r\u00f6kning. Behandling av tandk\u00f6ttsinflammation inbegriper s\u00e4llan antibiotika.<\/p>\n<p>Med en <a href=\"http:\/\/tandcity.se\/sv\/tandrengoring-malmo\/\">professionell tandreng\u00f6ring<\/a>\u00a0sparar du b\u00e5de tid och pengar och f\u00e5r dessutom ett vackert leende.<\/p>\n\n\t\t<\/div>\n\t<\/div>\n<\/div><\/div><\/div><\/div><div class=\"vc_row wpb_row vc_row-fluid\"><div class=\"wpb_column vc_column_container vc_col-sm-12\"><div class=\"vc_column-inner\"><div class=\"wpb_wrapper\">\n\t<div class=\"wpb_text_column wpb_content_element \" >\n\t\t<div class=\"wpb_wrapper\">\n\t\t\t<table class=\"table-style1\">\n<tbody>\n<tr>\n<th>Tandk\u00f6ttsinflammation \/ Tandlossning<\/th>\n<th>Pris<\/th>\n<\/tr>\n<tr>\n<td>Behandling av tandlossningssjukdom (parodontit) eller periimplantit,\u00a0mindre omfattning<\/td>\n<td>640<\/td>\n<\/tr>\n<tr>\n<td>Behandling av tandlossningssjukdom (parodontit) eller periimplantit,\u00a0st\u00f6rre omfattning<\/td>\n<td>1245<\/td>\n<\/tr>\n<tr>\n<td>Behandling av tandlossningssjukdom (parodontit) eller periimplantit,\u00a0s\u00e4rskilt tidskr\u00e4vande behandling<\/td>\n<td>1875<\/td>\n<\/tr>\n<\/tbody>\n<\/table>\n\n\t\t<\/div>\n\t<\/div>\n<\/div><\/div><\/div><\/div><div data-vc-full-width=\"true\" data-vc-full-width-init=\"false\" class=\"vc_row wpb_row vc_row-fluid fullwidth booking_section_responsive vc_custom_1529581403422 vc_row-has-fill vc_row-o-equal-height vc_row-flex\"><div class=\"wpb_column vc_column_container vc_col-sm-12\"><div class=\"vc_column-inner\"><div class=\"wpb_wrapper\">\n\t<div class=\"wpb_text_column wpb_content_element \" >\n\t\t<div class=\"wpb_wrapper\">\n\t\t\t<h2><span style=\"color: #ffffff;\">TandCity \u2013 akut tandv\u00e5rd i Malm\u00f6<\/span><\/h2>\n<p class=\"subtext_online\">\u00c4r du i behov av en akuttid eller vill du av n\u00e5gon annan anledning f\u00e5 en tid snabbt?<\/p>\n<p>&nbsp;<\/p>\n<h4><span style=\"color: #ffffff;\">Bara lugn, vi hj\u00e4lper dig. Vi f\u00f6rst\u00e5r att vissa saker inte kan v\u00e4nta och ser till att du f\u00e5r en tid s\u00e5 fort som m\u00f6jligt. H\u00f6r av dig till oss p\u00e5 telefonnummer 040 23 66 00 eller boka din tid online. Varmt v\u00e4lkommen!<\/span><\/h4>\n\n\t\t<\/div>\n\t<\/div>\n<div class=\"vc_btn3-container  tandcitygreen vc_btn3-inline vc_custom_1585900721748\" ><a class=\"vc_general vc_btn3 vc_btn3-size-lg vc_btn3-shape-rounded vc_btn3-style-modern vc_btn3-color-green\" href=\"http:\/\/tandcity.se\/sv\/boka-tid-online\/\" title=\"Best\u00e4ll tid online\" target=\"_blank\" onclick=\"ga(&#039;send&#039;, &#039;event&#039;, &#039;button&#039;, &#039;click&#039;, &#039;bottom-banner-sv&#039;);\">Best\u00e4ll tid online<\/a><\/div><\/div><\/div><\/div><\/div><div class=\"vc_row-full-width vc_clearfix\"><\/div>\n<\/div>","protected":false},"excerpt":{"rendered":"Vi har l\u00e5ng erfarenhet av att behandla tandk\u00f6ttsinflammation och tandlossning Att borsta t\u00e4nderna med tandkr\u00e4m och att reng\u00f6ra mellan t\u00e4nderna <a href=\"https:\/\/tandcity.se\/sv\/tandkottsinflammation-behandling\/\" class=\"more-link\">\u2026 <span class=\"screen-reader-text\">  Tandk\u00f6ttsinflammation<\/span><\/a>","protected":false},"author":24,"featured_media":0,"parent":0,"menu_order":0,"comment_status":"closed","ping_status":"closed","template":"","meta":{"footnotes":""},"class_list":["post-71","page","type-page","status-publish"],"yoast_head":"<!-- This site is optimized with the Yoast SEO plugin v25.5 - https:\/\/yoast.com\/wordpress\/plugins\/seo\/ -->\n<title>Ginginvis tandk\u00f6ttsinflammation - Behandling - TandCity<\/title>\n<meta name=\"description\" content=\"F\u00e5 professionell behandling av gingivit, tandk\u00f6ttsinflammation - inflammation i mjukv\u00e4vnaden runt t\u00e4nderna. Best\u00e4ll tid eller kontakta oss idag!\" \/>\n<meta name=\"robots\" content=\"index, follow, max-snippet:-1, max-image-preview:large, max-video-preview:-1\" \/>\n<link rel=\"canonical\" href=\"https:\/\/tandcity.se\/sv\/tandkottsinflammation-behandling\/\" \/>\n<meta name=\"twitter:label1\" content=\"Ber\u00e4knad l\u00e4stid\" \/>\n\t<meta name=\"twitter:data1\" content=\"3 minuter\" \/>\n<!-- \/ Yoast SEO plugin. -->","yoast_head_json":{"title":"Ginginvis tandk\u00f6ttsinflammation - Behandling - TandCity","description":"F\u00e5 professionell behandling av gingivit, tandk\u00f6ttsinflammation - inflammation i mjukv\u00e4vnaden runt t\u00e4nderna. Best\u00e4ll tid eller kontakta oss idag!","robots":{"index":"index","follow":"follow","max-snippet":"max-snippet:-1","max-image-preview":"max-image-preview:large","max-video-preview":"max-video-preview:-1"},"canonical":"https:\/\/tandcity.se\/sv\/tandkottsinflammation-behandling\/","twitter_misc":{"Ber\u00e4knad l\u00e4stid":"3 minuter"},"schema":{"@context":"https:\/\/schema.org","@graph":[{"@type":"WebPage","@id":"https:\/\/tandcity.se\/sv\/tandkottsinflammation-behandling\/","url":"https:\/\/tandcity.se\/sv\/tandkottsinflammation-behandling\/","name":"Ginginvis tandk\u00f6ttsinflammation - Behandling - TandCity","isPartOf":{"@id":"https:\/\/tandcity.se\/sv\/#website"},"datePublished":"2016-10-19T09:45:24+00:00","dateModified":"2025-01-29T13:41:18+00:00","description":"F\u00e5 professionell behandling av gingivit, tandk\u00f6ttsinflammation - inflammation i mjukv\u00e4vnaden runt t\u00e4nderna. Best\u00e4ll tid eller kontakta oss idag!","breadcrumb":{"@id":"https:\/\/tandcity.se\/sv\/tandkottsinflammation-behandling\/#breadcrumb"},"inLanguage":"sv-SE","potentialAction":[{"@type":"ReadAction","target":["https:\/\/tandcity.se\/sv\/tandkottsinflammation-behandling\/"]}]},{"@type":"BreadcrumbList","@id":"https:\/\/tandcity.se\/sv\/tandkottsinflammation-behandling\/#breadcrumb","itemListElement":[{"@type":"ListItem","position":1,"name":"Hjem","item":"https:\/\/tandcity.se\/en\/"},{"@type":"ListItem","position":2,"name":"Tandk\u00f6ttsinflammation"}]},{"@type":"WebSite","@id":"https:\/\/tandcity.se\/sv\/#website","url":"https:\/\/tandcity.se\/sv\/","name":"TandCity Malm\u00f6","description":"","potentialAction":[{"@type":"SearchAction","target":{"@type":"EntryPoint","urlTemplate":"https:\/\/tandcity.se\/sv\/?s={search_term_string}"},"query-input":{"@type":"PropertyValueSpecification","valueRequired":true,"valueName":"search_term_string"}}],"inLanguage":"sv-SE"}]}},"_links":{"self":[{"href":"https:\/\/tandcity.se\/sv\/wp-json\/wp\/v2\/pages\/71","targetHints":{"allow":["GET"]}}],"collection":[{"href":"https:\/\/tandcity.se\/sv\/wp-json\/wp\/v2\/pages"}],"about":[{"href":"https:\/\/tandcity.se\/sv\/wp-json\/wp\/v2\/types\/page"}],"author":[{"embeddable":true,"href":"https:\/\/tandcity.se\/sv\/wp-json\/wp\/v2\/users\/24"}],"replies":[{"embeddable":true,"href":"https:\/\/tandcity.se\/sv\/wp-json\/wp\/v2\/comments?post=71"}],"version-history":[{"count":9,"href":"https:\/\/tandcity.se\/sv\/wp-json\/wp\/v2\/pages\/71\/revisions"}],"predecessor-version":[{"id":4431,"href":"https:\/\/tandcity.se\/sv\/wp-json\/wp\/v2\/pages\/71\/revisions\/4431"}],"wp:attachment":[{"href":"https:\/\/tandcity.se\/sv\/wp-json\/wp\/v2\/media?parent=71"}],"curies":[{"name":"wp","href":"https:\/\/api.w.org\/{rel}","templated":true}]}}