{"id":68,"date":"2016-10-19T11:42:45","date_gmt":"2016-10-19T09:42:45","guid":{"rendered":"https:\/\/tandcity2.wpengine.com\/?page_id=68"},"modified":"2025-01-29T14:38:19","modified_gmt":"2025-01-29T13:38:19","slug":"keramiska-tandkronor","status":"publish","type":"page","link":"https:\/\/tandcity.se\/sv\/keramiska-tandkronor\/","title":{"rendered":"keramiska tandkronor"},"content":{"rendered":"<div class=\"wpb-content-wrapper\"><div data-vc-full-width=\"true\" data-vc-full-width-init=\"false\" data-vc-stretch-content=\"true\" class=\"vc_row wpb_row vc_row-fluid fullwidth coverimage vc_custom_1494504868488 vc_row-has-fill\"><div class=\"wpb_column vc_column_container vc_col-sm-12\"><div class=\"vc_column-inner\"><div class=\"wpb_wrapper\"><\/div><\/div><\/div><\/div><div class=\"vc_row-full-width vc_clearfix\"><\/div><div class=\"vc_row wpb_row vc_row-fluid\"><div class=\"wpb_column vc_column_container vc_col-sm-12\"><div class=\"vc_column-inner\"><div class=\"wpb_wrapper\">\n\t<div class=\"wpb_text_column wpb_content_element  introtext\" >\n\t\t<div class=\"wpb_wrapper\">\n\t\t\t<h1>Trasig tandkrona? F\u00e5 hj\u00e4lp av v\u00e5ra duktiga tandl\u00e4kare i Malm\u00f6 med keramiska tandkronor<\/h1>\n<p><em>Helkeramiska tandkronor och tandbroar fungerar som riktiga t\u00e4nder.\u2028 Ibland kan en tandkrona ha f\u00f6rst\u00f6rts, f\u00f6rsvagats eller blivit missf\u00e4rgad pga\u00a0karies, frakturer\u00a0eller st\u00f6rre gamla fyllningar. F\u00f6r att f\u00f6rl\u00e4nga tandens liv eller f\u00f6rb\u00e4ttra utseendet, rekommenderar vi att tanden f\u00f6rses med en helkeramisk krona.<\/em><\/p>\n\n\t\t<\/div>\n\t<\/div>\n<\/div><\/div><\/div><\/div><div class=\"vc_row wpb_row vc_row-fluid\"><div class=\"wpb_column vc_column_container vc_col-sm-6\"><div class=\"vc_column-inner\"><div class=\"wpb_wrapper\">\n\t<div class=\"wpb_text_column wpb_content_element \" >\n\t\t<div class=\"wpb_wrapper\">\n\t\t\t<h2>Vi anv\u00e4nder endast godk\u00e4nda material f\u00f6r v\u00e5ra tandkronor<\/h2>\n\n\t\t<\/div>\n\t<\/div>\n\n\t<div class=\"wpb_text_column wpb_content_element \" >\n\t\t<div class=\"wpb_wrapper\">\n\t\t\t<p>En konstgjord\u00a0tandkrona\u00a0\u00e4r en permanent \u00f6vert\u00e4ckning av hela den gamla kronan, inklusive kanter och ev skador. Kronkanten kommer att vara under tandk\u00f6ttet och den konstgjorda kronan f\u00e4sts noggrant med en typ av tandcement.<\/p>\n<p>Genom att anv\u00e4nda helkeramiska tandkronor, f\u00e5s optimal estetik d\u00e4r tandk\u00f6ttet ser b\u00e4st ut.\u00a0F\u00f6rr anv\u00e4ndes metallkronor med keramikinl\u00e4gg. P\u00e5 dessa syntes ofta en metallisk linje vid tandk\u00f6ttet eller kunde framtr\u00e4da d\u00e5 tandk\u00f6ttet drog sig tillbaka. Med helkeramiska kronor ser tanden helt frisk ut. D\u00e4rf\u00f6r f\u00f6redrar vi som professionell <a href=\"http:\/\/tandcity.se\/sv\/akut-tandvard-malmo\/\">akuttandl\u00e4kare i Malm\u00f6<\/a> denna typ av kronor.<\/p>\n\n\t\t<\/div>\n\t<\/div>\n<\/div><\/div><\/div><div class=\"wpb_column vc_column_container vc_col-sm-6\"><div class=\"vc_column-inner\"><div class=\"wpb_wrapper\">\n\t<div  class=\"wpb_single_image wpb_content_element vc_align_center  wpb_animate_when_almost_visible wpb_bottom-to-top bottom-to-top\">\n\t\t\n\t\t<figure class=\"wpb_wrapper vc_figure\">\n\t\t\t<div class=\"vc_single_image-wrapper   vc_box_border_grey\"><img loading=\"lazy\" decoding=\"async\" width=\"500\" height=\"400\" src=\"https:\/\/tandcity.se\/wp-content\/uploads\/2016\/10\/tandkrona.jpg\" class=\"vc_single_image-img attachment-full\" alt=\"F\u00e5 hj\u00e4lp med keramiska tandkronor i Malm\u00f6 -TandCity\" title=\"tandkrona\" srcset=\"https:\/\/tandcity.se\/wp-content\/uploads\/2016\/10\/tandkrona.jpg 500w, https:\/\/tandcity.se\/wp-content\/uploads\/2016\/10\/tandkrona-300x240.jpg 300w\" sizes=\"auto, (max-width: 500px) 100vw, 500px\" \/><\/div>\n\t\t<\/figure>\n\t<\/div>\n<\/div><\/div><\/div><\/div><div class=\"vc_row wpb_row vc_row-fluid\"><div class=\"wpb_column vc_column_container vc_col-sm-12\"><div class=\"vc_column-inner\"><div class=\"wpb_wrapper\">\n\t<div class=\"wpb_text_column wpb_content_element \" >\n\t\t<div class=\"wpb_wrapper\">\n\t\t\t<h2>Tandkrona utan risk f\u00f6r \u201dchip-off\u201d-skador<\/h2>\n<p>Alla v\u00e5ra helkeramiska produkter har tillverkats i ett stycke keramik.\u00a0Detta \u00e4r viktigt att veta eftersom det finns metoder d\u00e4r produkter med en h\u00e5rd keramisk k\u00e4rna och en mjukare keramisk bel\u00e4ggning anv\u00e4nds. Med dessa produkter kan skador, typ \u201dchip-off\u201d uppst\u00e5 som \u00e4r sv\u00e5ra att reparera utan att helt ers\u00e4tta kronan med en ny.\u00a0P\u00e5 TandCity anv\u00e4nder vi inte dessa metoder.\u00a0Vi anv\u00e4nder Bruxir f\u00f6r kindt\u00e4nder och Empress f\u00f6r framt\u00e4nder. B\u00e5da produkterna \u00e4r tillverkade i ett stycke, utan risk f\u00f6r \u201dchip-off\u201d skador.<\/p>\n\n\t\t<\/div>\n\t<\/div>\n<\/div><\/div><\/div><\/div><div class=\"vc_row wpb_row vc_row-fluid\"><div class=\"wpb_column vc_column_container vc_col-sm-6\"><div class=\"vc_column-inner\"><div class=\"wpb_wrapper\">\n\t<div  class=\"wpb_single_image wpb_content_element vc_align_center  wpb_animate_when_almost_visible wpb_bottom-to-top bottom-to-top\">\n\t\t\n\t\t<figure class=\"wpb_wrapper vc_figure\">\n\t\t\t<div class=\"vc_single_image-wrapper   vc_box_border_grey\"><img loading=\"lazy\" decoding=\"async\" width=\"500\" height=\"400\" src=\"https:\/\/tandcity.se\/wp-content\/uploads\/2016\/10\/keramisk-tandkrona.jpg\" class=\"vc_single_image-img attachment-full\" alt=\"Professionell tandl\u00e4kare i Malm\u00f6 f\u00f6r keramiska tandkronor - TandCity\" title=\"keramisk tandkrona\" srcset=\"https:\/\/tandcity.se\/wp-content\/uploads\/2016\/10\/keramisk-tandkrona.jpg 500w, https:\/\/tandcity.se\/wp-content\/uploads\/2016\/10\/keramisk-tandkrona-300x240.jpg 300w\" sizes=\"auto, (max-width: 500px) 100vw, 500px\" \/><\/div>\n\t\t<\/figure>\n\t<\/div>\n<\/div><\/div><\/div><div class=\"wpb_column vc_column_container vc_col-sm-6\"><div class=\"vc_column-inner\"><div class=\"wpb_wrapper\">\n\t<div class=\"wpb_text_column wpb_content_element \" >\n\t\t<div class=\"wpb_wrapper\">\n\t\t\t<p>Om\u00a0du har f\u00f6rlorat en eller flera t\u00e4nder och implantat inte k\u00e4nns som ett bra alternativ, kan vi erbjuda en l\u00f6sning med hj\u00e4lp av<strong>\u00a0<\/strong>tandbroar.\u00a0Vi ers\u00e4tter d\u00e5 de t\u00e4nder som saknas med kronor uppsatta p\u00e5 en bro.\u00a0De nya kronorna f\u00e4sts p\u00e5 de friska t\u00e4nderna vid sidan av tomrummet f\u00f6r de t\u00e4nder som saknas.\u00a0P\u00e5 s\u00e5 s\u00e4tt skapas en stark brokonstruktion.<\/p>\n<p>Dags att <a href=\"http:\/\/tandcity.se\/sv\/\">boka tid f\u00f6r tandv\u00e5rd i Malm\u00f6<\/a>? Vi p\u00e5 TandCity erbjuder personlig service och anv\u00e4nder \u00e4ven helkeramiska tandkronor och tandbroar f\u00f6r\u00a0<a href=\"http:\/\/tandcity.se\/sv\/tandimplantat-malmo\/\" target=\"_blank\" rel=\"noopener noreferrer\">tandimplantat<\/a>. Dessa f\u00e4sts permanent med skruvar p\u00e5 implantaten. Kontakta oss g\u00e4rna f\u00f6r mer information om pris f\u00f6r tandkrona eller andra behandlingar.<\/p>\n\n\t\t<\/div>\n\t<\/div>\n<\/div><\/div><\/div><\/div><div class=\"vc_row wpb_row vc_row-fluid\"><div class=\"wpb_column vc_column_container vc_col-sm-12\"><div class=\"vc_column-inner\"><div class=\"wpb_wrapper\">\n\t<div class=\"wpb_text_column wpb_content_element \" >\n\t\t<div class=\"wpb_wrapper\">\n\t\t\t<table class=\"table-style1\">\n<tbody>\n<tr>\n<th>Protetik\u00a0\/ Krona\u00a0\/\u00a0Bro<\/th>\n<th>Pris<\/th>\n<\/tr>\n<tr>\n<td>Permanent tandst\u00f6dd krona, helkeramisk, en per k\u00e4ke<\/td>\n<td>6760<\/td>\n<\/tr>\n<tr>\n<td>Permanent tandst\u00f6dd krona, helkeramisk, flera i samma k\u00e4ke<\/td>\n<td>5290<\/td>\n<\/tr>\n<tr>\n<td>H\u00e4ngande led vid tandst\u00f6dd protetik, helkeramisk, per led<\/td>\n<td>2675<\/td>\n<\/tr>\n<tr>\n<td>Partiell protes f\u00f6r tempor\u00e4rt bruk, en till tre t\u00e4nder<\/td>\n<td>4590<\/td>\n<\/tr>\n<tr>\n<td>Partiell protes f\u00f6r tempor\u00e4rt bruk, fyra eller fler t\u00e4nder<\/td>\n<td>6360<\/td>\n<\/tr>\n<tr>\n<td>Partiell protes med gjutet skelett, klammerf\u00f6rankrad<\/td>\n<td>12470<\/td>\n<\/tr>\n<tr>\n<td>Komplicerad partiell protes med st\u00f6d av urtagskrona, innerkrona eller\u00a0attachments<\/td>\n<td>14225<\/td>\n<\/tr>\n<tr>\n<td>Hel underk\u00e4ksprotes<\/td>\n<td>11295<\/td>\n<\/tr>\n<tr>\n<td>Hel \u00f6verk\u00e4ksprotes<\/td>\n<td>11295<\/td>\n<\/tr>\n<tr>\n<td>Immediatprotes, hel k\u00e4ke<\/td>\n<td>8660<\/td>\n<\/tr>\n<tr>\n<td>Justering av avtagbar protes<\/td>\n<td>475<\/td>\n<\/tr>\n<tr>\n<td>Lagning av protes eller tills\u00e4ttning av protestand<\/td>\n<td>1655<\/td>\n<\/tr>\n<tr>\n<td>Rebasering av protes<\/td>\n<td>3075<\/td>\n<\/tr>\n<tr>\n<td>Lagning av protes d\u00e4r avtryck kr\u00e4vs<\/td>\n<td>2481<\/td>\n<\/tr>\n<tr>\n<td>Komplicerad lagning av protes<\/td>\n<td>4532<\/td>\n<\/tr>\n<\/tbody>\n<\/table>\n\n\t\t<\/div>\n\t<\/div>\n<\/div><\/div><\/div><\/div><div data-vc-full-width=\"true\" data-vc-full-width-init=\"false\" class=\"vc_row wpb_row vc_row-fluid fullwidth booking_section_responsive vc_custom_1529577181811 vc_row-has-fill vc_row-o-equal-height vc_row-flex\"><div class=\"wpb_column vc_column_container vc_col-sm-12\"><div class=\"vc_column-inner\"><div class=\"wpb_wrapper\">\n\t<div class=\"wpb_text_column wpb_content_element \" >\n\t\t<div class=\"wpb_wrapper\">\n\t\t\t<h3><span style=\"color: #ffffff;\">TandCity \u2013 akut tandv\u00e5rd i Malm\u00f6<\/span><\/h3>\n<p>&nbsp;<\/p>\n<p><span style=\"color: #ffffff;\">\u00c4r du i behov av en akuttid eller vill du av n\u00e5gon annan anledning f\u00e5 en tid snabbt?<br \/>\nBara lugn, vi hj\u00e4lper dig. Vi f\u00f6rst\u00e5r att vissa saker inte kan v\u00e4nta och ser till att du f\u00e5r en tid s\u00e5 fort som m\u00f6jligt. H\u00f6r av dig till oss p\u00e5 telefonnummer 040 23 66 00 eller boka din tid online. Varmt v\u00e4lkommen!<\/span><\/p>\n\n\t\t<\/div>\n\t<\/div>\n<div class=\"vc_btn3-container  tandcitygreen vc_btn3-inline vc_custom_1585898378547\" ><a class=\"vc_general vc_btn3 vc_btn3-size-lg vc_btn3-shape-rounded vc_btn3-style-modern vc_btn3-color-green\" href=\"http:\/\/tandcity.se\/sv\/boka-tid-online\/\" title=\"Best\u00e4ll tid online\" target=\"_blank\" onclick=\"ga(&#039;send&#039;, &#039;event&#039;, &#039;button&#039;, &#039;click&#039;, &#039;bottom-banner-sv&#039;);\">Best\u00e4ll tid online<\/a><\/div><\/div><\/div><\/div><\/div><div class=\"vc_row-full-width vc_clearfix\"><\/div>\n<\/div>","protected":false},"excerpt":{"rendered":"Trasig tandkrona? F\u00e5 hj\u00e4lp av v\u00e5ra duktiga tandl\u00e4kare i Malm\u00f6 med keramiska tandkronor Helkeramiska tandkronor och tandbroar fungerar som riktiga <a href=\"https:\/\/tandcity.se\/sv\/keramiska-tandkronor\/\" class=\"more-link\">\u2026 <span class=\"screen-reader-text\">  keramiska tandkronor<\/span><\/a>","protected":false},"author":24,"featured_media":0,"parent":0,"menu_order":0,"comment_status":"closed","ping_status":"closed","template":"","meta":{"footnotes":""},"class_list":["post-68","page","type-page","status-publish"],"yoast_head":"<!-- This site is optimized with the Yoast SEO plugin v25.5 - https:\/\/yoast.com\/wordpress\/plugins\/seo\/ -->\n<title>Keramiska kronor och broar- anlita professionella tandl\u00e4kare<\/title>\n<meta name=\"description\" content=\"F\u00e5 hj\u00e4lp med att fylla en tand med en tandkrona eller tandbrygga av v\u00e5ra duktiga tandl\u00e4kare i Malm\u00f6. Vi har \u00f6ppet alla dagar. Boka tid hos oss idag.\" \/>\n<meta name=\"robots\" content=\"index, follow, max-snippet:-1, max-image-preview:large, max-video-preview:-1\" \/>\n<link rel=\"canonical\" href=\"https:\/\/tandcity.se\/sv\/keramiska-tandkronor\/\" \/>\n<meta name=\"twitter:label1\" content=\"Ber\u00e4knad l\u00e4stid\" \/>\n\t<meta name=\"twitter:data1\" content=\"3 minuter\" \/>\n<!-- \/ Yoast SEO plugin. -->","yoast_head_json":{"title":"Keramiska kronor och broar- anlita professionella tandl\u00e4kare","description":"F\u00e5 hj\u00e4lp med att fylla en tand med en tandkrona eller tandbrygga av v\u00e5ra duktiga tandl\u00e4kare i Malm\u00f6. Vi har \u00f6ppet alla dagar. Boka tid hos oss idag.","robots":{"index":"index","follow":"follow","max-snippet":"max-snippet:-1","max-image-preview":"max-image-preview:large","max-video-preview":"max-video-preview:-1"},"canonical":"https:\/\/tandcity.se\/sv\/keramiska-tandkronor\/","twitter_misc":{"Ber\u00e4knad l\u00e4stid":"3 minuter"},"schema":{"@context":"https:\/\/schema.org","@graph":[{"@type":"WebPage","@id":"https:\/\/tandcity.se\/en\/dental-crown\/","url":"https:\/\/tandcity.se\/en\/dental-crown\/","name":"Keramiska kronor och broar- anlita professionella tandl\u00e4kare","isPartOf":{"@id":"https:\/\/tandcity.se\/sv\/#website"},"datePublished":"2016-10-19T09:42:45+00:00","dateModified":"2025-01-29T13:38:19+00:00","description":"F\u00e5 hj\u00e4lp med att fylla en tand med en tandkrona eller tandbrygga av v\u00e5ra duktiga tandl\u00e4kare i Malm\u00f6. Vi har \u00f6ppet alla dagar. Boka tid hos oss idag.","breadcrumb":{"@id":"https:\/\/tandcity.se\/en\/dental-crown\/#breadcrumb"},"inLanguage":"sv-SE","potentialAction":[{"@type":"ReadAction","target":["https:\/\/tandcity.se\/en\/dental-crown\/"]}]},{"@type":"BreadcrumbList","@id":"https:\/\/tandcity.se\/en\/dental-crown\/#breadcrumb","itemListElement":[{"@type":"ListItem","position":1,"name":"Hjem","item":"https:\/\/tandcity.se\/en\/"},{"@type":"ListItem","position":2,"name":"keramiska tandkronor"}]},{"@type":"WebSite","@id":"https:\/\/tandcity.se\/sv\/#website","url":"https:\/\/tandcity.se\/sv\/","name":"TandCity Malm\u00f6","description":"","potentialAction":[{"@type":"SearchAction","target":{"@type":"EntryPoint","urlTemplate":"https:\/\/tandcity.se\/sv\/?s={search_term_string}"},"query-input":{"@type":"PropertyValueSpecification","valueRequired":true,"valueName":"search_term_string"}}],"inLanguage":"sv-SE"}]}},"_links":{"self":[{"href":"https:\/\/tandcity.se\/sv\/wp-json\/wp\/v2\/pages\/68","targetHints":{"allow":["GET"]}}],"collection":[{"href":"https:\/\/tandcity.se\/sv\/wp-json\/wp\/v2\/pages"}],"about":[{"href":"https:\/\/tandcity.se\/sv\/wp-json\/wp\/v2\/types\/page"}],"author":[{"embeddable":true,"href":"https:\/\/tandcity.se\/sv\/wp-json\/wp\/v2\/users\/24"}],"replies":[{"embeddable":true,"href":"https:\/\/tandcity.se\/sv\/wp-json\/wp\/v2\/comments?post=68"}],"version-history":[{"count":10,"href":"https:\/\/tandcity.se\/sv\/wp-json\/wp\/v2\/pages\/68\/revisions"}],"predecessor-version":[{"id":4429,"href":"https:\/\/tandcity.se\/sv\/wp-json\/wp\/v2\/pages\/68\/revisions\/4429"}],"wp:attachment":[{"href":"https:\/\/tandcity.se\/sv\/wp-json\/wp\/v2\/media?parent=68"}],"curies":[{"name":"wp","href":"https:\/\/api.w.org\/{rel}","templated":true}]}}