{"id":67,"date":"2016-10-19T11:42:14","date_gmt":"2016-10-19T09:42:14","guid":{"rendered":"https:\/\/tandcity2.wpengine.com\/?page_id=67"},"modified":"2025-06-25T14:58:57","modified_gmt":"2025-06-25T12:58:57","slug":"tandrengoring-malmo","status":"publish","type":"page","link":"https:\/\/tandcity.se\/sv\/tandrengoring-malmo\/","title":{"rendered":"Professionell tandreng\u00f6ring"},"content":{"rendered":"<div class=\"wpb-content-wrapper\"><div data-vc-full-width=\"true\" data-vc-full-width-init=\"false\" data-vc-stretch-content=\"true\" class=\"vc_row wpb_row vc_row-fluid fullwidth coverimage vc_custom_1494504657916 vc_row-has-fill\"><div class=\"wpb_column vc_column_container vc_col-sm-12\"><div class=\"vc_column-inner\"><div class=\"wpb_wrapper\"><\/div><\/div><\/div><\/div><div class=\"vc_row-full-width vc_clearfix\"><\/div><div class=\"vc_row wpb_row vc_row-fluid\"><div class=\"wpb_column vc_column_container vc_col-sm-12\"><div class=\"vc_column-inner\"><div class=\"wpb_wrapper\">\n\t<div class=\"wpb_text_column wpb_content_element  introtext\" >\n\t\t<div class=\"wpb_wrapper\">\n\t\t\t<h1>Professionell tandreng\u00f6ring \u2013 f\u00f6r rena och friska t\u00e4nder<\/h1>\n<p><em>Att borsta t\u00e4nderna med tandkr\u00e4m och reng\u00f6ring med tandtr\u00e5d mellan t\u00e4nderna minst tv\u00e5 ggr per dag h\u00f6r till god munhygien. Om man f\u00e5r tandsten och om det uppkommer fl\u00e4ckar p\u00e5 tandytorna, b\u00f6r man se till att f\u00e5 en professionell reng\u00f6ring.\u00a0Vid regelbunden tandreng\u00f6ring minskar risken f\u00f6r munsjukdomar som Parodontit och Karies betydligt.<\/em><\/p>\n\n\t\t<\/div>\n\t<\/div>\n<\/div><\/div><\/div><\/div><div class=\"vc_row wpb_row vc_row-fluid\"><div class=\"wpb_column vc_column_container vc_col-sm-6\"><div class=\"vc_column-inner\"><div class=\"wpb_wrapper\">\n\t<div class=\"wpb_text_column wpb_content_element \" >\n\t\t<div class=\"wpb_wrapper\">\n\t\t\t<h2>F\u00e5 hj\u00e4lp med tandreng\u00f6ring<\/h2>\n<p>Hos <a href=\"http:\/\/tandcity.se\/sv\/\">TandCity i Malm\u00f6<\/a> f\u00e5r du en noggrann och professionell tandreng\u00f6ring hos en <a href=\"https:\/\/tandcity.se\/sv\/tandhygienist-malmo\/\">tandhygienist<\/a> efter ditt eget individuella behov. En del m\u00e4nniskor \u00e4r mer utsatta f\u00f6r risken att f\u00e5 munsjukdomar, t ex diabetiker och r\u00f6kare. Vi str\u00e4var alltid efter att ge varje patient just den behandlingen som beh\u00f6vs i dennes enskilda fall. I m\u00e5nga fall \u00e4r behandlingar att rekommendera. F\u00f6r den som s\u00e5 \u00f6nskar eller d\u00e4r det kr\u00e4vs genomf\u00f6r vi behandlingen med bed\u00f6vningsmedel.<\/p>\n<p><strong>En regelm\u00e4ssig professionell tandhygienistbehandling best\u00e5r av:<\/strong><\/p>\n<ul>\n<li>En <a href=\"http:\/\/tandcity.se\/sv\/behandla-tandkottsinflammation\/\">Parodontit<\/a> och klinisk kontroll samt information kring dessa<\/li>\n<li>Estetisk tandreng\u00f6ring<\/li>\n<li>Djupreng\u00f6ring om n\u00f6dv\u00e4ndigt<\/li>\n<li>Polering<\/li>\n<li><a href=\"http:\/\/tandcity.se\/sv\/om-munhygien-och-huur-du-forebygger-hal-i-tanderna\/\">Munhygien<\/a> samt instruktioner f\u00f6r en korrekt tandv\u00e5rd<\/li>\n<li>Rekommendation av s\u00e4rskilda produkter, om detta kr\u00e4vs<\/li>\n<\/ul>\n<p>Med en professionell tandreng\u00f6ring, sparar du b\u00e5de tid och pengar och f\u00e5r dessutom ett vackert leende.<\/p>\n\n\t\t<\/div>\n\t<\/div>\n<\/div><\/div><\/div><div class=\"wpb_column vc_column_container vc_col-sm-6\"><div class=\"vc_column-inner\"><div class=\"wpb_wrapper\">\n\t<div  class=\"wpb_single_image wpb_content_element vc_align_left\">\n\t\t\n\t\t<figure class=\"wpb_wrapper vc_figure\">\n\t\t\t<div class=\"vc_single_image-wrapper   vc_box_border_grey\"><img loading=\"lazy\" decoding=\"async\" width=\"438\" height=\"540\" src=\"https:\/\/tandcity.se\/wp-content\/uploads\/2016\/10\/boka-tandrengoring.jpg\" class=\"vc_single_image-img attachment-full\" alt=\"F\u00e5 hj\u00e4lp med tandreng\u00f6ring hos tandl\u00e4kare i Malm\u00f6 -TandCity\" title=\"Tandreng\u00f6ring priser\" srcset=\"https:\/\/tandcity.se\/wp-content\/uploads\/2016\/10\/boka-tandrengoring.jpg 438w, https:\/\/tandcity.se\/wp-content\/uploads\/2016\/10\/boka-tandrengoring-243x300.jpg 243w\" sizes=\"auto, (max-width: 438px) 100vw, 438px\" \/><\/div>\n\t\t<\/figure>\n\t<\/div>\n<\/div><\/div><\/div><\/div><div data-vc-full-width=\"true\" data-vc-full-width-init=\"false\" class=\"vc_row wpb_row vc_row-fluid fullwidth booking_section_responsive vc_custom_1529578281423 vc_row-has-fill vc_row-o-equal-height vc_row-flex\"><div class=\"wpb_column vc_column_container vc_col-sm-12\"><div class=\"vc_column-inner\"><div class=\"wpb_wrapper\">\n\t<div class=\"wpb_text_column wpb_content_element \" >\n\t\t<div class=\"wpb_wrapper\">\n\t\t\t<h2><span style=\"color: #ffffff;\">TandCity \u2013 akut tandv\u00e5rd i Malm\u00f6<\/span><\/h2>\n<p class=\"subtext_online\">\u00c4r du i behov av en akuttid eller vill du av n\u00e5gon annan anledning f\u00e5 en tid snabbt?<\/p>\n<p>&nbsp;<\/p>\n<h4><span style=\"color: #ffffff;\">Bara lugn, vi hj\u00e4lper dig. Vi f\u00f6rst\u00e5r att vissa saker inte kan v\u00e4nta och ser till att du f\u00e5r en tid s\u00e5 fort som m\u00f6jligt. H\u00f6r av dig till oss p\u00e5 telefonnummer 040 23 66 00 eller boka din tid online. Varmt v\u00e4lkommen!<\/span><\/h4>\n\n\t\t<\/div>\n\t<\/div>\n<div class=\"vc_btn3-container  tandcitygreen vc_btn3-inline vc_custom_1585899894169\" ><a class=\"vc_general vc_btn3 vc_btn3-size-lg vc_btn3-shape-rounded vc_btn3-style-modern vc_btn3-color-green\" href=\"http:\/\/tandcity.se\/sv\/boka-tid-online\/\" title=\"Best\u00e4ll tid online\" target=\"_blank\" onclick=\"ga(&#039;send&#039;, &#039;event&#039;, &#039;button&#039;, &#039;click&#039;, &#039;bottom-banner-sv&#039;);\">Best\u00e4ll tid online<\/a><\/div><\/div><\/div><\/div><\/div><div class=\"vc_row-full-width vc_clearfix\"><\/div>\n<\/div>","protected":false},"excerpt":{"rendered":"Professionell tandreng\u00f6ring \u2013 f\u00f6r rena och friska t\u00e4nder Att borsta t\u00e4nderna med tandkr\u00e4m och reng\u00f6ring med tandtr\u00e5d mellan t\u00e4nderna minst <a href=\"https:\/\/tandcity.se\/sv\/tandrengoring-malmo\/\" class=\"more-link\">\u2026 <span class=\"screen-reader-text\">  Professionell tandreng\u00f6ring<\/span><\/a>","protected":false},"author":24,"featured_media":0,"parent":0,"menu_order":0,"comment_status":"closed","ping_status":"closed","template":"","meta":{"footnotes":""},"class_list":["post-67","page","type-page","status-publish"],"yoast_head":"<!-- This site is optimized with the Yoast SEO plugin v25.5 - https:\/\/yoast.com\/wordpress\/plugins\/seo\/ -->\n<title>Professionell tandreng\u00f6ring i Malm\u00f6 - TandCity<\/title>\n<meta name=\"description\" content=\"Professionell tandreng\u00f6ring i Malm\u00f6 - F\u00e5 friska t\u00e4nder &amp; undvik tandbesv\u00e4r. Vi har \u00f6ppet alla dagar &amp; erbjuder akut tandv\u00e5rd. Boka tid hos oss idag.\" \/>\n<meta name=\"robots\" content=\"index, follow, max-snippet:-1, max-image-preview:large, max-video-preview:-1\" \/>\n<link rel=\"canonical\" href=\"https:\/\/tandcity.se\/sv\/tandrengoring-malmo\/\" \/>\n<meta name=\"twitter:label1\" content=\"Ber\u00e4knad l\u00e4stid\" \/>\n\t<meta name=\"twitter:data1\" content=\"2 minuter\" \/>\n<!-- \/ Yoast SEO plugin. -->","yoast_head_json":{"title":"Professionell tandreng\u00f6ring i Malm\u00f6 - TandCity","description":"Professionell tandreng\u00f6ring i Malm\u00f6 - F\u00e5 friska t\u00e4nder & undvik tandbesv\u00e4r. Vi har \u00f6ppet alla dagar & erbjuder akut tandv\u00e5rd. Boka tid hos oss idag.","robots":{"index":"index","follow":"follow","max-snippet":"max-snippet:-1","max-image-preview":"max-image-preview:large","max-video-preview":"max-video-preview:-1"},"canonical":"https:\/\/tandcity.se\/sv\/tandrengoring-malmo\/","twitter_misc":{"Ber\u00e4knad l\u00e4stid":"2 minuter"},"schema":{"@context":"https:\/\/schema.org","@graph":[{"@type":"WebPage","@id":"https:\/\/tandcity.se\/sv\/tandrengoring-malmo\/","url":"https:\/\/tandcity.se\/sv\/tandrengoring-malmo\/","name":"Professionell tandreng\u00f6ring i Malm\u00f6 - TandCity","isPartOf":{"@id":"https:\/\/tandcity.se\/sv\/#website"},"datePublished":"2016-10-19T09:42:14+00:00","dateModified":"2025-06-25T12:58:57+00:00","description":"Professionell tandreng\u00f6ring i Malm\u00f6 - F\u00e5 friska t\u00e4nder & undvik tandbesv\u00e4r. Vi har \u00f6ppet alla dagar & erbjuder akut tandv\u00e5rd. Boka tid hos oss idag.","breadcrumb":{"@id":"https:\/\/tandcity.se\/sv\/tandrengoring-malmo\/#breadcrumb"},"inLanguage":"sv-SE","potentialAction":[{"@type":"ReadAction","target":["https:\/\/tandcity.se\/sv\/tandrengoring-malmo\/"]}]},{"@type":"BreadcrumbList","@id":"https:\/\/tandcity.se\/sv\/tandrengoring-malmo\/#breadcrumb","itemListElement":[{"@type":"ListItem","position":1,"name":"Hjem","item":"https:\/\/tandcity.se\/en\/"},{"@type":"ListItem","position":2,"name":"Professionell tandreng\u00f6ring"}]},{"@type":"WebSite","@id":"https:\/\/tandcity.se\/sv\/#website","url":"https:\/\/tandcity.se\/sv\/","name":"TandCity Malm\u00f6","description":"","potentialAction":[{"@type":"SearchAction","target":{"@type":"EntryPoint","urlTemplate":"https:\/\/tandcity.se\/sv\/?s={search_term_string}"},"query-input":{"@type":"PropertyValueSpecification","valueRequired":true,"valueName":"search_term_string"}}],"inLanguage":"sv-SE"}]}},"_links":{"self":[{"href":"https:\/\/tandcity.se\/sv\/wp-json\/wp\/v2\/pages\/67","targetHints":{"allow":["GET"]}}],"collection":[{"href":"https:\/\/tandcity.se\/sv\/wp-json\/wp\/v2\/pages"}],"about":[{"href":"https:\/\/tandcity.se\/sv\/wp-json\/wp\/v2\/types\/page"}],"author":[{"embeddable":true,"href":"https:\/\/tandcity.se\/sv\/wp-json\/wp\/v2\/users\/24"}],"replies":[{"embeddable":true,"href":"https:\/\/tandcity.se\/sv\/wp-json\/wp\/v2\/comments?post=67"}],"version-history":[{"count":9,"href":"https:\/\/tandcity.se\/sv\/wp-json\/wp\/v2\/pages\/67\/revisions"}],"predecessor-version":[{"id":4465,"href":"https:\/\/tandcity.se\/sv\/wp-json\/wp\/v2\/pages\/67\/revisions\/4465"}],"wp:attachment":[{"href":"https:\/\/tandcity.se\/sv\/wp-json\/wp\/v2\/media?parent=67"}],"curies":[{"name":"wp","href":"https:\/\/api.w.org\/{rel}","templated":true}]}}