{"id":51,"date":"2016-10-18T14:05:29","date_gmt":"2016-10-18T12:05:29","guid":{"rendered":"https:\/\/tandcity2.wpengine.com\/?page_id=51"},"modified":"2023-11-10T10:34:51","modified_gmt":"2023-11-10T09:34:51","slug":"galleri","status":"publish","type":"page","link":"https:\/\/tandcity.se\/sv\/galleri\/","title":{"rendered":"Galleri"},"content":{"rendered":"<div class=\"wpb-content-wrapper\"><div data-vc-full-width=\"true\" data-vc-full-width-init=\"false\" data-vc-stretch-content=\"true\" class=\"vc_row wpb_row vc_row-fluid fullwidth coverimage vc_custom_1494504038335 vc_row-has-fill\"><div class=\"wpb_column vc_column_container vc_col-sm-12\"><div class=\"vc_column-inner\"><div class=\"wpb_wrapper\"><\/div><\/div><\/div><\/div><div class=\"vc_row-full-width vc_clearfix\"><\/div><div class=\"vc_row wpb_row vc_row-fluid\"><div class=\"wpb_column vc_column_container vc_col-sm-12\"><div class=\"vc_column-inner\"><div class=\"wpb_wrapper\">\n\t<div class=\"wpb_text_column wpb_content_element  introtext\" >\n\t\t<div class=\"wpb_wrapper\">\n\t\t\t<h1>V\u00e4lkommen till v\u00e5rt smile galleri!<\/h1>\n<p>H\u00e4r ser du ett urval av f\u00f6re- och efterbilder f\u00f6r olika behandlingar. F\u00f6r fler bilder \u00e4r du v\u00e4lkommen till v\u00e5r instagramsida h\u00e4r:<\/p>\n<p><a href=\"https:\/\/tandcity.se\/sv\/sociala-medier\/\"><img decoding=\"async\" src=\"https:\/\/www.instagram.com\/static\/images\/web\/logged_out_wordmark.png\/7a252de00b20.png\" alt=\"Instagram\" \/><\/a>\u00a0 (Klicka p\u00e5 Instagramloggan)<\/p>\n\n\t\t<\/div>\n\t<\/div>\n<\/div><\/div><\/div><\/div><div class=\"vc_row wpb_row vc_row-fluid\"><div class=\"wpb_column vc_column_container vc_col-sm-12\"><div class=\"vc_column-inner\"><div class=\"wpb_wrapper\">\n\t<div class=\"wpb_text_column wpb_content_element \" >\n\t\t<div class=\"wpb_wrapper\">\n\t\t\t<h3>Fasader<\/h3>\n<p>Bild 1: Patienten vill f\u00e5 bort sin lucka mellan framt\u00e4nderna<br \/>\nBild 2: Med digital imaging kan man se hur slutresultatet skall bli<br \/>\nBild 3: <a href=\"http:\/\/tandcity.se\/sv\/tandfasader-malmo\/\">Fasader<\/a> p\u00e5 fyra framt\u00e4nder<\/p>\n\n\t\t<\/div>\n\t<\/div>\n<div class=\"vc_row wpb_row vc_inner vc_row-fluid\"><div class=\"wpb_column vc_column_container vc_col-sm-4\"><div class=\"vc_column-inner\"><div class=\"wpb_wrapper\">\n\t<div  class=\"wpb_single_image wpb_content_element vc_align_left\">\n\t\t\n\t\t<figure class=\"wpb_wrapper vc_figure\">\n\t\t\t<div class=\"vc_single_image-wrapper   vc_box_border_grey\"><img loading=\"lazy\" decoding=\"async\" data-vc-zoom=\"https:\/\/tandcity.se\/wp-content\/uploads\/2016\/10\/26.jpg\" width=\"300\" height=\"201\" src=\"https:\/\/tandcity.se\/wp-content\/uploads\/2016\/10\/26-300x201.jpg\" class=\"vc_single_image-img attachment-medium\" alt=\"F\u00f6re behandling porslinfasader - TandCity\" title=\"26\" srcset=\"https:\/\/tandcity.se\/wp-content\/uploads\/2016\/10\/26-300x201.jpg 300w, https:\/\/tandcity.se\/wp-content\/uploads\/2016\/10\/26-272x182.jpg 272w, https:\/\/tandcity.se\/wp-content\/uploads\/2016\/10\/26.jpg 712w\" sizes=\"auto, (max-width: 300px) 100vw, 300px\" \/><\/div><figcaption class=\"vc_figure-caption\">F\u00f6re behandling \/ The patient wish to close the gap between the front teeth<\/figcaption>\n\t\t<\/figure>\n\t<\/div>\n<\/div><\/div><\/div><div class=\"wpb_column vc_column_container vc_col-sm-4\"><div class=\"vc_column-inner\"><div class=\"wpb_wrapper\">\n\t<div  class=\"wpb_single_image wpb_content_element vc_align_left\">\n\t\t\n\t\t<figure class=\"wpb_wrapper vc_figure\">\n\t\t\t<div class=\"vc_single_image-wrapper   vc_box_border_grey\"><img loading=\"lazy\" decoding=\"async\" data-vc-zoom=\"https:\/\/tandcity.se\/wp-content\/uploads\/2016\/10\/27.jpg\" width=\"300\" height=\"201\" src=\"https:\/\/tandcity.se\/wp-content\/uploads\/2016\/10\/27-300x201.jpg\" class=\"vc_single_image-img attachment-medium\" alt=\"Efter behandling porslinfasader -TandCity\" title=\"27\" srcset=\"https:\/\/tandcity.se\/wp-content\/uploads\/2016\/10\/27-300x201.jpg 300w, https:\/\/tandcity.se\/wp-content\/uploads\/2016\/10\/27-272x182.jpg 272w, https:\/\/tandcity.se\/wp-content\/uploads\/2016\/10\/27.jpg 712w\" sizes=\"auto, (max-width: 300px) 100vw, 300px\" \/><\/div><figcaption class=\"vc_figure-caption\">Efter behandling \/ By using digital imaging the final result can be illustrated<\/figcaption>\n\t\t<\/figure>\n\t<\/div>\n<\/div><\/div><\/div><div class=\"wpb_column vc_column_container vc_col-sm-4\"><div class=\"vc_column-inner\"><div class=\"wpb_wrapper\">\n\t<div  class=\"wpb_single_image wpb_content_element vc_align_left\">\n\t\t\n\t\t<figure class=\"wpb_wrapper vc_figure\">\n\t\t\t<div class=\"vc_single_image-wrapper   vc_box_border_grey\"><img loading=\"lazy\" decoding=\"async\" data-vc-zoom=\"https:\/\/tandcity.se\/wp-content\/uploads\/2016\/10\/1450093097_566eaa299b6b9-1.jpg\" width=\"300\" height=\"201\" src=\"https:\/\/tandcity.se\/wp-content\/uploads\/2016\/10\/1450093097_566eaa299b6b9-1-300x201.jpg\" class=\"vc_single_image-img attachment-medium\" alt=\"Efter porslinsfasader -TandCity\" title=\"1450093097_566eaa299b6b9\" srcset=\"https:\/\/tandcity.se\/wp-content\/uploads\/2016\/10\/1450093097_566eaa299b6b9-1-300x201.jpg 300w, https:\/\/tandcity.se\/wp-content\/uploads\/2016\/10\/1450093097_566eaa299b6b9-1-272x182.jpg 272w, https:\/\/tandcity.se\/wp-content\/uploads\/2016\/10\/1450093097_566eaa299b6b9-1.jpg 712w\" sizes=\"auto, (max-width: 300px) 100vw, 300px\" \/><\/div><figcaption class=\"vc_figure-caption\">Efter behandling \/ Veneers have been used on the patient\u2019s four front teeth<\/figcaption>\n\t\t<\/figure>\n\t<\/div>\n<\/div><\/div><\/div><\/div><\/div><\/div><\/div><\/div><div class=\"vc_row wpb_row vc_row-fluid\"><div class=\"wpb_column vc_column_container vc_col-sm-12\"><div class=\"vc_column-inner\"><div class=\"wpb_wrapper\">\n\t<div class=\"wpb_text_column wpb_content_element \" >\n\t\t<div class=\"wpb_wrapper\">\n\t\t\t<h3>Smiledesign<\/h3>\n<p>Patienten \u00f6nskade j\u00e4mnare och mer Hollywood <a href=\"http:\/\/tandcity.se\/sv\/tandblekning-malmo\/\">vita t\u00e4nder<\/a><br \/>\nBild 1-2: F\u00f6re resp efter behandling<br \/>\nBild 3 Visualisering<br \/>\nBild 4 Efter behandling<\/p>\n\n\t\t<\/div>\n\t<\/div>\n<div class=\"vc_row wpb_row vc_inner vc_row-fluid\"><div class=\"wpb_column vc_column_container vc_col-sm-3\"><div class=\"vc_column-inner\"><div class=\"wpb_wrapper\">\n\t<div  class=\"wpb_single_image wpb_content_element vc_align_left\">\n\t\t\n\t\t<figure class=\"wpb_wrapper vc_figure\">\n\t\t\t<div class=\"vc_single_image-wrapper   vc_box_border_grey\"><img loading=\"lazy\" decoding=\"async\" data-vc-zoom=\"https:\/\/tandcity.se\/wp-content\/uploads\/2016\/10\/1450093534_566eabde17810-1.jpg\" width=\"199\" height=\"300\" src=\"https:\/\/tandcity.se\/wp-content\/uploads\/2016\/10\/1450093534_566eabde17810-1-199x300.jpg\" class=\"vc_single_image-img attachment-medium\" alt=\"F\u00f6re behandling smiledesign-TandCity\" title=\"1450093534_566eabde17810\" srcset=\"https:\/\/tandcity.se\/wp-content\/uploads\/2016\/10\/1450093534_566eabde17810-1-199x300.jpg 199w, https:\/\/tandcity.se\/wp-content\/uploads\/2016\/10\/1450093534_566eabde17810-1.jpg 484w\" sizes=\"auto, (max-width: 199px) 100vw, 199px\" \/><\/div><figcaption class=\"vc_figure-caption\">F\u00f6re behandling \/ Before treatment<\/figcaption>\n\t\t<\/figure>\n\t<\/div>\n<\/div><\/div><\/div><div class=\"wpb_column vc_column_container vc_col-sm-3\"><div class=\"vc_column-inner\"><div class=\"wpb_wrapper\">\n\t<div  class=\"wpb_single_image wpb_content_element vc_align_left\">\n\t\t\n\t\t<figure class=\"wpb_wrapper vc_figure\">\n\t\t\t<div class=\"vc_single_image-wrapper   vc_box_border_grey\"><img loading=\"lazy\" decoding=\"async\" data-vc-zoom=\"https:\/\/tandcity.se\/wp-content\/uploads\/2016\/10\/12.jpg\" width=\"199\" height=\"300\" src=\"https:\/\/tandcity.se\/wp-content\/uploads\/2016\/10\/12-199x300.jpg\" class=\"vc_single_image-img attachment-medium\" alt=\"Efter behandling smiledesign -TandCity\" title=\"12\" srcset=\"https:\/\/tandcity.se\/wp-content\/uploads\/2016\/10\/12-199x300.jpg 199w, https:\/\/tandcity.se\/wp-content\/uploads\/2016\/10\/12.jpg 484w\" sizes=\"auto, (max-width: 199px) 100vw, 199px\" \/><\/div><figcaption class=\"vc_figure-caption\">Efter behandling \/ After treatment<\/figcaption>\n\t\t<\/figure>\n\t<\/div>\n<\/div><\/div><\/div><div class=\"wpb_column vc_column_container vc_col-sm-3\"><div class=\"vc_column-inner\"><div class=\"wpb_wrapper\">\n\t<div  class=\"wpb_single_image wpb_content_element vc_align_left\">\n\t\t\n\t\t<figure class=\"wpb_wrapper vc_figure\">\n\t\t\t<div class=\"vc_single_image-wrapper   vc_box_border_grey\"><img decoding=\"async\" data-vc-zoom=\"https:\/\/tandcity.se\/wp-content\/uploads\/2016\/10\/13.jpg\" class=\"vc_single_image-img \" src=\"https:\/\/tandcity.se\/wp-content\/uploads\/2016\/10\/13-295x220.jpg\" width=\"295\" height=\"220\" alt=\"Visualiserande behandling f\u00f6r smiledesign -TandCity\" title=\"13\" loading=\"lazy\" \/><\/div><figcaption class=\"vc_figure-caption\">F\u00f6re behandling \/ Visualising<\/figcaption>\n\t\t<\/figure>\n\t<\/div>\n<\/div><\/div><\/div><div class=\"wpb_column vc_column_container vc_col-sm-3\"><div class=\"vc_column-inner\"><div class=\"wpb_wrapper\">\n\t<div  class=\"wpb_single_image wpb_content_element vc_align_left\">\n\t\t\n\t\t<figure class=\"wpb_wrapper vc_figure\">\n\t\t\t<div class=\"vc_single_image-wrapper   vc_box_border_grey\"><img decoding=\"async\" data-vc-zoom=\"https:\/\/tandcity.se\/wp-content\/uploads\/2016\/10\/14.jpg\" class=\"vc_single_image-img \" src=\"https:\/\/tandcity.se\/wp-content\/uploads\/2016\/10\/14-295x220.jpg\" width=\"295\" height=\"220\" alt=\"Ett perfekt leende i Malm\u00f6 -TandCity\" title=\"14\" loading=\"lazy\" \/><\/div><figcaption class=\"vc_figure-caption\">Efter behandling \/ After treatment<\/figcaption>\n\t\t<\/figure>\n\t<\/div>\n<\/div><\/div><\/div><\/div><\/div><\/div><\/div><\/div><div class=\"vc_row wpb_row vc_row-fluid\"><div class=\"wpb_column vc_column_container vc_col-sm-12\"><div class=\"vc_column-inner\"><div class=\"wpb_wrapper\">\n\t<div class=\"wpb_text_column wpb_content_element \" >\n\t\t<div class=\"wpb_wrapper\">\n\t\t\t<h3>Implantat<\/h3>\n<p>Patienten ville ha fasta t\u00e4nder i \u00f6ver- och underk\u00e4ken.<\/p>\n\n\t\t<\/div>\n\t<\/div>\n<div class=\"vc_row wpb_row vc_inner vc_row-fluid\"><div class=\"wpb_column vc_column_container vc_col-sm-6\"><div class=\"vc_column-inner\"><div class=\"wpb_wrapper\">\n\t<div  class=\"wpb_single_image wpb_content_element vc_align_left\">\n\t\t\n\t\t<figure class=\"wpb_wrapper vc_figure\">\n\t\t\t<div class=\"vc_single_image-wrapper   vc_box_border_grey\"><img loading=\"lazy\" decoding=\"async\" data-vc-zoom=\"https:\/\/tandcity.se\/wp-content\/uploads\/2016\/10\/15-1024x685.jpg\" width=\"1024\" height=\"685\" src=\"https:\/\/tandcity.se\/wp-content\/uploads\/2016\/10\/15.jpg\" class=\"vc_single_image-img attachment-full\" alt=\"F\u00f6re behandling tandimplantat i Malm\u00f6 - TandCity\" title=\"15\" srcset=\"https:\/\/tandcity.se\/wp-content\/uploads\/2016\/10\/15.jpg 1024w, https:\/\/tandcity.se\/wp-content\/uploads\/2016\/10\/15-300x201.jpg 300w, https:\/\/tandcity.se\/wp-content\/uploads\/2016\/10\/15-768x514.jpg 768w, https:\/\/tandcity.se\/wp-content\/uploads\/2016\/10\/15-272x182.jpg 272w\" sizes=\"auto, (max-width: 1024px) 100vw, 1024px\" \/><\/div><figcaption class=\"vc_figure-caption\">F\u00f6re behandling \/ Before treatment<\/figcaption>\n\t\t<\/figure>\n\t<\/div>\n<\/div><\/div><\/div><div class=\"wpb_column vc_column_container vc_col-sm-6\"><div class=\"vc_column-inner\"><div class=\"wpb_wrapper\">\n\t<div  class=\"wpb_single_image wpb_content_element vc_align_left\">\n\t\t\n\t\t<figure class=\"wpb_wrapper vc_figure\">\n\t\t\t<div class=\"vc_single_image-wrapper   vc_box_border_grey\"><img loading=\"lazy\" decoding=\"async\" data-vc-zoom=\"https:\/\/tandcity.se\/wp-content\/uploads\/2016\/10\/16-1024x685.jpg\" width=\"1024\" height=\"685\" src=\"https:\/\/tandcity.se\/wp-content\/uploads\/2016\/10\/16.jpg\" class=\"vc_single_image-img attachment-full\" alt=\"Efter behandling tandimplantat i Malm\u00f6 - TandCity\" title=\"16\" srcset=\"https:\/\/tandcity.se\/wp-content\/uploads\/2016\/10\/16.jpg 1024w, https:\/\/tandcity.se\/wp-content\/uploads\/2016\/10\/16-300x201.jpg 300w, https:\/\/tandcity.se\/wp-content\/uploads\/2016\/10\/16-768x514.jpg 768w, https:\/\/tandcity.se\/wp-content\/uploads\/2016\/10\/16-272x182.jpg 272w\" sizes=\"auto, (max-width: 1024px) 100vw, 1024px\" \/><\/div><figcaption class=\"vc_figure-caption\">Efter behandling \/ After treatment<\/figcaption>\n\t\t<\/figure>\n\t<\/div>\n<\/div><\/div><\/div><\/div><\/div><\/div><\/div><\/div><div class=\"vc_row wpb_row vc_row-fluid\"><div class=\"wpb_column vc_column_container vc_col-sm-12\"><div class=\"vc_column-inner\"><div class=\"wpb_wrapper\">\n\t<div class=\"wpb_text_column wpb_content_element \" >\n\t\t<div class=\"wpb_wrapper\">\n\t\t\t<h3>Invisalign<\/h3>\n<p>Patienten ville ha j\u00e4mnt sittande t\u00e4nder i b\u00e5de \u00f6ver- och underk\u00e4ke.<br \/>\nBeslut om <a href=\"http:\/\/tandcity.se\/sv\/inman-aligner-invisalign\/\">Invisalign-behandling<\/a>.<br \/>\nBilderna visar f\u00f6re och efter behandling f\u00f6r \u00f6ver- och underk\u00e4ke.<\/p>\n\n\t\t<\/div>\n\t<\/div>\n<div class=\"vc_row wpb_row vc_inner vc_row-fluid\"><div class=\"wpb_column vc_column_container vc_col-sm-3\"><div class=\"vc_column-inner\"><div class=\"wpb_wrapper\">\n\t<div  class=\"wpb_single_image wpb_content_element vc_align_left\">\n\t\t\n\t\t<figure class=\"wpb_wrapper vc_figure\">\n\t\t\t<div class=\"vc_single_image-wrapper   vc_box_border_grey\"><img loading=\"lazy\" decoding=\"async\" data-vc-zoom=\"https:\/\/tandcity.se\/wp-content\/uploads\/2016\/10\/17.jpg\" width=\"300\" height=\"201\" src=\"https:\/\/tandcity.se\/wp-content\/uploads\/2016\/10\/17-300x201.jpg\" class=\"vc_single_image-img attachment-medium\" alt=\"F\u00f6re behandling med Invisalign f\u00f6r underk\u00e4ken - TandCity\" title=\"17\" srcset=\"https:\/\/tandcity.se\/wp-content\/uploads\/2016\/10\/17-300x201.jpg 300w, https:\/\/tandcity.se\/wp-content\/uploads\/2016\/10\/17-768x514.jpg 768w, https:\/\/tandcity.se\/wp-content\/uploads\/2016\/10\/17-272x182.jpg 272w, https:\/\/tandcity.se\/wp-content\/uploads\/2016\/10\/17.jpg 856w\" sizes=\"auto, (max-width: 300px) 100vw, 300px\" \/><\/div><figcaption class=\"vc_figure-caption\">F\u00f6re behandling \/ Before treatment<\/figcaption>\n\t\t<\/figure>\n\t<\/div>\n<\/div><\/div><\/div><div class=\"wpb_column vc_column_container vc_col-sm-3\"><div class=\"vc_column-inner\"><div class=\"wpb_wrapper\">\n\t<div  class=\"wpb_single_image wpb_content_element vc_align_left\">\n\t\t\n\t\t<figure class=\"wpb_wrapper vc_figure\">\n\t\t\t<div class=\"vc_single_image-wrapper   vc_box_border_grey\"><img loading=\"lazy\" decoding=\"async\" data-vc-zoom=\"https:\/\/tandcity.se\/wp-content\/uploads\/2016\/10\/18.jpg\" width=\"300\" height=\"201\" src=\"https:\/\/tandcity.se\/wp-content\/uploads\/2016\/10\/18-300x201.jpg\" class=\"vc_single_image-img attachment-medium\" alt=\"Efter behandling med Invisalign f\u00f6r underk\u00e4ken - TandCity\" title=\"18\" srcset=\"https:\/\/tandcity.se\/wp-content\/uploads\/2016\/10\/18-300x201.jpg 300w, https:\/\/tandcity.se\/wp-content\/uploads\/2016\/10\/18-768x514.jpg 768w, https:\/\/tandcity.se\/wp-content\/uploads\/2016\/10\/18-272x182.jpg 272w, https:\/\/tandcity.se\/wp-content\/uploads\/2016\/10\/18.jpg 856w\" sizes=\"auto, (max-width: 300px) 100vw, 300px\" \/><\/div><figcaption class=\"vc_figure-caption\">Efter behandling \/ After treatment<\/figcaption>\n\t\t<\/figure>\n\t<\/div>\n<\/div><\/div><\/div><div class=\"wpb_column vc_column_container vc_col-sm-3\"><div class=\"vc_column-inner\"><div class=\"wpb_wrapper\">\n\t<div  class=\"wpb_single_image wpb_content_element vc_align_left\">\n\t\t\n\t\t<figure class=\"wpb_wrapper vc_figure\">\n\t\t\t<div class=\"vc_single_image-wrapper   vc_box_border_grey\"><img loading=\"lazy\" decoding=\"async\" data-vc-zoom=\"https:\/\/tandcity.se\/wp-content\/uploads\/2016\/10\/19.jpg\" width=\"300\" height=\"201\" src=\"https:\/\/tandcity.se\/wp-content\/uploads\/2016\/10\/19-300x201.jpg\" class=\"vc_single_image-img attachment-medium\" alt=\"F\u00f6re behandling med Invisalign f\u00f6r \u00f6verk\u00e4ken - TandCity\" title=\"19\" srcset=\"https:\/\/tandcity.se\/wp-content\/uploads\/2016\/10\/19-300x201.jpg 300w, https:\/\/tandcity.se\/wp-content\/uploads\/2016\/10\/19-768x514.jpg 768w, https:\/\/tandcity.se\/wp-content\/uploads\/2016\/10\/19-272x182.jpg 272w, https:\/\/tandcity.se\/wp-content\/uploads\/2016\/10\/19.jpg 856w\" sizes=\"auto, (max-width: 300px) 100vw, 300px\" \/><\/div><figcaption class=\"vc_figure-caption\">F\u00f6re behandling \/ Before treatment<\/figcaption>\n\t\t<\/figure>\n\t<\/div>\n<\/div><\/div><\/div><div class=\"wpb_column vc_column_container vc_col-sm-3\"><div class=\"vc_column-inner\"><div class=\"wpb_wrapper\">\n\t<div  class=\"wpb_single_image wpb_content_element vc_align_left\">\n\t\t\n\t\t<figure class=\"wpb_wrapper vc_figure\">\n\t\t\t<div class=\"vc_single_image-wrapper   vc_box_border_grey\"><img loading=\"lazy\" decoding=\"async\" data-vc-zoom=\"https:\/\/tandcity.se\/wp-content\/uploads\/2016\/10\/20.jpg\" width=\"300\" height=\"201\" src=\"https:\/\/tandcity.se\/wp-content\/uploads\/2016\/10\/20-300x201.jpg\" class=\"vc_single_image-img attachment-medium\" alt=\"Efter behandling med Invisalign f\u00f6r \u00f6verk\u00e4ken - TandCity\" title=\"Efter behandling med Invisalign f\u00f6r \u00f6verk\u00e4ken - TandCity\" srcset=\"https:\/\/tandcity.se\/wp-content\/uploads\/2016\/10\/20-300x201.jpg 300w, https:\/\/tandcity.se\/wp-content\/uploads\/2016\/10\/20-768x514.jpg 768w, https:\/\/tandcity.se\/wp-content\/uploads\/2016\/10\/20-50x33.jpg 50w, https:\/\/tandcity.se\/wp-content\/uploads\/2016\/10\/20-272x182.jpg 272w, https:\/\/tandcity.se\/wp-content\/uploads\/2016\/10\/20.jpg 856w\" sizes=\"auto, (max-width: 300px) 100vw, 300px\" \/><\/div><figcaption class=\"vc_figure-caption\">Efter behandling \/ After treatment<\/figcaption>\n\t\t<\/figure>\n\t<\/div>\n<\/div><\/div><\/div><\/div><div class=\"vc_row wpb_row vc_inner vc_row-fluid\"><div class=\"wpb_column vc_column_container vc_col-sm-6\"><div class=\"vc_column-inner\"><div class=\"wpb_wrapper\">\n\t<div  class=\"wpb_single_image wpb_content_element vc_align_left\">\n\t\t\n\t\t<figure class=\"wpb_wrapper vc_figure\">\n\t\t\t<div class=\"vc_single_image-wrapper   vc_box_border_grey\"><img loading=\"lazy\" decoding=\"async\" data-vc-zoom=\"https:\/\/tandcity.se\/wp-content\/uploads\/2017\/08\/Cleaning-and-ZOOM-bleaching-1024x685.jpg\" width=\"4256\" height=\"2848\" src=\"https:\/\/tandcity.se\/wp-content\/uploads\/2017\/08\/Cleaning-and-ZOOM-bleaching.jpg\" class=\"vc_single_image-img attachment-full\" alt=\"Cleaning and ZOOM bleaching Before\" title=\"Cleaning and ZOOM bleaching Before\" srcset=\"https:\/\/tandcity.se\/wp-content\/uploads\/2017\/08\/Cleaning-and-ZOOM-bleaching.jpg 4256w, https:\/\/tandcity.se\/wp-content\/uploads\/2017\/08\/Cleaning-and-ZOOM-bleaching-300x201.jpg 300w, https:\/\/tandcity.se\/wp-content\/uploads\/2017\/08\/Cleaning-and-ZOOM-bleaching-768x514.jpg 768w, https:\/\/tandcity.se\/wp-content\/uploads\/2017\/08\/Cleaning-and-ZOOM-bleaching-1024x685.jpg 1024w, https:\/\/tandcity.se\/wp-content\/uploads\/2017\/08\/Cleaning-and-ZOOM-bleaching-50x33.jpg 50w, https:\/\/tandcity.se\/wp-content\/uploads\/2017\/08\/Cleaning-and-ZOOM-bleaching-272x182.jpg 272w\" sizes=\"auto, (max-width: 4256px) 100vw, 4256px\" \/><\/div>\n\t\t<\/figure>\n\t<\/div>\n<\/div><\/div><\/div><div class=\"wpb_column vc_column_container vc_col-sm-6\"><div class=\"vc_column-inner\"><div class=\"wpb_wrapper\">\n\t<div  class=\"wpb_single_image wpb_content_element vc_align_left\">\n\t\t\n\t\t<figure class=\"wpb_wrapper vc_figure\">\n\t\t\t<div class=\"vc_single_image-wrapper   vc_box_border_grey\"><img loading=\"lazy\" decoding=\"async\" data-vc-zoom=\"https:\/\/tandcity.se\/wp-content\/uploads\/2017\/08\/Cleaning-and-ZOOM-bleaching-after-1024x685.jpg\" width=\"4256\" height=\"2848\" src=\"https:\/\/tandcity.se\/wp-content\/uploads\/2017\/08\/Cleaning-and-ZOOM-bleaching-after.jpg\" class=\"vc_single_image-img attachment-full\" alt=\"Cleaning and ZOOM bleaching after\" title=\"Cleaning and ZOOM bleaching after\" srcset=\"https:\/\/tandcity.se\/wp-content\/uploads\/2017\/08\/Cleaning-and-ZOOM-bleaching-after.jpg 4256w, https:\/\/tandcity.se\/wp-content\/uploads\/2017\/08\/Cleaning-and-ZOOM-bleaching-after-300x201.jpg 300w, https:\/\/tandcity.se\/wp-content\/uploads\/2017\/08\/Cleaning-and-ZOOM-bleaching-after-768x514.jpg 768w, https:\/\/tandcity.se\/wp-content\/uploads\/2017\/08\/Cleaning-and-ZOOM-bleaching-after-1024x685.jpg 1024w, https:\/\/tandcity.se\/wp-content\/uploads\/2017\/08\/Cleaning-and-ZOOM-bleaching-after-50x33.jpg 50w, https:\/\/tandcity.se\/wp-content\/uploads\/2017\/08\/Cleaning-and-ZOOM-bleaching-after-272x182.jpg 272w\" sizes=\"auto, (max-width: 4256px) 100vw, 4256px\" \/><\/div>\n\t\t<\/figure>\n\t<\/div>\n<\/div><\/div><\/div><\/div><\/div><\/div><\/div><\/div><div data-vc-full-width=\"true\" data-vc-full-width-init=\"false\" class=\"vc_row wpb_row vc_row-fluid fullwidth booking_section_responsive vc_custom_1529584824275 vc_row-has-fill vc_row-o-equal-height vc_row-flex\"><div class=\"wpb_column vc_column_container vc_col-sm-12\"><div class=\"vc_column-inner\"><div class=\"wpb_wrapper\">\n\t<div class=\"wpb_text_column wpb_content_element \" >\n\t\t<div class=\"wpb_wrapper\">\n\t\t\t<p><span style=\"color: #ffffff; font-size: 24px; font-weight: 400;\">TandCity \u2013 akut tandv\u00e5rd i Malm\u00f6<\/span><\/p>\n<p>&nbsp;<\/p>\n<p class=\"subtext_online\">\u00c4r du i behov av en akuttid eller vill du av n\u00e5gon annan anledning f\u00e5 en tid snabbt?<\/p>\n<p><span style=\"color: #ffffff;\">Bara lugn, vi hj\u00e4lper dig. Vi f\u00f6rst\u00e5r att vissa saker inte kan v\u00e4nta och ser till att du f\u00e5r en tid s\u00e5 fort som m\u00f6jligt. H\u00f6r av dig till oss p\u00e5 telefonnummer 040 23 66 00 eller boka din tid online. Varmt v\u00e4lkommen!<\/span><\/p>\n\n\t\t<\/div>\n\t<\/div>\n<div class=\"vc_btn3-container  tandcitygreen vc_btn3-inline vc_custom_1585898350944\" ><a class=\"vc_general vc_btn3 vc_btn3-size-lg vc_btn3-shape-rounded vc_btn3-style-modern vc_btn3-color-green\" href=\"http:\/\/tandcity.se\/sv\/boka-tid-online\/\" title=\"Best\u00e4ll tid online\" target=\"_blank\" onclick=\"ga(&#039;send&#039;, &#039;event&#039;, &#039;button&#039;, &#039;click&#039;, &#039;bottom-banner-sv&#039;);\">Best\u00e4ll tid online<\/a><\/div><\/div><\/div><\/div><\/div><div class=\"vc_row-full-width vc_clearfix\"><\/div>\n<\/div>","protected":false},"excerpt":{"rendered":"V\u00e4lkommen till v\u00e5rt smile galleri! H\u00e4r ser du ett urval av f\u00f6re- och efterbilder f\u00f6r olika behandlingar. F\u00f6r fler bilder <a href=\"https:\/\/tandcity.se\/sv\/galleri\/\" class=\"more-link\">\u2026 <span class=\"screen-reader-text\">  Galleri<\/span><\/a>","protected":false},"author":24,"featured_media":0,"parent":0,"menu_order":0,"comment_status":"closed","ping_status":"closed","template":"","meta":{"footnotes":""},"class_list":["post-51","page","type-page","status-publish"],"yoast_head":"<!-- This site is optimized with the Yoast SEO plugin v25.5 - https:\/\/yoast.com\/wordpress\/plugins\/seo\/ -->\n<title>Galleri med f\u00f6re och efter bilder p\u00e5 tandl\u00e4karbehandlingar<\/title>\n<meta name=\"description\" content=\"Gallerisidan f\u00f6r TandCity Malm\u00f6. H\u00e4r kan du se f\u00f6re- och efter bilder f\u00f6r m\u00e5nga lyckade tandv\u00e5rdsbehandlingar som t.ex. implantat, fasader &amp; invisalign.\" \/>\n<meta name=\"robots\" content=\"index, follow, max-snippet:-1, max-image-preview:large, max-video-preview:-1\" \/>\n<link rel=\"canonical\" href=\"https:\/\/tandcity.se\/sv\/galleri\/\" \/>\n<meta name=\"twitter:label1\" content=\"Ber\u00e4knad l\u00e4stid\" \/>\n\t<meta name=\"twitter:data1\" content=\"2 minuter\" \/>\n<!-- \/ Yoast SEO plugin. -->","yoast_head_json":{"title":"Galleri med f\u00f6re och efter bilder p\u00e5 tandl\u00e4karbehandlingar","description":"Gallerisidan f\u00f6r TandCity Malm\u00f6. H\u00e4r kan du se f\u00f6re- och efter bilder f\u00f6r m\u00e5nga lyckade tandv\u00e5rdsbehandlingar som t.ex. implantat, fasader & invisalign.","robots":{"index":"index","follow":"follow","max-snippet":"max-snippet:-1","max-image-preview":"max-image-preview:large","max-video-preview":"max-video-preview:-1"},"canonical":"https:\/\/tandcity.se\/sv\/galleri\/","twitter_misc":{"Ber\u00e4knad l\u00e4stid":"2 minuter"},"schema":{"@context":"https:\/\/schema.org","@graph":[{"@type":"WebPage","@id":"https:\/\/tandcity.se\/en\/gallery\/","url":"https:\/\/tandcity.se\/en\/gallery\/","name":"Galleri med f\u00f6re och efter bilder p\u00e5 tandl\u00e4karbehandlingar","isPartOf":{"@id":"https:\/\/tandcity.se\/sv\/#website"},"primaryImageOfPage":{"@id":"https:\/\/tandcity.se\/en\/gallery\/#primaryimage"},"image":{"@id":"https:\/\/tandcity.se\/en\/gallery\/#primaryimage"},"thumbnailUrl":"https:\/\/www.instagram.com\/static\/images\/web\/logged_out_wordmark.png\/7a252de00b20.png","datePublished":"2016-10-18T12:05:29+00:00","dateModified":"2023-11-10T09:34:51+00:00","description":"Gallerisidan f\u00f6r TandCity Malm\u00f6. H\u00e4r kan du se f\u00f6re- och efter bilder f\u00f6r m\u00e5nga lyckade tandv\u00e5rdsbehandlingar som t.ex. implantat, fasader & invisalign.","breadcrumb":{"@id":"https:\/\/tandcity.se\/en\/gallery\/#breadcrumb"},"inLanguage":"sv-SE","potentialAction":[{"@type":"ReadAction","target":["https:\/\/tandcity.se\/en\/gallery\/"]}]},{"@type":"ImageObject","inLanguage":"sv-SE","@id":"https:\/\/tandcity.se\/en\/gallery\/#primaryimage","url":"https:\/\/www.instagram.com\/static\/images\/web\/logged_out_wordmark.png\/7a252de00b20.png","contentUrl":"https:\/\/www.instagram.com\/static\/images\/web\/logged_out_wordmark.png\/7a252de00b20.png"},{"@type":"BreadcrumbList","@id":"https:\/\/tandcity.se\/en\/gallery\/#breadcrumb","itemListElement":[{"@type":"ListItem","position":1,"name":"Hjem","item":"https:\/\/tandcity.se\/en\/"},{"@type":"ListItem","position":2,"name":"Galleri"}]},{"@type":"WebSite","@id":"https:\/\/tandcity.se\/sv\/#website","url":"https:\/\/tandcity.se\/sv\/","name":"TandCity Malm\u00f6","description":"","potentialAction":[{"@type":"SearchAction","target":{"@type":"EntryPoint","urlTemplate":"https:\/\/tandcity.se\/sv\/?s={search_term_string}"},"query-input":{"@type":"PropertyValueSpecification","valueRequired":true,"valueName":"search_term_string"}}],"inLanguage":"sv-SE"}]}},"_links":{"self":[{"href":"https:\/\/tandcity.se\/sv\/wp-json\/wp\/v2\/pages\/51","targetHints":{"allow":["GET"]}}],"collection":[{"href":"https:\/\/tandcity.se\/sv\/wp-json\/wp\/v2\/pages"}],"about":[{"href":"https:\/\/tandcity.se\/sv\/wp-json\/wp\/v2\/types\/page"}],"author":[{"embeddable":true,"href":"https:\/\/tandcity.se\/sv\/wp-json\/wp\/v2\/users\/24"}],"replies":[{"embeddable":true,"href":"https:\/\/tandcity.se\/sv\/wp-json\/wp\/v2\/comments?post=51"}],"version-history":[{"count":6,"href":"https:\/\/tandcity.se\/sv\/wp-json\/wp\/v2\/pages\/51\/revisions"}],"predecessor-version":[{"id":4201,"href":"https:\/\/tandcity.se\/sv\/wp-json\/wp\/v2\/pages\/51\/revisions\/4201"}],"wp:attachment":[{"href":"https:\/\/tandcity.se\/sv\/wp-json\/wp\/v2\/media?parent=51"}],"curies":[{"name":"wp","href":"https:\/\/api.w.org\/{rel}","templated":true}]}}