{"id":4445,"date":"2025-06-25T14:46:06","date_gmt":"2025-06-25T12:46:06","guid":{"rendered":"https:\/\/tandcity.se\/?page_id=4445"},"modified":"2025-06-25T14:55:39","modified_gmt":"2025-06-25T12:55:39","slug":"tandhygienist-malmo","status":"publish","type":"page","link":"https:\/\/tandcity.se\/sv\/tandhygienist-malmo\/","title":{"rendered":"Tandhygienist"},"content":{"rendered":"<div class=\"wpb-content-wrapper\"><div class=\"vc_row wpb_row vc_row-fluid\"><div class=\"wpb_column vc_column_container vc_col-sm-12\"><div class=\"vc_column-inner\"><div class=\"wpb_wrapper\"><\/div><\/div><\/div><\/div><div data-vc-full-width=\"true\" data-vc-full-width-init=\"false\" data-vc-stretch-content=\"true\" class=\"vc_row wpb_row vc_row-fluid fullwidth coverimage vc_custom_1750855112602 vc_row-has-fill\"><div class=\"wpb_column vc_column_container vc_col-sm-12\"><div class=\"vc_column-inner\"><div class=\"wpb_wrapper\"><\/div><\/div><\/div><\/div><div class=\"vc_row-full-width vc_clearfix\"><\/div><div class=\"vc_row wpb_row vc_row-fluid\"><div class=\"wpb_column vc_column_container vc_col-sm-12\"><div class=\"vc_column-inner\"><div class=\"wpb_wrapper\"><\/div><\/div><\/div><\/div><div class=\"vc_row wpb_row vc_row-fluid\"><div class=\"wpb_column vc_column_container vc_col-sm-12\"><div class=\"vc_column-inner\"><div class=\"wpb_wrapper\">\n\t<div class=\"wpb_text_column wpb_content_element  introtext\" >\n\t\t<div class=\"wpb_wrapper\">\n\t\t\t<h1>Tandhygienist i Malm\u00f6<\/h1>\n<p>V\u00e5ra legitimerade och erfarna tandhygienister hj\u00e4lper dig med en frisk munh\u00e4lsa och ett vackrare leende.<\/p>\n\n\t\t<\/div>\n\t<\/div>\n<\/div><\/div><\/div><\/div><div class=\"vc_row wpb_row vc_row-fluid\"><div class=\"wpb_column vc_column_container vc_col-sm-6\"><div class=\"vc_column-inner\"><div class=\"wpb_wrapper\">\n\t<div class=\"wpb_text_column wpb_content_element \" >\n\t\t<div class=\"wpb_wrapper\">\n\t\t\t<p><span style=\"font-weight: 400;\">P\u00e5 TandCity m\u00f6ter du legitimerade och erfarna <a href=\"https:\/\/tandcity.se\/sv\/\">tandl\u00e4kare<\/a> och tandhygienister i Malm\u00f6 som \u00e4r engagerade i att ta hand om din tandh\u00e4lsa med omtanke, noggrannhet och gedigen kompetens. En stor del av v\u00e5rt arbete handlar om att f\u00f6rebygga och behandla tandlossningssjukdomar, som \u00e4r avg\u00f6rande att uppt\u00e4cka i tid f\u00f6r att bevara en frisk och stabil munh\u00e4lsa p\u00e5 l\u00e5ng sikt.<\/span><\/p>\n<p><span style=\"font-weight: 400;\">V\u00e5ra tandhygienister finns ocks\u00e5 h\u00e4r f\u00f6r dig som har karies, beh\u00f6ver st\u00f6dbehandling efter tidigare tandproblem, eller vill f\u00e5 hj\u00e4lp att f\u00f6rb\u00e4ttra sina dagliga rutiner f\u00f6r munv\u00e5rd.<\/span><\/p>\n<p><span style=\"font-weight: 400;\">Med ett personligt bem\u00f6tande och \u00f6ga f\u00f6r detaljer ser vi till att du f\u00e5r den v\u00e5rd du beh\u00f6ver.\u00a0<\/span><\/p>\n\n\t\t<\/div>\n\t<\/div>\n<\/div><\/div><\/div><div class=\"wpb_column vc_column_container vc_col-sm-6\"><div class=\"vc_column-inner\"><div class=\"wpb_wrapper\">\n\t<div  class=\"wpb_single_image wpb_content_element vc_align_left  wpb_animate_when_almost_visible wpb_bottom-to-top bottom-to-top\">\n\t\t\n\t\t<figure class=\"wpb_wrapper vc_figure\">\n\t\t\t<div class=\"vc_single_image-wrapper   vc_box_border_grey\"><img loading=\"lazy\" decoding=\"async\" width=\"626\" height=\"412\" src=\"https:\/\/tandcity.se\/wp-content\/uploads\/2025\/06\/Tandhygienist-e1750855399800.jpeg\" class=\"vc_single_image-img attachment-full\" alt=\"Tandhygienist i Malm\u00f6\" title=\"Tandhygienist\" srcset=\"https:\/\/tandcity.se\/wp-content\/uploads\/2025\/06\/Tandhygienist-e1750855399800.jpeg 626w, https:\/\/tandcity.se\/wp-content\/uploads\/2025\/06\/Tandhygienist-e1750855399800-300x197.jpeg 300w, https:\/\/tandcity.se\/wp-content\/uploads\/2025\/06\/Tandhygienist-e1750855399800-18x12.jpeg 18w\" sizes=\"auto, (max-width: 626px) 100vw, 626px\" \/><\/div>\n\t\t<\/figure>\n\t<\/div>\n<\/div><\/div><\/div><\/div><div class=\"vc_row wpb_row vc_row-fluid\"><div class=\"wpb_column vc_column_container vc_col-sm-12\"><div class=\"vc_column-inner\"><div class=\"wpb_wrapper\">\n\t<div class=\"wpb_text_column wpb_content_element \" >\n\t\t<div class=\"wpb_wrapper\">\n\t\t\t<h2>Vad g\u00f6r en tandhygienist?<\/h2>\n<p>En tandhygienist \u00e4r en legitimerad specialist inom f\u00f6rebyggande tandv\u00e5rd och spelar en central roll i att bevara en god munh\u00e4lsa. Tandhygienisten hj\u00e4lper dig att f\u00f6rebygga karies, tandk\u00f6ttsinflammation, d\u00e5lig andedr\u00e4kt och ser till att din mun m\u00e5r bra p\u00e5 l\u00e5ng sikt.<\/p>\n\n\t\t<\/div>\n\t<\/div>\n<\/div><\/div><\/div><\/div><div class=\"vc_row wpb_row vc_row-fluid\"><div class=\"wpb_column vc_column_container vc_col-sm-12\"><div class=\"vc_column-inner\"><div class=\"wpb_wrapper\">\n\t<div class=\"wpb_text_column wpb_content_element \" >\n\t\t<div class=\"wpb_wrapper\">\n\t\t\t<h2>Tandhygienistens arbetsuppgifter<\/h2>\n<p>Vid ett bes\u00f6k hos tandhygienisten kan du bland annat f\u00e5 hj\u00e4lp med:<\/p>\n<ul>\n<li>Unders\u00f6kning av t\u00e4nder och tandk\u00f6tt<\/li>\n<li>Identifierar tidiga tecken p\u00e5 karies, inflammation eller tandlossning. R\u00f6ntgenbilder tas vid behov f\u00f6r en mer komplett bed\u00f6mning.<\/li>\n<li>Borttagning av tandsten och plack<\/li>\n<li>Professionell reng\u00f6ring d\u00e4r h\u00e5rda bel\u00e4ggningar som inte kan borstas bort hemma avl\u00e4gsnas.<\/li>\n<li>Airflow-behandling<\/li>\n<li>Skonsam metod som avl\u00e4gsnar ytliga missf\u00e4rgningar fr\u00e5n t.ex. kaffe, te och tobak.<\/li>\n<li>Tandblekning<\/li>\n<li>Utf\u00f6rs med s\u00e4kra metoder och produkter anpassade efter dina t\u00e4nder.Munhygienbed\u00f6mning &amp; instruktion<\/li>\n<li>F\u00e5r du ut mesta m\u00f6jliga av din tandborstning och reng\u00f6ring med tandtr\u00e5d? Tandhygienisten visar dig hur du kan f\u00f6rb\u00e4ttra din teknik och rekommenderar r\u00e4tt produkter.<\/li>\n<li>F\u00f6rebygga d\u00e5lig andedr\u00e4kt<\/li>\n<li>En ren mun inneb\u00e4r ocks\u00e5 fr\u00e4schare andedr\u00e4kt, ofta redan efter ett enda bes\u00f6k.<\/li>\n<\/ul>\n\n\t\t<\/div>\n\t<\/div>\n<\/div><\/div><\/div><\/div><div class=\"vc_row wpb_row vc_row-fluid\"><div class=\"wpb_column vc_column_container vc_col-sm-12\"><div class=\"vc_column-inner\"><div class=\"wpb_wrapper\">\n\t<div class=\"wpb_text_column wpb_content_element \" >\n\t\t<div class=\"wpb_wrapper\">\n\t\t\t<h2>Varf\u00f6r \u00e4r det viktigt att g\u00e5 till en tandhygienist?<\/h2>\n<p>Att regelbundet bes\u00f6ka en tandhygienist \u00e4r ett av de mest effektiva s\u00e4tten att f\u00f6rebygga problem i munnen och bevara en god munh\u00e4lsa livet ut. Tandhygienisten \u00e4r specialiserad p\u00e5 att identifiera och behandla tidiga tecken p\u00e5 tandk\u00f6ttsinflammation, ta bort skadlig tandsten, och hj\u00e4lpa dig f\u00f6rb\u00e4ttra din dagliga tandv\u00e5rd \u2013 allt f\u00f6r att skydda t\u00e4nderna fr\u00e5n karies och tandlossning.<\/p>\n\n\t\t<\/div>\n\t<\/div>\n<\/div><\/div><\/div><\/div><div class=\"vc_row wpb_row vc_row-fluid\"><div class=\"wpb_column vc_column_container vc_col-sm-12\"><div class=\"vc_column-inner\"><div class=\"wpb_wrapper\">\n\t<div class=\"wpb_text_column wpb_content_element \" >\n\t\t<div class=\"wpb_wrapper\">\n\t\t\t<h2>F\u00f6rebyggande v\u00e5rd som ger l\u00e5ngsiktig effekt<\/h2>\n<p><span style=\"font-weight: 400;\">Munnen inneh\u00e5ller naturligt miljontals bakterier. N\u00e4r de samlas p\u00e5 t\u00e4nderna och l\u00e4ngs tandk\u00f6ttskanten utan att tas bort tillr\u00e4ckligt effektivt, kan det leda till <\/span>plackbildning, inflammation (gingivit) och p\u00e5 sikt \u00e4ven parodontit (tandlossning)<span style=\"font-weight: 400;\">. Tandhygienisten hj\u00e4lper dig att f\u00f6rebygga detta genom att:<\/span><\/p>\n<ul>\n<li style=\"font-weight: 400;\" aria-level=\"1\"><span style=\"font-weight: 400;\">Ta bort tandsten som inte g\u00e5r att borsta bort hemma<\/span><\/li>\n<li style=\"font-weight: 400;\" aria-level=\"1\"><span style=\"font-weight: 400;\">Bed\u00f6ma och f\u00f6rb\u00e4ttra din borst &#8211; och reng\u00f6ringsteknik<\/span><\/li>\n<li style=\"font-weight: 400;\" aria-level=\"1\"><span style=\"font-weight: 400;\">Ge r\u00e5d om produkter och rutiner f\u00f6r daglig <\/span><b>tandv\u00e5rd<\/b><\/li>\n<li style=\"font-weight: 400;\" aria-level=\"1\"><span style=\"font-weight: 400;\">Identifiera riskfaktorer i tid &#8211; innan de leder till st\u00f6rre problem<\/span><\/li>\n<\/ul>\n\n\t\t<\/div>\n\t<\/div>\n<\/div><\/div><\/div><\/div><div class=\"vc_row wpb_row vc_row-fluid\"><div class=\"wpb_column vc_column_container vc_col-sm-12\"><div class=\"vc_column-inner\"><div class=\"wpb_wrapper\">\n\t<div class=\"wpb_text_column wpb_content_element \" >\n\t\t<div class=\"wpb_wrapper\">\n\t\t\t<h2>Vad h\u00e4nder om man inte g\u00e5r till en tandhygienist?<\/h2>\n<p>N\u00e4r plack f\u00e5r ligga kvar f\u00f6r l\u00e4nge kan det mineraliseras och bilda tandsten, en h\u00e5rd bel\u00e4ggning som skapar en grogrund f\u00f6r bakterier. Eftersom tandsten inte kan avl\u00e4gsnas med vanlig tandborstning kr\u00e4vs professionell reng\u00f6ring hos tandhygienist. Om tandstenen l\u00e4mnas obehandlad kan detta leda till djupare inflammationer i tandk\u00f6ttet och i v\u00e4rsta fall resultera i tandlossning.<\/p>\n\n\t\t<\/div>\n\t<\/div>\n<\/div><\/div><\/div><\/div><div class=\"vc_row wpb_row vc_row-fluid\"><div class=\"wpb_column vc_column_container vc_col-sm-12\"><div class=\"vc_column-inner\"><div class=\"wpb_wrapper\">\n\t<div class=\"wpb_text_column wpb_content_element \" >\n\t\t<div class=\"wpb_wrapper\">\n\t\t\t<h2>Frisk andedr\u00e4kt och starkare t\u00e4nder<\/h2>\n<p>En annan f\u00f6rdel med regelbundna bes\u00f6k \u00e4r en m\u00e4rkbar f\u00f6rb\u00e4ttring av din andedr\u00e4kt. Bakterier som samlas under tandk\u00f6ttskanten \u00e4r en vanlig orsak till d\u00e5lig lukt \u2013 n\u00e5got som ofta f\u00f6rb\u00e4ttras avsev\u00e4rt efter ett bes\u00f6k hos tandhygienisten.<\/p>\n\n\t\t<\/div>\n\t<\/div>\n<\/div><\/div><\/div><\/div><div class=\"vc_row wpb_row vc_row-fluid\"><div class=\"wpb_column vc_column_container vc_col-sm-12\"><div class=\"vc_column-inner\"><div class=\"wpb_wrapper\">\n\t<div class=\"wpb_text_column wpb_content_element \" >\n\t\t<div class=\"wpb_wrapper\">\n\t\t\t<h2>Hur ofta b\u00f6r man g\u00e5?<\/h2>\n<p>De flesta vuxna rekommenderas att bes\u00f6ka tandhygienist en till tv\u00e5 g\u00e5nger per \u00e5r, men behovet kan variera beroende p\u00e5 munh\u00e4lsa, livsstil och eventuell tidigare historik av tandlossning. \u00c4r du os\u00e4ker p\u00e5 hur ofta du b\u00f6r g\u00e5, kan du alltid f\u00e5 en individuell rekommendation av din tandl\u00e4kare.<\/p>\n\n\t\t<\/div>\n\t<\/div>\n<\/div><\/div><\/div><\/div><div class=\"vc_row wpb_row vc_row-fluid\"><div class=\"wpb_column vc_column_container vc_col-sm-12\"><div class=\"vc_column-inner\"><div class=\"wpb_wrapper\"><h2 style=\"text-align: left;font-family:Abril Fatface;font-weight:400;font-style:normal\" class=\"vc_custom_heading vc_custom_1750670413642\" >FAQ innan du bokar ett bes\u00f6k hos en tandhygienist<\/h2><h2 style=\"text-align: left;font-family:Abril Fatface;font-weight:400;font-style:normal\" class=\"vc_custom_heading vc_custom_1750670003458\" >Tandimplantat<\/h2><div class=\"vc_tta-container\" data-vc-action=\"collapse\"><div class=\"vc_general vc_tta vc_tta-accordion vc_tta-color-grey vc_tta-style-classic vc_tta-shape-rounded vc_tta-o-shape-group vc_tta-controls-align-left\"><div class=\"vc_tta-panels-container\"><div class=\"vc_tta-panels\"><div class=\"vc_tta-panel\" id=\"1596090032001-03b1c0a4-2371\" data-vc-content=\".vc_tta-panel-body\"><div class=\"vc_tta-panel-heading\"><h4 class=\"vc_tta-panel-title vc_tta-controls-icon-position-left\"><a href=\"#1596090032001-03b1c0a4-2371\" data-vc-accordion data-vc-container=\".vc_tta-container\"><span class=\"vc_tta-title-text\">Hur mycket kostar det att g\u00e5 till en tandhygienist?<\/span><i class=\"vc_tta-controls-icon vc_tta-controls-icon-plus\"><\/i><\/a><\/h4><\/div><div class=\"vc_tta-panel-body\">\n\t<div class=\"wpb_text_column wpb_content_element \" >\n\t\t<div class=\"wpb_wrapper\">\n\t\t\t<p><span style=\"font-weight: 400;\">Priset f\u00f6r ett bes\u00f6k hos tandhygienist varierar beroende p\u00e5 omfattningen av behandlingen. Vid mer omfattande behandlingar eller st\u00f6dbehandling av tandlossning kan kostnaden bli n\u00e5got h\u00f6gre.<\/span><\/p>\n<p><span style=\"font-weight: 400;\">Se hela v\u00e5r prislista h\u00e4r: <a href=\"https:\/\/tandcity.se\/sv\/tandlakare-malmo-priser\/\">TandCitys priser<\/a><\/span><\/p>\n\n\t\t<\/div>\n\t<\/div>\n<\/div><\/div><div class=\"vc_tta-panel\" id=\"1596090032367-104d11fa-9483\" data-vc-content=\".vc_tta-panel-body\"><div class=\"vc_tta-panel-heading\"><h4 class=\"vc_tta-panel-title vc_tta-controls-icon-position-left\"><a href=\"#1596090032367-104d11fa-9483\" data-vc-accordion data-vc-container=\".vc_tta-container\"><span class=\"vc_tta-title-text\">G\u00f6r det ont att ta bort tandsten?<\/span><i class=\"vc_tta-controls-icon vc_tta-controls-icon-plus\"><\/i><\/a><\/h4><\/div><div class=\"vc_tta-panel-body\">\n\t<div class=\"wpb_text_column wpb_content_element \" >\n\t\t<div class=\"wpb_wrapper\">\n\t\t\t<p>Nej, f\u00f6r de flesta \u00e4r det helt sm\u00e4rtfritt. Om du har mycket tandsten eller k\u00e4nsligt tandk\u00f6tt kan det sp\u00e4nna lite, men det g\u00e5r snabbt \u00f6ver. Lokalbed\u00f6vning kan ges vid behov.<\/p>\n\n\t\t<\/div>\n\t<\/div>\n<\/div><\/div><div class=\"vc_tta-panel\" id=\"1750670356504-90f97161-3f42\" data-vc-content=\".vc_tta-panel-body\"><div class=\"vc_tta-panel-heading\"><h4 class=\"vc_tta-panel-title vc_tta-controls-icon-position-left\"><a href=\"#1750670356504-90f97161-3f42\" data-vc-accordion data-vc-container=\".vc_tta-container\"><span class=\"vc_tta-title-text\">\u00c4r bes\u00f6k hos tandhygienist viktigt \u00e4ven om jag inte har n\u00e5gra problem?<\/span><i class=\"vc_tta-controls-icon vc_tta-controls-icon-plus\"><\/i><\/a><\/h4><\/div><div class=\"vc_tta-panel-body\">\n\t<div class=\"wpb_text_column wpb_content_element \" >\n\t\t<div class=\"wpb_wrapper\">\n\t\t\t<p><span style=\"font-weight: 400;\">Absolut. Regelbundna bes\u00f6k hj\u00e4lper dig att f\u00f6rebygga framtida problem som karies och tandk\u00f6ttsinflammation innan de hinner bli kostsamma eller allvarliga.<\/span><\/p>\n\n\t\t<\/div>\n\t<\/div>\n<\/div><\/div><\/div><\/div><\/div><\/div><\/div><\/div><\/div><\/div><div class=\"vc_row wpb_row vc_row-fluid\"><div class=\"wpb_column vc_column_container vc_col-sm-12\"><div class=\"vc_column-inner\"><div class=\"wpb_wrapper\"><\/div><\/div><\/div><\/div>\n<\/div>","protected":false},"excerpt":{"rendered":"Tandhygienist i Malm\u00f6 V\u00e5ra legitimerade och erfarna tandhygienister hj\u00e4lper dig med en frisk munh\u00e4lsa och ett vackrare leende. P\u00e5 TandCity <a href=\"https:\/\/tandcity.se\/sv\/tandhygienist-malmo\/\" class=\"more-link\">\u2026 <span class=\"screen-reader-text\">  Tandhygienist<\/span><\/a>","protected":false},"author":7,"featured_media":0,"parent":0,"menu_order":0,"comment_status":"closed","ping_status":"closed","template":"","meta":{"footnotes":""},"class_list":["post-4445","page","type-page","status-publish"],"yoast_head":"<!-- This site is optimized with the Yoast SEO plugin v25.5 - https:\/\/yoast.com\/wordpress\/plugins\/seo\/ -->\n<title>Tandhygienist Malm\u00f6 | Trygg tandv\u00e5rd TandCity<\/title>\n<meta name=\"description\" content=\"V\u00e5ra legitimerade och erfarna tandhygienister hj\u00e4lper dig med en frisk och stabil munh\u00e4lsa. V\u00e4lkommen att boka in ett bes\u00f6k hos oss.\" \/>\n<meta name=\"robots\" content=\"index, follow, max-snippet:-1, max-image-preview:large, max-video-preview:-1\" \/>\n<link rel=\"canonical\" href=\"https:\/\/tandcity.se\/sv\/tandhygienist-malmo\/\" \/>\n<meta name=\"twitter:label1\" content=\"Ber\u00e4knad l\u00e4stid\" \/>\n\t<meta name=\"twitter:data1\" content=\"4 minuter\" \/>\n<!-- \/ Yoast SEO plugin. -->","yoast_head_json":{"title":"Tandhygienist Malm\u00f6 | Trygg tandv\u00e5rd TandCity","description":"V\u00e5ra legitimerade och erfarna tandhygienister hj\u00e4lper dig med en frisk och stabil munh\u00e4lsa. V\u00e4lkommen att boka in ett bes\u00f6k hos oss.","robots":{"index":"index","follow":"follow","max-snippet":"max-snippet:-1","max-image-preview":"max-image-preview:large","max-video-preview":"max-video-preview:-1"},"canonical":"https:\/\/tandcity.se\/sv\/tandhygienist-malmo\/","twitter_misc":{"Ber\u00e4knad l\u00e4stid":"4 minuter"},"schema":{"@context":"https:\/\/schema.org","@graph":[{"@type":"WebPage","@id":"https:\/\/tandcity.se\/en\/tandhygienist-malmo\/","url":"https:\/\/tandcity.se\/en\/tandhygienist-malmo\/","name":"Tandhygienist Malm\u00f6 | Trygg tandv\u00e5rd TandCity","isPartOf":{"@id":"https:\/\/tandcity.se\/sv\/#website"},"datePublished":"2025-06-25T12:46:06+00:00","dateModified":"2025-06-25T12:55:39+00:00","description":"V\u00e5ra legitimerade och erfarna tandhygienister hj\u00e4lper dig med en frisk och stabil munh\u00e4lsa. V\u00e4lkommen att boka in ett bes\u00f6k hos oss.","breadcrumb":{"@id":"https:\/\/tandcity.se\/en\/tandhygienist-malmo\/#breadcrumb"},"inLanguage":"sv-SE","potentialAction":[{"@type":"ReadAction","target":["https:\/\/tandcity.se\/en\/tandhygienist-malmo\/"]}]},{"@type":"BreadcrumbList","@id":"https:\/\/tandcity.se\/en\/tandhygienist-malmo\/#breadcrumb","itemListElement":[{"@type":"ListItem","position":1,"name":"Hjem","item":"https:\/\/tandcity.se\/en\/"},{"@type":"ListItem","position":2,"name":"Tandhygienist"}]},{"@type":"WebSite","@id":"https:\/\/tandcity.se\/sv\/#website","url":"https:\/\/tandcity.se\/sv\/","name":"TandCity Malm\u00f6","description":"","potentialAction":[{"@type":"SearchAction","target":{"@type":"EntryPoint","urlTemplate":"https:\/\/tandcity.se\/sv\/?s={search_term_string}"},"query-input":{"@type":"PropertyValueSpecification","valueRequired":true,"valueName":"search_term_string"}}],"inLanguage":"sv-SE"}]}},"_links":{"self":[{"href":"https:\/\/tandcity.se\/sv\/wp-json\/wp\/v2\/pages\/4445","targetHints":{"allow":["GET"]}}],"collection":[{"href":"https:\/\/tandcity.se\/sv\/wp-json\/wp\/v2\/pages"}],"about":[{"href":"https:\/\/tandcity.se\/sv\/wp-json\/wp\/v2\/types\/page"}],"author":[{"embeddable":true,"href":"https:\/\/tandcity.se\/sv\/wp-json\/wp\/v2\/users\/7"}],"replies":[{"embeddable":true,"href":"https:\/\/tandcity.se\/sv\/wp-json\/wp\/v2\/comments?post=4445"}],"version-history":[{"count":12,"href":"https:\/\/tandcity.se\/sv\/wp-json\/wp\/v2\/pages\/4445\/revisions"}],"predecessor-version":[{"id":4463,"href":"https:\/\/tandcity.se\/sv\/wp-json\/wp\/v2\/pages\/4445\/revisions\/4463"}],"wp:attachment":[{"href":"https:\/\/tandcity.se\/sv\/wp-json\/wp\/v2\/media?parent=4445"}],"curies":[{"name":"wp","href":"https:\/\/api.w.org\/{rel}","templated":true}]}}