{"id":4179,"date":"2023-03-17T11:23:25","date_gmt":"2023-03-17T10:23:25","guid":{"rendered":"https:\/\/tandcity.se\/?page_id=4179"},"modified":"2025-04-01T13:30:47","modified_gmt":"2025-04-01T11:30:47","slug":"sociala-medier","status":"publish","type":"page","link":"https:\/\/tandcity.se\/sv\/sociala-medier\/","title":{"rendered":"Sociala medier"},"content":{"rendered":"<div class=\"wpb-content-wrapper\"><div class=\"vc_row wpb_row vc_row-fluid vc_custom_1679168800986 vc_row-has-fill vc_row-o-full-height vc_row-o-columns-middle vc_row-o-equal-height vc_row-flex\"><div class=\"wpb_column vc_column_container vc_col-sm-12\"><div class=\"vc_column-inner\"><div class=\"wpb_wrapper\">\n\t<div class=\"wpb_text_column wpb_content_element \" >\n\t\t<div class=\"wpb_wrapper\">\n\t\t\t<h1>V\u00e4lkommen till v\u00e5ra sociala medier!<\/h1>\n\n\t\t<\/div>\n\t<\/div>\n<\/div><\/div><\/div><\/div><div class=\"vc_row wpb_row vc_row-fluid vc_custom_1679047692046\"><div class=\"wpb_column vc_column_container vc_col-sm-6\"><div class=\"vc_column-inner\"><div class=\"wpb_wrapper\">\n\t<div class=\"wpb_raw_code wpb_content_element wpb_raw_html\" >\n\t\t<div class=\"wpb_wrapper\">\n\t\t\t<a title=\"Facebook\" target=\"_blank\" class=\"facebook\" rel=\"nofollow\" href=\"https:\/\/www.facebook.com\/Tandcitymalmo\/\"><span><\/span><\/a>\n<a title=\"Instagram\" target=\"_blank\" class=\"instagram\" rel=\"nofollow\" href=\"https:\/\/www.instagram.com\/tandcity_malmo\/\"><span><\/span><\/a> \n<br \/><br \/>\n<\/br>\n\t\t<\/div>\n\t<\/div>\n<\/div><\/div><\/div><div class=\"wpb_column vc_column_container vc_col-sm-6\"><div class=\"vc_column-inner\"><div class=\"wpb_wrapper\">\n\t<div class=\"wpb_raw_code wpb_content_element wpb_raw_html\" >\n\t\t<div class=\"wpb_wrapper\">\n\t\t\t<div class=\"google-facebook-outer\">\n<div class=\"google custom-col\">\n\t<div class=\"custom-widget-left\">\n\t\t<img decoding=\"async\" src=\"http:\/\/tandcity.se\/wp-content\/uploads\/2019\/03\/google-malmo.jpg\" alt=\"google-image\" class=\"google-img\" \/>\n\t<\/div>\n\t<div class=\"custom-widget-right\">\n\t\t<div class=\"custom-widget-title google-widget-title\">\n\t\t\t<a href=\"https:\/\/www.google.com\/maps\/place\/TandCity+Tandl%C3%A4kare+i+Malm%C3%B6\/@55.607514,12.9972663,17z\/data=!3m1!4b1!4m5!3m4!1s0x4653a3fea73c1cf9:0xcb2add3396b4ba7!8m2!3d55.607514!4d12.999455\" class=\"g-heading\" target=\"_blank\" rel=\"noreferrer\">TandCity Malm\u00f6<\/a>\n\t\t<\/div>\n\t\t<div class=\"rating-point-outer\">\n\t\t\t<span class=\"rating-point google-ratings\">5.0<\/span>\n\t\t\t<span class=\"wp-google-stars\">\n\t\t\t\t<span class=\"wp-stars\">\n\t\t\t\t\t<span class=\"wp-star\">\n\t\t\t\t\t\t<svg xmlns=\"http:\/\/www.w3.org\/2000\/svg\" version=\"1.1\" width=\"17\" height=\"17\" viewBox=\"0 0 1792 1792\"><path d=\"M1728 647q0 22-26 48l-363 354 86 500q1 7 1 20 0 21-10.5 35.5t-30.5 14.5q-19 0-40-12l-449-236-449 236q-22 12-40 12-21 0-31.5-14.5t-10.5-35.5q0-6 2-20l86-500-364-354q-25-27-25-48 0-37 56-46l502-73 225-455q19-41 49-41t49 41l225 455 502 73q56 9 56 46z\" fill=\"#e7711b\"><\/path><\/svg>\n\t\t\t\t\t<\/span>\n\t\t\t\t\t<span class=\"wp-star\">\n\t\t\t\t\t\t<svg xmlns=\"http:\/\/www.w3.org\/2000\/svg\" version=\"1.1\" width=\"17\" height=\"17\" viewBox=\"0 0 1792 1792\"><path d=\"M1728 647q0 22-26 48l-363 354 86 500q1 7 1 20 0 21-10.5 35.5t-30.5 14.5q-19 0-40-12l-449-236-449 236q-22 12-40 12-21 0-31.5-14.5t-10.5-35.5q0-6 2-20l86-500-364-354q-25-27-25-48 0-37 56-46l502-73 225-455q19-41 49-41t49 41l225 455 502 73q56 9 56 46z\" fill=\"#e7711b\"><\/path><\/svg>\n\t\t\t\t\t<\/span>\n\t\t\t\t\t<span class=\"wp-star\">\n\t\t\t\t\t\t<svg xmlns=\"http:\/\/www.w3.org\/2000\/svg\" version=\"1.1\" width=\"17\" height=\"17\" viewBox=\"0 0 1792 1792\"><path d=\"M1728 647q0 22-26 48l-363 354 86 500q1 7 1 20 0 21-10.5 35.5t-30.5 14.5q-19 0-40-12l-449-236-449 236q-22 12-40 12-21 0-31.5-14.5t-10.5-35.5q0-6 2-20l86-500-364-354q-25-27-25-48 0-37 56-46l502-73 225-455q19-41 49-41t49 41l225 455 502 73q56 9 56 46z\" fill=\"#e7711b\"><\/path><\/svg>\n\t\t\t\t\t<\/span>\n\t\t\t\t\t<span class=\"wp-star\">\n\t\t\t\t\t\t<svg xmlns=\"http:\/\/www.w3.org\/2000\/svg\" version=\"1.1\" width=\"17\" height=\"17\" viewBox=\"0 0 1792 1792\"><path d=\"M1728 647q0 22-26 48l-363 354 86 500q1 7 1 20 0 21-10.5 35.5t-30.5 14.5q-19 0-40-12l-449-236-449 236q-22 12-40 12-21 0-31.5-14.5t-10.5-35.5q0-6 2-20l86-500-364-354q-25-27-25-48 0-37 56-46l502-73 225-455q19-41 49-41t49 41l225 455 502 73q56 9 56 46z\" fill=\"#e7711b\"><\/path><\/svg>\n\t\t\t\t\t<\/span>\n\t\t\t\t\t<span class=\"wp-star\">\n\t\t\t\t\t\t<svg xmlns=\"http:\/\/www.w3.org\/2000\/svg\" version=\"1.1\" width=\"17\" height=\"17\" viewBox=\"0 0 1792 1792\"><path d=\"M1728 647q0 22-26 48l-363 354 86 500q1 7 1 20 0 21-10.5 35.5t-30.5 14.5q-19 0-40-12l-449-236-449 236q-22 12-40 12-21 0-31.5-14.5t-10.5-35.5q0-6 2-20l86-500-364-354q-25-27-25-48 0-37 56-46l502-73 225-455q19-41 49-41t49 41l225 455 502 73q56 9 56 46z\" fill=\"#e7711b\"><\/path><\/svg>\n\t\t\t\t\t<\/span>\n\t\t\t\t<\/span>\n\t\t\t<\/span>\n\t\t<\/div>\n\t\t<div class=\"wp-google-powered\">\n\t\t\t<img decoding=\"async\" src=\"http:\/\/tandcity.se\/wp-content\/uploads\/2019\/01\/powered_by_google_on_white.png\" alt=\"powered by Google\">\n\t\t<\/div>\n\t<\/div>\n<\/div>\n\n\t\t<\/div>\n\t<\/div>\n<\/div><\/div><\/div><\/div><div class=\"vc_row wpb_row vc_row-fluid\"><div class=\"wpb_column vc_column_container vc_col-sm-6\"><div class=\"vc_column-inner\"><div class=\"wpb_wrapper\">\n\t<div class=\"wpb_raw_code wpb_content_element wpb_raw_html\" >\n\t\t<div class=\"wpb_wrapper\">\n\t\t\t<div class=\"facebook custom-col\">\n\t<div class=\"custom-widget-left\">\n\t\t<img decoding=\"async\" src=\"http:\/\/tandcity.se\/wp-content\/uploads\/2019\/01\/facebook-malmo.jpg\" alt=\"TandCity\" class=\"facebook-img\" \/>\n\t<\/div>\n\t<div class=\"custom-widget-right\">\n\t\t<div class=\"custom-widget-title facebook-widget-title\">\n\t\t\t<a href=\"https:\/\/www.facebook.com\/Tandcitymalmo\/\" class=\"fb-heading\" target=\"_blank\" rel=\"noreferrer\">TandCity Malm\u00f6<\/a>\n\t\t<\/div>\n\t\t<div class=\"rating-point-outer\">\n\t\t\t<span class=\"rating-point facebook-ratings\">4.9<\/span>\n\t\t\t<span class=\"wp-facebook-stars\">\n\t\t\t\t<span class=\"wp-stars\">\n\t\t\t\t\t<span class=\"wp-star\">\n\t\t\t\t\t\t<svg xmlns=\"http:\/\/www.w3.org\/2000\/svg\" version=\"1.1\" width=\"17\" height=\"17\" viewBox=\"0 0 1792 1792\"><path d=\"M1728 647q0 22-26 48l-363 354 86 500q1 7 1 20 0 21-10.5 35.5t-30.5 14.5q-19 0-40-12l-449-236-449 236q-22 12-40 12-21 0-31.5-14.5t-10.5-35.5q0-6 2-20l86-500-364-354q-25-27-25-48 0-37 56-46l502-73 225-455q19-41 49-41t49 41l225 455 502 73q56 9 56 46z\" fill=\"#4080ff\"><\/path><\/svg>\n\t\t\t\t\t<\/span>\n\t\t\t\t\t<span class=\"wp-star\">\n\t\t\t\t\t\t<svg xmlns=\"http:\/\/www.w3.org\/2000\/svg\" version=\"1.1\" width=\"17\" height=\"17\" viewBox=\"0 0 1792 1792\"><path d=\"M1728 647q0 22-26 48l-363 354 86 500q1 7 1 20 0 21-10.5 35.5t-30.5 14.5q-19 0-40-12l-449-236-449 236q-22 12-40 12-21 0-31.5-14.5t-10.5-35.5q0-6 2-20l86-500-364-354q-25-27-25-48 0-37 56-46l502-73 225-455q19-41 49-41t49 41l225 455 502 73q56 9 56 46z\" fill=\"#4080ff\"><\/path><\/svg>\n\t\t\t\t\t<\/span>\n\t\t\t\t\t<span class=\"wp-star\">\n\t\t\t\t\t\t<svg xmlns=\"http:\/\/www.w3.org\/2000\/svg\" version=\"1.1\" width=\"17\" height=\"17\" viewBox=\"0 0 1792 1792\"><path d=\"M1728 647q0 22-26 48l-363 354 86 500q1 7 1 20 0 21-10.5 35.5t-30.5 14.5q-19 0-40-12l-449-236-449 236q-22 12-40 12-21 0-31.5-14.5t-10.5-35.5q0-6 2-20l86-500-364-354q-25-27-25-48 0-37 56-46l502-73 225-455q19-41 49-41t49 41l225 455 502 73q56 9 56 46z\" fill=\"#4080ff\"><\/path><\/svg>\n\t\t\t\t\t<\/span>\n\t\t\t\t\t<span class=\"wp-star\">\n\t\t\t\t\t\t<svg xmlns=\"http:\/\/www.w3.org\/2000\/svg\" version=\"1.1\" width=\"17\" height=\"17\" viewBox=\"0 0 1792 1792\"><path d=\"M1728 647q0 22-26 48l-363 354 86 500q1 7 1 20 0 21-10.5 35.5t-30.5 14.5q-19 0-40-12l-449-236-449 236q-22 12-40 12-21 0-31.5-14.5t-10.5-35.5q0-6 2-20l86-500-364-354q-25-27-25-48 0-37 56-46l502-73 225-455q19-41 49-41t49 41l225 455 502 73q56 9 56 46z\" fill=\"#4080ff\"><\/path><\/svg>\n\t\t\t\t\t<\/span>\n\t\t\t\t\t<span class=\"wp-star\">\n\t\t\t\t\t\t<svg xmlns=\"http:\/\/www.w3.org\/2000\/svg\" version=\"1.1\" width=\"17\" height=\"17\" viewBox=\"0 0 1792 1792\"><path d=\"M1250 957l257-250-356-52-66-10-30-60-159-322v963l59 31 318 168-60-355-12-66zm452-262l-363 354 86 500q5 33-6 51.5t-34 18.5q-17 0-40-12l-449-236-449 236q-23 12-40 12-23 0-34-18.5t-6-51.5l86-500-364-354q-32-32-23-59.5t54-34.5l502-73 225-455q20-41 49-41 28 0 49 41l225 455 502 73q45 7 54 34.5t-24 59.5z\" fill=\"#4080ff\"><\/path><\/svg>\n\t\t\t\t\t<\/span>\n\t\t\t\t<\/span>\n\t\t\t<\/span>\n\t\t<\/div>\n\t\t<div class=\"wp-facebook-powered\">powered by <span>Facebook<\/span><\/div>\n\t<\/div>\n<\/div>\n<\/div>\n\t\t<\/div>\n\t<\/div>\n<\/div><\/div><\/div><div class=\"wpb_column vc_column_container vc_col-sm-6\"><div class=\"vc_column-inner\"><div class=\"wpb_wrapper\">\n\t<div class=\"wpb_raw_code wpb_content_element wpb_raw_html\" >\n\t\t<div class=\"wpb_wrapper\">\n\t\t\t<div id=\"tp-widget-wrapper\" class=\"tp-widget-wrapper visible\">\n    <a id=\"evaluateUrl\" target=\"_blank\" class=\"button\" href=\"https:\/\/se.trustpilot.com\/evaluate\/tandcity.se?utm_medium=trustbox&amp;utm_source=TrustBoxReviewCollector\" rel=\"noreferrer\">\n      <img decoding=\"async\" src=\"http:\/\/tandcity.se\/wp-content\/uploads\/2019\/01\/trustpilot-widget-image.png\" alt=\"Trust Pilot\"\/>\n    <\/a>\n<\/div>\n\t\t<\/div>\n\t<\/div>\n<\/div><\/div><\/div><\/div><div class=\"vc_row wpb_row vc_row-fluid\"><div class=\"wpb_column vc_column_container vc_col-sm-12\"><div class=\"vc_column-inner\"><div class=\"wpb_wrapper\">\n\t<div class=\"wpb_text_column wpb_content_element \" >\n\t\t<div class=\"wpb_wrapper\">\n\t\t\t<div class=\"flex-1 overflow-hidden\">\n<div class=\"react-scroll-to-bottom--css-ksxgw-79elbk h-full dark:bg-gray-800\">\n<div class=\"react-scroll-to-bottom--css-ksxgw-1n7m0yu\">\n<div class=\"flex flex-col items-center text-sm dark:bg-gray-800\">\n<div class=\"group w-full text-gray-800 dark:text-gray-100 border-b border-black\/10 dark:border-gray-900\/50 bg-gray-50 dark:bg-&#091;#444654&#093;\">\n<div class=\"text-base gap-4 md:gap-6 md:max-w-2xl lg:max-w-2xl xl:max-w-3xl p-4 md:py-6 flex lg:px-0 m-auto\">\n<div class=\"relative flex w-&#091;calc(100%-50px)&#093; flex-col gap-1 md:gap-3 lg:w-&#091;calc(100%-115px)&#093;\">\n<div class=\"flex flex-grow flex-col gap-3\">\n<div class=\"min-h-&#091;20px&#093; flex flex-col items-start gap-4 whitespace-pre-wrap\">\n<div class=\"markdown prose w-full break-words dark:prose-invert light\">\n<p>V\u00e4lkommen till <a href=\"https:\/\/tandcity.se\/sv\/\">TandCity Malm\u00f6<\/a> \u2013 din tandl\u00e4kare i centrala Malm\u00f6! Vi erbjuder en m\u00e4ngd olika tandv\u00e5rdstj\u00e4nster, inklusive <a href=\"https:\/\/tandcity.se\/sv\/tandimplantat-malmo\/\">tandimplantat<\/a>, <a href=\"https:\/\/tandcity.se\/sv\/blekning-pa-kliniken\/\">tandblekning<\/a>, <a href=\"https:\/\/tandcity.se\/sv\/tandrengoring-malmo\/\">tandstensborttagning<\/a> och mycket mer. Vi \u00e4r stolta \u00f6ver att ha erfarna tandl\u00e4kare och tandhygienister som arbetar tillsammans f\u00f6r att ge v\u00e5ra patienter den b\u00e4sta m\u00f6jliga v\u00e5rden.<\/p>\n<p>Vi vet att det kan vara sv\u00e5rt att hitta en tandl\u00e4kare som passar just dig, men p\u00e5 TandCity Malm\u00f6 str\u00e4var vi efter att ge dig den personliga och professionella upplevelsen du f\u00f6rtj\u00e4nar. Vi tar oss tid att lyssna p\u00e5 dina behov och \u00f6nskem\u00e5l, och arbetar sedan tillsammans med dig f\u00f6r att hitta den b\u00e4sta l\u00f6sningen f\u00f6r din munh\u00e4lsa.<\/p>\n<p>P\u00e5 v\u00e5ra undersider f\u00f6r sociala medier kommer vi att dela med oss av anv\u00e4ndbara tandv\u00e5rdstips och information om v\u00e5ra tj\u00e4nster. Vi kommer ocks\u00e5 att informera om specialerbjudanden och evenemang som r\u00f6r TandCity Malm\u00f6. F\u00f6lj oss p\u00e5 sociala medier f\u00f6r att h\u00e5lla dig uppdaterad!<\/p>\n<p>Klicka p\u00e5 ikonerna f\u00f6r att komma till vald social media.<\/p>\n<p>Tack f\u00f6r att du valt TandCity Malm\u00f6 som din tandl\u00e4kare \u2013 vi ser fram emot att ta hand om din munh\u00e4lsa!<\/p>\n<\/div>\n<\/div>\n<\/div>\n<\/div>\n<\/div>\n<\/div>\n<\/div>\n<p>&nbsp;<\/p>\n<\/div>\n<\/div>\n<\/div>\n\n\t\t<\/div>\n\t<\/div>\n<\/div><\/div><\/div><\/div><div class=\"vc_row wpb_row vc_row-fluid\"><div class=\"wpb_column vc_column_container vc_col-sm-12\"><div class=\"vc_column-inner\"><div class=\"wpb_wrapper\">\n\t<div  class=\"wpb_single_image wpb_content_element vc_align_left\">\n\t\t\n\t\t<figure class=\"wpb_wrapper vc_figure\">\n\t\t\t<div class=\"vc_single_image-wrapper   vc_box_border_grey\"><img loading=\"lazy\" decoding=\"async\" width=\"300\" height=\"73\" src=\"https:\/\/tandcity.se\/wp-content\/uploads\/2017\/10\/TandCity_Logo.png\" class=\"vc_single_image-img attachment-full\" alt=\"TandCity Malm\u00f6 logotyp - en stiliserad tand med texten &#039;TandCity&#039; bredvid\" title=\"F\u00e5 ett h\u00e4lsosamt leende med TandCity Malm\u00f6 - Tandv\u00e5rdstips och specialerbjudanden\" \/><\/div>\n\t\t<\/figure>\n\t<\/div>\n<\/div><\/div><\/div><\/div>\n<\/div>","protected":false},"excerpt":{"rendered":"V\u00e4lkommen till v\u00e5ra sociala medier! TandCity Malm\u00f6 5.0 TandCity Malm\u00f6 4.9 powered by Facebook V\u00e4lkommen till TandCity Malm\u00f6 \u2013 din <a href=\"https:\/\/tandcity.se\/sv\/sociala-medier\/\" class=\"more-link\">\u2026 <span class=\"screen-reader-text\">  Sociala medier<\/span><\/a>","protected":false},"author":7,"featured_media":0,"parent":0,"menu_order":0,"comment_status":"closed","ping_status":"closed","template":"","meta":{"footnotes":""},"class_list":["post-4179","page","type-page","status-publish"],"yoast_head":"<!-- This site is optimized with the Yoast SEO plugin v25.5 - https:\/\/yoast.com\/wordpress\/plugins\/seo\/ -->\n<title>Sociala medier, f\u00f6lj oss p\u00e5 Instagram &amp; Facebook | TandCity Malm\u00f6<\/title>\n<meta name=\"description\" content=\"F\u00f6lj oss p\u00e5 v\u00e5ra sociala medier p\u00e5 Instagram &amp; Facebook. L\u00e4s mer p\u00e5 TandCity.se.\" \/>\n<meta name=\"robots\" content=\"index, follow, max-snippet:-1, max-image-preview:large, max-video-preview:-1\" \/>\n<link rel=\"canonical\" href=\"https:\/\/tandcity.se\/sv\/sociala-medier\/\" \/>\n<meta name=\"twitter:label1\" content=\"Ber\u00e4knad l\u00e4stid\" \/>\n\t<meta name=\"twitter:data1\" content=\"2 minuter\" \/>\n<!-- \/ Yoast SEO plugin. -->","yoast_head_json":{"title":"Sociala medier, f\u00f6lj oss p\u00e5 Instagram & Facebook | TandCity Malm\u00f6","description":"F\u00f6lj oss p\u00e5 v\u00e5ra sociala medier p\u00e5 Instagram & Facebook. L\u00e4s mer p\u00e5 TandCity.se.","robots":{"index":"index","follow":"follow","max-snippet":"max-snippet:-1","max-image-preview":"max-image-preview:large","max-video-preview":"max-video-preview:-1"},"canonical":"https:\/\/tandcity.se\/sv\/sociala-medier\/","twitter_misc":{"Ber\u00e4knad l\u00e4stid":"2 minuter"},"schema":{"@context":"https:\/\/schema.org","@graph":[{"@type":"WebPage","@id":"https:\/\/tandcity.se\/en\/sociala-medier\/","url":"https:\/\/tandcity.se\/en\/sociala-medier\/","name":"Sociala medier, f\u00f6lj oss p\u00e5 Instagram & Facebook | TandCity Malm\u00f6","isPartOf":{"@id":"https:\/\/tandcity.se\/sv\/#website"},"datePublished":"2023-03-17T10:23:25+00:00","dateModified":"2025-04-01T11:30:47+00:00","description":"F\u00f6lj oss p\u00e5 v\u00e5ra sociala medier p\u00e5 Instagram & Facebook. L\u00e4s mer p\u00e5 TandCity.se.","breadcrumb":{"@id":"https:\/\/tandcity.se\/en\/sociala-medier\/#breadcrumb"},"inLanguage":"sv-SE","potentialAction":[{"@type":"ReadAction","target":["https:\/\/tandcity.se\/en\/sociala-medier\/"]}]},{"@type":"BreadcrumbList","@id":"https:\/\/tandcity.se\/en\/sociala-medier\/#breadcrumb","itemListElement":[{"@type":"ListItem","position":1,"name":"Hjem","item":"https:\/\/tandcity.se\/en\/"},{"@type":"ListItem","position":2,"name":"Sociala medier"}]},{"@type":"WebSite","@id":"https:\/\/tandcity.se\/sv\/#website","url":"https:\/\/tandcity.se\/sv\/","name":"TandCity Malm\u00f6","description":"","potentialAction":[{"@type":"SearchAction","target":{"@type":"EntryPoint","urlTemplate":"https:\/\/tandcity.se\/sv\/?s={search_term_string}"},"query-input":{"@type":"PropertyValueSpecification","valueRequired":true,"valueName":"search_term_string"}}],"inLanguage":"sv-SE"}]}},"_links":{"self":[{"href":"https:\/\/tandcity.se\/sv\/wp-json\/wp\/v2\/pages\/4179","targetHints":{"allow":["GET"]}}],"collection":[{"href":"https:\/\/tandcity.se\/sv\/wp-json\/wp\/v2\/pages"}],"about":[{"href":"https:\/\/tandcity.se\/sv\/wp-json\/wp\/v2\/types\/page"}],"author":[{"embeddable":true,"href":"https:\/\/tandcity.se\/sv\/wp-json\/wp\/v2\/users\/7"}],"replies":[{"embeddable":true,"href":"https:\/\/tandcity.se\/sv\/wp-json\/wp\/v2\/comments?post=4179"}],"version-history":[{"count":17,"href":"https:\/\/tandcity.se\/sv\/wp-json\/wp\/v2\/pages\/4179\/revisions"}],"predecessor-version":[{"id":4443,"href":"https:\/\/tandcity.se\/sv\/wp-json\/wp\/v2\/pages\/4179\/revisions\/4443"}],"wp:attachment":[{"href":"https:\/\/tandcity.se\/sv\/wp-json\/wp\/v2\/media?parent=4179"}],"curies":[{"name":"wp","href":"https:\/\/api.w.org\/{rel}","templated":true}]}}