{"id":3750,"date":"2022-06-12T11:19:45","date_gmt":"2022-06-12T09:19:45","guid":{"rendered":"http:\/\/tandcity.se\/sv\/?page_id=3750"},"modified":"2025-06-25T14:56:58","modified_gmt":"2025-06-25T12:56:58","slug":"din-tandlakare-malmo","status":"publish","type":"page","link":"https:\/\/tandcity.se\/sv\/din-tandlakare-malmo\/","title":{"rendered":"Din tandl\u00e4kare i Malm\u00f6"},"content":{"rendered":"<div class=\"wpb-content-wrapper\"><div class=\"vc_row wpb_row vc_row-fluid vc_custom_1677164528052\"><div class=\"wpb_column vc_column_container vc_col-sm-12\"><div class=\"vc_column-inner\"><div class=\"wpb_wrapper\">\n\t<div class=\"wpb_text_column wpb_content_element \" >\n\t\t<div class=\"wpb_wrapper\">\n\t\t\t<p style=\"text-align: center;\"><!--more--><\/p>\n<h1 style=\"text-align: left;\"><\/h1>\n<h1 style=\"text-align: left;\">Din Tandl\u00e4kare i Malm\u00f6 &#8211; TandCity Malm\u00f6<\/h1>\n<h2 style=\"text-align: left;\">S\u00f6ker du en skicklig <a href=\"https:\/\/tandcity.se\/sv\/\">tandl\u00e4kare i Malm\u00f6<\/a> som erbjuder god service och h\u00f6gsta kvalitet? TandCity Malm\u00f6 \u00e4r den r\u00e4tta platsen f\u00f6r dig! Vi \u00e4r en modern klinik med fokus p\u00e5 att erbjuda den b\u00e4sta tandv\u00e5rden f\u00f6r v\u00e5ra patienter. Att ta hand om sina t\u00e4nder \u00e4r otroligt viktigt, och hos oss f\u00e5r du all den tandv\u00e5rd du beh\u00f6ver.<\/h2>\n<p style=\"text-align: left;\">Vi erbjuder ett brett spektrum av tandv\u00e5rdstj\u00e4nster, inklusive unders\u00f6kningar, <a href=\"https:\/\/tandcity.se\/sv\/narkostandvard-malmo\/\">tandbehandlingar under narkos<\/a>, <a href=\"https:\/\/tandcity.se\/sv\/porslinsfasader-malmo\/\">estetisk tandv\u00e5rd<\/a>, <a href=\"https:\/\/tandcity.se\/sv\/tandimplantat-malmo\/\">tandimplantat<\/a> och <a href=\"https:\/\/tandcity.se\/sv\/invisalign\/\">tandreguleringar<\/a>. V\u00e5ra duktiga tandl\u00e4kare, <a href=\"https:\/\/tandcity.se\/sv\/tandhygienist-malmo\/\">tandhygienister<\/a> och experter str\u00e4var alltid efter att ge dig den b\u00e4sta m\u00f6jliga upplevelsen. Vi har ljusa, fr\u00e4scha och moderna lokaler p\u00e5 en central plats, mitt emot Malm\u00f6 Centralstation.<\/p>\n<p style=\"text-align: left;\">Transparens och tillg\u00e4nglighet \u00e4r viktiga aspekter n\u00e4r det g\u00e4ller all v\u00e5rd. Vi \u00e4r stolta \u00f6ver v\u00e5ra gener\u00f6sa \u00f6ppettider och h\u00f6ga tillg\u00e4nglighet. Du kan r\u00e4kna med ett trevligt bem\u00f6tande fr\u00e5n v\u00e5rt team vid varje bes\u00f6k. Vi hj\u00e4lper dig med prisinformation f\u00f6r olika behandlingar, och vi g\u00e5r tillsammans igenom dina behandlingsalternativ och ger kostnadsf\u00f6rslag. Vi \u00e4r anslutna till F\u00f6rs\u00e4kringskassan och hj\u00e4lper dig att utnyttja ditt allm\u00e4nna tandv\u00e5rdsbidrag. Vi erbjuder \u00e4ven r\u00e4ntefri avbetalning via Resursbank och Fortus f\u00f6r anpassade avbetalningsl\u00f6sningar.<\/p>\n<p style=\"text-align: left;\">V\u00e4lkommen att bes\u00f6ka oss p\u00e5 Hamngatan 1, mitt emot Malm\u00f6 Centralstation. Du kan enkelt kontakta oss via telefon, mejl eller via v\u00e5rt kontaktformul\u00e4r p\u00e5 hemsidan. Du kan \u00e4ven <a href=\"https:\/\/tandcity.se\/sv\/boka-tid-online\/\">boka din tid online<\/a>. Vi ser fram emot att ta hand om dina tandh\u00e4lsabehov! TandCity Malm\u00f6 &#8211; Ditt f\u00f6rstahandsval av tandl\u00e4kare i Malm\u00f6!<\/p>\n<div id=\"attachment_3538\" style=\"width: 310px\" class=\"wp-caption alignleft\"><img loading=\"lazy\" decoding=\"async\" aria-describedby=\"caption-attachment-3538\" class=\"wp-image-3538 size-medium\" title=\"Din tandl\u00e4kare Malm\u00f6\" src=\"https:\/\/tandcity.se\/wp-content\/uploads\/2017\/08\/IMG_5091-300x200.jpg\" alt=\"\" width=\"300\" height=\"200\" srcset=\"https:\/\/tandcity.se\/wp-content\/uploads\/2017\/08\/IMG_5091-300x200.jpg 300w, https:\/\/tandcity.se\/wp-content\/uploads\/2017\/08\/IMG_5091.jpg 768w, https:\/\/tandcity.se\/wp-content\/uploads\/2017\/08\/IMG_5091-272x182.jpg 272w\" sizes=\"auto, (max-width: 300px) 100vw, 300px\" \/><p id=\"caption-attachment-3538\" class=\"wp-caption-text\">Grundarna av TandCity Malm\u00f6, Alexander och Sofie \u00e4r stolta \u00f6ver att erbjuda den b\u00e4sta tandv\u00e5rden i Malm\u00f6.<\/p><\/div>\n<p>&nbsp;<\/p>\n\n\t\t<\/div>\n\t<\/div>\n<\/div><\/div><\/div><\/div><div class=\"vc_row wpb_row vc_row-fluid\"><div class=\"wpb_column vc_column_container vc_col-sm-12\"><div class=\"vc_column-inner\"><div class=\"wpb_wrapper\">\n\t<div class=\"wpb_text_column wpb_content_element \" >\n\t\t<div class=\"wpb_wrapper\">\n\t\t\t\n\t\t<\/div>\n\t<\/div>\n<\/div><\/div><\/div><\/div>\n<\/div>","protected":false},"excerpt":{"rendered":"Din Tandl\u00e4kare i Malm\u00f6 - TandCity Malm\u00f6 S\u00f6ker du en skicklig tandl\u00e4kare i Malm\u00f6 som erbjuder god service och h\u00f6gsta <a href=\"https:\/\/tandcity.se\/sv\/din-tandlakare-malmo\/\" class=\"more-link\">\u2026 <span class=\"screen-reader-text\">  Din tandl\u00e4kare i Malm\u00f6<\/span><\/a>","protected":false},"author":7,"featured_media":0,"parent":0,"menu_order":0,"comment_status":"closed","ping_status":"closed","template":"","meta":{"footnotes":""},"class_list":["post-3750","page","type-page","status-publish"],"yoast_head":"<!-- This site is optimized with the Yoast SEO plugin v25.5 - https:\/\/yoast.com\/wordpress\/plugins\/seo\/ -->\n<title>Din tandl\u00e4kare i Malm\u00f6 - Din v\u00e4g till ett vackert leende | TandCity<\/title>\n<meta name=\"description\" content=\"Bes\u00f6k TandCity, din tandl\u00e4kare i Malm\u00f6. Vi erbjuder ett brett utbud av tandv\u00e5rdstj\u00e4nster, unders\u00f6kningar, tandbehandlingar &amp; estetisk tandv\u00e5rd. Boka tid idag.\" \/>\n<meta name=\"robots\" content=\"index, follow, max-snippet:-1, max-image-preview:large, max-video-preview:-1\" \/>\n<link rel=\"canonical\" href=\"https:\/\/tandcity.se\/sv\/din-tandlakare-malmo\/\" \/>\n<meta name=\"twitter:label1\" content=\"Ber\u00e4knad l\u00e4stid\" \/>\n\t<meta name=\"twitter:data1\" content=\"2 minuter\" \/>\n<!-- \/ Yoast SEO plugin. -->","yoast_head_json":{"title":"Din tandl\u00e4kare i Malm\u00f6 - Din v\u00e4g till ett vackert leende | TandCity","description":"Bes\u00f6k TandCity, din tandl\u00e4kare i Malm\u00f6. Vi erbjuder ett brett utbud av tandv\u00e5rdstj\u00e4nster, unders\u00f6kningar, tandbehandlingar & estetisk tandv\u00e5rd. Boka tid idag.","robots":{"index":"index","follow":"follow","max-snippet":"max-snippet:-1","max-image-preview":"max-image-preview:large","max-video-preview":"max-video-preview:-1"},"canonical":"https:\/\/tandcity.se\/sv\/din-tandlakare-malmo\/","twitter_misc":{"Ber\u00e4knad l\u00e4stid":"2 minuter"},"schema":{"@context":"https:\/\/schema.org","@graph":[{"@type":"WebPage","@id":"https:\/\/tandcity.se\/en\/your-dentist-malmo\/","url":"https:\/\/tandcity.se\/en\/your-dentist-malmo\/","name":"Din tandl\u00e4kare i Malm\u00f6 - Din v\u00e4g till ett vackert leende | TandCity","isPartOf":{"@id":"https:\/\/tandcity.se\/sv\/#website"},"primaryImageOfPage":{"@id":"https:\/\/tandcity.se\/en\/your-dentist-malmo\/#primaryimage"},"image":{"@id":"https:\/\/tandcity.se\/en\/your-dentist-malmo\/#primaryimage"},"thumbnailUrl":"https:\/\/tandcity.se\/wp-content\/uploads\/2017\/08\/IMG_5091-300x200.jpg","datePublished":"2022-06-12T09:19:45+00:00","dateModified":"2025-06-25T12:56:58+00:00","description":"Bes\u00f6k TandCity, din tandl\u00e4kare i Malm\u00f6. Vi erbjuder ett brett utbud av tandv\u00e5rdstj\u00e4nster, unders\u00f6kningar, tandbehandlingar & estetisk tandv\u00e5rd. Boka tid idag.","breadcrumb":{"@id":"https:\/\/tandcity.se\/en\/your-dentist-malmo\/#breadcrumb"},"inLanguage":"sv-SE","potentialAction":[{"@type":"ReadAction","target":["https:\/\/tandcity.se\/en\/your-dentist-malmo\/"]}]},{"@type":"ImageObject","inLanguage":"sv-SE","@id":"https:\/\/tandcity.se\/en\/your-dentist-malmo\/#primaryimage","url":"https:\/\/tandcity.se\/wp-content\/uploads\/2017\/08\/IMG_5091-300x200.jpg","contentUrl":"https:\/\/tandcity.se\/wp-content\/uploads\/2017\/08\/IMG_5091-300x200.jpg"},{"@type":"BreadcrumbList","@id":"https:\/\/tandcity.se\/en\/your-dentist-malmo\/#breadcrumb","itemListElement":[{"@type":"ListItem","position":1,"name":"Hjem","item":"https:\/\/tandcity.se\/en\/"},{"@type":"ListItem","position":2,"name":"Din tandl\u00e4kare i Malm\u00f6"}]},{"@type":"WebSite","@id":"https:\/\/tandcity.se\/sv\/#website","url":"https:\/\/tandcity.se\/sv\/","name":"TandCity Malm\u00f6","description":"","potentialAction":[{"@type":"SearchAction","target":{"@type":"EntryPoint","urlTemplate":"https:\/\/tandcity.se\/sv\/?s={search_term_string}"},"query-input":{"@type":"PropertyValueSpecification","valueRequired":true,"valueName":"search_term_string"}}],"inLanguage":"sv-SE"}]}},"_links":{"self":[{"href":"https:\/\/tandcity.se\/sv\/wp-json\/wp\/v2\/pages\/3750","targetHints":{"allow":["GET"]}}],"collection":[{"href":"https:\/\/tandcity.se\/sv\/wp-json\/wp\/v2\/pages"}],"about":[{"href":"https:\/\/tandcity.se\/sv\/wp-json\/wp\/v2\/types\/page"}],"author":[{"embeddable":true,"href":"https:\/\/tandcity.se\/sv\/wp-json\/wp\/v2\/users\/7"}],"replies":[{"embeddable":true,"href":"https:\/\/tandcity.se\/sv\/wp-json\/wp\/v2\/comments?post=3750"}],"version-history":[{"count":35,"href":"https:\/\/tandcity.se\/sv\/wp-json\/wp\/v2\/pages\/3750\/revisions"}],"predecessor-version":[{"id":4464,"href":"https:\/\/tandcity.se\/sv\/wp-json\/wp\/v2\/pages\/3750\/revisions\/4464"}],"wp:attachment":[{"href":"https:\/\/tandcity.se\/sv\/wp-json\/wp\/v2\/media?parent=3750"}],"curies":[{"name":"wp","href":"https:\/\/api.w.org\/{rel}","templated":true}]}}