{"id":28,"date":"2016-10-18T08:50:27","date_gmt":"2016-10-18T06:50:27","guid":{"rendered":"https:\/\/tandcity2.wpengine.com\/?page_id=28"},"modified":"2024-01-29T10:05:50","modified_gmt":"2024-01-29T09:05:50","slug":"blekning-pa-kliniken","status":"publish","type":"page","link":"https:\/\/tandcity.se\/sv\/blekning-pa-kliniken\/","title":{"rendered":"Tandblekning"},"content":{"rendered":"<div class=\"wpb-content-wrapper\"><div data-vc-full-width=\"true\" data-vc-full-width-init=\"false\" data-vc-stretch-content=\"true\" class=\"vc_row wpb_row vc_row-fluid fullwidth coverimage vc_custom_1494504816016 vc_row-has-fill\"><div class=\"wpb_column vc_column_container vc_col-sm-12\"><div class=\"vc_column-inner\"><div class=\"wpb_wrapper\"><\/div><\/div><\/div><\/div><div class=\"vc_row-full-width vc_clearfix\"><\/div><div class=\"vc_row wpb_row vc_row-fluid\"><div class=\"wpb_column vc_column_container vc_col-sm-12\"><div class=\"vc_column-inner\"><div class=\"wpb_wrapper\">\n\t<div class=\"wpb_text_column wpb_content_element  introtext\" >\n\t\t<div class=\"wpb_wrapper\">\n\t\t\t<h1>Tandblekning i Malm\u00f6 \u2013 f\u00f6r ett snyggt leende<\/h1>\n<p><em>Med ett vackert leende ser man\u00a0mer vital ut och f\u00e5r indirekt ett b\u00e4ttre sj\u00e4lvf\u00f6rtroende. Med professionell tandblekning blir t\u00e4nderna synbart ljusare. Behandlingen kan g\u00f6ras hemma eller direkt hos oss p\u00e5 TandCity i Malm\u00f6.<\/em><\/p>\n\n\t\t<\/div>\n\t<\/div>\n\n\t<div class=\"wpb_text_column wpb_content_element \" >\n\t\t<div class=\"wpb_wrapper\">\n\t\t\t<h2>Tandblekning hemma eller p\u00e5 TandCity<\/h2>\n<p>Alla personer har fr\u00e5n f\u00f6dseln sin egen individuella f\u00e4rgnyans p\u00e5 sin tandemalj. Detta \u00e4r genetiskt betingat och p\u00e5verkar delvis t\u00e4nderna vid utv\u00e4xten. Det st\u00f6rsta problemet \u00e4r dock missf\u00e4rgningar som uppst\u00e5r n\u00e4r t\u00e4nderna uts\u00e4tts f\u00f6r \u00e4mnen med f\u00e4rgp\u00e5verkande effekt. Ocks\u00e5 olika matprodukter och drycker, liksom r\u00f6kning, kan ge upphov till missf\u00e4rgningar.<\/p>\n<p>Plack och tandsten g\u00e5r att f\u00e5 bort vid en tandrensning, men en del av missf\u00e4rgningen kan ha g\u00e5tt in i emaljen och f\u00f6rsvinner inte med en enkel tandrensning.\u00a0Inom medicinsk tandv\u00e5rd anv\u00e4nds sedan slutet av 80-talet olika tandblekningsmetoder f\u00f6r att \u00e5stadkomma b\u00e4sta m\u00f6jliga tandf\u00e4rger.<\/p>\n<p>P\u00e5\u00a0TandCity i Malm\u00f6 erbjuder vi tv\u00e5 olika sorters blekningsmetoder: Hemblekning eller tandblekning p\u00e5 kliniken. Vi anv\u00e4nder Opalescence och Zoom\u00a0Philips, som \u00e4r de st\u00f6rsta och mest k\u00e4nda firmorna f\u00f6r blekningsprodukter.<\/p>\n\n\t\t<\/div>\n\t<\/div>\n<\/div><\/div><\/div><\/div><div class=\"vc_row wpb_row vc_row-fluid\"><div class=\"wpb_column vc_column_container vc_col-sm-6\"><div class=\"vc_column-inner\"><div class=\"wpb_wrapper\">\n\t<div class=\"wpb_text_column wpb_content_element \" >\n\t\t<div class=\"wpb_wrapper\">\n\t\t\t<h2>Tandblekning hemma<\/h2>\n<p>Vid hemblekning beh\u00f6vs tv\u00e5 klinikbes\u00f6k. Vid det f\u00f6rsta bes\u00f6ket tas avtryck av t\u00e4nderna och vi ger\u00a0dig all n\u00f6dv\u00e4ndig information inf\u00f6r anv\u00e4ndningen. Vid det andra bes\u00f6ket f\u00e5r du blekningsmedel samt de blekningsskenor som har specialgjorts f\u00f6r\u00a0dina t\u00e4nder.\u00a0Nu kan du sj\u00e4lv b\u00f6rja behandlingen.<\/p>\n<p>Det dr\u00f6jer vanligtvis en till tv\u00e5 veckor innan man uppn\u00e5r den f\u00e4rg som man \u00f6nskar. Blekningen sitter i mellan sex m\u00e5nader och tv\u00e5 \u00e5r, beroende av vilken yttre p\u00e5verkan dina t\u00e4nder uts\u00e4tts f\u00f6r under tiden.<\/p>\n<h2><\/h2>\n\n\t\t<\/div>\n\t<\/div>\n<\/div><\/div><\/div><div class=\"wpb_column vc_column_container vc_col-sm-6\"><div class=\"vc_column-inner\"><div class=\"wpb_wrapper\">\n\t<div  class=\"wpb_single_image wpb_content_element vc_align_left  wpb_animate_when_almost_visible wpb_bottom-to-top bottom-to-top\">\n\t\t\n\t\t<figure class=\"wpb_wrapper vc_figure\">\n\t\t\t<div class=\"vc_single_image-wrapper   vc_box_border_grey\"><img loading=\"lazy\" decoding=\"async\" width=\"467\" height=\"461\" src=\"https:\/\/tandcity.se\/wp-content\/uploads\/2016\/10\/professionell-tandblekning-i-malmo.jpg\" class=\"vc_single_image-img attachment-full\" alt=\"Bes\u00f6k tandl\u00e4kare i Malm\u00f6 f\u00f6r hj\u00e4lp med tandblekning - TandCity\" title=\"Tandblekning hos tandl\u00e4kare\" srcset=\"https:\/\/tandcity.se\/wp-content\/uploads\/2016\/10\/professionell-tandblekning-i-malmo.jpg 467w, https:\/\/tandcity.se\/wp-content\/uploads\/2016\/10\/professionell-tandblekning-i-malmo-300x296.jpg 300w\" sizes=\"auto, (max-width: 467px) 100vw, 467px\" \/><\/div>\n\t\t<\/figure>\n\t<\/div>\n<\/div><\/div><\/div><\/div><div class=\"vc_row wpb_row vc_row-fluid\"><div class=\"wpb_column vc_column_container vc_col-sm-12\"><div class=\"vc_column-inner\"><div class=\"wpb_wrapper\">\n\t<div class=\"wpb_text_column wpb_content_element \" >\n\t\t<div class=\"wpb_wrapper\">\n\t\t\t<h2>Tandblekning p\u00e5 kliniken<\/h2>\n<p>Vita t\u00e4nder p\u00e5 bara 90 minuter! Klinikblekningen genomf\u00f6rs p\u00e5 betydligt kortare tid med hj\u00e4lp av en h\u00f6gkoncentrerad blekningsgel\u00e9.\u00a0F\u00f6r att f\u00f6rst\u00e4rka effekten anv\u00e4nds ocks\u00e5 en speciellt utvecklad LED-lampa.<\/p>\n\n\t\t<\/div>\n\t<\/div>\n<\/div><\/div><\/div><\/div><div class=\"vc_row wpb_row vc_row-fluid\"><div class=\"wpb_column vc_column_container vc_col-sm-6\"><div class=\"vc_column-inner\"><div class=\"wpb_wrapper\">\n\t<div  class=\"wpb_single_image wpb_content_element vc_align_left  wpb_animate_when_almost_visible wpb_bottom-to-top bottom-to-top\">\n\t\t\n\t\t<figure class=\"wpb_wrapper vc_figure\">\n\t\t\t<div class=\"vc_single_image-wrapper   vc_box_border_grey\"><img loading=\"lazy\" decoding=\"async\" width=\"1000\" height=\"667\" src=\"https:\/\/tandcity.se\/wp-content\/uploads\/2016\/10\/tandblekning.jpg\" class=\"vc_single_image-img attachment-full\" alt=\"Tandblekning behandling i Malm\u00f6 -TandCity\" title=\"tandblekning\" srcset=\"https:\/\/tandcity.se\/wp-content\/uploads\/2016\/10\/tandblekning.jpg 1000w, https:\/\/tandcity.se\/wp-content\/uploads\/2016\/10\/tandblekning-300x200.jpg 300w, https:\/\/tandcity.se\/wp-content\/uploads\/2016\/10\/tandblekning-768x512.jpg 768w, https:\/\/tandcity.se\/wp-content\/uploads\/2016\/10\/tandblekning-272x182.jpg 272w\" sizes=\"auto, (max-width: 1000px) 100vw, 1000px\" \/><\/div>\n\t\t<\/figure>\n\t<\/div>\n<\/div><\/div><\/div><div class=\"wpb_column vc_column_container vc_col-sm-6\"><div class=\"vc_column-inner\"><div class=\"wpb_wrapper\">\n\t<div class=\"wpb_text_column wpb_content_element \" >\n\t\t<div class=\"wpb_wrapper\">\n\t\t\t<h2><\/h2>\n<p>Skyddande material l\u00e4ggs p\u00e5 tandk\u00f6ttet och ett koncentrerat blekningsmedel strykes p\u00e5 t\u00e4nderna, vilket skall verka i 15 minuter p\u00e5 tandytan. Efter detta sugs gel\u00e9et bort och ett nytt skikt l\u00e4ggs p\u00e5. F\u00f6rfarandet upprepas 4 ggr.<\/p>\n<p>Det \u00e4r vanligt att t\u00e4nderna blir n\u00e5got k\u00e4nsliga f\u00f6r kyla under de f\u00f6rsta veckorna efter behandlingen. Vi rekommenderar v\u00e5ra patienter att anv\u00e4nda en tandkr\u00e4m f\u00f6r k\u00e4nsliga t\u00e4nder under denna tid.\u00a0Vi vill ocks\u00e5 rekommendera att man g\u00f6r en allm\u00e4n kontroll av t\u00e4nderna f\u00f6re behandlingen. Det kan f\u00f6religga vissa risker att genomf\u00f6ra tandblekning i de fall d\u00e5 t\u00e4nderna \u00e4r angripna av karies eller det f\u00f6religger en <a href=\"http:\/\/tandcity.se\/sv\/tandkottsinflammation-behandling\/\">tandk\u00f6ttsinflammation<\/a>. N\u00e5got som kan leda till st\u00f6rre problem.<\/p>\n\n\t\t<\/div>\n\t<\/div>\n<\/div><\/div><\/div><\/div><div class=\"vc_row wpb_row vc_row-fluid\"><div class=\"wpb_column vc_column_container vc_col-sm-12\"><div class=\"vc_column-inner\"><div class=\"wpb_wrapper\">\n\t<div class=\"wpb_text_column wpb_content_element \" >\n\t\t<div class=\"wpb_wrapper\">\n\t\t\t<table class=\"table-style1\">\n<tbody>\n<tr>\n<th>Tandblekning<\/th>\n<th>Pris<\/th>\n<\/tr>\n<tr>\n<td>Klinikblekning + skenor f\u00f6r hemmablekning<\/td>\n<td>\u00a05500<\/td>\n<\/tr>\n<tr>\n<td>Hemmablekning med skenor och blekgel<\/td>\n<td>\u00a03500<\/td>\n<\/tr>\n<\/tbody>\n<\/table>\n\n\t\t<\/div>\n\t<\/div>\n<\/div><\/div><\/div><\/div><div data-vc-full-width=\"true\" data-vc-full-width-init=\"false\" class=\"vc_row wpb_row vc_row-fluid fullwidth booking_section_responsive vc_custom_1529581651890 vc_row-has-fill vc_row-o-equal-height vc_row-flex\"><div class=\"wpb_column vc_column_container vc_col-sm-12\"><div class=\"vc_column-inner\"><div class=\"wpb_wrapper\">\n\t<div class=\"wpb_text_column wpb_content_element \" >\n\t\t<div class=\"wpb_wrapper\">\n\t\t\t<h2><span style=\"color: #ffffff;\">TandCity \u2013 akut tandv\u00e5rd i Malm\u00f6<\/span><\/h2>\n<p class=\"subtext_online\">\u00c4r du i behov av en akuttid eller vill du av n\u00e5gon annan anledning f\u00e5 en tid snabbt?<\/p>\n<p>&nbsp;<\/p>\n<h4><span style=\"color: #ffffff;\">Bara lugn, vi hj\u00e4lper dig. Vi f\u00f6rst\u00e5r att vissa saker inte kan v\u00e4nta och ser till att du f\u00e5r en tid s\u00e5 fort som m\u00f6jligt. H\u00f6r av dig till oss p\u00e5 telefonnummer 040 23 66 00 eller boka din tid online. Varmt v\u00e4lkommen!<\/span><\/h4>\n\n\t\t<\/div>\n\t<\/div>\n<div class=\"vc_btn3-container  tandcitygreen vc_btn3-inline vc_custom_1585899873088\" ><a class=\"vc_general vc_btn3 vc_btn3-size-lg vc_btn3-shape-rounded vc_btn3-style-modern vc_btn3-color-green\" href=\"http:\/\/tandcity.se\/sv\/boka-tid-online\/\" title=\"Best\u00e4ll tid online\" target=\"_blank\" onclick=\"ga(&#039;send&#039;, &#039;event&#039;, &#039;button&#039;, &#039;click&#039;, &#039;bottom-banner-sv&#039;);\">Best\u00e4ll tid online<\/a><\/div><\/div><\/div><\/div><\/div><div class=\"vc_row-full-width vc_clearfix\"><\/div>\n<\/div>","protected":false},"excerpt":{"rendered":"Tandblekning i Malm\u00f6 \u2013 f\u00f6r ett snyggt leende Med ett vackert leende ser man\u00a0mer vital ut och f\u00e5r indirekt ett <a href=\"https:\/\/tandcity.se\/sv\/blekning-pa-kliniken\/\" class=\"more-link\">\u2026 <span class=\"screen-reader-text\">  Tandblekning<\/span><\/a>","protected":false},"author":24,"featured_media":0,"parent":0,"menu_order":0,"comment_status":"closed","ping_status":"closed","template":"","meta":{"footnotes":""},"class_list":["post-28","page","type-page","status-publish"],"yoast_head":"<!-- This site is optimized with the Yoast SEO plugin v25.5 - https:\/\/yoast.com\/wordpress\/plugins\/seo\/ -->\n<title>Tandblekning klinik eller blekning hemma | TandCity Malm\u00f6<\/title>\n<meta name=\"description\" content=\"TandCity Malm\u00f6 erbjuder tandblekning p\u00e5 klinik eller blekning hemma. L\u00e4s mer om v\u00e5ra priser &amp; behandlingar f\u00f6r ett vackert leende. Boka tid hos oss idag!\" \/>\n<meta name=\"robots\" content=\"index, follow, max-snippet:-1, max-image-preview:large, max-video-preview:-1\" \/>\n<link rel=\"canonical\" href=\"https:\/\/tandcity.se\/sv\/blekning-pa-kliniken\/\" \/>\n<meta name=\"twitter:label1\" content=\"Ber\u00e4knad l\u00e4stid\" \/>\n\t<meta name=\"twitter:data1\" content=\"3 minuter\" \/>\n<!-- \/ Yoast SEO plugin. -->","yoast_head_json":{"title":"Tandblekning klinik eller blekning hemma | TandCity Malm\u00f6","description":"TandCity Malm\u00f6 erbjuder tandblekning p\u00e5 klinik eller blekning hemma. L\u00e4s mer om v\u00e5ra priser & behandlingar f\u00f6r ett vackert leende. Boka tid hos oss idag!","robots":{"index":"index","follow":"follow","max-snippet":"max-snippet:-1","max-image-preview":"max-image-preview:large","max-video-preview":"max-video-preview:-1"},"canonical":"https:\/\/tandcity.se\/sv\/blekning-pa-kliniken\/","twitter_misc":{"Ber\u00e4knad l\u00e4stid":"3 minuter"},"schema":{"@context":"https:\/\/schema.org","@graph":[{"@type":"WebPage","@id":"https:\/\/tandcity.se\/en\/teeth-bleaching-malmo\/","url":"https:\/\/tandcity.se\/en\/teeth-bleaching-malmo\/","name":"Tandblekning klinik eller blekning hemma | TandCity Malm\u00f6","isPartOf":{"@id":"https:\/\/tandcity.se\/sv\/#website"},"datePublished":"2016-10-18T06:50:27+00:00","dateModified":"2024-01-29T09:05:50+00:00","description":"TandCity Malm\u00f6 erbjuder tandblekning p\u00e5 klinik eller blekning hemma. L\u00e4s mer om v\u00e5ra priser & behandlingar f\u00f6r ett vackert leende. Boka tid hos oss idag!","breadcrumb":{"@id":"https:\/\/tandcity.se\/en\/teeth-bleaching-malmo\/#breadcrumb"},"inLanguage":"sv-SE","potentialAction":[{"@type":"ReadAction","target":["https:\/\/tandcity.se\/en\/teeth-bleaching-malmo\/"]}]},{"@type":"BreadcrumbList","@id":"https:\/\/tandcity.se\/en\/teeth-bleaching-malmo\/#breadcrumb","itemListElement":[{"@type":"ListItem","position":1,"name":"Hjem","item":"https:\/\/tandcity.se\/en\/"},{"@type":"ListItem","position":2,"name":"Tandblekning"}]},{"@type":"WebSite","@id":"https:\/\/tandcity.se\/sv\/#website","url":"https:\/\/tandcity.se\/sv\/","name":"TandCity Malm\u00f6","description":"","potentialAction":[{"@type":"SearchAction","target":{"@type":"EntryPoint","urlTemplate":"https:\/\/tandcity.se\/sv\/?s={search_term_string}"},"query-input":{"@type":"PropertyValueSpecification","valueRequired":true,"valueName":"search_term_string"}}],"inLanguage":"sv-SE"}]}},"_links":{"self":[{"href":"https:\/\/tandcity.se\/sv\/wp-json\/wp\/v2\/pages\/28","targetHints":{"allow":["GET"]}}],"collection":[{"href":"https:\/\/tandcity.se\/sv\/wp-json\/wp\/v2\/pages"}],"about":[{"href":"https:\/\/tandcity.se\/sv\/wp-json\/wp\/v2\/types\/page"}],"author":[{"embeddable":true,"href":"https:\/\/tandcity.se\/sv\/wp-json\/wp\/v2\/users\/24"}],"replies":[{"embeddable":true,"href":"https:\/\/tandcity.se\/sv\/wp-json\/wp\/v2\/comments?post=28"}],"version-history":[{"count":4,"href":"https:\/\/tandcity.se\/sv\/wp-json\/wp\/v2\/pages\/28\/revisions"}],"predecessor-version":[{"id":4058,"href":"https:\/\/tandcity.se\/sv\/wp-json\/wp\/v2\/pages\/28\/revisions\/4058"}],"wp:attachment":[{"href":"https:\/\/tandcity.se\/sv\/wp-json\/wp\/v2\/media?parent=28"}],"curies":[{"name":"wp","href":"https:\/\/api.w.org\/{rel}","templated":true}]}}