{"id":27,"date":"2016-10-17T21:21:52","date_gmt":"2016-10-17T19:21:52","guid":{"rendered":"https:\/\/tandcity2.wpengine.com\/?page_id=27"},"modified":"2024-09-25T11:12:44","modified_gmt":"2024-09-25T09:12:44","slug":"tandlakarskrack-malmo","status":"publish","type":"page","link":"https:\/\/tandcity.se\/sv\/tandlakarskrack-malmo\/","title":{"rendered":"Behandling av tandl\u00e4karskr\u00e4ck hos vuxna"},"content":{"rendered":"<div class=\"wpb-content-wrapper\"><div data-vc-full-width=\"true\" data-vc-full-width-init=\"false\" data-vc-stretch-content=\"true\" class=\"vc_row wpb_row vc_row-fluid fullwidth coverimage vc_custom_1494504479834 vc_row-has-fill\"><div class=\"wpb_column vc_column_container vc_col-sm-12\"><div class=\"vc_column-inner\"><div class=\"wpb_wrapper\"><div class=\"vc_empty_space\"   style=\"height: 32px\"><span class=\"vc_empty_space_inner\"><\/span><\/div><div class=\"vc_empty_space\"   style=\"height: 32px\"><span class=\"vc_empty_space_inner\"><\/span><\/div><div class=\"vc_empty_space\"   style=\"height: 32px\"><span class=\"vc_empty_space_inner\"><\/span><\/div><div class=\"vc_empty_space\"   style=\"height: 32px\"><span class=\"vc_empty_space_inner\"><\/span><\/div>\n\t<div class=\"wpb_text_column wpb_content_element \" >\n\t\t<div class=\"wpb_wrapper\">\n\t\t\t<p><a class=\"header_button_boka\" href=\"https:\/\/4447.etand.se\/bookings\/\" target=\"_blank\" rel=\"noopener noreferrer\">Boka tid online<\/a>\u00a0 \u00a0 <a class=\"header_button_kontakt\" href=\"\/sv\/kontakt\/\">Kontakta oss<\/a><\/p>\n\n\t\t<\/div>\n\t<\/div>\n<\/div><\/div><\/div><\/div><div class=\"vc_row-full-width vc_clearfix\"><\/div><div class=\"vc_row wpb_row vc_row-fluid\"><div class=\"wpb_column vc_column_container vc_col-sm-12\"><div class=\"vc_column-inner\"><div class=\"wpb_wrapper\">\n\t<div class=\"wpb_text_column wpb_content_element  introtext\" >\n\t\t<div class=\"wpb_wrapper\">\n\t\t\t<h1>Behandling av tandl\u00e4karskr\u00e4ck hos vuxna<\/h1>\n<p>M\u00e5nga\u00a0patienter lider av tandl\u00e4karskr\u00e4ck &#8211; vissa mer, vissa mindre.\u00a0Detta kan bero p\u00e5\u00a0d\u00e5liga\u00a0upplevelser fr\u00e5n tidigare tandl\u00e4karbes\u00f6k. Oavsett hur denna r\u00e4dsla har uppst\u00e5tt \u00e4r v\u00e5rt m\u00e5l att ge\u00a0dig b\u00e4sta m\u00f6jliga behandling f\u00f6r att du ska k\u00e4nna dig trygg i tandl\u00e4karstolen.<\/p>\n<div id=\"gtx-trans\" style=\"position: absolute; left: 599px; top: -0.5625px;\"><\/div>\n\n\t\t<\/div>\n\t<\/div>\n<\/div><\/div><\/div><\/div><div class=\"vc_row wpb_row vc_row-fluid\"><div class=\"wpb_column vc_column_container vc_col-sm-12\"><div class=\"vc_column-inner\"><div class=\"wpb_wrapper\">\n\t<div class=\"wpb_text_column wpb_content_element \" >\n\t\t<div class=\"wpb_wrapper\">\n\t\t\t<h2>Vi hj\u00e4lper att bota din tandl\u00e4karskr\u00e4ck<\/h2>\n\n\t\t<\/div>\n\t<\/div>\n<\/div><\/div><\/div><\/div><div class=\"vc_row wpb_row vc_row-fluid\"><div class=\"wpb_column vc_column_container vc_col-sm-6\"><div class=\"vc_column-inner\"><div class=\"wpb_wrapper\">\n\t<div class=\"wpb_text_column wpb_content_element \" >\n\t\t<div class=\"wpb_wrapper\">\n\t\t\t<p>De patienter med\u00a0tandl\u00e4karskr\u00e4ck har blivit mycket lugnare och s\u00e4krare efter de f\u00f6rsta behandlingarna p\u00e5 kliniken och kommer g\u00e4rna tillbaka till oss. Lider patienten av stor tandl\u00e4karskr\u00e4ck\u00a0\u00e4r vi mycket m\u00e5na om att f\u00f6rs\u00f6ka finna speciella behandlingsformer som kan underl\u00e4tta behandlingen.<\/p>\n<p>V\u00e5ra <a href=\"https:\/\/tandcity.se\/sv\/\">tandl\u00e4kare i Malm\u00f6<\/a> arbetar lugnt, metodiskt och f\u00f6rsiktigt i en lugn och behaglig milj\u00f6. Vi informerar kontinuerligt om varje steg i behandlingen. Om du k\u00e4nner minsta r\u00e4dsla eller \u00e4ngslan under behandlingen, g\u00f6r vi uppeh\u00e5ll och forts\u00e4tter f\u00f6rst n\u00e4r du k\u00e4nner dig lugn och redo att forts\u00e4tta igen. Vi vet att man kan vara olika k\u00e4nslig olika dagar. V\u00e5rt arbete syftar till att hj\u00e4lpa dig oavsett tandv\u00e5rdssituation, men sj\u00e4lvklart \u00e4r det alltid du som patient som best\u00e4mmer vad som skall g\u00f6ras.<\/p>\n\n\t\t<\/div>\n\t<\/div>\n<\/div><\/div><\/div><div class=\"wpb_column vc_column_container vc_col-sm-6\"><div class=\"vc_column-inner\"><div class=\"wpb_wrapper\">\n\t<div  class=\"wpb_single_image wpb_content_element vc_align_left\">\n\t\t\n\t\t<figure class=\"wpb_wrapper vc_figure\">\n\t\t\t<div class=\"vc_single_image-wrapper   vc_box_border_grey\"><img loading=\"lazy\" decoding=\"async\" width=\"883\" height=\"589\" src=\"https:\/\/tandcity.se\/wp-content\/uploads\/2016\/10\/Slip-af-med-tandl\u00e6geskr\u00e6k.jpg\" class=\"vc_single_image-img attachment-full\" alt=\"F\u00e5 hj\u00e4lp till bota din tandl\u00e4karskr\u00e4ck - TandCity\" title=\"Behandl tandl\u00e6geskr\u00e6k\" srcset=\"https:\/\/tandcity.se\/wp-content\/uploads\/2016\/10\/Slip-af-med-tandl\u00e6geskr\u00e6k.jpg 883w, https:\/\/tandcity.se\/wp-content\/uploads\/2016\/10\/Slip-af-med-tandl\u00e6geskr\u00e6k-300x200.jpg 300w, https:\/\/tandcity.se\/wp-content\/uploads\/2016\/10\/Slip-af-med-tandl\u00e6geskr\u00e6k-768x512.jpg 768w, https:\/\/tandcity.se\/wp-content\/uploads\/2016\/10\/Slip-af-med-tandl\u00e6geskr\u00e6k-272x182.jpg 272w\" sizes=\"auto, (max-width: 883px) 100vw, 883px\" \/><\/div>\n\t\t<\/figure>\n\t<\/div>\n<\/div><\/div><\/div><\/div><div class=\"vc_row wpb_row vc_row-fluid\"><div class=\"wpb_column vc_column_container vc_col-sm-12\"><div class=\"vc_column-inner\"><div class=\"wpb_wrapper\">\n\t<div class=\"wpb_text_column wpb_content_element \" >\n\t\t<div class=\"wpb_wrapper\">\n\t\t\t<h2>Behandla tandl\u00e4karskr\u00e4ck med narkos<\/h2>\n<p>Om\u00a0du trots lugnande metoder, fortfarande k\u00e4nner r\u00e4dsla eller stress, kan vi ocks\u00e5 erbjuda lugnande medel f\u00f6re behandlingen. Vi anv\u00e4nder Benzodiazepine (s k Dormicum), ett medel som i huvudsak reducerar \u00e4ngslan och g\u00f6r muskulaturen avslappnad.\u00a0Du blir lugnare men somnar inte. N\u00e5got som \u00e4r f\u00f6rdelaktigt n\u00e4r det g\u00e4ller patienter som har sv\u00e5rt att \u00f6vervinna sin tandl\u00e4karskr\u00e4ck.<\/p>\n\n\t\t<\/div>\n\t<\/div>\n<\/div><\/div><\/div><\/div><div class=\"vc_row wpb_row vc_row-fluid\"><div class=\"wpb_column vc_column_container vc_col-sm-6\"><div class=\"vc_column-inner\"><div class=\"wpb_wrapper\">\n\t<div  class=\"wpb_single_image wpb_content_element vc_align_left\">\n\t\t\n\t\t<figure class=\"wpb_wrapper vc_figure\">\n\t\t\t<div class=\"vc_single_image-wrapper   vc_box_border_grey\"><img loading=\"lazy\" decoding=\"async\" width=\"1200\" height=\"800\" src=\"https:\/\/tandcity.se\/wp-content\/uploads\/2016\/10\/TandCity-Sverige-1.jpg\" class=\"vc_single_image-img attachment-full\" alt=\"Narko vid tandl\u00e4karskr\u00e4ck - TandCity\" title=\"Narko vid tandl\u00e4karskr\u00e4ck - TandCity\" srcset=\"https:\/\/tandcity.se\/wp-content\/uploads\/2016\/10\/TandCity-Sverige-1.jpg 1200w, https:\/\/tandcity.se\/wp-content\/uploads\/2016\/10\/TandCity-Sverige-1-300x200.jpg 300w, https:\/\/tandcity.se\/wp-content\/uploads\/2016\/10\/TandCity-Sverige-1-768x512.jpg 768w, https:\/\/tandcity.se\/wp-content\/uploads\/2016\/10\/TandCity-Sverige-1-1024x683.jpg 1024w, https:\/\/tandcity.se\/wp-content\/uploads\/2016\/10\/TandCity-Sverige-1-272x182.jpg 272w\" sizes=\"auto, (max-width: 1200px) 100vw, 1200px\" \/><\/div>\n\t\t<\/figure>\n\t<\/div>\n<\/div><\/div><\/div><div class=\"wpb_column vc_column_container vc_col-sm-6\"><div class=\"vc_column-inner\"><div class=\"wpb_wrapper\">\n\t<div class=\"wpb_text_column wpb_content_element \" >\n\t\t<div class=\"wpb_wrapper\">\n\t\t\t<p>I vissa fall ges patienter behandling under <a href=\"http:\/\/tandcity.se\/sv\/narkostandvard-malmo\/\">narkos<\/a>. Det kan vara n\u00f6dv\u00e4ndigt, framf\u00f6r allt vid behandlingar som kan upplevas sm\u00e4rtsamma av patienten.<\/p>\n<p>Under full narkos kan kroppen klara av fler faser som normalt inte utg\u00f6r n\u00e5got problem f\u00f6r en frisk m\u00e4nniska. Dock kan det f\u00f6religga risker med full narkos, vilka m\u00e5ste tas i beaktande.<br \/>\nP\u00e5 TandCity vill vi i f\u00f6rsta hand rekommendera lugnande medel i st\u00e4llet f\u00f6r full narkos.<\/p>\n<p>Det \u00e4r viktigt f\u00f6r oss, att\u00a0du k\u00e4nner dig\u00a0lugn och v\u00e4l till mods hos oss f\u00f6r att vi skall kunna ge\u00a0dig den allra b\u00e4sta behandlingen.<\/p>\n\n\t\t<\/div>\n\t<\/div>\n<\/div><\/div><\/div><\/div><div data-vc-full-width=\"true\" data-vc-full-width-init=\"false\" class=\"vc_row wpb_row vc_row-fluid fullwidth booking_section_responsive vc_custom_1529576714633 vc_row-has-fill vc_row-o-equal-height vc_row-flex\"><div class=\"wpb_column vc_column_container vc_col-sm-12\"><div class=\"vc_column-inner\"><div class=\"wpb_wrapper\">\n\t<div class=\"wpb_text_column wpb_content_element \" >\n\t\t<div class=\"wpb_wrapper\">\n\t\t\t<h2><span style=\"color: #ffffff;\">TandCity \u2013 akut tandv\u00e5rd i Malm\u00f6<\/span><\/h2>\n<p class=\"subtext_online\">\u00c4r du i behov av en akuttid eller vill du av n\u00e5gon annan anledning f\u00e5 en tid snabbt?<\/p>\n<p>&nbsp;<\/p>\n<h4><span style=\"color: #ffffff;\">Bara lugn, vi hj\u00e4lper dig. Vi f\u00f6rst\u00e5r att vissa saker inte kan v\u00e4nta och ser till att du f\u00e5r en tid s\u00e5 fort som m\u00f6jligt. H\u00f6r av dig till oss p\u00e5 telefonnummer 040 23 66 00 eller boka din tid online. Varmt v\u00e4lkommen!<\/span><\/h4>\n\n\t\t<\/div>\n\t<\/div>\n<div class=\"vc_btn3-container  tandcitygreen vc_btn3-inline vc_custom_1585898026289\" ><a class=\"vc_general vc_btn3 vc_btn3-size-lg vc_btn3-shape-rounded vc_btn3-style-modern vc_btn3-color-green\" href=\"http:\/\/tandcity.se\/sv\/boka-tid-online\/\" title=\"Best\u00e4ll tid online\" target=\"_blank\" onclick=\"ga(&#039;send&#039;, &#039;event&#039;, &#039;button&#039;, &#039;click&#039;, &#039;bottom-banner-sv&#039;);\">Best\u00e4ll tid online<\/a><\/div><\/div><\/div><\/div><\/div><div class=\"vc_row-full-width vc_clearfix\"><\/div>\n<\/div>","protected":false},"excerpt":{"rendered":"Boka tid online\u00a0 \u00a0 Kontakta oss Behandling av tandl\u00e4karskr\u00e4ck hos vuxna M\u00e5nga\u00a0patienter lider av tandl\u00e4karskr\u00e4ck - vissa mer, vissa mindre.\u00a0Detta <a href=\"https:\/\/tandcity.se\/sv\/tandlakarskrack-malmo\/\" class=\"more-link\">\u2026 <span class=\"screen-reader-text\">  Behandling av tandl\u00e4karskr\u00e4ck hos vuxna<\/span><\/a>","protected":false},"author":24,"featured_media":0,"parent":0,"menu_order":0,"comment_status":"closed","ping_status":"closed","template":"","meta":{"footnotes":""},"class_list":["post-27","page","type-page","status-publish"],"yoast_head":"<!-- This site is optimized with the Yoast SEO plugin v25.5 - https:\/\/yoast.com\/wordpress\/plugins\/seo\/ -->\n<title>Tandl\u00e4karskr\u00e4ck Malm\u00f6 - tandl\u00e4kare f\u00f6r r\u00e4dda | TandCity<\/title>\n<meta name=\"description\" content=\"Besv\u00e4ras du i Malm\u00f6 av tandl\u00e4karskr\u00e4ck? Vi p\u00e5 TandCity erbjuder tandl\u00e4kare f\u00f6r r\u00e4dda &amp; har l\u00e5ng erfarenhet av tandl\u00e4karskr\u00e4ck hos vuxna. Boka tid idag!\" \/>\n<meta name=\"robots\" content=\"index, follow, max-snippet:-1, max-image-preview:large, max-video-preview:-1\" \/>\n<link rel=\"canonical\" href=\"https:\/\/tandcity.se\/sv\/tandlakarskrack-malmo\/\" \/>\n<meta name=\"twitter:label1\" content=\"Ber\u00e4knad l\u00e4stid\" \/>\n\t<meta name=\"twitter:data1\" content=\"3 minuter\" \/>\n<!-- \/ Yoast SEO plugin. -->","yoast_head_json":{"title":"Tandl\u00e4karskr\u00e4ck Malm\u00f6 - tandl\u00e4kare f\u00f6r r\u00e4dda | TandCity","description":"Besv\u00e4ras du i Malm\u00f6 av tandl\u00e4karskr\u00e4ck? Vi p\u00e5 TandCity erbjuder tandl\u00e4kare f\u00f6r r\u00e4dda & har l\u00e5ng erfarenhet av tandl\u00e4karskr\u00e4ck hos vuxna. Boka tid idag!","robots":{"index":"index","follow":"follow","max-snippet":"max-snippet:-1","max-image-preview":"max-image-preview:large","max-video-preview":"max-video-preview:-1"},"canonical":"https:\/\/tandcity.se\/sv\/tandlakarskrack-malmo\/","twitter_misc":{"Ber\u00e4knad l\u00e4stid":"3 minuter"},"schema":{"@context":"https:\/\/schema.org","@graph":[{"@type":"WebPage","@id":"https:\/\/tandcity.se\/sv\/tandlakarskrack-malmo\/","url":"https:\/\/tandcity.se\/sv\/tandlakarskrack-malmo\/","name":"Tandl\u00e4karskr\u00e4ck Malm\u00f6 - tandl\u00e4kare f\u00f6r r\u00e4dda | TandCity","isPartOf":{"@id":"https:\/\/tandcity.se\/sv\/#website"},"datePublished":"2016-10-17T19:21:52+00:00","dateModified":"2024-09-25T09:12:44+00:00","description":"Besv\u00e4ras du i Malm\u00f6 av tandl\u00e4karskr\u00e4ck? Vi p\u00e5 TandCity erbjuder tandl\u00e4kare f\u00f6r r\u00e4dda & har l\u00e5ng erfarenhet av tandl\u00e4karskr\u00e4ck hos vuxna. Boka tid idag!","breadcrumb":{"@id":"https:\/\/tandcity.se\/sv\/tandlakarskrack-malmo\/#breadcrumb"},"inLanguage":"sv-SE","potentialAction":[{"@type":"ReadAction","target":["https:\/\/tandcity.se\/sv\/tandlakarskrack-malmo\/"]}]},{"@type":"BreadcrumbList","@id":"https:\/\/tandcity.se\/sv\/tandlakarskrack-malmo\/#breadcrumb","itemListElement":[{"@type":"ListItem","position":1,"name":"Hjem","item":"https:\/\/tandcity.se\/en\/"},{"@type":"ListItem","position":2,"name":"Behandling av tandl\u00e4karskr\u00e4ck hos vuxna"}]},{"@type":"WebSite","@id":"https:\/\/tandcity.se\/sv\/#website","url":"https:\/\/tandcity.se\/sv\/","name":"TandCity Malm\u00f6","description":"","potentialAction":[{"@type":"SearchAction","target":{"@type":"EntryPoint","urlTemplate":"https:\/\/tandcity.se\/sv\/?s={search_term_string}"},"query-input":{"@type":"PropertyValueSpecification","valueRequired":true,"valueName":"search_term_string"}}],"inLanguage":"sv-SE"}]}},"_links":{"self":[{"href":"https:\/\/tandcity.se\/sv\/wp-json\/wp\/v2\/pages\/27","targetHints":{"allow":["GET"]}}],"collection":[{"href":"https:\/\/tandcity.se\/sv\/wp-json\/wp\/v2\/pages"}],"about":[{"href":"https:\/\/tandcity.se\/sv\/wp-json\/wp\/v2\/types\/page"}],"author":[{"embeddable":true,"href":"https:\/\/tandcity.se\/sv\/wp-json\/wp\/v2\/users\/24"}],"replies":[{"embeddable":true,"href":"https:\/\/tandcity.se\/sv\/wp-json\/wp\/v2\/comments?post=27"}],"version-history":[{"count":11,"href":"https:\/\/tandcity.se\/sv\/wp-json\/wp\/v2\/pages\/27\/revisions"}],"predecessor-version":[{"id":4376,"href":"https:\/\/tandcity.se\/sv\/wp-json\/wp\/v2\/pages\/27\/revisions\/4376"}],"wp:attachment":[{"href":"https:\/\/tandcity.se\/sv\/wp-json\/wp\/v2\/media?parent=27"}],"curies":[{"name":"wp","href":"https:\/\/api.w.org\/{rel}","templated":true}]}}