{"id":260,"date":"2017-01-12T08:17:35","date_gmt":"2017-01-12T07:17:35","guid":{"rendered":"http:\/\/d37588263.u341.surf-town.net\/?page_id=260"},"modified":"2023-11-10T10:48:24","modified_gmt":"2023-11-10T09:48:24","slug":"cookiepolicy","status":"publish","type":"page","link":"https:\/\/tandcity.se\/sv\/cookiepolicy\/","title":{"rendered":"Cookiepolicy"},"content":{"rendered":"<div class=\"wpb-content-wrapper\"><div class=\"vc_row wpb_row vc_row-fluid\"><div class=\"wpb_column vc_column_container vc_col-sm-12\"><div class=\"vc_column-inner\"><div class=\"wpb_wrapper\"><div class=\"vc_separator wpb_content_element vc_separator_align_center vc_sep_width_100 vc_sep_border_width_10 vc_sep_pos_align_center vc_separator_no_text vc_sep_color_white\" ><span class=\"vc_sep_holder vc_sep_holder_l\"><span class=\"vc_sep_line\"><\/span><\/span><span class=\"vc_sep_holder vc_sep_holder_r\"><span class=\"vc_sep_line\"><\/span><\/span>\n<\/div>\n\t<div class=\"wpb_text_column wpb_content_element  introtext\" >\n\t\t<div class=\"wpb_wrapper\">\n\t\t\t<h1>Cookie-\u00a0och integritetspolicy<\/h1>\n<p>Denna policy f\u00f6rklarar hur v\u00e5r webbplats tandcity.se samlar in och behandlar dina uppgifter, vilka val och m\u00f6jligheter du har, och hur du kan ut\u00f6va dina r\u00e4ttigheter. Denna policy riktar sig till dig som bes\u00f6ker v\u00e5r webbplats.<\/p>\n\n\t\t<\/div>\n\t<\/div>\n<\/div><\/div><\/div><\/div><div class=\"vc_row wpb_row vc_row-fluid\"><div class=\"wpb_column vc_column_container vc_col-sm-12\"><div class=\"vc_column-inner\"><div class=\"wpb_wrapper\">\n\t<div class=\"wpb_text_column wpb_content_element \" >\n\t\t<div class=\"wpb_wrapper\">\n\t\t\t<h3>Hur behandlar ni mina personuppgifter?<\/h3>\n<p>F\u00f6ljande avsnitt f\u00f6rklarar vilka typer av uppgifter som vi kan komma att behandla om dig och f\u00f6r vilka syften. Vi f\u00f6rklarar ocks\u00e5 hur uppgifterna samlas in och hur l\u00e4nge uppgifterna sparas.<\/p>\n<p><strong>Tidsbokning och kontakt<\/strong><br \/>\nSom patient hos oss har du m\u00f6jlighet att boka tid via v\u00e5r webbplats, via mejl eller telefon. F\u00f6r att tillhandh\u00e5lla dig denna tj\u00e4nst samlar vi in ditt namn, mejl och telefonnummer. Behandlingen av dina uppgifter \u00e4r n\u00f6dv\u00e4ndig f\u00f6r att kunna fullg\u00f6ra avtalet med dig och f\u00f6r att fullg\u00f6ra r\u00e4ttsliga f\u00f6rpliktelser som \u00e5vilar oss i egenskap av v\u00e5rdgivare. Kontaktuppgifterna sparas i v\u00e5rt patientjournalsystem i enlighet med best\u00e4mmelserna i Patientdatalagen. L\u00e4s mer om hur vi behandlar dina patientuppgifter <a href=\"https:\/\/www.socialstyrelsen.se\/fragorochsvar\/patientdatalagen\">h\u00e4r.<\/a><\/p>\n<p><strong>Insamling av webbstatistik<\/strong><br \/>\nN\u00e4r du bes\u00f6ker v\u00e5r webbplats samlar vi in loggar som inneh\u00e5ller n\u00e4tidentifierare och tidsst\u00e4mplar med hj\u00e4lp av Google Analytics. Vi samlar in dessa uppgifter s\u00e5 att vi kan se hur m\u00e5nga anv\u00e4ndare som bes\u00f6ker v\u00e5r webbplats. V\u00e5r r\u00e4ttsliga grund f\u00f6r behandlingen \u00e4r v\u00e5rt ber\u00e4ttigade intresse av att veta hur v\u00e5r webbplats anv\u00e4nds. De uppgifter som samlas in via dessa loggar sparas i 26 m\u00e5nader i Google Analytics.<\/p>\n<p><strong>Insamling av webbloggar<\/strong><br \/>\nN\u00e4r du bes\u00f6ker v\u00e5r webbplats samlar vi in standardloggar som inneh\u00e5ller n\u00e4tidentifierare och tidsst\u00e4mplar i syfte att tillhandah\u00e5lla dig v\u00e5r webbplats p\u00e5 ett s\u00e4kert s\u00e4tt. V\u00e5r r\u00e4ttsliga grund f\u00f6r behandlingen \u00e4r v\u00e5rt ber\u00e4ttigade intresse av att uppr\u00e4tth\u00e5lla s\u00e4kerheten av v\u00e5r webbplats. Dessa loggar raderas efter 24 timmar.<br \/>\n<b>Marknadsf\u00f6ring via mejl och telefon<\/b><br \/>\nSom patient hos oss f\u00e5r du m\u00f6jlighet att godk\u00e4nna att vi kommunicerar via mejl, telefon och SMS i informationssyfte. Vi anv\u00e4nder bara dessa kanaler f\u00f6r marknadsf\u00f6ring om vi har f\u00e5tt ditt godk\u00e4nnande. V\u00e5r r\u00e4ttsliga grund f\u00f6r behandlingen \u00e4r ditt samtycke. Du kan n\u00e4r som helst tacka nej till denna marknadsf\u00f6ring genom att skicka oss ett meddelande.<\/p>\n<h3>Hur behandlar ni mina patientuppgifter?<\/h3>\n<p>Denna policy g\u00e4ller endast de uppgifter som vi behandlar om dig i samband med ditt bes\u00f6k p\u00e5 v\u00e5r webbplats. L\u00e4s mer om hur vi behandlar dina patientuppgifter <a href=\"https:\/\/www.socialstyrelsen.se\/fragorochsvar\/patientdatalagen\">h\u00e4r<\/a>.<br \/>\n<strong>Hur \u00e4r det med cookies och liknande tekniker?<\/strong><br \/>\nEn cookie \u00e4r en liten textfil som lagras p\u00e5 din dator eller enhet (t.ex. smartphone eller l\u00e4splatta) och som inneh\u00e5ller information som g\u00f6r det m\u00f6jligt f\u00f6r webbplatsen att k\u00e4nna igen dig som anv\u00e4ndare.<br \/>\nVi anv\u00e4nder cookies f\u00f6r att tillhandah\u00e5lla v\u00e5r webbplats, f\u00f6r att samla in webbstatistik och f\u00f6r att h\u00e5lla reda p\u00e5 dina val n\u00e4r du bokar en tid.<br \/>\nDin webbl\u00e4sare eller enhet till\u00e5ter dig att \u00e4ndra inst\u00e4llningarna f\u00f6r anv\u00e4ndningen och omfattningen av cookies. Du kan till exempel v\u00e4lja att blockera alla cookies, endast acceptera vissa cookies, eller radera cookies n\u00e4r du st\u00e4nger ner din webbl\u00e4sare. T\u00e4nk p\u00e5 att vissa delar av v\u00e5r webbplats kanske inte fungerar om du blockerar eller raderar cookies. F\u00f6r mer information om cookies och hur du kan \u00e4ndra din webbl\u00e4sares inst\u00e4llningar kan du bes\u00f6ka <a href=\"http:\/\/www.aboutcookies.org\">www.aboutcookies.org<\/a> eller <a href=\"http:\/\/www.allaboutcookies.org\">www.allaboutcookies.org<\/a>.<br \/>\nGoogle Analytics erbjuder dig m\u00f6jligheten att mots\u00e4tta dig all insamling av webbstatistik genom att klicka p\u00e5 denna .<\/p>\n<h3>Vem delar ni mina uppgifter med?<\/h3>\n<p>Vi kommer inte dela, s\u00e4lja, \u00f6verl\u00e5ta eller p\u00e5 annat s\u00e4tt l\u00e4mna ut dina uppgifter ut\u00f6ver vad som anges i denna policy, om vi inte \u00e4r skyldiga att g\u00f6ra det f\u00f6r att fullg\u00f6ra en r\u00e4ttslig f\u00f6rpliktelse eller om vi har f\u00e5tt ditt samtycke till ett s\u00e5dant utl\u00e4mnande.<br \/>\nDetta utesluter inte att vi kan anv\u00e4nda personuppgiftsbitr\u00e4den som behandlar uppgifter f\u00f6r v\u00e5r r\u00e4kning i enlighet med skriftliga personuppgiftsbitr\u00e4desavtal och v\u00e5ra instruktioner. Personuppgiftsbitr\u00e4den som f\u00e5r tillg\u00e5ng till dina uppgifter (t.ex. n\u00e4r vi anv\u00e4nder en tredje part f\u00f6r att lagra uppgifter p\u00e5 en server), ges inte n\u00e5gon r\u00e4tt att anv\u00e4nda dina uppgifter f\u00f6r andra syften \u00e4n de syften som anges i denna policy.<\/p>\n<h3>Var behandlar vi dina uppgifter?<\/h3>\n<p>Vi str\u00e4var alltid efter att behandla dina uppgifter inom EU\/EES. Dina uppgifter kan dock i vissa situationer komma att \u00f6verf\u00f6ras till och behandlas i ett land utanf\u00f6r EU\/EES. Vi kommer d\u00e5 vidta alla rimliga legala, tekniska och organisatoriska \u00e5tg\u00e4rder f\u00f6r att s\u00e4kerst\u00e4lla att dina uppgifter hanteras s\u00e4kert och med en adekvat skyddsniv\u00e5 j\u00e4mf\u00f6rbar med och i samma niv\u00e5 som det skydd som erbjuds inom EU\/EES.<\/p>\n<h3>Vilka r\u00e4ttigheter har jag?<\/h3>\n<p><strong>R\u00e4tt till tillg\u00e5ng<\/strong><br \/>\nDu har r\u00e4tt att beg\u00e4ra en kopia p\u00e5 de uppgifter som vi behandlar om dig. Kopian \u00e4r gratis att beg\u00e4ra.<\/p>\n<p><strong>R\u00e4tt till r\u00e4ttelse\u00a0<\/strong><br \/>\nDu har r\u00e4tt att korrigera felaktiga eller icke-kompletta uppgifter om dig sj\u00e4lv.<\/p>\n<p><strong>R\u00e4tt att bli raderad<\/strong><br \/>\nDu har r\u00e4tt att beg\u00e4ra radering av dina uppgifter f\u00f6r de fall att uppgiften inte l\u00e4ngre \u00e4r n\u00f6dv\u00e4ndig f\u00f6r det \u00e4ndam\u00e5l den blev insamlad f\u00f6r. Det kan dock finnas legala skyldigheter som hindrar oss fr\u00e5n att omedelbart radera delar av dina uppgifter.<\/p>\n<p><strong>R\u00e4tt till dataportabilitet\u00a0<\/strong><br \/>\nDu har r\u00e4tt att beg\u00e4ra att dina uppgifter \u00f6verf\u00f6rs fr\u00e5n oss till dig sj\u00e4lv eller till en annan leverant\u00f6r. Det kan dock finnas legala skyldigheter som hindrar oss fr\u00e5n att \u00f6verf\u00f6ra delar av dina uppgifter.<\/p>\n<p><strong>R\u00e4tt till inv\u00e4ndning <\/strong><br \/>\nDu har r\u00e4tt att g\u00f6ra inv\u00e4ndningar mot behandling av dina personuppgifter som vi utf\u00f6r med st\u00f6d av intresseavv\u00e4gning. Du m\u00e5ste d\u00e5 specificera vilken behandling du inv\u00e4nder mot. Om dina personuppgifter behandlas f\u00f6r direktmarknadsf\u00f6ring har du alltid r\u00e4tt att n\u00e4r som helst inv\u00e4nda mot behandlingen.<\/p>\n<p><strong>R\u00e4tt till begr\u00e4nsning\u00a0<\/strong><br \/>\nDu har r\u00e4tt att beg\u00e4ra en tillf\u00e4llig begr\u00e4nsning av behandlingen av dina personuppgifter. Detta inneb\u00e4r att vi tillf\u00e4lligt flyttar personuppgifterna till ett annat behandlingsystem eller g\u00f6r uppgifterna otillg\u00e4ngliga f\u00f6r en anv\u00e4ndare.<\/p>\n<p><strong>R\u00e4tt att \u00e5terkalla samtycke\u00a0<\/strong><br \/>\nDu har r\u00e4tt att n\u00e4r som helst \u00e5terkalla ditt samtycke f\u00f6r direktmarknadsf\u00f6ring genom att kontakta oss p\u00e5 uppgifterna nedan.<\/p>\n<p><strong>R\u00e4tt att l\u00e4mna klagom\u00e5l\u00a0<\/strong><br \/>\nDu har r\u00e4tt att n\u00e4r som helst komma in med ett klagom\u00e5l till oss eller till beh\u00f6rig tillsynsmyndighet.<\/p>\n<h3>Hur anv\u00e4nder du dina r\u00e4ttigheter?<\/h3>\n<p>Om du vill anv\u00e4nda n\u00e5gon av dina r\u00e4ttigheter \u00e4r du v\u00e4lkommen att skicka oss ett meddelande. Om du vill l\u00e4mna ett klagom\u00e5l till en tillsynsmyndighet ber vi dig kontakta Datainspektionen p\u00e5 www.datainspektionen.se.<\/p>\n<h3>\u00c4ndringar i denna policy<\/h3>\n<p>Om vi g\u00f6r \u00e4ndringar i denna policy kommer vi att meddela dig genom att publicera den uppdaterade versionen p\u00e5 webbsidan tandcity.se. Om \u00e4ndringarna \u00e4r v\u00e4sentliga, kommer vi \u00e4ven meddela dig p\u00e5 l\u00e4mpligt s\u00e4tt och, om det kr\u00e4vs, be om ditt samtycke.<\/p>\n<h3>Vem \u00e4r personuppgiftsansvarig?<\/h3>\n<p>Tandl\u00e4kare Alexander Johansson\u00a0org.nr.559073-2557 \u00e4r personuppgiftsansvarig f\u00f6r behandlingen av dina uppgifter enligt denna policy.<\/p>\n<h3>Hur kontaktar du oss?<\/h3>\n<p><a href=\"http:\/\/tandcity.se\">tandcity.se<\/a> har en personuppgiftsansvarig, Alexander Johansson, som ansvarar f\u00f6r dataskyddsfr\u00e5gor. Om du har n\u00e5gra fr\u00e5gor kring denna policy, behandlingen av dina uppgifter eller hur kan ut\u00f6va dina r\u00e4ttigheter \u00e4r du v\u00e4lkommen att kontakta Alexander p\u00e5 040-23 66 00 eller info@tandcity.seIntegritetspolicyn uppdaterades senast 2018-05-28.<\/p>\n\n\t\t<\/div>\n\t<\/div>\n<\/div><\/div><\/div><\/div><div data-vc-full-width=\"true\" data-vc-full-width-init=\"false\" class=\"vc_row wpb_row vc_row-fluid fullwidth vc_custom_1484207900131 vc_row-has-fill vc_row-o-equal-height vc_row-flex\"><div class=\"wpb_column vc_column_container vc_col-sm-12\"><div class=\"vc_column-inner\"><div class=\"wpb_wrapper\">\n\t<div class=\"wpb_text_column wpb_content_element  vc_custom_1484211833145\" >\n\t\t<div class=\"wpb_wrapper\">\n\t\t\t<h2><span style=\"color: #ffffff;\">best\u00e4ll tid online<\/span><\/h2>\n\n\t\t<\/div>\n\t<\/div>\n<div class=\"vc_btn3-container  tandcitygreen  vc_btn3-inline\" ><a class=\"vc_general vc_btn3 vc_btn3-size-lg vc_btn3-shape-rounded vc_btn3-style-modern vc_btn3-color-green\" href=\"http:\/\/tandcity.se\/sv\/boka-tid-online\/\" title=\"\" target=\"_blank\" onclick=\"ga(&#039;send&#039;, &#039;event&#039;, &#039;button&#039;, &#039;click&#039;, &#039;bottom-banner-sv&#039;);\">Boka tid online<\/a><\/div><\/div><\/div><\/div><\/div><div class=\"vc_row-full-width vc_clearfix\"><\/div><div class=\"vc_row wpb_row vc_row-fluid\"><div class=\"wpb_column vc_column_container vc_col-sm-12\"><div class=\"vc_column-inner\"><div class=\"wpb_wrapper\"><\/div><\/div><\/div><\/div>\n<\/div>","protected":false},"excerpt":{"rendered":"Cookie-\u00a0och integritetspolicy Denna policy f\u00f6rklarar hur v\u00e5r webbplats tandcity.se samlar in och behandlar dina uppgifter, vilka val och m\u00f6jligheter du <a href=\"https:\/\/tandcity.se\/sv\/cookiepolicy\/\" class=\"more-link\">\u2026 <span class=\"screen-reader-text\">  Cookiepolicy<\/span><\/a>","protected":false},"author":24,"featured_media":0,"parent":0,"menu_order":0,"comment_status":"closed","ping_status":"closed","template":"","meta":{"footnotes":""},"class_list":["post-260","page","type-page","status-publish"],"yoast_head":"<!-- This site is optimized with the Yoast SEO plugin v25.5 - https:\/\/yoast.com\/wordpress\/plugins\/seo\/ -->\n<title>Cookies och integritetspolicy | TandCity Malm\u00f6<\/title>\n<meta name=\"description\" content=\"Cookies, integritetspolicy och behandling av personuppgifter. L\u00e4s mer om hur vi p\u00e5 tandcity.se samlar in och behandlar personuppgifter, val och m\u00f6jligheter.\" \/>\n<meta name=\"robots\" content=\"index, follow, max-snippet:-1, max-image-preview:large, max-video-preview:-1\" \/>\n<link rel=\"canonical\" href=\"https:\/\/tandcity.se\/sv\/cookiepolicy\/\" \/>\n<meta name=\"twitter:label1\" content=\"Ber\u00e4knad l\u00e4stid\" \/>\n\t<meta name=\"twitter:data1\" content=\"6 minuter\" \/>\n<!-- \/ Yoast SEO plugin. -->","yoast_head_json":{"title":"Cookies och integritetspolicy | TandCity Malm\u00f6","description":"Cookies, integritetspolicy och behandling av personuppgifter. L\u00e4s mer om hur vi p\u00e5 tandcity.se samlar in och behandlar personuppgifter, val och m\u00f6jligheter.","robots":{"index":"index","follow":"follow","max-snippet":"max-snippet:-1","max-image-preview":"max-image-preview:large","max-video-preview":"max-video-preview:-1"},"canonical":"https:\/\/tandcity.se\/sv\/cookiepolicy\/","twitter_misc":{"Ber\u00e4knad l\u00e4stid":"6 minuter"},"schema":{"@context":"https:\/\/schema.org","@graph":[{"@type":"WebPage","@id":"https:\/\/tandcity.se\/en\/cookiepolicy\/","url":"https:\/\/tandcity.se\/en\/cookiepolicy\/","name":"Cookies och integritetspolicy | TandCity Malm\u00f6","isPartOf":{"@id":"https:\/\/tandcity.se\/sv\/#website"},"datePublished":"2017-01-12T07:17:35+00:00","dateModified":"2023-11-10T09:48:24+00:00","description":"Cookies, integritetspolicy och behandling av personuppgifter. L\u00e4s mer om hur vi p\u00e5 tandcity.se samlar in och behandlar personuppgifter, val och m\u00f6jligheter.","breadcrumb":{"@id":"https:\/\/tandcity.se\/en\/cookiepolicy\/#breadcrumb"},"inLanguage":"sv-SE","potentialAction":[{"@type":"ReadAction","target":["https:\/\/tandcity.se\/en\/cookiepolicy\/"]}]},{"@type":"BreadcrumbList","@id":"https:\/\/tandcity.se\/en\/cookiepolicy\/#breadcrumb","itemListElement":[{"@type":"ListItem","position":1,"name":"Hjem","item":"https:\/\/tandcity.se\/en\/"},{"@type":"ListItem","position":2,"name":"Cookiepolicy"}]},{"@type":"WebSite","@id":"https:\/\/tandcity.se\/sv\/#website","url":"https:\/\/tandcity.se\/sv\/","name":"TandCity Malm\u00f6","description":"","potentialAction":[{"@type":"SearchAction","target":{"@type":"EntryPoint","urlTemplate":"https:\/\/tandcity.se\/sv\/?s={search_term_string}"},"query-input":{"@type":"PropertyValueSpecification","valueRequired":true,"valueName":"search_term_string"}}],"inLanguage":"sv-SE"}]}},"_links":{"self":[{"href":"https:\/\/tandcity.se\/sv\/wp-json\/wp\/v2\/pages\/260","targetHints":{"allow":["GET"]}}],"collection":[{"href":"https:\/\/tandcity.se\/sv\/wp-json\/wp\/v2\/pages"}],"about":[{"href":"https:\/\/tandcity.se\/sv\/wp-json\/wp\/v2\/types\/page"}],"author":[{"embeddable":true,"href":"https:\/\/tandcity.se\/sv\/wp-json\/wp\/v2\/users\/24"}],"replies":[{"embeddable":true,"href":"https:\/\/tandcity.se\/sv\/wp-json\/wp\/v2\/comments?post=260"}],"version-history":[{"count":3,"href":"https:\/\/tandcity.se\/sv\/wp-json\/wp\/v2\/pages\/260\/revisions"}],"predecessor-version":[{"id":4119,"href":"https:\/\/tandcity.se\/sv\/wp-json\/wp\/v2\/pages\/260\/revisions\/4119"}],"wp:attachment":[{"href":"https:\/\/tandcity.se\/sv\/wp-json\/wp\/v2\/media?parent=260"}],"curies":[{"name":"wp","href":"https:\/\/api.w.org\/{rel}","templated":true}]}}