{"id":2508,"date":"2018-07-19T12:25:02","date_gmt":"2018-07-19T10:25:02","guid":{"rendered":"http:\/\/tandcity.se\/sv\/?page_id=2508"},"modified":"2024-10-14T16:13:14","modified_gmt":"2024-10-14T14:13:14","slug":"narkostandvard-malmo","status":"publish","type":"page","link":"https:\/\/tandcity.se\/sv\/narkostandvard-malmo\/","title":{"rendered":"Tandl\u00e4kare Narkos"},"content":{"rendered":"<div class=\"wpb-content-wrapper\"><div data-vc-full-width=\"true\" data-vc-full-width-init=\"false\" data-vc-stretch-content=\"true\" class=\"vc_row wpb_row vc_row-fluid fullwidth coverimage header_caption vc_custom_1528438209293 vc_row-has-fill\"><div class=\"wpb_column vc_column_container vc_col-sm-6\"><div class=\"vc_column-inner\"><div class=\"wpb_wrapper\"><div class=\"vc_empty_space\"   style=\"height: 32px\"><span class=\"vc_empty_space_inner\"><\/span><\/div><div class=\"vc_empty_space\"   style=\"height: 32px\"><span class=\"vc_empty_space_inner\"><\/span><\/div><div class=\"vc_empty_space\"   style=\"height: 32px\"><span class=\"vc_empty_space_inner\"><\/span><\/div>\n\t<div class=\"wpb_text_column wpb_content_element \" >\n\t\t<div class=\"wpb_wrapper\">\n\t\t\t<p style=\"text-align: center;\"><a class=\"header_button_boka\" href=\"https:\/\/4447.etand.se\/bookings\/\" target=\"_blank\" rel=\"noopener noreferrer\">Boka tid online<\/a>\u00a0 \u00a0 <a class=\"header_button_kontakt\" href=\"\/sv\/kontakt\/\">Kontakta oss<\/a><\/p>\n\n\t\t<\/div>\n\t<\/div>\n<\/div><\/div><\/div><div class=\"wpb_column vc_column_container vc_col-sm-6\"><div class=\"vc_column-inner\"><div class=\"wpb_wrapper\"><div class=\"vc_empty_space\"   style=\"height: 50px\"><span class=\"vc_empty_space_inner\"><\/span><\/div><\/div><\/div><\/div><\/div><div class=\"vc_row-full-width vc_clearfix\"><\/div><div class=\"vc_row wpb_row vc_row-fluid\"><div class=\"wpb_column vc_column_container vc_col-sm-12\"><div class=\"vc_column-inner\"><div class=\"wpb_wrapper\">\n\t<div class=\"wpb_text_column wpb_content_element \" >\n\t\t<div class=\"wpb_wrapper\">\n\t\t\t<h1>Narkostandv\u00e5rd i Malm\u00f6 &#8211; erfarna tandl\u00e4kare inom narkos<\/h1>\n<p>&nbsp;<\/p>\n<p><strong>TandCity erbjuder professionell narkostandv\u00e5rd i Malm\u00f6. V\u00e5ra erfarna <a href=\"https:\/\/tandcity.se\/sv\/\">tandl\u00e4kare i Malm\u00f6<\/a> erbjuder trygg och professionell tandv\u00e5rd under narkos f\u00f6r dig som upplever tandv\u00e5rdsr\u00e4dsla eller beh\u00f6ver st\u00f6rre ingrepp. V\u00e5ra tandl\u00e4kare och narkosl\u00e4kare p\u00e5 TandCity s\u00e4kerst\u00e4ller en s\u00e4ker och bekv\u00e4m upplevelse, skr\u00e4ddarsydd efter dina behov.<\/strong><\/p>\n<h2>Vad \u00e4r narkostandv\u00e5rd?<\/h2>\n<p>Narkostandv\u00e5rd inneb\u00e4r att tandv\u00e5rdsbehandlingar utf\u00f6rs medan patienten \u00e4r neds\u00f6vd under narkos. Detta anv\u00e4nds ofta f\u00f6r patienter som lider av <a href=\"https:\/\/tandcity.se\/sv\/tandlakarskrack-malmo\/\">tandl\u00e4karskr\u00e4ck<\/a>, eller som beh\u00f6ver omfattande tandv\u00e5rdsingrepp och har sv\u00e5rt att genomf\u00f6ra dessa under lokalbed\u00f6vning.<\/p>\n<h2>Varf\u00f6r beh\u00f6vs narkos vid tandv\u00e5rd?<\/h2>\n<p>Narkos anv\u00e4nds inom tandv\u00e5rd f\u00f6r att g\u00f6ra behandlingen mer behaglig f\u00f6r patienter som annars inte skulle klara av att genomf\u00f6ra ingreppet. Det kan ocks\u00e5 vara n\u00f6dv\u00e4ndigt f\u00f6r personer med speciella medicinska behov eller f\u00f6r barn som inte kan sitta stilla under en l\u00e4ngre tid.<\/p>\n<h2>N\u00e4r \u00e4r narkos l\u00e4mpligt f\u00f6r tandv\u00e5rd?<\/h2>\n<p>Tandv\u00e5rd under narkos kan rekommenderas i f\u00f6ljande situationer:<\/p>\n<ul>\n<li>Sv\u00e5r tandl\u00e4karskr\u00e4ck<\/li>\n<li>Omfattande tandv\u00e5rdsbehov som kr\u00e4ver l\u00e4ngre tid i tandl\u00e4karstolen<\/li>\n<li>Barn eller vuxna med s\u00e4rskilda behov<\/li>\n<li>Patienter med fysiska eller psykiska funktionsneds\u00e4ttningar<\/li>\n<\/ul>\n<h2>Skillnaden mellan lokalbed\u00f6vning och narkos<\/h2>\n<p>Lokalbed\u00f6vning inneb\u00e4r att endast det behandlade omr\u00e5det \u00e4r bed\u00f6vat, medan du \u00e4r vaken under hela ingreppet. Narkos inneb\u00e4r d\u00e4remot att du \u00e4r helt neds\u00f6vd och inte \u00e4r medveten om vad som h\u00e4nder under behandlingen.<\/p>\n<h2>F\u00f6rdelar med narkostandv\u00e5rd i Malm\u00f6<\/h2>\n<p><span style=\"font-weight: 400;\">Det finns flera f\u00f6rdelar med att v\u00e4lja narkostandv\u00e5rd hos v\u00e5r klinik i Malm\u00f6:<\/span><\/p>\n<ul>\n<li>Bekv\u00e4mlighet: Patienten k\u00e4nner ingen sm\u00e4rta eller obehag under ingreppet.<\/li>\n<li>Effektivitet: Tandl\u00e4karen kan genomf\u00f6ra st\u00f6rre eller flera ingrepp samtidigt.<\/li>\n<li>Mindre \u00e5ngest: F\u00f6r personer med extrem tandl\u00e4karskr\u00e4ck kan narkos vara en avg\u00f6rande faktor f\u00f6r att \u00f6verhuvudtaget v\u00e5ga s\u00f6ka v\u00e5rd.<\/li>\n<\/ul>\n<h2>Boka narkostandv\u00e5rd i Malm\u00f6<\/h2>\n<p>\u00c4r du i behov av narkostandv\u00e5rd i Malm\u00f6 och vill boka tid hos erfarna tandl\u00e4kare inom narkos finns vi h\u00e4r f\u00f6r dig.<\/p>\n<p>&nbsp;<\/p>\n<p><a class=\"header_button_boka\" href=\"https:\/\/4447.etand.se\/bookings\/\" target=\"_blank\" rel=\"noopener noreferrer\">Boka tid online<\/a>\u00a0 \u00a0 <a class=\"header_button_kontakt\" href=\"\/sv\/kontakt\/\">Kontakta oss<\/a><\/p>\n<p>&nbsp;<\/p>\n<h2>F\u00f6rberedelser inf\u00f6r narkostandv\u00e5rd hos TandCity Malm\u00f6<\/h2>\n<p><strong>H\u00e4lsodeklaration<\/strong><\/p>\n<p>Inf\u00f6r ditt bes\u00f6k hos oss kommer du att utfylla en h\u00e4lsodeklaration som bed\u00f6ms av en narkosl\u00e4kare. Det \u00e4r viktigt att denna \u00e4r komplett tillsammans med ett telefonnummer till dig d\u00e5 du vill bli kontaktad utifall att narkosl\u00e4karen har kompletterande fr\u00e5gor till dig.<\/p>\n<p><strong>Fasta<\/strong><\/p>\n<p>Inf\u00f6r ingrepp i narkos skall man vara\u00a0<strong><em>fastande i minst 6h samt\u00a0ej\u00a0<\/em><\/strong><strong><em>ha druckit<\/em><\/strong><strong><em>\u00a0minst 2h innan ingreppet utf\u00f6rs<\/em><\/strong>. Detta d\u00e5 mags\u00e4cken skall vara tom f\u00f6r att f\u00f6rebygga eventuella komplikationer vid narkos.<\/p>\n<p>Rent praktisk betyder det att:<\/p>\n<ul>\n<li><strong>Om Ditt bes<\/strong><strong>\u00f6k \u00e4r bokat\u00a0<em>innan 12.30<\/em><\/strong><br \/>\nskall du vara fastande fr\u00e5n\u00a0kl\u00a000.00\u00a0kv\u00e4llen innan. Upp till 2\u00a0timmar\u00a0innan\u00a0bes\u00f6ket\u00a0g\u00e5r det bra att dricka\u00a0<strong><em>en kopp\u00a0<\/em><\/strong>kaffe\u00a0<em>utan mj\u00f6lk<\/em>, te, saft\/juice men\u00a0<strong><em>INGEN<\/em><\/strong><strong><em>\u00a0mj\u00f6<\/em><\/strong><strong><em>lk, yoghurt eller<\/em><\/strong><strong><em>\u00a0gr\u00e4<\/em><\/strong><strong><em>dde<\/em><\/strong>\u00a0d\u00e5 dessa r\u00e4knas som f\u00f6da. Drycken f\u00e5r g\u00e4rna vara s\u00f6tad.<br \/>\nPassa\u00a0samtidigt\u00a0p\u00e5\u00a0att ta\u00a0ev\u00a0mediciner\u00a0d\u00e5\u00a0(se nedan).<\/li>\n<li><strong>Om Ditt bes<\/strong><strong>\u00f6k \u00e4r bokat\u00a0<\/strong><strong><em>efter<\/em><\/strong><strong><em>kl\u00a012.30<\/em><\/strong><strong><br \/>\n<\/strong>b\u00f6r du \u00e4ta en l\u00e4ttare frukost\u00a0(undg\u00e5 fet mat)\u00a0senast\u00a0kl\u00a00600\u00a0men skall vara helt fastande d\u00e4refter.<br \/>\nUpp till 2\u00a0timmar\u00a0innan\u00a0bes\u00f6ket\u00a0g\u00e5r det bra att dricka\u00a0<strong><em>en kopp<\/em><\/strong>\u00a0kaffe utan mj\u00f6lk, te, saft\/juice men\u00a0<strong>INGEN<\/strong><strong>\u00a0<em>mj\u00f6<\/em><\/strong><strong><em>lk, yoghurt eller<\/em><\/strong><strong><em>\u00a0gr\u00e4<\/em><\/strong><strong><em>dde<\/em><\/strong>\u00a0d\u00e5 dessa r\u00e4knas som fast f\u00f6da. Drycken f\u00e5r g\u00e4rna vara s\u00f6tad.\u00a0Passa samtidigt p\u00e5 att ta\u00a0ev\u00a0mediciner\u00a0d\u00e5\u00a0(se nedan).<\/li>\n<\/ul>\n<p><strong>R\u00f6kning\/snusning<\/strong><\/p>\n<p>Om du r\u00f6ker\/snusar \u00e4r det viktigt att\u00a0du g\u00f6r ett uppeh\u00e5ll p\u00e5 minst 2\u00a0timmar, detta d\u00e5 nikotin p\u00e5verkar mags\u00e4ckens t\u00f6mning.<\/p>\n<p><strong>Vanliga mediciner<\/strong><\/p>\n<p>Du skall\u00a0som regel\u00a0ta dina sedvanliga mediciner precis som vanligt men med ovanst\u00e5ende dryck- och tidsgr\u00e4nsersom riktlinje. F\u00f6r\u00a0vissa\u00a0s\u00e4rskilda sjukdomar g\u00e4ller f\u00f6ljande:<\/p>\n<ul>\n<li><em>Astma\/KOL<\/em><strong>\u2013\u00a0<\/strong>Ta din inhalationsmedicin\u00a0om morgonen \u00e4ven om du\u00a0inte aktuellt beh\u00f6ver \u2013 detta f\u00f6r att f\u00f6rebygga\u00a0ev\u00a0komplikationer under narkosen.<br \/>\nTa med dina inhalationsmediciner till ingreppet.<\/li>\n<li><em>Diabetes,<\/em><em>tablettbehandlad<\/em>\u00a0\u2013\u00a0Ta\u00a0<strong>INTE<\/strong>\u00a0din\u00a0morgondos\u00a0av diabetesmedicinen, ta \u00f6vriga tabletter som vanligt.<br \/>\nDu\u00a0ska\u00a0<strong><em>ta\u00a0<\/em><\/strong><strong><em>med<\/em><\/strong><strong><em>\u00a0blodsocker-apparat<\/em><\/strong><em>\u00a0samt din\u00a0<\/em><strong><em>diabetesmedicin<\/em><\/strong><strong>\u00a0<\/strong>till\u00a0TandCity, d\u00e5 du skall ta dessa efter ingreppet.<br \/>\n<em>TandCity<\/em><em>\u00a0prioriterar diabetespatienter f\u00f6r tidiga ingrepp\u00a0under dagen.<\/em><\/li>\n<li><em>Diabetes, insulinbehandlad\u00a0<\/em>&#8211; Ta\u00a0<strong>INTE<\/strong>\u00a0din\u00a0morgondos\u00a0insulin (g\u00e4ller b\u00e5de l\u00e5ngsam\/snabbverkande).<br \/>\nDu\u00a0ska<strong><em>\u00a0ta med\u00a0blodsocker-apparat\u00a0<\/em><\/strong><strong><em>samt egen<\/em><\/strong><strong><em>\u00a0<\/em><\/strong><strong><em>insulinpenna<\/em><\/strong>\/eller d\u00e5 du skall ta dessa efter ingreppet.<br \/>\n<em>TandCity<\/em><em>\u00a0prioriterar diabetespatienter f\u00f6r tidiga\u00a0ingrepp\u00a0under dagen<\/em>.<\/li>\n<\/ul>\n<p><strong>\u00c5ngestd\u00e4mpande medicin<\/strong><\/p>\n<p>Om du har sv\u00e5r <a href=\"http:\/\/tandcity.se\/sv\/tandlakarskrack-malmo\/\">tandl\u00e4karskr\u00e4ck<\/a> kommer Du\u00a0f\u00e5 utlevererat \u00e5ngestd\u00e4mpande medicin som du skall ta 2 timmar innan ditt bes\u00f6k.<\/p>\n<h2>Under bes\u00f6ket<\/h2>\n<p><strong>Premedicin\u00a0&amp; inf\u00f6r narkos<\/strong><\/p>\n<p>Vid ankomst till oss vill du f\u00e5 utlevererat sm\u00e4rtlindrande tabletter som du skall ta precis i anslutning till ingreppet,\u00a0s.k\u00a0premedicin. Dessa mediciner, vanligtvis\u00a0paracetamol\u00a0(Panodil\u00ae, Alvedon\u00ae) samt NSAID (ibuprofen,\u00a0diclofenac)\u00a0ges i f\u00f6rebyggande syfte mot tandsm\u00e4rta.<\/p>\n<p>Inf\u00f6r narkosen \u00e4r det viktigt att du f\u00f6rs\u00f6ker t\u00f6mma urinbl\u00e5san precis innan ingreppet d\u00e5 det \u00e4r betydligt sv\u00e5rare efter\u00e5t, framf\u00f6rallt\u00a0p\u00e5\u00a0grund av\u00a0tr\u00f6tthet.<br \/>\nAnv\u00e4nd g\u00e4rna v\u00e5r toalett\u00a0vid ankomst!<\/p>\n<p><strong>Tandv\u00e5rd under narkos<\/strong><\/p>\n<p>Efter du tagit plats i tandl\u00e4karstolen kommer narkospersonal\u00a0s\u00e4tta ett dropp\u00a0via en\u00a0venkanyl\u00a0du f\u00e5r lagt p\u00e5 handryggen\/armvecket.\u00a0En\u00a0venkanyl\u00a0\u00e4r ett tunt plastr\u00f6r som leder in till blodk\u00e4rlet och det \u00e4r via denna du kommer f\u00e5 narkosl\u00e4kemedlen. Personalen kommer dessutom att koppla upp dig till patientmonitorn som\u00a0\u00f6vervakar blodtryck, puls, andningsfrekvens samt\u00a0syres\u00e4ttning under ingreppet.<br \/>\nPatients\u00e4kerheten \u00e4r h\u00f6g under\u00a0ingreppet och\u00a0TandCity\u00a0anv\u00e4nder samma\u00a0rigor\u00f6sa \u00f6vervakningsutrustning som operationssalen p\u00e5 ett sjukhus.<\/p>\n<p>Vi\u00a0f\u00f6ljer de mest aktuella vetenskapliga riktlinjer inom narkos vid tandl\u00e4karingrepp.\u00a0Narkosl\u00e4kemedlen som anv\u00e4nds \u00e4r\u00a0d\u00e4rf\u00f6r\u00a0moderna och skr\u00e4ddarsys ihop efter ingreppets art, l\u00e4ngd samt efter\u00a0Ditt\u00a0behov. Narkosen kan d\u00e4rf\u00f6r vara allt ifr\u00e5n l\u00e4ttare\u00a0sedering\u00a0d\u00e4r du f\u00e5r en avslappnande &amp; \u00e5ngestlindrande effekt under ingreppet till djupare narkos d\u00e4r du sover tungt.\u00a0<strong><em>Ber\u00e4tta g\u00e4rna f\u00f6r narkospersonalen om dina tankar &amp; behov<\/em><\/strong>!<\/p>\n<p>Efter ingreppet\u00a0kommer du\u00a0att f\u00f6rbli\u00a0liggandes i tandl\u00e4karstolen under \u00f6vervakning tills det att du \u00e4r mer vaken och alert.\u00a0Den vanligaste biverkan efter narkos \u00e4r illam\u00e5ende, n\u00e5got vi g\u00f6r v\u00e5rt yttersta f\u00f6r att du ska undvika. Efterf\u00f6ljande\u00a0vill du ta plats i v\u00e4ntrummet tills narkosl\u00e4karen skriver ut dig och du kan \u00e5terv\u00e4nda hem.<\/p>\n<p><strong>Efter bes\u00f6ket<\/strong><\/p>\n<p>Vi p\u00e5\u00a0TandCity\u00a0efterstr\u00e4var att ditt\u00a0ingrepp\u00a0skall vara\u00a0s\u00e5\u00a0sm\u00e4rtfritt som m\u00f6jligt. F\u00f6r att\u00a0bibeh\u00e5lla\u00a0den sm\u00e4rtlindrande effekten av\u00a0premedicin\u00a0samt av lokalbed\u00f6vningen\u00a0som <a href=\"http:\/\/tandcity.se\/sv\/\">tandl\u00e4karen<\/a> anv\u00e4nder rekommenderas att man har tillg\u00e5ng\u00a0till\u00a0receptfria l\u00e4kemedel\u00a0(Alvedon\u00ae,\u00a0Panodil\u00ae,\u00a0Ipren\u00ae\u00a0eller\u00a0Diklofenac)\u00a0hemma f\u00f6r fortsatt god sm\u00e4rtlindring efter ingreppet. Dessa g\u00e5r att k\u00f6pa p\u00e5 valfritt apotek. F\u00f6lj tillverkarens\u00a0eller apotekets\u00a0anvisning.<\/p>\n<p><strong>Bra att komma ih\u00e5g<\/strong><\/p>\n<ul>\n<li>Undvik nagellack p\u00e5 alla fingrar, spara g\u00e4rna tumme &amp; pekfinger p\u00e5 ena handen. Anv\u00e4nder du\u00a0l\u00f6snaglar\u00a0g\u00e4ller samma sak. Detta d\u00e5 v\u00e5r \u00f6vervakningsutrustning inte kan m\u00e4ta med nagellack\/l\u00f6snaglar.<\/li>\n<li>Undvik\u00a0kontaktlinser\u00a0och ta med glas\u00f6gon \u2013 detta d\u00e5 blinkf\u00f6rm\u00e5gan under narkos p\u00e5verkas och linserna\/\u00f6gonen kan torka.<\/li>\n<li>Det \u00e4r f\u00f6rbjudet att k\u00f6ra bil eller annat fordon 24 timmar efter ingreppet, detta d\u00e5 v\u00e5ra narkosl\u00e4kemedel \u00e4r narkotikaklassade och viss\u00a0resteffektkan ses. Vid hemg\u00e5ng b\u00f6r du bli h\u00e4mtad av en anh\u00f6rig\/v\u00e4n alt ta taxi eller offentlig transport.<\/li>\n<li>T\u00e4nk p\u00e5 att komma utvilad inf\u00f6r ingreppet.<\/li>\n<li>Ta med legitimation.<\/li>\n<\/ul>\n<h2>Narkostandv\u00e5rd pris<\/h2>\n<p>Se v\u00e5r <a href=\"http:\/\/tandcity.se\/sv\/tandlakare-malmo-priser\/\">prislista<\/a> eller <a href=\"http:\/\/tandcity.se\/sv\/kontakt\/\">kontakta oss<\/a> f\u00f6r\u00a0pris g\u00e4llande narkostandv\u00e5rd.<\/p>\n\n\t\t<\/div>\n\t<\/div>\n<\/div><\/div><\/div><\/div><div class=\"vc_row wpb_row vc_row-fluid\"><div class=\"wpb_column vc_column_container vc_col-sm-12\"><div class=\"vc_column-inner\"><div class=\"wpb_wrapper\">\n\t<div class=\"wpb_text_column wpb_content_element \" >\n\t\t<div class=\"wpb_wrapper\">\n\t\t\t<table class=\"table-style1\">\n<tbody>\n<tr>\n<th>Narkos<\/th>\n<th>Pris<\/th>\n<\/tr>\n<tr>\n<td>Narkos (S\u00f6vning)<\/td>\n<td>fr\u00e5n 10 000<\/td>\n<\/tr>\n<\/tbody>\n<\/table>\n\n\t\t<\/div>\n\t<\/div>\n<\/div><\/div><\/div><\/div><div data-vc-full-width=\"true\" data-vc-full-width-init=\"false\" class=\"vc_row wpb_row vc_row-fluid fullwidth booking_section_responsive vc_custom_1529577165016 vc_row-has-fill vc_row-o-equal-height vc_row-flex\"><div class=\"wpb_column vc_column_container vc_col-sm-12\"><div class=\"vc_column-inner\"><div class=\"wpb_wrapper\">\n\t<div class=\"wpb_text_column wpb_content_element \" >\n\t\t<div class=\"wpb_wrapper\">\n\t\t\t<h2><span style=\"color: #ffffff;\">TandCity \u2013 akut tandv\u00e5rd i Malm\u00f6<\/span><\/h2>\n<p class=\"subtext_online\">\u00c4r du i behov av en akuttid eller vill du av n\u00e5gon annan anledning f\u00e5 en tid snabbt?<\/p>\n<h4><span style=\"color: #ffffff;\">Bara lugn, vi hj\u00e4lper dig. Vi f\u00f6rst\u00e5r att vissa saker inte kan v\u00e4nta och ser till att du f\u00e5r en tid s\u00e5 fort som m\u00f6jligt. H\u00f6r av dig till oss p\u00e5 telefonnummer 040 23 66 00 eller boka din tid online. Varmt v\u00e4lkommen!<\/span><\/h4>\n\n\t\t<\/div>\n\t<\/div>\n<div class=\"vc_btn3-container  tandcitygreen vc_btn3-inline vc_custom_1585900439831\" ><a class=\"vc_general vc_btn3 vc_btn3-size-lg vc_btn3-shape-rounded vc_btn3-style-modern vc_btn3-color-green\" href=\"http:\/\/tandcity.se\/sv\/boka-tid-online\/\" title=\"Best\u00e4ll tid online\" target=\"_blank\" onclick=\"ga(&#039;send&#039;, &#039;event&#039;, &#039;button&#039;, &#039;click&#039;, &#039;bottom-banner-sv&#039;);\">Best\u00e4ll tid online<\/a><\/div><\/div><\/div><\/div><\/div><div class=\"vc_row-full-width vc_clearfix\"><\/div>\n<\/div>","protected":false},"excerpt":{"rendered":"Boka tid online\u00a0 \u00a0 Kontakta oss Narkostandv\u00e5rd i Malm\u00f6 - erfarna tandl\u00e4kare inom narkos &nbsp; TandCity erbjuder professionell narkostandv\u00e5rd i <a href=\"https:\/\/tandcity.se\/sv\/narkostandvard-malmo\/\" class=\"more-link\">\u2026 <span class=\"screen-reader-text\">  Tandl\u00e4kare Narkos<\/span><\/a>","protected":false},"author":7,"featured_media":0,"parent":0,"menu_order":0,"comment_status":"closed","ping_status":"closed","template":"","meta":{"footnotes":""},"class_list":["post-2508","page","type-page","status-publish"],"yoast_head":"<!-- This site is optimized with the Yoast SEO plugin v25.5 - https:\/\/yoast.com\/wordpress\/plugins\/seo\/ -->\n<title>Narkostandv\u00e5rd Malm\u00f6 - tandl\u00e4kare narkos | TandCity<\/title>\n<meta name=\"description\" content=\"Vi erbjuder narkostandv\u00e5rd i Malm\u00f6. Hur g\u00e5r ett ingrepp under narkos g\u00e5r till? Vi har listat allt du beh\u00f6ver veta inf\u00f6r &amp; efter bes\u00f6ket. Boka idag!\" \/>\n<meta name=\"robots\" content=\"index, follow, max-snippet:-1, max-image-preview:large, max-video-preview:-1\" \/>\n<link rel=\"canonical\" href=\"https:\/\/tandcity.se\/sv\/narkostandvard-malmo\/\" \/>\n<meta name=\"twitter:label1\" content=\"Ber\u00e4knad l\u00e4stid\" \/>\n\t<meta name=\"twitter:data1\" content=\"7 minuter\" \/>\n<!-- \/ Yoast SEO plugin. -->","yoast_head_json":{"title":"Narkostandv\u00e5rd Malm\u00f6 - tandl\u00e4kare narkos | TandCity","description":"Vi erbjuder narkostandv\u00e5rd i Malm\u00f6. Hur g\u00e5r ett ingrepp under narkos g\u00e5r till? Vi har listat allt du beh\u00f6ver veta inf\u00f6r & efter bes\u00f6ket. Boka idag!","robots":{"index":"index","follow":"follow","max-snippet":"max-snippet:-1","max-image-preview":"max-image-preview:large","max-video-preview":"max-video-preview:-1"},"canonical":"https:\/\/tandcity.se\/sv\/narkostandvard-malmo\/","twitter_misc":{"Ber\u00e4knad l\u00e4stid":"7 minuter"},"schema":{"@context":"https:\/\/schema.org","@graph":[{"@type":"WebPage","@id":"https:\/\/tandcity.se\/en\/narkostandvard-malmo\/","url":"https:\/\/tandcity.se\/en\/narkostandvard-malmo\/","name":"Narkostandv\u00e5rd Malm\u00f6 - tandl\u00e4kare narkos | TandCity","isPartOf":{"@id":"https:\/\/tandcity.se\/sv\/#website"},"datePublished":"2018-07-19T10:25:02+00:00","dateModified":"2024-10-14T14:13:14+00:00","description":"Vi erbjuder narkostandv\u00e5rd i Malm\u00f6. Hur g\u00e5r ett ingrepp under narkos g\u00e5r till? Vi har listat allt du beh\u00f6ver veta inf\u00f6r & efter bes\u00f6ket. Boka idag!","breadcrumb":{"@id":"https:\/\/tandcity.se\/en\/narkostandvard-malmo\/#breadcrumb"},"inLanguage":"sv-SE","potentialAction":[{"@type":"ReadAction","target":["https:\/\/tandcity.se\/en\/narkostandvard-malmo\/"]}]},{"@type":"BreadcrumbList","@id":"https:\/\/tandcity.se\/en\/narkostandvard-malmo\/#breadcrumb","itemListElement":[{"@type":"ListItem","position":1,"name":"Hjem","item":"https:\/\/tandcity.se\/en\/"},{"@type":"ListItem","position":2,"name":"Tandl\u00e4kare Narkos"}]},{"@type":"WebSite","@id":"https:\/\/tandcity.se\/sv\/#website","url":"https:\/\/tandcity.se\/sv\/","name":"TandCity Malm\u00f6","description":"","potentialAction":[{"@type":"SearchAction","target":{"@type":"EntryPoint","urlTemplate":"https:\/\/tandcity.se\/sv\/?s={search_term_string}"},"query-input":{"@type":"PropertyValueSpecification","valueRequired":true,"valueName":"search_term_string"}}],"inLanguage":"sv-SE"}]}},"_links":{"self":[{"href":"https:\/\/tandcity.se\/sv\/wp-json\/wp\/v2\/pages\/2508","targetHints":{"allow":["GET"]}}],"collection":[{"href":"https:\/\/tandcity.se\/sv\/wp-json\/wp\/v2\/pages"}],"about":[{"href":"https:\/\/tandcity.se\/sv\/wp-json\/wp\/v2\/types\/page"}],"author":[{"embeddable":true,"href":"https:\/\/tandcity.se\/sv\/wp-json\/wp\/v2\/users\/7"}],"replies":[{"embeddable":true,"href":"https:\/\/tandcity.se\/sv\/wp-json\/wp\/v2\/comments?post=2508"}],"version-history":[{"count":17,"href":"https:\/\/tandcity.se\/sv\/wp-json\/wp\/v2\/pages\/2508\/revisions"}],"predecessor-version":[{"id":4391,"href":"https:\/\/tandcity.se\/sv\/wp-json\/wp\/v2\/pages\/2508\/revisions\/4391"}],"wp:attachment":[{"href":"https:\/\/tandcity.se\/sv\/wp-json\/wp\/v2\/media?parent=2508"}],"curies":[{"name":"wp","href":"https:\/\/api.w.org\/{rel}","templated":true}]}}