{"id":2384,"date":"2018-05-29T14:35:27","date_gmt":"2018-05-29T12:35:27","guid":{"rendered":"http:\/\/tandcity.se\/sv\/?page_id=2384"},"modified":"2024-09-24T11:04:51","modified_gmt":"2024-09-24T09:04:51","slug":"patientinformation","status":"publish","type":"page","link":"https:\/\/tandcity.se\/sv\/patientinformation\/","title":{"rendered":"Patientinformation"},"content":{"rendered":"<div class=\"wpb-content-wrapper\"><div class=\"vc_row wpb_row vc_row-fluid\"><div class=\"wpb_column vc_column_container vc_col-sm-12\"><div class=\"vc_column-inner\"><div class=\"wpb_wrapper\"><div class=\"vc_separator wpb_content_element vc_separator_align_center vc_sep_width_100 vc_sep_border_width_10 vc_sep_pos_align_center vc_separator_no_text vc_sep_color_white\" ><span class=\"vc_sep_holder vc_sep_holder_l\"><span class=\"vc_sep_line\"><\/span><\/span><span class=\"vc_sep_holder vc_sep_holder_r\"><span class=\"vc_sep_line\"><\/span><\/span>\n<\/div><\/div><\/div><\/div><\/div><div class=\"vc_row wpb_row vc_row-fluid\"><div class=\"wpb_column vc_column_container vc_col-sm-12\"><div class=\"vc_column-inner\"><div class=\"wpb_wrapper\">\n\t<div class=\"wpb_text_column wpb_content_element  introtext\" >\n\t\t<div class=\"wpb_wrapper\">\n\t\t\t<h1 class=\"p1\">Information om TandCitys behandling av personuppgifter<\/h1>\n<p>Vi p\u00e5 TandCity v\u00e4rnar om din personliga integritet och vill h\u00e4r informera om hur vi samlar in och anv\u00e4nder dina personuppgifter i enlighet med patientdatalagen, tandv\u00e5rdslagen och dataskyddsf\u00f6rordningen (\u201dGDPR\u201d). Nedan f\u00e5r du \u00e4ven information om dina r\u00e4ttigheter under till\u00e4mplig dataskyddslagstiftning.<\/p>\n\n\t\t<\/div>\n\t<\/div>\n<\/div><\/div><\/div><\/div><div class=\"vc_row wpb_row vc_row-fluid\"><div class=\"wpb_column vc_column_container vc_col-sm-12\"><div class=\"vc_column-inner\"><div class=\"wpb_wrapper\">\n\t<div class=\"wpb_text_column wpb_content_element \" >\n\t\t<div class=\"wpb_wrapper\">\n\t\t\t<h3>PATIENT<\/h3>\n<p><em>Journalf\u00f6ring<\/em><\/p>\n<p>Som v\u00e5rdgivare \u00e4r vi skyldiga att f\u00f6ra patientjournal. Syftet med att f\u00f6ra patientjournal \u00e4r i huvudsak att bidra till en god och s\u00e4ker v\u00e5rd f\u00f6r dig som \u00e4r i kontakt med oss i egenskap av kund\/patient. Patientjournalen inneh\u00e5ller uppgifter om din identitet, samt uppgifter kopplade till din v\u00e5rd s\u00e5som vidtagna eller planerade behandlings\u00e5tg\u00e4rder etc. V\u00e5r behandling av dina personuppgifter i samband med journalf\u00f6ringen \u00e4r n\u00f6dv\u00e4ndig f\u00f6r att fullg\u00f6ra r\u00e4ttsliga f\u00f6rpliktelser som \u00e5vilar oss i egenskap av v\u00e5rdgivare enligt patientdatalagen, samt f\u00f6r att utf\u00f6ra en uppgift av allm\u00e4nt intresse (tillhandah\u00e5lla h\u00e4lso- och sjukv\u00e5rd).<\/p>\n<p><em>Tidsbokning och administration<\/em><\/p>\n<p>Som patient hos oss har du m\u00f6jlighet att boka\/avboka tid digitalt eller via telefon. N\u00e4r du har kontakt med oss i egenskap av kund\/patient behandlar vi dina personuppgifter i syfte att administrera och bekr\u00e4fta din bokning\/avbokning, skicka ut kallelse och administrera din betalning. Personuppgiftsbehandlingen \u00e4r n\u00f6dv\u00e4ndig f\u00f6r att kunna fullg\u00f6ra de(t) avtal vi har med dig, f\u00f6r att fullg\u00f6ra r\u00e4ttsliga f\u00f6rpliktelser som \u00e5vilar oss i egenskap av v\u00e5rdgivare enligt tandv\u00e5rdslagen samt f\u00f6r att utf\u00f6ra en uppgift av allm\u00e4nt intresse (tillhandah\u00e5lla h\u00e4lso- och sjukv\u00e5rd). V\u00e4nligen notera att det \u00e4r n\u00f6dv\u00e4ndigt att du l\u00e4mnar dina personuppgifter f\u00f6r att vi ska<br \/>\nkunna administrera kundf\u00f6rh\u00e5llandet.<\/p>\n<p><em>Kvalitetss\u00e4kring och verksamhetsuppf\u00f6ljning<\/em><\/p>\n<p>Inom tandv\u00e5rd ska kvaliteten i verksamheten systematiskt och fortl\u00f6pande utvecklas och s\u00e4kras. Dina personuppgifter kopplade till din v\u00e5rd och administration kan d\u00e4rf\u00f6r komma att behandlas f\u00f6r detta syfte. Personuppgiftsbehandlingen \u00e4r n\u00f6dv\u00e4ndig f\u00f6r att fullg\u00f6ra r\u00e4ttsliga f\u00f6rpliktelser som \u00e5vilar oss i egenskap av v\u00e5rdgivare enligt tandv\u00e5rdslagen, samt f\u00f6r att utf\u00f6ra en uppgift av allm\u00e4nt intresse (tillhandah\u00e5lla h\u00e4lso- och sjukv\u00e5rd).<\/p>\n<p><em>Marknadsf\u00f6ring<\/em><\/p>\n<p>Som patient hos oss f\u00e5r du m\u00f6jlighet kommunicera via mejl, telefon och SMS i informationssyfte. V\u00e5r r\u00e4ttsliga grund f\u00f6r denna behandling \u00e4r intresseavv\u00e4gning.<\/p>\n<p><em>F\u00f6rfr\u00e5gan via e-post och webbformul\u00e4r<\/em><\/p>\n<p>Vi behandlar dina personuppgifter n\u00e4r du kontaktar oss via e-post och\/eller webbformul\u00e4r i syfte att hantera din f\u00f6rfr\u00e5gan, med st\u00f6d av en intresseavv\u00e4gning. Vi bed\u00f6mer att vi har ett ber\u00e4ttigat intresse av att behandla dina personuppgifter f\u00f6r att hantera din f\u00f6rfr\u00e5gan. De personuppgifter som behandlas varierar beroende p\u00e5 f\u00f6rfr\u00e5gans art, men omfattar normalt kontaktuppgifter och<br \/>\npersonnummer (n\u00e4r detta \u00e4r motiverat).<\/p>\n<p>&nbsp;<\/p>\n<p><strong>LEVERANT\u00d6R<\/strong><\/p>\n<p><em>Administrera leverant\u00f6rsf\u00f6rh\u00e5llanden<\/em><\/p>\n<p>N\u00e4r du har kontakt med oss i egenskap av leverant\u00f6r\/representant f\u00f6r leverant\u00f6r behandlar vi dina kontaktuppgifter i syfte att administrera v\u00e5rt leverant\u00f6rsf\u00f6rh\u00e5llande. Behandlingen sker med st\u00f6d av en intresseavv\u00e4gning.<\/p>\n<p>&nbsp;<\/p>\n<p><strong>BES\u00d6KARE P\u00c5 V\u00c5R WEBBPLATS<\/strong><\/p>\n<p><em>Anv\u00e4ndning av v\u00e5ra websidor och kontaktformul\u00e4r<\/em><\/p>\n<p>Vi behandlar dina personuppgifter n\u00e4r du anv\u00e4nder v\u00e5ra websidor i syfte att tillhandah\u00e5lla webbplatsen p\u00e5 ett s\u00e4kert s\u00e4tt samt f\u00f6rb\u00e4ttra v\u00e5ra digitala tj\u00e4nster. Behandlingen sker med st\u00f6d i av en intresseavv\u00e4gning och i f\u00f6rekommande fall efter ditt samtycke. F\u00f6ljande uppgifter kommer att behandlas:<\/p>\n<ul>\n<li>Information om anv\u00e4ndandet av v\u00e5r hemsida &#8211; s\u00e5som bes\u00f6ksstatistik kring svarstid<br \/>\nf\u00f6r sidor, nedladdningsfel, hur du n\u00e5dde och l\u00e4mnade tj\u00e4nsten, s\u00e5v\u00e4l som<br \/>\nleveransnotiser n\u00e4r vi kontaktar dig.<\/li>\n<li>Enhetsinformation &#8211; t.ex. IP-adress, spr\u00e5kinst\u00e4llningar, webbl\u00e4sarinst\u00e4llningar,<br \/>\ntidszon, operativsystem, plattform och sk\u00e4rmuppl\u00f6sning.<\/li>\n<li>Geografisk information &#8211; din geografiska placering.<\/li>\n<\/ul>\n<p>F\u00f6r mer information om cookies, se v\u00e5r <a href=\"https:\/\/tandcity.se\/sv\/cookiepolicy\/\">Cookiepolicy<\/a>.<\/p>\n<p>&nbsp;<\/p>\n<p><strong>MOTTAGARE OCH KATEGORIER AV MOTTAGARE<\/strong><\/p>\n<p>Inom tandv\u00e5rden r\u00e5der str\u00e4ng sekretess f\u00f6r uppgifter om patienters h\u00e4lsotillst\u00e5nd och andra k\u00e4nsliga uppgifter. Endast beh\u00f6rig personal f\u00e5r ta del av sekretessuppgifter vilket inneb\u00e4r att det endast \u00e4r personal som \u00e4r inblandad i v\u00e5rden och behandlingen av patienten, eller av annat sk\u00e4l beh\u00f6ver uppgifterna f\u00f6r att fullg\u00f6ra sitt arbete inom tandv\u00e5rden, som f\u00e5r ta del av uppgifterna.<\/p>\n<p>Vi kan dock komma att dela dina personuppgifter med v\u00e5ra leverant\u00f6rer av bl.a. journalsystem, IT samt dentalmaterial i syfte att kunna bedriva och utveckla v\u00e5r verksamhet och d\u00e4rmed tillhandah\u00e5lla en kvalitativ och s\u00e4ker v\u00e5rd. I den m\u00e5n det till\u00e5ts eller kr\u00e4vs av till\u00e4mplig lagstiftning kan vi komma att dela dina personuppgifter med myndigheter, domstolar och andra liknande tredje parter.<\/p>\n<p>Dina personuppgifter kommer alltid att behandlas inom EU\/EES, om inte annat uttryckligen anges.<\/p>\n<p>&nbsp;<\/p>\n<p><strong>LAGRINGSPERIOD<\/strong><\/p>\n<p>Vi sparar inte personuppgifter l\u00e4ngre \u00e4n vad som \u00e4r n\u00f6dv\u00e4ndigt eller kr\u00e4vs enligt lag. Personuppgifterna i v\u00e5rt patientjournalsystem lagras i enlighet med best\u00e4mmelserna i patientdatalagen, en journalhandling sparas i minst tio \u00e5r efter det att den sista uppgiften f\u00f6rdes in i handlingen. I de fall dina personuppgifter \u00e4r en del av v\u00e5r r\u00e4kenskapsinformation sparas den enligt bokf\u00f6ringslagen i minst sju \u00e5r.<\/p>\n<p>&nbsp;<\/p>\n<p><strong>DINA R\u00c4TTIGHETER<\/strong><\/p>\n<p>Du har r\u00e4tt till insyn i hur vi behandlar dina personuppgifter och har r\u00e4tt att beg\u00e4ra information om personuppgiftsbehandlingen. Du har r\u00e4tt att f\u00e5 felaktiga personuppgifter r\u00e4ttade, att f\u00e5 eventuell \u00f6verfl\u00f6dig personuppgiftsbehandling begr\u00e4nsad, ogrundad personuppgiftsbehandling raderad och \u00e4ven, i vissa fall, f\u00e5 personuppgifter flyttade till annan akt\u00f6r. Om du vill l\u00e4mna in ett klagom\u00e5l avseende v\u00e5r personuppgiftsbehandling kontakta Integritetsskyddsmyndigheten, <a href=\"mailto:imy@imy.se\">imy@imy.se<\/a>.<\/p>\n<p>Skulle vi behandla personuppgifter om dig med st\u00f6d av ditt samtycke vill vi informera dig om att du alltid har r\u00e4tt att \u00e5terkalla ditt samtycke.<\/p>\n<p>&nbsp;<\/p>\n<p><strong>KONTAKTA OSS<\/strong><\/p>\n<p>TandCity, 559073\u20132557 \u00e4r personuppgiftsansvarig f\u00f6r behandlingen av dina personuppgifter enligt ovan och ansvarar f\u00f6r att v\u00e5ra behandlingar sker i enlighet med patientdatalagen, tandv\u00e5rdslagen, GDPR och annan till\u00e4mplig dataskyddslagstiftning. Vi ing\u00e5r i Dentalum-koncernen som har ett utsett dataskyddsombud. Om du har fr\u00e5gor om hur vi behandlar dina personuppgifter eller vill ut\u00f6va dina r\u00e4ttigheter \u00e4r du v\u00e4lkommen att kontakta oss p\u00e5 <a href=\"mailto:dso@dentalum.com\">dso@dentalum.com<\/a>.<\/p>\n\n\t\t<\/div>\n\t<\/div>\n<\/div><\/div><\/div><\/div>\n<\/div>","protected":false},"excerpt":{"rendered":"Information om TandCitys behandling av personuppgifter Vi p\u00e5 TandCity v\u00e4rnar om din personliga integritet och vill h\u00e4r informera om hur <a href=\"https:\/\/tandcity.se\/sv\/patientinformation\/\" class=\"more-link\">\u2026 <span class=\"screen-reader-text\">  Patientinformation<\/span><\/a>","protected":false},"author":7,"featured_media":0,"parent":0,"menu_order":0,"comment_status":"closed","ping_status":"closed","template":"","meta":{"footnotes":""},"class_list":["post-2384","page","type-page","status-publish"],"yoast_head":"<!-- This site is optimized with the Yoast SEO plugin v25.5 - https:\/\/yoast.com\/wordpress\/plugins\/seo\/ -->\n<title>Patientinformation - TandCity Malm\u00f6<\/title>\n<meta name=\"description\" content=\"Varje g\u00e5ng du kontaktar oss registrerar vi personuppgifter om dig. Personuppgifterna beh\u00f6vs f\u00f6r att kunna ge en god, s\u00e4ker och trygg tandv\u00e5rd.\" \/>\n<meta name=\"robots\" content=\"index, follow, max-snippet:-1, max-image-preview:large, max-video-preview:-1\" \/>\n<link rel=\"canonical\" href=\"https:\/\/tandcity.se\/sv\/patientinformation\/\" \/>\n<meta name=\"twitter:label1\" content=\"Ber\u00e4knad l\u00e4stid\" \/>\n\t<meta name=\"twitter:data1\" content=\"5 minuter\" \/>\n<!-- \/ Yoast SEO plugin. -->","yoast_head_json":{"title":"Patientinformation - TandCity Malm\u00f6","description":"Varje g\u00e5ng du kontaktar oss registrerar vi personuppgifter om dig. Personuppgifterna beh\u00f6vs f\u00f6r att kunna ge en god, s\u00e4ker och trygg tandv\u00e5rd.","robots":{"index":"index","follow":"follow","max-snippet":"max-snippet:-1","max-image-preview":"max-image-preview:large","max-video-preview":"max-video-preview:-1"},"canonical":"https:\/\/tandcity.se\/sv\/patientinformation\/","twitter_misc":{"Ber\u00e4knad l\u00e4stid":"5 minuter"},"schema":{"@context":"https:\/\/schema.org","@graph":[{"@type":"WebPage","@id":"https:\/\/tandcity.se\/sv\/patientinformation\/","url":"https:\/\/tandcity.se\/sv\/patientinformation\/","name":"Patientinformation - TandCity Malm\u00f6","isPartOf":{"@id":"https:\/\/tandcity.se\/sv\/#website"},"datePublished":"2018-05-29T12:35:27+00:00","dateModified":"2024-09-24T09:04:51+00:00","description":"Varje g\u00e5ng du kontaktar oss registrerar vi personuppgifter om dig. Personuppgifterna beh\u00f6vs f\u00f6r att kunna ge en god, s\u00e4ker och trygg tandv\u00e5rd.","breadcrumb":{"@id":"https:\/\/tandcity.se\/sv\/patientinformation\/#breadcrumb"},"inLanguage":"sv-SE","potentialAction":[{"@type":"ReadAction","target":["https:\/\/tandcity.se\/sv\/patientinformation\/"]}]},{"@type":"BreadcrumbList","@id":"https:\/\/tandcity.se\/sv\/patientinformation\/#breadcrumb","itemListElement":[{"@type":"ListItem","position":1,"name":"Hjem","item":"https:\/\/tandcity.se\/en\/"},{"@type":"ListItem","position":2,"name":"Patientinformation"}]},{"@type":"WebSite","@id":"https:\/\/tandcity.se\/sv\/#website","url":"https:\/\/tandcity.se\/sv\/","name":"TandCity Malm\u00f6","description":"","potentialAction":[{"@type":"SearchAction","target":{"@type":"EntryPoint","urlTemplate":"https:\/\/tandcity.se\/sv\/?s={search_term_string}"},"query-input":{"@type":"PropertyValueSpecification","valueRequired":true,"valueName":"search_term_string"}}],"inLanguage":"sv-SE"}]}},"_links":{"self":[{"href":"https:\/\/tandcity.se\/sv\/wp-json\/wp\/v2\/pages\/2384","targetHints":{"allow":["GET"]}}],"collection":[{"href":"https:\/\/tandcity.se\/sv\/wp-json\/wp\/v2\/pages"}],"about":[{"href":"https:\/\/tandcity.se\/sv\/wp-json\/wp\/v2\/types\/page"}],"author":[{"embeddable":true,"href":"https:\/\/tandcity.se\/sv\/wp-json\/wp\/v2\/users\/7"}],"replies":[{"embeddable":true,"href":"https:\/\/tandcity.se\/sv\/wp-json\/wp\/v2\/comments?post=2384"}],"version-history":[{"count":3,"href":"https:\/\/tandcity.se\/sv\/wp-json\/wp\/v2\/pages\/2384\/revisions"}],"predecessor-version":[{"id":4373,"href":"https:\/\/tandcity.se\/sv\/wp-json\/wp\/v2\/pages\/2384\/revisions\/4373"}],"wp:attachment":[{"href":"https:\/\/tandcity.se\/sv\/wp-json\/wp\/v2\/media?parent=2384"}],"curies":[{"name":"wp","href":"https:\/\/api.w.org\/{rel}","templated":true}]}}