{"id":2000,"date":"2017-12-19T07:02:31","date_gmt":"2017-12-19T06:02:31","guid":{"rendered":"http:\/\/tandcity.se\/sv\/?page_id=2000"},"modified":"2024-01-29T10:06:32","modified_gmt":"2024-01-29T09:06:32","slug":"invisalign","status":"publish","type":"page","link":"https:\/\/tandcity.se\/sv\/invisalign\/","title":{"rendered":"Invisalign"},"content":{"rendered":"<div class=\"wpb-content-wrapper\"><div data-vc-full-width=\"true\" data-vc-full-width-init=\"false\" data-vc-stretch-content=\"true\" class=\"vc_row wpb_row vc_row-fluid fullwidth coverimage vc_custom_1528186351798 vc_row-has-fill\"><div class=\"wpb_column vc_column_container vc_col-sm-12\"><div class=\"vc_column-inner\"><div class=\"wpb_wrapper\"><\/div><\/div><\/div><\/div><div class=\"vc_row-full-width vc_clearfix\"><\/div><div class=\"vc_row wpb_row vc_row-fluid\"><div class=\"wpb_column vc_column_container vc_col-sm-12\"><div class=\"vc_column-inner\"><div class=\"wpb_wrapper\">\n\t<div class=\"wpb_text_column wpb_content_element  introtext\" >\n\t\t<div class=\"wpb_wrapper\">\n\t\t\t<h1>Professionell Invisalign-behandling i Malm\u00f6<\/h1>\n<p><em>Ett vackert leende kan f\u00f6r\u00e4ndra allt, ditt\u00a0sj\u00e4lvf\u00f6rtroende, ditt\u00a0utseende, ditt\u00a0liv. Om du\u00a0inte \u00e4r n\u00f6jd med ditt\u00a0nuvarande leende, l\u00e4s h\u00e4r vad Invisalign kan g\u00f6ra f\u00f6r dig!<\/em><\/p>\n<p><em>Med hj\u00e4lp av en ny teknologi kan transparenta skenor, s k <strong>Invisalign\u00a0Aligner<\/strong>, produceras individanpassat. En rad problem kan d\u00e5 l\u00f6sas, fr\u00e5n enkla felst\u00e4llningar till komplicerade fall. Det b\u00e4sta med metoden \u00e4r att\u00a0ditt vardagsliv inte p\u00e5verkas genom anv\u00e4ndningen.<\/em><\/p>\n\n\t\t<\/div>\n\t<\/div>\n<\/div><\/div><\/div><\/div><div class=\"vc_row wpb_row vc_row-fluid\"><div class=\"wpb_column vc_column_container vc_col-sm-12\"><div class=\"vc_column-inner\"><div class=\"wpb_wrapper\">\n\t<div class=\"wpb_text_column wpb_content_element \" >\n\t\t<div class=\"wpb_wrapper\">\n\t\t\t<h2>Vad \u00e4r Invisalign?<\/h2>\n\n\t\t<\/div>\n\t<\/div>\n<\/div><\/div><\/div><\/div><div class=\"vc_row wpb_row vc_row-fluid\"><div class=\"wpb_column vc_column_container vc_col-sm-6\"><div class=\"vc_column-inner\"><div class=\"wpb_wrapper\">\n\t<div class=\"wpb_text_column wpb_content_element \" >\n\t\t<div class=\"wpb_wrapper\">\n\t\t\t<p>Genom anv\u00e4ndning av en serie individuellt tillverkade, uttagbara och n\u00e4stan osynliga Invisalign-skenor, s k Inman Aligner korrigeras\u00a0dina t\u00e4nder successivt.<\/p>\n<p>Varje set Aligner skenor skall anv\u00e4ndas 2-3 veckor. D\u00e4refter tar man ett nytt set. Med seten korrigeras t\u00e4nderna allteftersom -vecka f\u00f6r vecka, steg f\u00f6r steg, tills ett slutresultat har n\u00e5tts. Antal erforderliga Invisalign skenor liksom behandlingstid beror p\u00e5 hur komplicerat fallet \u00e4r.<\/p>\n\n\t\t<\/div>\n\t<\/div>\n<\/div><\/div><\/div><div class=\"wpb_column vc_column_container vc_col-sm-6\"><div class=\"vc_column-inner\"><div class=\"wpb_wrapper\">\n\t<div  class=\"wpb_single_image wpb_content_element vc_align_center\">\n\t\t\n\t\t<figure class=\"wpb_wrapper vc_figure\">\n\t\t\t<div class=\"vc_single_image-wrapper   vc_box_border_grey\"><img loading=\"lazy\" decoding=\"async\" width=\"799\" height=\"533\" src=\"https:\/\/tandcity.se\/wp-content\/uploads\/2016\/10\/invisalign-tandstallning.jpg\" class=\"vc_single_image-img attachment-full\" alt=\"Professionell Invisalign behandling i Malm\u00f6 -TandCity\" title=\"invisalign\" srcset=\"https:\/\/tandcity.se\/wp-content\/uploads\/2016\/10\/invisalign-tandstallning.jpg 799w, https:\/\/tandcity.se\/wp-content\/uploads\/2016\/10\/invisalign-tandstallning-300x200.jpg 300w, https:\/\/tandcity.se\/wp-content\/uploads\/2016\/10\/invisalign-tandstallning-768x512.jpg 768w, https:\/\/tandcity.se\/wp-content\/uploads\/2016\/10\/invisalign-tandstallning-272x182.jpg 272w\" sizes=\"auto, (max-width: 799px) 100vw, 799px\" \/><\/div>\n\t\t<\/figure>\n\t<\/div>\n<\/div><\/div><\/div><\/div><div class=\"vc_row wpb_row vc_row-fluid\"><div class=\"wpb_column vc_column_container vc_col-sm-12\"><div class=\"vc_column-inner\"><div class=\"wpb_wrapper\">\n\t<div class=\"wpb_text_column wpb_content_element \" >\n\t\t<div class=\"wpb_wrapper\">\n\t\t\t<ul>\n<li><strong>Bekv\u00e4mt<\/strong><em>\u00a0<\/em>\u2013 Inga metalltr\u00e5dar eller klamrar beh\u00f6vs, som kan irritera mund och tandk\u00f6tt. Aligner seten \u00e4r anpassade till\u00a0dina t\u00e4nder och \u00e4r bekv\u00e4ma att anv\u00e4nda.\u00a0Man kan k\u00e4nna ett kort l\u00e4tt obehag vid \u00f6verg\u00e5ngen till varje nytt Aligner set, men detta \u00e4r bara ett tecken p\u00e5 att f\u00f6rskjutningen har b\u00f6rjat och obehaget f\u00f6rsvinner snabbt.<\/li>\n<li><strong>Uttagbar<\/strong> \u2013\u00a0Du kan ta ut Aligner setet innan\u00a0du skall \u00e4ta, n\u00e4r du skall utf\u00f6ra\u00a0din dagliga munhygien och vid speciella behov.<\/li>\n<li><strong>N\u00e4stan osynlig<\/strong><em> \u2013<\/em> Invisalign Aligner \u00e4r n\u00e4stan genomskinliga. De integreras enkelt i\u00a0din egen livsstil. Ingen m\u00e4rker att du behandlar t\u00e4nderna med denna metod.<\/li>\n<\/ul>\n\n\t\t<\/div>\n\t<\/div>\n<\/div><\/div><\/div><\/div><div class=\"vc_row wpb_row vc_row-fluid\"><div class=\"wpb_column vc_column_container vc_col-sm-12\"><div class=\"vc_column-inner\"><div class=\"wpb_wrapper\">\n\t<div class=\"wpb_text_column wpb_content_element \" >\n\t\t<div class=\"wpb_wrapper\">\n\t\t\t<h2>Hur fungerar Invisalign och hur g\u00e5r man tillv\u00e4ga?<\/h2>\n\n\t\t<\/div>\n\t<\/div>\n<\/div><\/div><\/div><\/div><div class=\"vc_row wpb_row vc_row-fluid\"><div class=\"wpb_column vc_column_container vc_col-sm-6\"><div class=\"vc_column-inner\"><div class=\"wpb_wrapper\">\n\t<div  class=\"wpb_single_image wpb_content_element vc_align_left\">\n\t\t\n\t\t<figure class=\"wpb_wrapper vc_figure\">\n\t\t\t<div class=\"vc_single_image-wrapper   vc_box_border_grey\"><img loading=\"lazy\" decoding=\"async\" width=\"600\" height=\"483\" src=\"https:\/\/tandcity.se\/wp-content\/uploads\/2016\/10\/Invisalign.jpg\" class=\"vc_single_image-img attachment-full\" alt=\"Med hj\u00e4lp av en ny teknolog Invisalign i Malm\u00f6 -TandCity\" title=\"Invisalign\" srcset=\"https:\/\/tandcity.se\/wp-content\/uploads\/2016\/10\/Invisalign.jpg 600w, https:\/\/tandcity.se\/wp-content\/uploads\/2016\/10\/Invisalign-300x242.jpg 300w\" sizes=\"auto, (max-width: 600px) 100vw, 600px\" \/><\/div>\n\t\t<\/figure>\n\t<\/div>\n<\/div><\/div><\/div><div class=\"wpb_column vc_column_container vc_col-sm-6\"><div class=\"vc_column-inner\"><div class=\"wpb_wrapper\">\n\t<div class=\"wpb_text_column wpb_content_element \" >\n\t\t<div class=\"wpb_wrapper\">\n\t\t\t<p>Du\u00a0bokar en tid hos n\u00e5gon av v\u00e5ra Invisalign certifierade experter, f\u00f6r att f\u00e5 information och f\u00e5 veta hur\u00a0din egna personliga behandling ska g\u00e5 till. N\u00e4sta steg \u00e4r att\u00a0dina t\u00e4nder fotograferas och avtryck tas. Fotona samt avtrycken skickas till ett speciallaboratorium i USA.<\/p>\n<p>Efter ca tv\u00e5 veckor bokas en ny tid med\u00a0en invisalign-specialist f\u00f6r att se behandlingsplanen via en virtuell 3-D mjukvara. Programmet visar det planerade slutresultatet och anger tid f\u00f6r behandlingen. Tv\u00e5 veckor senare b\u00f6rjar din Invisalign resa och du f\u00e5r\u00a0dina tv\u00e5 f\u00f6rsta Aligner-set.<\/p>\n<p>Du ska b\u00f6rja anv\u00e4nda det f\u00f6rsta setet direkt. Det andra setet tar\u00a0du med hem f\u00f6r att anv\u00e4nda senare.<\/p>\n<p>Efter en m\u00e5nad n\u00e4r\u00a0du har anv\u00e4nt b\u00e5da seten i vardera tv\u00e5 veckor, bokar\u00a0du en ny tid hos din specialist p\u00e5 TandCity i Malm\u00f6 f\u00f6r att f\u00e5 nya Aligner set. P\u00e5 detta s\u00e4tt fortg\u00e5r proceduren, tills det \u00f6nskade resultatet har uppn\u00e5tts.<\/p>\n<p>Bekv\u00e4mt, n\u00e4stan osynligt, uttagbart \u2013 l\u00e4s varf\u00f6r <a href=\"http:\/\/www.invisalign.se\/the-results\" target=\"_blank\" rel=\"noopener noreferrer\">4 miljoner m\u00e4nniskor v\u00e4rlden \u00f6ver har behandlats med Invisalign<\/a>! \u00c4r du redo f\u00f6r ett nytt leende?<\/p>\n\n\t\t<\/div>\n\t<\/div>\n<\/div><\/div><\/div><\/div><div data-vc-full-width=\"true\" data-vc-full-width-init=\"false\" class=\"vc_row wpb_row vc_row-fluid fullwidth booking_section_responsive vc_custom_1529581559465 vc_row-has-fill vc_row-o-equal-height vc_row-flex\"><div class=\"wpb_column vc_column_container vc_col-sm-12\"><div class=\"vc_column-inner\"><div class=\"wpb_wrapper\">\n\t<div class=\"wpb_text_column wpb_content_element \" >\n\t\t<div class=\"wpb_wrapper\">\n\t\t\t<h2><span style=\"color: #ffffff;\">TandCity \u2013 akut tandv\u00e5rd i Malm\u00f6<\/span><\/h2>\n<p class=\"subtext_online\">\u00c4r du i behov av en akuttid eller vill du av n\u00e5gon annan anledning f\u00e5 en tid snabbt?<\/p>\n<p>&nbsp;<\/p>\n<h4><span style=\"color: #ffffff;\">Bara lugn, vi hj\u00e4lper dig. Vi f\u00f6rst\u00e5r att vissa saker inte kan v\u00e4nta och ser till att du f\u00e5r en tid s\u00e5 fort som m\u00f6jligt. H\u00f6r av dig till oss p\u00e5 telefonnummer 040 23 66 00 eller boka din tid online. Varmt v\u00e4lkommen!<\/span><\/h4>\n\n\t\t<\/div>\n\t<\/div>\n<div class=\"vc_btn3-container  tandcitygreen vc_btn3-inline\" ><a class=\"vc_general vc_btn3 vc_btn3-size-lg vc_btn3-shape-rounded vc_btn3-style-modern vc_btn3-color-green\" href=\"http:\/\/tandcity.se\/sv\/boka-tid-online\/\" title=\"\" target=\"_blank\" onclick=\"ga(&#039;send&#039;, &#039;event&#039;, &#039;button&#039;, &#039;click&#039;, &#039;bottom-banner-sv&#039;);\">Best\u00e4ll tid online<\/a><\/div><\/div><\/div><\/div><\/div><div class=\"vc_row-full-width vc_clearfix\"><\/div>\n<\/div>","protected":false},"excerpt":{"rendered":"Professionell Invisalign-behandling i Malm\u00f6 Ett vackert leende kan f\u00f6r\u00e4ndra allt, ditt\u00a0sj\u00e4lvf\u00f6rtroende, ditt\u00a0utseende, ditt\u00a0liv. Om du\u00a0inte \u00e4r n\u00f6jd med ditt\u00a0nuvarande leende, <a href=\"https:\/\/tandcity.se\/sv\/invisalign\/\" class=\"more-link\">\u2026 <span class=\"screen-reader-text\">  Invisalign<\/span><\/a>","protected":false},"author":7,"featured_media":0,"parent":0,"menu_order":0,"comment_status":"closed","ping_status":"closed","template":"","meta":{"footnotes":""},"class_list":["post-2000","page","type-page","status-publish"],"yoast_head":"<!-- This site is optimized with the Yoast SEO plugin v25.5 - https:\/\/yoast.com\/wordpress\/plugins\/seo\/ -->\n<title>Invisalign Malm\u00f6 - Osynlig tandst\u00e4llning - Priser | TandCity<\/title>\n<meta name=\"description\" content=\"TandCity i Malm\u00f6 erbjuder Invisalign - en osynlig, uttagbar &amp; smidig tandst\u00e4llning som korrigerar t\u00e4nderna f\u00f6r ett vackert leende. Boka tid idag!\" \/>\n<meta name=\"robots\" content=\"index, follow, max-snippet:-1, max-image-preview:large, max-video-preview:-1\" \/>\n<link rel=\"canonical\" href=\"https:\/\/tandcity.se\/sv\/invisalign\/\" \/>\n<meta name=\"twitter:label1\" content=\"Ber\u00e4knad l\u00e4stid\" \/>\n\t<meta name=\"twitter:data1\" content=\"3 minuter\" \/>\n<!-- \/ Yoast SEO plugin. -->","yoast_head_json":{"title":"Invisalign Malm\u00f6 - Osynlig tandst\u00e4llning - Priser | TandCity","description":"TandCity i Malm\u00f6 erbjuder Invisalign - en osynlig, uttagbar & smidig tandst\u00e4llning som korrigerar t\u00e4nderna f\u00f6r ett vackert leende. Boka tid idag!","robots":{"index":"index","follow":"follow","max-snippet":"max-snippet:-1","max-image-preview":"max-image-preview:large","max-video-preview":"max-video-preview:-1"},"canonical":"https:\/\/tandcity.se\/sv\/invisalign\/","twitter_misc":{"Ber\u00e4knad l\u00e4stid":"3 minuter"},"schema":{"@context":"https:\/\/schema.org","@graph":[{"@type":"WebPage","@id":"https:\/\/tandcity.se\/en\/invisalign\/","url":"https:\/\/tandcity.se\/en\/invisalign\/","name":"Invisalign Malm\u00f6 - Osynlig tandst\u00e4llning - Priser | TandCity","isPartOf":{"@id":"https:\/\/tandcity.se\/sv\/#website"},"datePublished":"2017-12-19T06:02:31+00:00","dateModified":"2024-01-29T09:06:32+00:00","description":"TandCity i Malm\u00f6 erbjuder Invisalign - en osynlig, uttagbar & smidig tandst\u00e4llning som korrigerar t\u00e4nderna f\u00f6r ett vackert leende. Boka tid idag!","breadcrumb":{"@id":"https:\/\/tandcity.se\/en\/invisalign\/#breadcrumb"},"inLanguage":"sv-SE","potentialAction":[{"@type":"ReadAction","target":["https:\/\/tandcity.se\/en\/invisalign\/"]}]},{"@type":"BreadcrumbList","@id":"https:\/\/tandcity.se\/en\/invisalign\/#breadcrumb","itemListElement":[{"@type":"ListItem","position":1,"name":"Hjem","item":"https:\/\/tandcity.se\/en\/"},{"@type":"ListItem","position":2,"name":"Invisalign"}]},{"@type":"WebSite","@id":"https:\/\/tandcity.se\/sv\/#website","url":"https:\/\/tandcity.se\/sv\/","name":"TandCity Malm\u00f6","description":"","potentialAction":[{"@type":"SearchAction","target":{"@type":"EntryPoint","urlTemplate":"https:\/\/tandcity.se\/sv\/?s={search_term_string}"},"query-input":{"@type":"PropertyValueSpecification","valueRequired":true,"valueName":"search_term_string"}}],"inLanguage":"sv-SE"}]}},"_links":{"self":[{"href":"https:\/\/tandcity.se\/sv\/wp-json\/wp\/v2\/pages\/2000","targetHints":{"allow":["GET"]}}],"collection":[{"href":"https:\/\/tandcity.se\/sv\/wp-json\/wp\/v2\/pages"}],"about":[{"href":"https:\/\/tandcity.se\/sv\/wp-json\/wp\/v2\/types\/page"}],"author":[{"embeddable":true,"href":"https:\/\/tandcity.se\/sv\/wp-json\/wp\/v2\/users\/7"}],"replies":[{"embeddable":true,"href":"https:\/\/tandcity.se\/sv\/wp-json\/wp\/v2\/comments?post=2000"}],"version-history":[{"count":5,"href":"https:\/\/tandcity.se\/sv\/wp-json\/wp\/v2\/pages\/2000\/revisions"}],"predecessor-version":[{"id":4056,"href":"https:\/\/tandcity.se\/sv\/wp-json\/wp\/v2\/pages\/2000\/revisions\/4056"}],"wp:attachment":[{"href":"https:\/\/tandcity.se\/sv\/wp-json\/wp\/v2\/media?parent=2000"}],"curies":[{"name":"wp","href":"https:\/\/api.w.org\/{rel}","templated":true}]}}