{"id":1538,"date":"2017-08-29T20:34:02","date_gmt":"2017-08-29T18:34:02","guid":{"rendered":"http:\/\/tandcity.se\/sv\/?page_id=1538"},"modified":"2025-08-11T22:37:48","modified_gmt":"2025-08-11T20:37:48","slug":"tandlakare-malmo","status":"publish","type":"page","link":"https:\/\/tandcity.se\/sv\/tandlakare-malmo\/","title":{"rendered":"Tandl\u00e4kare Malm\u00f6"},"content":{"rendered":"<div class=\"wpb-content-wrapper\"><div class=\"vc_row wpb_row vc_row-fluid fullwidth coverimage vc_custom_1737901608117 vc_row-has-fill\"><div class=\"wpb_column vc_column_container vc_col-sm-12\"><div class=\"vc_column-inner\"><div class=\"wpb_wrapper\"><div class=\"vc_empty_space\"   style=\"height: 32px\"><span class=\"vc_empty_space_inner\"><\/span><\/div><\/div><\/div><\/div><\/div><div class=\"vc_row wpb_row vc_row-fluid\"><div class=\"wpb_column vc_column_container vc_col-sm-12\"><div class=\"vc_column-inner\"><div class=\"wpb_wrapper\">\n\t<div class=\"wpb_text_column wpb_content_element  introtext\" >\n\t\t<div class=\"wpb_wrapper\">\n\t\t\t<h1>Boka tid hos Tandl\u00e4kare i Malm\u00f6<\/h1>\n<h2>TandCitys\u00a0tandl\u00e4kare i Malm\u00f6\u00a0erbjuder alla behandlingar med ett konstant fokus p\u00e5 utm\u00e4rkt svensk tandv\u00e5rd av h\u00f6gsta kvalitet.\u00a0Vi erbjuder professionalism, fackkompetens och alltid individuellt anpassad behandling.<\/h2>\n\n\t\t<\/div>\n\t<\/div>\n<\/div><\/div><\/div><\/div><div class=\"vc_row wpb_row vc_row-fluid\"><div class=\"wpb_column vc_column_container vc_col-sm-6\"><div class=\"vc_column-inner\"><div class=\"wpb_wrapper\">\n\t<div class=\"wpb_text_column wpb_content_element \" >\n\t\t<div class=\"wpb_wrapper\">\n\t\t\t<h2>Vi \u00e4r annorlunda. V\u00e5r vision \u00e4r att g\u00f6ra h\u00f6gklassig tandv\u00e5rd tillg\u00e4nglig f\u00f6r alla.\u00a0Utan kompromisser.<\/h2>\n<p>Vi \u00e4r en unik grupp m\u00e4nniskor som brinner f\u00f6r v\u00e5rt yrke och som vill g\u00f6ra v\u00e5rt\u00a0yttersta f\u00f6r att erbjuda h\u00f6gklassig\u00a0<a href=\"http:\/\/tandcity.se\/sv\/tandlakare-malmo-priser\/\">tandv\u00e5rd till rimliga priser<\/a>\u00a0\u2013 f\u00f6r alla! Alla leenden \u00e4r\u00a0unika och ska behandlas d\u00e4refter. Vi s\u00e4tter dig som patient i fokus och g\u00f6r alltid v\u00e5rt\u00a0b\u00e4sta f\u00f6r hitta r\u00e4tt l\u00f6sning f\u00f6r just dig. N\u00f6jda kunder kommer tillbaka och v\u00e5rt m\u00e5l \u00e4r\u00a0att alla patienter som kommer innanf\u00f6r v\u00e5ra d\u00f6rrar ska kunna k\u00e4nna v\u00e5rt\u00a0engagemang och vilja komma \u00e5ter.\u00a0TandCitys tandl\u00e4kare Malm\u00f6 finns h\u00e4r f\u00f6r dig.<\/p>\n<p><strong>Grundpelarna i TandCitys koncept \u00e4r:<\/strong><\/p>\n<p>KVALITET\u00a0<strong>\u2013\u00a0<\/strong>Vi vill vara stolta \u00f6ver den tandv\u00e5rd vi levererar. V\u00e5r kompetenta personal arbetar tillsammans med de mest framst\u00e5ende tandteknikerna i Sverige f\u00f6r att ge dig det absolut b\u00e4sta. De senaste materialen och den nyaste tekniken ger oss m\u00f6jligheten att leverera <a href=\"http:\/\/tandcity.se\/sv\/\">tandv\u00e5rd av h\u00f6gsta klass<\/a>. P\u00e5 s\u00e5 s\u00e4tt kan v\u00e5ra patienter k\u00e4nna sig trygga. Vi tummar aldrig p\u00e5 kvaliteten.<\/p>\n<p>TILLG\u00c4NGLIGHET\u00a0<strong>\u2013<\/strong>\u00a0Det ska vara smidigt och enkelt att ta sig till oss. D\u00e4rf\u00f6r har vi valt att placera oss p\u00e5 det absolut b\u00e4sta l\u00e4get i Malm\u00f6 \u2013 mitt emot Malm\u00f6 centralstation.<\/p>\n<p>SERVICE \u2013\u00a0Vi f\u00f6rst\u00e5r att det \u00e4r sv\u00e5rt att finna tid i en stressig vardag. F\u00f6r att g\u00f6ra det enklare f\u00f6r dig har vi d\u00e4rf\u00f6r \u00f6ppet fr\u00e5n tidig morgon till sen kv\u00e4ll, inklusive l\u00f6rdagar. Du kan dessutom <a href=\"http:\/\/tandcity.se\/sv\/boka-tid-online\/\">boka\u00a0din tid online<\/a>\u00a0via v\u00e5r hemsida \u2013 dygnet runt.<\/p>\n<h2><\/h2>\n\n\t\t<\/div>\n\t<\/div>\n<\/div><\/div><\/div><div class=\"wpb_column vc_column_container vc_col-sm-6\"><div class=\"vc_column-inner\"><div class=\"wpb_wrapper\">\n\t<div  class=\"wpb_single_image wpb_content_element vc_align_left\">\n\t\t\n\t\t<figure class=\"wpb_wrapper vc_figure\">\n\t\t\t<div class=\"vc_single_image-wrapper   vc_box_border_grey\"><img loading=\"lazy\" decoding=\"async\" width=\"768\" height=\"512\" src=\"https:\/\/tandcity.se\/wp-content\/uploads\/2017\/08\/IMG_5091.jpg\" class=\"vc_single_image-img attachment-full\" alt=\"Tv\u00e5 tandl\u00e4kare och grundare av TandCity Malm\u00f6 poserar tillsammans.Bild p\u00e5 tandl\u00e4kare i Malm\u00f6 som levererar h\u00f6gkvalitativ v\u00e5rd\" title=\"Tv\u00e5 erfarna tandl\u00e4kare och grundare av TandCity Malm\u00f6 - Din trygga v\u00e4g till ett vackert leendeTandl\u00e4kare i Malm\u00f6 - Kvalitetss\u00e4krad v\u00e5rd\" srcset=\"https:\/\/tandcity.se\/wp-content\/uploads\/2017\/08\/IMG_5091.jpg 768w, https:\/\/tandcity.se\/wp-content\/uploads\/2017\/08\/IMG_5091-300x200.jpg 300w, https:\/\/tandcity.se\/wp-content\/uploads\/2017\/08\/IMG_5091-272x182.jpg 272w\" sizes=\"auto, (max-width: 768px) 100vw, 768px\" \/><\/div>\n\t\t<\/figure>\n\t<\/div>\n<div class=\"vc_btn3-container vc_btn3-center\" ><a class=\"vc_general vc_btn3 vc_btn3-size-md vc_btn3-shape-square vc_btn3-style-modern vc_btn3-color-success\" href=\"https:\/\/4447.etand.se\/bookings\/\" title=\"\">Boka tandl\u00e4kartid<\/a><\/div><\/div><\/div><\/div><\/div><div class=\"vc_row wpb_row vc_row-fluid\"><div class=\"wpb_column vc_column_container vc_col-sm-12\"><div class=\"vc_column-inner\"><div class=\"wpb_wrapper\">\n\t<div class=\"wpb_text_column wpb_content_element \" >\n\t\t<div class=\"wpb_wrapper\">\n\t\t\t<h2>TandCity &#8211; en privat tandl\u00e4kare i Malm\u00f6<\/h2>\n<p>V\u00e5rt n\u00e4tverk av kliniker i Schweiz och Sverige delar alla samma vision.\u00a0Detta g\u00f6r det m\u00f6jligt f\u00f6r oss att kunna arbeta med utrustning och material p\u00e5 h\u00f6gsta\u00a0internationella niv\u00e5, \u00e4ven i Malm\u00f6.<\/p>\n<p>Vi som grundat konceptet heter <a href=\"https:\/\/tandcity.se\/sv\/author\/alexander-johansson\/\">Alexander Johansson<\/a> och Sofie Bergman. Vi \u00e4r ett\u00a0tandl\u00e4karpar, utbildade p\u00e5 Karolinska Institutet i Stockholm men f\u00f6dda och uppv\u00e4xta\u00a0i n\u00e4rheten av Malm\u00f6. Vi brinner f\u00f6r v\u00e5rt yrke och har redan fr\u00e5n b\u00f6rjan av v\u00e5r karri\u00e4r\u00a0k\u00e4nt att vi vill f\u00f6r\u00e4ndra och f\u00f6rb\u00e4ttra. Vi vill jobba med\u00a0det\u00a0b\u00e4sta och med\u00a0de\u00a0b\u00e4sta.\u00a0P\u00e5 s\u00e5 s\u00e4tt kan vi utvecklas och erbjuda v\u00e5ra patienter n\u00e5got alldeles extra. \u00c5r 2012\u00a0\u00f6ppnade vi v\u00e5r f\u00f6rsta tandl\u00e4karpraktik,\u00a0ZahnCity, i Z\u00fcrich, Schweiz. Nu \u00e4r vi tillbaka p\u00e5 hemmaplan f\u00f6r att\u00a0f\u00f6rverkliga dr\u00f6mmen om en privat tandl\u00e4karklinik i Malm\u00f6. En privat tandl\u00e4kare i Malm\u00f6 som ska erbjuda det absolut\u00a0b\u00e4sta inom tandv\u00e5rd, b\u00e5de till personal och till patienter. Man ska kunna k\u00e4nna\u00a0skillnaden hos oss.<\/p>\n<p>Vi\u00a0arbetar t\u00e4tt tillsammans med\u00a0v\u00e5ra\u00a0egna tandtekniker i huset, som \u00e4r specialiserade p\u00e5\u00a0kosmetisk och estetisk tandv\u00e5rd. Vi v\u00e5gar s\u00e4ga att de h\u00e5ller h\u00f6gre niv\u00e5 av service\u00a0och teknisk expertis \u00e4n m\u00e5nga andra, men framf\u00f6r allt delar de v\u00e5r vision om\u00a0h\u00f6gkvalitativ tandv\u00e5rd. De arbetar p\u00e5 h\u00f6g internationell niv\u00e5 och besitter kunskap\u00a0och egenskaper som g\u00f6r dem unika. Med hj\u00e4lp av noga utvalda produkter, utrustning\u00a0och den senaste tekniken tillgodoser de oss och v\u00e5ra patienter med fasta\u00a0restaurationer av toppklass. P\u00e5 v\u00e5ra kliniker arbetar vi enbart med helkeramiska\u00a0kronor och broar, dvs helt utan metall i konstruktionerna. Med r\u00e4tt kunskap och r\u00e4tt\u00a0material v\u00e5gar vi s\u00e4ga att metall i fasta konstruktioner inte l\u00e4ngre har n\u00e5gon plats\u00a0inom modern tandv\u00e5rd.<\/p>\n<h2>Vad erbjuder TandCitys tandl\u00e4kare Malm\u00f6 dig som patient?<\/h2>\n<p>\u2022\u00a0\u00a0 \u00a0P\u00e5litlig och kompetent personal. Du kan k\u00e4nna dig trygg i v\u00e5ra h\u00e4nder.<br \/>\n\u2022\u00a0\u00a0 \u00a0H\u00f6gsta kvalitet. Noga utvalda material och senaste tekniska utrustningen.<br \/>\n\u2022\u00a0\u00a0 \u00a0Oslagbara \u00f6ppettider. M\u00e5ndag till fredag 07:00 \u2013 20:00. L\u00f6rdag 09:00-17:00.<br \/>\n\u2022\u00a0\u00a0 \u00a0B\u00e4sta l\u00e4get. Kliniken \u00e4r bel\u00e4gen mitt emot Malm\u00f6 Centralstation. Oss n\u00e5r du enkelt med t\u00e5g, bil eller buss.<br \/>\n\u2022\u00a0\u00a0 \u00a0Tidsbokning online. Boka din tid i lugn och ro via v\u00e5r hemsida. Sj\u00e4lvklart g\u00e5r det \u00e4ven bra att ringa till oss f\u00f6r att boka din tid.<\/p>\n<p>Vi hoppas att du v\u00e4ljer oss p\u00e5 TandCity som din tandl\u00e4kare i Malm\u00f6. Vi lovar att g\u00f6ra v\u00e5rt yttersta f\u00f6r att se till att\u00a0du blir n\u00f6jd. V\u00e5ra patienter\u00a0ska k\u00e4nna sig sedda och lyssnade p\u00e5. De ska k\u00e4nna sig trygga och s\u00e4kra. Du ska\u00a0kunna k\u00e4nna skillnaden n\u00e4r du kommer till oss.<\/p>\n<p><strong>Vi erbjuder professionell tandv\u00e5rd i Malm\u00f6 och tillsammans utvecklar vi svensk tandv\u00e5rd.\u00a0V\u00e4lkommen!<\/strong><\/p>\n\n\t\t<\/div>\n\t<\/div>\n<div class=\"vc_row wpb_row vc_inner vc_row-fluid\"><div class=\"wpb_column vc_column_container vc_col-sm-12\"><div class=\"vc_column-inner\"><div class=\"wpb_wrapper\">\n\t<div class=\"wpb_text_column wpb_content_element \" >\n\t\t<div class=\"wpb_wrapper\">\n\t\t\t<h2>TandCitys tandl\u00e4kare i Malm\u00f6<\/h2>\n\n\t\t<\/div>\n\t<\/div>\n<\/div><\/div><\/div><\/div><\/div><\/div><\/div><\/div><div class=\"vc_row wpb_row vc_row-fluid twoColumn vc_column-gap-20 vc_row-o-equal-height vc_row-flex\"><div class=\"wpb_column vc_column_container vc_col-sm-3\"><div class=\"vc_column-inner\"><div class=\"wpb_wrapper\">\n\t<div  class=\"wpb_single_image wpb_content_element vc_align_center  wpb_animate_when_almost_visible wpb_bottom-to-top bottom-to-top\">\n\t\t\n\t\t<figure class=\"wpb_wrapper vc_figure\">\n\t\t\t<div class=\"vc_single_image-wrapper vc_box_circle  vc_box_border_grey\"><img decoding=\"async\" class=\"vc_single_image-img \" src=\"https:\/\/tandcity.se\/wp-content\/uploads\/2022\/10\/Din-Tandl\u00e4kare-i-Malm\u00f6-Alexander-Johansson-690x690.jpg\" width=\"690\" height=\"690\" alt=\"Tandl\u00e4kare Malm\u00f6 Alex\" title=\"Din Tandl\u00e4kare i Malm\u00f6 Alexander Johansson\" loading=\"lazy\" \/><\/div>\n\t\t<\/figure>\n\t<\/div>\n\n\t<div class=\"wpb_text_column wpb_content_element \" >\n\t\t<div class=\"wpb_wrapper\">\n\t\t\t<h3 style=\"text-align: center;\"><a href=\"http:\/\/tandcity.se\/sv\/author\/alexander-johansson\/\">Alexander Johansson<\/a><\/h3>\n<p style=\"text-align: center;\"><em>Tandl\u00e4kare \/ Klinikchef<\/em><\/p>\n<p style=\"text-align: center;\">Nischad inom estetisk tandv\u00e5rd och implantatkirurgi<\/p>\n<hr \/>\n\n\t\t<\/div>\n\t<\/div>\n<\/div><\/div><\/div><div class=\"wpb_column vc_column_container vc_col-sm-3\"><div class=\"vc_column-inner\"><div class=\"wpb_wrapper\">\n\t<div  class=\"wpb_single_image wpb_content_element vc_align_center  wpb_animate_when_almost_visible wpb_bottom-to-top bottom-to-top\">\n\t\t\n\t\t<figure class=\"wpb_wrapper vc_figure\">\n\t\t\t<div class=\"vc_single_image-wrapper vc_box_circle  vc_box_border_grey\"><img decoding=\"async\" class=\"vc_single_image-img \" src=\"https:\/\/tandcity.se\/wp-content\/uploads\/2023\/09\/Tandlakare-Malmo-Aliakbar-1_gra-1528x1528.jpg\" width=\"1528\" height=\"1528\" alt=\"Portr\u00e4tt av tandl\u00e4kare Aliakbar - erfaren tandv\u00e5rdsexpert i Malm\u00f6.\" title=\"Tandl\u00e4kare Aliakbar - Tillf\u00f6rlitlig Tandv\u00e5rdsexpert i Malm\u00f6\" loading=\"lazy\" \/><\/div>\n\t\t<\/figure>\n\t<\/div>\n\n\t<div class=\"wpb_text_column wpb_content_element \" >\n\t\t<div class=\"wpb_wrapper\">\n\t\t\t<h3 style=\"text-align: center;\"><a href=\"https:\/\/tandcity.se\/sv\/author\/aliakbar\/\">Aliakbar Al Obeidi<\/a><\/h3>\n<p style=\"text-align: center;\"><em>Tandl\u00e4kare<\/em><\/p>\n<p style=\"text-align: center;\">Nischad inom mjukv\u00e4vnadskirurgi &amp; implantat<\/p>\n<hr \/>\n\n\t\t<\/div>\n\t<\/div>\n<\/div><\/div><\/div><div class=\"wpb_column vc_column_container vc_col-sm-3\"><div class=\"vc_column-inner\"><div class=\"wpb_wrapper\">\n\t<div  class=\"wpb_single_image wpb_content_element vc_align_center  wpb_animate_when_almost_visible wpb_bottom-to-top bottom-to-top\">\n\t\t\n\t\t<figure class=\"wpb_wrapper vc_figure\">\n\t\t\t<div class=\"vc_single_image-wrapper vc_box_circle  vc_box_border_grey\"><img decoding=\"async\" class=\"vc_single_image-img \" src=\"https:\/\/tandcity.se\/wp-content\/uploads\/2016\/08\/L5A0457_tandcity-1463x1463.jpg\" width=\"1463\" height=\"1463\" alt=\"Ripan Sivia Dentist\" title=\"Ripan Sivia\" loading=\"lazy\" \/><\/div>\n\t\t<\/figure>\n\t<\/div>\n\n\t<div class=\"wpb_text_column wpb_content_element \" >\n\t\t<div class=\"wpb_wrapper\">\n\t\t\t<h3 style=\"text-align: center;\"><a href=\"https:\/\/tandcity.se\/sv\/author\/ripan-sivia\/\">Ripan Sivia<\/a><\/h3>\n<p style=\"text-align: center;\">Tandla\u0308kare \/ Odontologiskt ansvarig<\/p>\n<p style=\"text-align: center;\">Implantatolog<\/p>\n<hr \/>\n<h3 style=\"text-align: center;\"><\/h3>\n\n\t\t<\/div>\n\t<\/div>\n<\/div><\/div><\/div><div class=\"wpb_column vc_column_container vc_col-sm-3\"><div class=\"vc_column-inner\"><div class=\"wpb_wrapper\">\n\t<div  class=\"wpb_single_image wpb_content_element vc_align_center  wpb_animate_when_almost_visible wpb_bottom-to-top bottom-to-top\">\n\t\t\n\t\t<figure class=\"wpb_wrapper vc_figure\">\n\t\t\t<div class=\"vc_single_image-wrapper vc_box_circle  vc_box_border_grey\"><img decoding=\"async\" class=\"vc_single_image-img \" src=\"https:\/\/tandcity.se\/wp-content\/uploads\/2023\/09\/thumbnail_philipboeni_045_bearbeitet_Sofie-Bergman_grabakgrund-824x824.jpg\" width=\"824\" height=\"824\" alt=\"Portr\u00e4tt av tandl\u00e4kare Sofie Bergman - erfaren tandv\u00e5rdsexpert i Malm\u00f6.\" title=\"thumbnail_philipboeni_045_bearbeitet_Sofie Bergman_gra\u030abakgrund\" loading=\"lazy\" \/><\/div>\n\t\t<\/figure>\n\t<\/div>\n\n\t<div class=\"wpb_text_column wpb_content_element \" >\n\t\t<div class=\"wpb_wrapper\">\n\t\t\t<h3 style=\"text-align: center;\"><a href=\"https:\/\/tandcity.se\/sv\/author\/sofie-bergman\/\">Sofie Bergman<\/a><\/h3>\n<p style=\"text-align: center;\"><em>Tandl\u00e4kare\u00a0<\/em><\/p>\n<p style=\"text-align: center;\">Nischad inom estetisk tandreglering med Invisalign<\/p>\n<hr \/>\n\n\t\t<\/div>\n\t<\/div>\n<\/div><\/div><\/div><\/div><div class=\"vc_row wpb_row vc_row-fluid twoColumn vc_column-gap-20 vc_row-o-equal-height vc_row-flex\"><div class=\"wpb_column vc_column_container vc_col-sm-3\"><div class=\"vc_column-inner\"><div class=\"wpb_wrapper\">\n\t<div  class=\"wpb_single_image wpb_content_element vc_align_center  wpb_animate_when_almost_visible wpb_bottom-to-top bottom-to-top\">\n\t\t\n\t\t<figure class=\"wpb_wrapper vc_figure\">\n\t\t\t<div class=\"vc_single_image-wrapper vc_box_circle  vc_box_border_grey\"><img decoding=\"async\" class=\"vc_single_image-img \" src=\"https:\/\/tandcity.se\/wp-content\/uploads\/2024\/11\/Tandlakare-Malmo-Sofia-Olsson-798x798.jpg\" width=\"798\" height=\"798\" alt=\"Kvinnlig tandl\u00e4kare p\u00e5 TandCity tandklinik i Malm\u00f6\" title=\"Tandl\u00e4kare Malm\u00f6 Sofia Olsson\" loading=\"lazy\" \/><\/div>\n\t\t<\/figure>\n\t<\/div>\n\n\t<div class=\"wpb_text_column wpb_content_element \" >\n\t\t<div class=\"wpb_wrapper\">\n\t\t\t<h3 style=\"text-align: center;\"><a href=\"https:\/\/tandcity.se\/sv\/author\/sofia\/\">Sofia Chiappe Olsson<\/a><\/h3>\n<p style=\"text-align: center;\"><em>Tandl\u00e4kare<\/em><\/p>\n<p style=\"text-align: center;\">Nischad inom estetisk tandreglering med Invisalign<\/p>\n<hr \/>\n\n\t\t<\/div>\n\t<\/div>\n<\/div><\/div><\/div><div class=\"wpb_column vc_column_container vc_col-sm-3\"><div class=\"vc_column-inner\"><div class=\"wpb_wrapper\">\n\t<div  class=\"wpb_single_image wpb_content_element vc_align_center  wpb_animate_when_almost_visible wpb_bottom-to-top bottom-to-top\">\n\t\t\n\t\t<figure class=\"wpb_wrapper vc_figure\">\n\t\t\t<div class=\"vc_single_image-wrapper vc_box_circle  vc_box_border_grey\"><img decoding=\"async\" class=\"vc_single_image-img \" src=\"https:\/\/tandcity.se\/wp-content\/uploads\/2016\/08\/L5A0599_tandcity-1463x1463.jpg\" width=\"1463\" height=\"1463\" alt=\"Emma Edvinsson Dental hygienist \/ Clinic coordinator\" title=\"Emma Edvinsson\" loading=\"lazy\" \/><\/div>\n\t\t<\/figure>\n\t<\/div>\n\n\t<div class=\"wpb_text_column wpb_content_element \" >\n\t\t<div class=\"wpb_wrapper\">\n\t\t\t<h3 style=\"text-align: center;\"><a href=\"https:\/\/tandcity.se\/sv\/author\/emma-edvinsson\/\">Emma<\/a><br \/>\n<a href=\"https:\/\/tandcity.se\/sv\/author\/emma-edvinsson\/\">Edvinsson<\/a><\/h3>\n<p style=\"text-align: center;\"><em>Tandhygienist \/\u00a0Kliniksamordnare<\/em><\/p>\n<hr \/>\n\n\t\t<\/div>\n\t<\/div>\n<\/div><\/div><\/div><div class=\"wpb_column vc_column_container vc_col-sm-3\"><div class=\"vc_column-inner\"><div class=\"wpb_wrapper\">\n\t<div  class=\"wpb_single_image wpb_content_element vc_align_center  wpb_animate_when_almost_visible wpb_bottom-to-top bottom-to-top\">\n\t\t\n\t\t<figure class=\"wpb_wrapper vc_figure\">\n\t\t\t<div class=\"vc_single_image-wrapper vc_box_circle  vc_box_border_grey\"><img decoding=\"async\" class=\"vc_single_image-img \" src=\"https:\/\/tandcity.se\/wp-content\/uploads\/2025\/01\/Tandhygienist-Yashar-Bigli-1-901x901.png\" width=\"901\" height=\"901\" alt=\"Yashar Bigli Dental hygienist\" title=\"Tandhygienist Yashar Bigli\" loading=\"lazy\" \/><\/div>\n\t\t<\/figure>\n\t<\/div>\n\n\t<div class=\"wpb_text_column wpb_content_element \" >\n\t\t<div class=\"wpb_wrapper\">\n\t\t\t<h3 style=\"text-align: center;\"><a href=\"https:\/\/tandcity.se\/sv\/author\/yashar-bigli\">Yashar Bigli<\/a><\/h3>\n<p style=\"text-align: center;\"><em>Tandhygienist<\/em><\/p>\n<hr \/>\n\n\t\t<\/div>\n\t<\/div>\n<\/div><\/div><\/div><div class=\"wpb_column vc_column_container vc_col-sm-3\"><div class=\"vc_column-inner\"><div class=\"wpb_wrapper\">\n\t<div  class=\"wpb_single_image wpb_content_element vc_align_center  wpb_animate_when_almost_visible wpb_bottom-to-top bottom-to-top\">\n\t\t\n\t\t<figure class=\"wpb_wrapper vc_figure\">\n\t\t\t<div class=\"vc_single_image-wrapper vc_box_circle  vc_box_border_grey\"><img decoding=\"async\" class=\"vc_single_image-img \" src=\"https:\/\/tandcity.se\/wp-content\/uploads\/2025\/08\/Esra-Tandhygienist-Malmo-432x432.jpg\" width=\"432\" height=\"432\" alt=\"Esra Dental hygienist\" title=\"Esra Tandhygienist\" loading=\"lazy\" \/><\/div>\n\t\t<\/figure>\n\t<\/div>\n\n\t<div class=\"wpb_text_column wpb_content_element \" >\n\t\t<div class=\"wpb_wrapper\">\n\t\t\t<h3 style=\"text-align: center;\"><a href=\"https:\/\/tandcity.se\/sv\/author\/esra\">Esra Khaled<\/a><\/h3>\n<p style=\"text-align: center;\"><em>Tandhygienist<\/em><\/p>\n<hr \/>\n\n\t\t<\/div>\n\t<\/div>\n<\/div><\/div><\/div><\/div><div data-vc-full-width=\"true\" data-vc-full-width-init=\"false\" class=\"vc_row wpb_row vc_row-fluid fullwidth booking_section_responsive vc_custom_1529581874330 vc_row-has-fill vc_row-o-equal-height vc_row-flex\"><div class=\"wpb_column vc_column_container vc_col-sm-12\"><div class=\"vc_column-inner\"><div class=\"wpb_wrapper\">\n\t<div class=\"wpb_text_column wpb_content_element \" >\n\t\t<div class=\"wpb_wrapper\">\n\t\t\t<h2><span style=\"color: #ffffff;\">TandCity \u2013 akut tandv\u00e5rd i Malm\u00f6<\/span><\/h2>\n<p class=\"subtext_online\">\u00c4r du i behov av en akuttid eller vill du av n\u00e5gon annan anledning f\u00e5 en tid snabbt?<\/p>\n<p>&nbsp;<\/p>\n<h4><span style=\"color: #ffffff;\">Bara lugn, vi hj\u00e4lper dig. Vi f\u00f6rst\u00e5r att vissa saker inte kan v\u00e4nta och ser till att du f\u00e5r en tid s\u00e5 fort som m\u00f6jligt. H\u00f6r av dig till oss p\u00e5 telefonnummer 040 23 66 00 eller boka din tid online. Varmt v\u00e4lkommen!<\/span><\/h4>\n\n\t\t<\/div>\n\t<\/div>\n<div class=\"vc_btn3-container  tandcitygreen vc_btn3-inline vc_custom_1711010550489\" ><a class=\"vc_general vc_btn3 vc_btn3-size-lg vc_btn3-shape-rounded vc_btn3-style-modern vc_btn3-color-green\" href=\"https:\/\/4447.etand.se\/bookings\" title=\"Best\u00e4ll tid online\" target=\"_blank\" onclick=\"ga(&#039;send&#039;, &#039;event&#039;, &#039;button&#039;, &#039;click&#039;, &#039;bottom-banner-sv&#039;);\">Best\u00e4ll tid online<\/a><\/div><\/div><\/div><\/div><\/div><div class=\"vc_row-full-width vc_clearfix\"><\/div>\n<\/div>","protected":false},"excerpt":{"rendered":"Boka tid hos Tandl\u00e4kare i Malm\u00f6 TandCitys\u00a0tandl\u00e4kare i Malm\u00f6\u00a0erbjuder alla behandlingar med ett konstant fokus p\u00e5 utm\u00e4rkt svensk tandv\u00e5rd av <a href=\"https:\/\/tandcity.se\/sv\/tandlakare-malmo\/\" class=\"more-link\">\u2026 <span class=\"screen-reader-text\">  Tandl\u00e4kare Malm\u00f6<\/span><\/a>","protected":false},"author":24,"featured_media":0,"parent":0,"menu_order":0,"comment_status":"closed","ping_status":"closed","template":"","meta":{"footnotes":""},"class_list":["post-1538","page","type-page","status-publish"],"yoast_head":"<!-- This site is optimized with the Yoast SEO plugin v25.5 - https:\/\/yoast.com\/wordpress\/plugins\/seo\/ -->\n<title>Professionell tandl\u00e4kare Malm\u00f6 - Boka tid idag - TandCity<\/title>\n<meta name=\"description\" content=\"Beh\u00f6ver du tandl\u00e4kare Malm\u00f6? TandCity har ett erfaret team av tandl\u00e4kare som erbjuder allt fr\u00e5n regelbunden tandv\u00e5rd till tandimplantat. Boka en tid idag.\" \/>\n<meta name=\"robots\" content=\"index, follow, max-snippet:-1, max-image-preview:large, max-video-preview:-1\" \/>\n<link rel=\"canonical\" href=\"https:\/\/tandcity.se\/sv\/tandlakare-malmo\/\" \/>\n<meta name=\"twitter:label1\" content=\"Ber\u00e4knad l\u00e4stid\" \/>\n\t<meta name=\"twitter:data1\" content=\"5 minuter\" \/>\n<!-- \/ Yoast SEO plugin. -->","yoast_head_json":{"title":"Professionell tandl\u00e4kare Malm\u00f6 - Boka tid idag - TandCity","description":"Beh\u00f6ver du tandl\u00e4kare Malm\u00f6? TandCity har ett erfaret team av tandl\u00e4kare som erbjuder allt fr\u00e5n regelbunden tandv\u00e5rd till tandimplantat. Boka en tid idag.","robots":{"index":"index","follow":"follow","max-snippet":"max-snippet:-1","max-image-preview":"max-image-preview:large","max-video-preview":"max-video-preview:-1"},"canonical":"https:\/\/tandcity.se\/sv\/tandlakare-malmo\/","twitter_misc":{"Ber\u00e4knad l\u00e4stid":"5 minuter"},"schema":{"@context":"https:\/\/schema.org","@graph":[{"@type":"WebPage","@id":"https:\/\/tandcity.se\/sv\/tandlakare-malmo\/","url":"https:\/\/tandcity.se\/sv\/tandlakare-malmo\/","name":"Professionell tandl\u00e4kare Malm\u00f6 - Boka tid idag - TandCity","isPartOf":{"@id":"https:\/\/tandcity.se\/sv\/#website"},"datePublished":"2017-08-29T18:34:02+00:00","dateModified":"2025-08-11T20:37:48+00:00","description":"Beh\u00f6ver du tandl\u00e4kare Malm\u00f6? TandCity har ett erfaret team av tandl\u00e4kare som erbjuder allt fr\u00e5n regelbunden tandv\u00e5rd till tandimplantat. Boka en tid idag.","breadcrumb":{"@id":"https:\/\/tandcity.se\/sv\/tandlakare-malmo\/#breadcrumb"},"inLanguage":"sv-SE","potentialAction":[{"@type":"ReadAction","target":["https:\/\/tandcity.se\/sv\/tandlakare-malmo\/"]}]},{"@type":"BreadcrumbList","@id":"https:\/\/tandcity.se\/sv\/tandlakare-malmo\/#breadcrumb","itemListElement":[{"@type":"ListItem","position":1,"name":"Hjem","item":"https:\/\/tandcity.se\/en\/"},{"@type":"ListItem","position":2,"name":"Tandl\u00e4kare Malm\u00f6"}]},{"@type":"WebSite","@id":"https:\/\/tandcity.se\/sv\/#website","url":"https:\/\/tandcity.se\/sv\/","name":"TandCity Malm\u00f6","description":"","potentialAction":[{"@type":"SearchAction","target":{"@type":"EntryPoint","urlTemplate":"https:\/\/tandcity.se\/sv\/?s={search_term_string}"},"query-input":{"@type":"PropertyValueSpecification","valueRequired":true,"valueName":"search_term_string"}}],"inLanguage":"sv-SE"}]}},"_links":{"self":[{"href":"https:\/\/tandcity.se\/sv\/wp-json\/wp\/v2\/pages\/1538","targetHints":{"allow":["GET"]}}],"collection":[{"href":"https:\/\/tandcity.se\/sv\/wp-json\/wp\/v2\/pages"}],"about":[{"href":"https:\/\/tandcity.se\/sv\/wp-json\/wp\/v2\/types\/page"}],"author":[{"embeddable":true,"href":"https:\/\/tandcity.se\/sv\/wp-json\/wp\/v2\/users\/24"}],"replies":[{"embeddable":true,"href":"https:\/\/tandcity.se\/sv\/wp-json\/wp\/v2\/comments?post=1538"}],"version-history":[{"count":153,"href":"https:\/\/tandcity.se\/sv\/wp-json\/wp\/v2\/pages\/1538\/revisions"}],"predecessor-version":[{"id":4484,"href":"https:\/\/tandcity.se\/sv\/wp-json\/wp\/v2\/pages\/1538\/revisions\/4484"}],"wp:attachment":[{"href":"https:\/\/tandcity.se\/sv\/wp-json\/wp\/v2\/media?parent=1538"}],"curies":[{"name":"wp","href":"https:\/\/api.w.org\/{rel}","templated":true}]}}