{"id":80,"date":"2016-10-19T11:49:16","date_gmt":"2016-10-19T09:49:16","guid":{"rendered":"https:\/\/tandcity2.wpengine.com\/?page_id=80"},"modified":"2025-01-29T14:39:38","modified_gmt":"2025-01-29T13:39:38","slug":"porslinsfasader-malmo","status":"publish","type":"page","link":"https:\/\/tandcity.se\/en\/veeners-malmo\/","title":{"rendered":"Facades"},"content":{"rendered":"<div class=\"wpb-content-wrapper\"><div data-vc-full-width=\"true\" data-vc-full-width-init=\"false\" data-vc-stretch-content=\"true\" class=\"vc_row wpb_row vc_row-fluid fullwidth coverimage vc_custom_1528186115576 vc_row-has-fill\"><div class=\"wpb_column vc_column_container vc_col-sm-12\"><div class=\"vc_column-inner\"><div class=\"wpb_wrapper\"><\/div><\/div><\/div><\/div><div class=\"vc_row-full-width vc_clearfix\"><\/div><div class=\"vc_row wpb_row vc_row-fluid\"><div class=\"wpb_column vc_column_container vc_col-sm-12\"><div class=\"vc_column-inner\"><div class=\"wpb_wrapper\">\n\t<div class=\"wpb_text_column wpb_content_element  introtext\" >\n\t\t<div class=\"wpb_wrapper\">\n\t\t\t<h1>We help you with porcelain facades<\/h1>\n<p><em>Porcelain veneers are individually adapted super-thin porcelain shells in the desired tooth color. These are used for aesthetic purposes.<\/em><\/p>\n\n\t\t<\/div>\n\t<\/div>\n<\/div><\/div><\/div><\/div><div class=\"vc_row wpb_row vc_row-fluid\"><div class=\"wpb_column vc_column_container vc_col-sm-6\"><div class=\"vc_column-inner\"><div class=\"wpb_wrapper\">\n\t<div class=\"wpb_text_column wpb_content_element\" >\n\t\t<div class=\"wpb_wrapper\">\n\t\t\t<p>The dental veneers are attached to the front teeth. The patient receives a perfect dental optic in terms of colour, shape and size. Because they are very thin and let light through, you can see no difference between your own teeth and those with veneers. You can choose to use veneers for one or more teeth.<\/p>\n<p>Facades can also be made of artificial materials (bonded veneers), when aesthetic filling material is used. The artificial veneers are either produced by the dental technician or they are made directly by the dentist.<\/p>\n\n\t\t<\/div>\n\t<\/div>\n<\/div><\/div><\/div><div class=\"wpb_column vc_column_container vc_col-sm-6\"><div class=\"vc_column-inner\"><div class=\"wpb_wrapper\">\n\t<div  class=\"wpb_single_image wpb_content_element vc_align_center  wpb_animate_when_almost_visible wpb_bottom-to-top bottom-to-top\">\n\t\t\n\t\t<figure class=\"wpb_wrapper vc_figure\">\n\t\t\t<div class=\"vc_single_image-wrapper   vc_box_border_grey\"><img loading=\"lazy\" decoding=\"async\" width=\"653\" height=\"532\" src=\"https:\/\/tandcity.se\/wp-content\/uploads\/2016\/10\/tandfasader-i-malmo.jpg\" class=\"vc_single_image-img attachment-full\" alt=\"Book an appointment for porcelain facades - TandCity\" title=\"Porslinfasader pris\" srcset=\"https:\/\/tandcity.se\/wp-content\/uploads\/2016\/10\/tandfasader-i-malmo.jpg 653w, https:\/\/tandcity.se\/wp-content\/uploads\/2016\/10\/tandfasader-i-malmo-300x244.jpg 300w\" sizes=\"auto, (max-width: 653px) 100vw, 653px\" \/><\/div>\n\t\t<\/figure>\n\t<\/div>\n<\/div><\/div><\/div><\/div><div class=\"vc_row wpb_row vc_row-fluid\"><div class=\"wpb_column vc_column_container vc_col-sm-12\"><div class=\"vc_column-inner\"><div class=\"wpb_wrapper\">\n\t<div class=\"wpb_text_column wpb_content_element\" >\n\t\t<div class=\"wpb_wrapper\">\n\t\t\t<h2>We work minimally invasively<\/h2>\n<p>Before the treatment and the actual installation of porcelain veneers in Malm\u00f6, impressions are taken of your teeth, which are then sent to our dental technician. The dental technician then performs a wax-up. Rubber guides are made on the wax-up form, so that the dentist can assess how much of the tooth must be removed before the veneer is put on. In this way, we know that we are not removing more than necessary of your own tooth.<\/p>\n<p>Book an appointment for new porcelain facades in Malm\u00f6, already today! We at TandCity help you with a brilliant smile and also offer <a href=\"http:\/\/tandcity.se\/en\/teeth-grinding\/\">treatment for teeth grinding in Malm\u00f6<\/a>.<\/p>\n\n\t\t<\/div>\n\t<\/div>\n<\/div><\/div><\/div><\/div><div class=\"vc_row wpb_row vc_row-fluid\"><div class=\"wpb_column vc_column_container vc_col-sm-6\"><div class=\"vc_column-inner\"><div class=\"wpb_wrapper\">\n\t<div  class=\"wpb_single_image wpb_content_element vc_align_center  wpb_animate_when_almost_visible wpb_bottom-to-top bottom-to-top\">\n\t\t\n\t\t<figure class=\"wpb_wrapper vc_figure\">\n\t\t\t<div class=\"vc_single_image-wrapper   vc_box_border_grey\"><img loading=\"lazy\" decoding=\"async\" width=\"591\" height=\"496\" src=\"https:\/\/tandcity.se\/wp-content\/uploads\/2016\/10\/shutterstock_134915318-a.jpg\" class=\"vc_single_image-img attachment-full\" alt=\"Porcelain veneers in Malm\u00f6 - TandCity\" title=\"shutterstock_134915318-a\" srcset=\"https:\/\/tandcity.se\/wp-content\/uploads\/2016\/10\/shutterstock_134915318-a.jpg 591w, https:\/\/tandcity.se\/wp-content\/uploads\/2016\/10\/shutterstock_134915318-a-300x252.jpg 300w\" sizes=\"auto, (max-width: 591px) 100vw, 591px\" \/><\/div>\n\t\t<\/figure>\n\t<\/div>\n<\/div><\/div><\/div><div class=\"wpb_column vc_column_container vc_col-sm-6\"><div class=\"vc_column-inner\"><div class=\"wpb_wrapper\">\n\t<div class=\"wpb_text_column wpb_content_element\" >\n\t\t<div class=\"wpb_wrapper\">\n\t\t\t<h2>Dental veneers are particularly suitable for patients with:<\/h2>\n<ul>\n<li>Discolored teeth \u2013 teeth that have, for example, become darker after a root canal treatment<\/li>\n<li>Teeth that have an irregular shape, crooked teeth or uneven teeth<\/li>\n<li>Chipped or split teeth<\/li>\n<li>Worn down teeth<\/li>\n<li>Gaps between the teeth \u2013 with the intention of covering the gaps<\/li>\n<\/ul>\n<p>Since most treatments with porcelain veneers in Malm\u00f6 are done for aesthetic reasons, it is of the utmost importance that the dentist and the patient are in complete agreement.<\/p>\n\n\t\t<\/div>\n\t<\/div>\n<\/div><\/div><\/div><\/div><div class=\"vc_row wpb_row vc_row-fluid\"><div class=\"wpb_column vc_column_container vc_col-sm-12\"><div class=\"vc_column-inner\"><div class=\"wpb_wrapper\">\n\t<div class=\"wpb_text_column wpb_content_element\" >\n\t\t<div class=\"wpb_wrapper\">\n\t\t\t<p>At TandCity in Malm\u00f6, we are keen that you really get information about every part of the treatment, that you feel well received and get the very best result. We take a photo of your smile and send this to our technician. The dental technician uses special software to create a smile that suits you (Digital imaging). By visualizing how it should look, you can imagine the new smile and changes can be made to your complete satisfaction.<\/p>\n<h2><\/h2>\n\n\t\t<\/div>\n\t<\/div>\n<\/div><\/div><\/div><\/div><div class=\"vc_row wpb_row vc_row-fluid\"><div class=\"wpb_column vc_column_container vc_col-sm-12\"><div class=\"vc_column-inner\"><div class=\"wpb_wrapper\">\n\t<div class=\"wpb_text_column wpb_content_element\" >\n\t\t<div class=\"wpb_wrapper\">\n\t\t\t<table class=\"table-style1\" style=\"height: 142px;\" width=\"487\">\n<tbody>\n<tr>\n<th>Prosthetics \/ Crown \/ Bridge<\/th>\n<th>Award<\/th>\n<\/tr>\n<tr>\n<td>Permanent tooth-supported crown, all-ceramic, one per jaw<\/td>\n<td>\u00a06760<\/td>\n<\/tr>\n<tr>\n<td>Permanent tooth-supported crown, all-ceramic, several in the same jaw<\/td>\n<td>\u00a05290<\/td>\n<\/tr>\n<tr>\n<td><\/td>\n<td><\/td>\n<\/tr>\n<tr>\n<td><\/td>\n<td><\/td>\n<\/tr>\n<tr>\n<td><\/td>\n<td><\/td>\n<\/tr>\n<tr>\n<td><\/td>\n<td><\/td>\n<\/tr>\n<tr>\n<td><\/td>\n<td><\/td>\n<\/tr>\n<tr>\n<td><\/td>\n<td><\/td>\n<\/tr>\n<tr>\n<td><\/td>\n<td><\/td>\n<\/tr>\n<tr>\n<td><\/td>\n<td><\/td>\n<\/tr>\n<tr>\n<td><\/td>\n<td><\/td>\n<\/tr>\n<tr>\n<td><\/td>\n<td><\/td>\n<\/tr>\n<tr>\n<td><\/td>\n<td><\/td>\n<\/tr>\n<tr>\n<td><\/td>\n<td><\/td>\n<\/tr>\n<tr>\n<td><\/td>\n<td><\/td>\n<\/tr>\n<\/tbody>\n<\/table>\n\n\t\t<\/div>\n\t<\/div>\n<\/div><\/div><\/div><\/div><div data-vc-full-width=\"true\" data-vc-full-width-init=\"false\" class=\"vc_row wpb_row vc_row-fluid fullwidth booking_section_responsive vc_custom_1529577250078 vc_row-has-fill vc_row-o-equal-height vc_row-flex\"><div class=\"wpb_column vc_column_container vc_col-sm-12\"><div class=\"vc_column-inner\"><div class=\"wpb_wrapper\">\n\t<div class=\"wpb_text_column wpb_content_element\" >\n\t\t<div class=\"wpb_wrapper\">\n\t\t\t<h2><span style=\"color: #ffffff;\">TandCity \u2013 emergency dental care in Malm\u00f6<\/span><\/h2>\n<p class=\"subtext_online\">Are you in need of an emergency time or do you want to have a time quickly for some other reason?<\/p>\n<p>&nbsp;<\/p>\n<h4><span style=\"color: #ffffff;\">Just calm down, we\u2019ll help you. We understand that some things can\u2019t wait and make sure you get a time as soon as possible. Contact us at phone number 040 23 66 00 or book your time online. Warm welcome!<\/span><\/h4>\n\n\t\t<\/div>\n\t<\/div>\n<div class=\"vc_btn3-container  tandcitygreen vc_btn3-inline vc_custom_1585898339820\" ><a class=\"vc_general vc_btn3 vc_btn3-size-lg vc_btn3-shape-rounded vc_btn3-style-modern vc_btn3-color-green\" href=\"http:\/\/tandcity.se\/en\/boka-tid-online\/\" title=\"Book online\" target=\"_blank\" onclick=\"ga(&#039;send&#039;, &#039;event&#039;, &#039;button&#039;, &#039;click&#039;, &#039;bottom-banner-sv&#039;);\">Book online<\/a><\/div><\/div><\/div><\/div><\/div><div class=\"vc_row-full-width vc_clearfix\"><\/div>\n<\/div>","protected":false},"excerpt":{"rendered":"Vi hj\u00e4lper dig med porslinfasader Porslinsfasader \u00e4r individuellt anpassade supertunna skal av porslin i \u00f6nskad tandf\u00e4rg. Dessa anv\u00e4nds ur estetiskt <a href=\"https:\/\/tandcity.se\/en\/veeners-malmo\/\" class=\"more-link\">...<span class=\"screen-reader-text\">  Facades<\/span><\/a>","protected":false},"author":24,"featured_media":0,"parent":0,"menu_order":0,"comment_status":"closed","ping_status":"closed","template":"","meta":{"footnotes":""},"class_list":["post-80","page","type-page","status-publish"],"yoast_head":"<!-- This site is optimized with the Yoast SEO plugin v25.5 - https:\/\/yoast.com\/wordpress\/plugins\/seo\/ -->\n<title>Porslinsfasader, skalfasader &amp; kompositfasad | TandCity Malm\u00f6<\/title>\n<meta name=\"description\" content=\"Vi erbjuder porslinsfasader, skalfasader &amp; kompositfasad p\u00e5 TandCity Malm\u00f6. Vi ger dig ett nytt leende du kan trivas med. Kontakta oss eller boka idag!\" \/>\n<meta name=\"robots\" content=\"index, follow, max-snippet:-1, max-image-preview:large, max-video-preview:-1\" \/>\n<link rel=\"canonical\" href=\"https:\/\/tandcity.se\/en\/veeners-malmo\/\" \/>\n<meta name=\"twitter:label1\" content=\"Estimated reading time\" \/>\n\t<meta name=\"twitter:data1\" content=\"3 minutes\" \/>\n<!-- \/ Yoast SEO plugin. -->","yoast_head_json":{"title":"Porslinsfasader, skalfasader & kompositfasad | TandCity Malm\u00f6","description":"Vi erbjuder porslinsfasader, skalfasader & kompositfasad p\u00e5 TandCity Malm\u00f6. Vi ger dig ett nytt leende du kan trivas med. Kontakta oss eller boka idag!","robots":{"index":"index","follow":"follow","max-snippet":"max-snippet:-1","max-image-preview":"max-image-preview:large","max-video-preview":"max-video-preview:-1"},"canonical":"https:\/\/tandcity.se\/en\/veeners-malmo\/","twitter_misc":{"Estimated reading time":"3 minutes"},"schema":{"@context":"https:\/\/schema.org","@graph":[{"@type":"WebPage","@id":"https:\/\/tandcity.se\/sv\/porslinsfasader-malmo\/","url":"https:\/\/tandcity.se\/sv\/porslinsfasader-malmo\/","name":"Porslinsfasader, skalfasader & kompositfasad | TandCity Malm\u00f6","isPartOf":{"@id":"https:\/\/tandcity.se\/sv\/#website"},"datePublished":"2016-10-19T09:49:16+00:00","dateModified":"2025-01-29T13:39:38+00:00","description":"Vi erbjuder porslinsfasader, skalfasader & kompositfasad p\u00e5 TandCity Malm\u00f6. Vi ger dig ett nytt leende du kan trivas med. Kontakta oss eller boka idag!","breadcrumb":{"@id":"https:\/\/tandcity.se\/sv\/porslinsfasader-malmo\/#breadcrumb"},"inLanguage":"en-GB","potentialAction":[{"@type":"ReadAction","target":["https:\/\/tandcity.se\/sv\/porslinsfasader-malmo\/"]}]},{"@type":"BreadcrumbList","@id":"https:\/\/tandcity.se\/sv\/porslinsfasader-malmo\/#breadcrumb","itemListElement":[{"@type":"ListItem","position":1,"name":"Hjem","item":"https:\/\/tandcity.se\/en\/"},{"@type":"ListItem","position":2,"name":"Fasader"}]},{"@type":"WebSite","@id":"https:\/\/tandcity.se\/sv\/#website","url":"https:\/\/tandcity.se\/sv\/","name":"TandCity Malm\u00f6","description":"","potentialAction":[{"@type":"SearchAction","target":{"@type":"EntryPoint","urlTemplate":"https:\/\/tandcity.se\/sv\/?s={search_term_string}"},"query-input":{"@type":"PropertyValueSpecification","valueRequired":true,"valueName":"search_term_string"}}],"inLanguage":"en-GB"}]}},"_links":{"self":[{"href":"https:\/\/tandcity.se\/en\/wp-json\/wp\/v2\/pages\/80","targetHints":{"allow":["GET"]}}],"collection":[{"href":"https:\/\/tandcity.se\/en\/wp-json\/wp\/v2\/pages"}],"about":[{"href":"https:\/\/tandcity.se\/en\/wp-json\/wp\/v2\/types\/page"}],"author":[{"embeddable":true,"href":"https:\/\/tandcity.se\/en\/wp-json\/wp\/v2\/users\/24"}],"replies":[{"embeddable":true,"href":"https:\/\/tandcity.se\/en\/wp-json\/wp\/v2\/comments?post=80"}],"version-history":[{"count":8,"href":"https:\/\/tandcity.se\/en\/wp-json\/wp\/v2\/pages\/80\/revisions"}],"predecessor-version":[{"id":4430,"href":"https:\/\/tandcity.se\/en\/wp-json\/wp\/v2\/pages\/80\/revisions\/4430"}],"wp:attachment":[{"href":"https:\/\/tandcity.se\/en\/wp-json\/wp\/v2\/media?parent=80"}],"curies":[{"name":"wp","href":"https:\/\/api.w.org\/{rel}","templated":true}]}}