{"id":79,"date":"2016-10-19T11:48:51","date_gmt":"2016-10-19T09:48:51","guid":{"rendered":"https:\/\/tandcity2.wpengine.com\/?page_id=79"},"modified":"2024-09-19T14:23:45","modified_gmt":"2024-09-19T12:23:45","slug":"akut-tandvard-malmo","status":"publish","type":"page","link":"https:\/\/tandcity.se\/en\/emergency-dentist-malmo\/","title":{"rendered":"Akuttandl\u00e4kare Malm\u00f6"},"content":{"rendered":"<div class=\"wpb-content-wrapper\"><div data-vc-full-width=\"true\" data-vc-full-width-init=\"false\" data-vc-stretch-content=\"true\" class=\"vc_row wpb_row vc_row-fluid fullwidth coverimage vc_custom_1678394516875 vc_row-has-fill\"><div class=\"wpb_column vc_column_container vc_col-sm-12\"><div class=\"vc_column-inner\"><div class=\"wpb_wrapper\"><div class=\"vc_empty_space\"   style=\"height: 32px\"><span class=\"vc_empty_space_inner\"><\/span><\/div><div class=\"vc_empty_space\"   style=\"height: 32px\"><span class=\"vc_empty_space_inner\"><\/span><\/div><div class=\"vc_empty_space\"   style=\"height: 32px\"><span class=\"vc_empty_space_inner\"><\/span><\/div><div class=\"vc_empty_space\"   style=\"height: 32px\"><span class=\"vc_empty_space_inner\"><\/span><\/div>\n\t<div class=\"wpb_text_column wpb_content_element\" >\n\t\t<div class=\"wpb_wrapper\">\n\t\t\t<p style=\"text-align: left;\"><a class=\"header_button_boka\" href=\"https:\/\/4447.etand.se\/bookings\/\" target=\"_blank\" rel=\"noopener noreferrer\">Book an appointment online<\/a>\u00a0 \u00a0 <a class=\"header_button_kontakt\" href=\"\/en\/contact\/\">Contact Us<\/a><\/p>\n\n\t\t<\/div>\n\t<\/div>\n<\/div><\/div><\/div><\/div><div class=\"vc_row-full-width vc_clearfix\"><\/div><div class=\"vc_row wpb_row vc_row-fluid\"><div class=\"wpb_column vc_column_container vc_col-sm-12\"><div class=\"vc_column-inner\"><div class=\"wpb_wrapper\">\n\t<div class=\"wpb_text_column wpb_content_element  introtext\" >\n\t\t<div class=\"wpb_wrapper\">\n\t\t\t<h1>Qualified emergency dental care in Malm\u00f6 at low prices<\/h1>\n<p><em>It is not always possible to plan every treatment. An accident can happen at any time or one can suffer from a sudden toothache. No matter what problems you have, at TandCity we offer emergency dental care for your specific needs. You can always book an appointment at short notice and we have generous opening hours.\u00a0<\/em><\/p>\n\n\t\t<\/div>\n\t<\/div>\n<\/div><\/div><\/div><\/div><div class=\"vc_row wpb_row vc_row-fluid\"><div class=\"wpb_column vc_column_container vc_col-sm-6\"><div class=\"vc_column-inner\"><div class=\"wpb_wrapper\">\n\t<div class=\"wpb_text_column wpb_content_element\" >\n\t\t<div class=\"wpb_wrapper\">\n\t\t\t<h2>Book a dentist urgently at TandCity in Malm\u00f6<\/h2>\n<p>Dental problems can occur at any time and the pain is experienced differently. The nervous system of the neck and head is very complex. If you get a toothache, try to think about when the pain started and where it first occurred. Is it a constant pain or does it appear when you do something special, eg chew or eat something cold\/hot\/sweet or sour? All the information you can provide is important to us so that we, as an emergency dentist in Malm\u00f6, can offer you the best dental care.<\/p>\n<p>We at TandCity in Malm\u00f6 attach great importance to you understanding everything that we do during the treatment and that you receive all the important information required before your treatment. There are always alternatives. If you have questions, we will of course answer them. We always strive to offer you the best solution, through a pleasant and safe treatment.<\/p>\n\n\t\t<\/div>\n\t<\/div>\n<\/div><\/div><\/div><div class=\"wpb_column vc_column_container vc_col-sm-6\"><div class=\"vc_column-inner\"><div class=\"wpb_wrapper\">\n\t<div  class=\"wpb_single_image wpb_content_element vc_align_center  wpb_animate_when_almost_visible wpb_bottom-to-top bottom-to-top\">\n\t\t\n\t\t<figure class=\"wpb_wrapper vc_figure\">\n\t\t\t<div class=\"vc_single_image-wrapper   vc_box_border_grey\"><img loading=\"lazy\" decoding=\"async\" width=\"600\" height=\"450\" src=\"https:\/\/tandcity.se\/wp-content\/uploads\/2016\/10\/akuttandlakare-malmo.jpg\" class=\"vc_single_image-img attachment-full\" alt=\"Do you need help with an acute toothache in Malm\u00f6?\" title=\"Acute Toothache Malm\u00f6 - Fast and professional help with online booking around the clock\" srcset=\"https:\/\/tandcity.se\/wp-content\/uploads\/2016\/10\/akuttandlakare-malmo.jpg 600w, https:\/\/tandcity.se\/wp-content\/uploads\/2016\/10\/akuttandlakare-malmo-300x225.jpg 300w\" sizes=\"auto, (max-width: 600px) 100vw, 600px\" \/><\/div>\n\t\t<\/figure>\n\t<\/div>\n<\/div><\/div><\/div><\/div><div class=\"vc_row wpb_row vc_row-fluid\"><div class=\"wpb_column vc_column_container vc_col-sm-12\"><div class=\"vc_column-inner\"><div class=\"wpb_wrapper\">\n\t<div class=\"wpb_text_column wpb_content_element\" >\n\t\t<div class=\"wpb_wrapper\">\n\t\t\t<h2>Emergency dentist in Malm\u00f6<\/h2>\n<p>If an accident happens and you are in need of one <a href=\"https:\/\/tandcity.se\/en\/\">dentist in Malm\u00f6<\/a> emergency, your own insurance company often covers the costs. Contact us and we will help you. We have forms for insurances, but often the insurance companies have their own forms that must be filled in. If necessary, we will of course help you fill them in.<\/p>\n\n\t\t<\/div>\n\t<\/div>\n<\/div><\/div><\/div><\/div><div class=\"vc_row wpb_row vc_row-fluid\"><div class=\"wpb_column vc_column_container vc_col-sm-6\"><div class=\"vc_column-inner\"><div class=\"wpb_wrapper\">\n\t<div  class=\"wpb_single_image wpb_content_element vc_align_left\">\n\t\t\n\t\t<figure class=\"wpb_wrapper vc_figure\">\n\t\t\t<div class=\"vc_single_image-wrapper   vc_box_border_grey\"><img loading=\"lazy\" decoding=\"async\" width=\"935\" height=\"722\" src=\"https:\/\/tandcity.se\/wp-content\/uploads\/2016\/10\/Akuttandlakare-i-Malmo.jpg\" class=\"vc_single_image-img attachment-full\" alt=\"Woman with toothache seeks emergency dental care at a dentist in Malm\u00f6\" title=\"Dentist Malm\u00f6 Emergency\" srcset=\"https:\/\/tandcity.se\/wp-content\/uploads\/2016\/10\/Akuttandlakare-i-Malmo.jpg 935w, https:\/\/tandcity.se\/wp-content\/uploads\/2016\/10\/Akuttandlakare-i-Malmo-300x232.jpg 300w, https:\/\/tandcity.se\/wp-content\/uploads\/2016\/10\/Akuttandlakare-i-Malmo-768x593.jpg 768w, https:\/\/tandcity.se\/wp-content\/uploads\/2016\/10\/Akuttandlakare-i-Malmo-50x39.jpg 50w\" sizes=\"auto, (max-width: 935px) 100vw, 935px\" \/><\/div>\n\t\t<\/figure>\n\t<\/div>\n<\/div><\/div><\/div><div class=\"wpb_column vc_column_container vc_col-sm-6\"><div class=\"vc_column-inner\"><div class=\"wpb_wrapper\">\n\t<div class=\"wpb_text_column wpb_content_element\" >\n\t\t<div class=\"wpb_wrapper\">\n\t\t\t<h2>Emergency dental care with generous opening hours<\/h2>\n<p>In the case of acute and painful toothache, it is important that you contact a dentist as soon as possible. This reduces the risk of the problems getting worse. Because we build our business on availability and generous opening hours, you can also get emergency dental care in Malm\u00f6 during evenings and weekends (Saturdays), with our online booking you can quickly and easily find a time that suits you. In other words, TandCity is a dental office for you who are looking for emergency dental care in Malm\u00f6, we do not compromise between good and affordable treatments, but on the contrary strive to offer personal and tailored treatment in all situations, which creates a basis for long-term customer relationships. Everyone should have the right to quality dental care, at reasonable prices.<\/p>\n\n\t\t<\/div>\n\t<\/div>\n<\/div><\/div><\/div><\/div><div class=\"vc_row wpb_row vc_row-fluid\"><div class=\"wpb_column vc_column_container vc_col-sm-12\"><div class=\"vc_column-inner\"><div class=\"wpb_wrapper\">\n\t<div class=\"wpb_text_column wpb_content_element\" >\n\t\t<div class=\"wpb_wrapper\">\n\t\t\t<p>One of our specialist areas is also supporting and helping those who suffer from dental fear. We work methodically and are careful to explain each treatment step to patients who experience discomfort or stress in connection with the dental visit. In other words, you don&#039;t have to shy away because <a href=\"http:\/\/tandcity.se\/en\/contact\/\" target=\"_blank\" rel=\"noopener noreferrer\">Contact Us<\/a> because of worry or fear. We take you through the process, regardless of whether it is a minor or major treatment. Of course, we can also offer sedatives that make it easier for you who still feel stressed.<\/p>\n<h2>Professional emergency dental care with a focus on your unique needs<\/h2>\n<p>We are well aware that each patient has unique needs and always set up our treatments according to the specific conditions. Thanks to collaboration with some of the industry&#039;s most skilled suppliers, we can also promise the best possible <a href=\"https:\/\/tandcity.se\/en\/dental-implants-malmo\/\">dental implants<\/a>, <a href=\"https:\/\/tandcity.se\/en\/dental-crown\/\">dental crowns<\/a> and other products. Your experience is always in focus through all stages of the treatment and regardless of the reason for your need for emergency dental care, we offer broad competence, service and high-quality equipment - always at good prices. In order for you to still be able to plan the finances, we are always transparent and clear with the cost picture, even before the treatment begins. As a patient with us, you can also receive financial support in the form of high-cost protection and the general dental care allowance (ATB), please contact us for any questions about our conditions and <a href=\"http:\/\/tandcity.se\/en\/dentist-malmo-prices\/\">dental care prices<\/a>.<\/p>\n<p>Of course, we also have treatments for you interested in a more dazzling smile. <a href=\"https:\/\/tandcity.se\/en\/teeth-bleaching-malmo\/\">Teeth Bleaching<\/a> or <a href=\"https:\/\/tandcity.se\/en\/dental-jewelry\/\">dental jewelry<\/a> are just two examples of solutions for a more luxurious look. A <a href=\"https:\/\/tandcity.se\/en\/dental-hygiene-malmo\/\">professional teeth cleaning<\/a> is another option for a lovely and clean feeling in the mouth, professional teeth cleaning also reduces the risk of various oral diseases. You are also welcome to contact us, your emergency dentist in Malm\u00f6, for consultation and advice regarding better oral hygiene or instructions on emergency dental care.<\/p>\n\n\t\t<\/div>\n\t<\/div>\n<\/div><\/div><\/div><\/div><div data-vc-full-width=\"true\" data-vc-full-width-init=\"false\" class=\"vc_row wpb_row vc_row-fluid fullwidth booking_section_responsive vc_custom_1529576667850 vc_row-has-fill vc_row-o-equal-height vc_row-flex\"><div class=\"wpb_column vc_column_container vc_col-sm-12\"><div class=\"vc_column-inner\"><div class=\"wpb_wrapper\">\n\t<div class=\"wpb_text_column wpb_content_element\" >\n\t\t<div class=\"wpb_wrapper\">\n\t\t\t<h2><span style=\"color: #ffffff;\">TandCity \u2013 emergency dental care in Malm\u00f6<\/span><\/h2>\n<p class=\"subtext_online\">Are you in need of an emergency appointment or do you want to get an appointment quickly for some other reason??<\/p>\n<p>&nbsp;<\/p>\n<h4><span style=\"color: #ffffff;\">Just calm down, we\u2019ll help you. We understand that some things can\u2019t wait and make sure you get a time as soon as possible. Contact us at phone number 040 23 66 00 or book your time online. Warm welcome!<\/span><\/h4>\n\n\t\t<\/div>\n\t<\/div>\n<div class=\"vc_btn3-container  tandcitygreen vc_btn3-inline vc_custom_1585898013477\" ><a class=\"vc_general vc_btn3 vc_btn3-size-lg vc_btn3-shape-rounded vc_btn3-style-modern vc_btn3-color-green\" href=\"http:\/\/tandcity.se\/en\/boka-tid-online\/\" title=\"Book online\" target=\"_blank\" onclick=\"ga(&#039;send&#039;, &#039;event&#039;, &#039;button&#039;, &#039;click&#039;, &#039;bottom-banner-sv&#039;);\">Book online<\/a><\/div><\/div><\/div><\/div><\/div><div class=\"vc_row-full-width vc_clearfix\"><\/div><div class=\"wpb_column vc_column_container vc_col-sm-12\"><div class=\"vc_column-inner\"><div class=\"wpb_wrapper\"><\/div><\/div><\/div>\n<\/div>","protected":false},"excerpt":{"rendered":"Boka tid online\u00a0 \u00a0 Kontakta oss Kvalificerad akuttandv\u00e5rd i Malm\u00f6 till l\u00e5ga priser Det g\u00e5r inte alltid att planera varje <a href=\"https:\/\/tandcity.se\/en\/emergency-dentist-malmo\/\" class=\"more-link\">...<span class=\"screen-reader-text\">  Akuttandl\u00e4kare Malm\u00f6<\/span><\/a>","protected":false},"author":24,"featured_media":0,"parent":0,"menu_order":0,"comment_status":"closed","ping_status":"closed","template":"","meta":{"footnotes":""},"class_list":["post-79","page","type-page","status-publish"],"yoast_head":"<!-- This site is optimized with the Yoast SEO plugin v25.5 - https:\/\/yoast.com\/wordpress\/plugins\/seo\/ -->\n<title>Akut tandv\u00e5rd Malm\u00f6 - Akuttandl\u00e4kare - F\u00e5 tid snabbt - TandCity<\/title>\n<meta name=\"description\" content=\"Akuttandl\u00e4kare i Malm\u00f6 alla dagar om \u00e5ret. F\u00e5 hj\u00e4lp med all typ av tandv\u00e5rd s\u00e5som tandv\u00e4rk, tandskada eller andra akuta besv\u00e4r. Boka akut tandv\u00e5rd idag!\" \/>\n<meta name=\"robots\" content=\"index, follow, max-snippet:-1, max-image-preview:large, max-video-preview:-1\" \/>\n<link rel=\"canonical\" href=\"https:\/\/tandcity.se\/en\/emergency-dentist-malmo\/\" \/>\n<meta name=\"twitter:label1\" content=\"Estimated reading time\" \/>\n\t<meta name=\"twitter:data1\" content=\"4 minutes\" \/>\n<!-- \/ Yoast SEO plugin. -->","yoast_head_json":{"title":"Emergency dental care Malm\u00f6 - Emergency dentist - Get an appointment quickly - TandCity","description":"Akuttandl\u00e4kare i Malm\u00f6 alla dagar om \u00e5ret. F\u00e5 hj\u00e4lp med all typ av tandv\u00e5rd s\u00e5som tandv\u00e4rk, tandskada eller andra akuta besv\u00e4r. Boka akut tandv\u00e5rd idag!","robots":{"index":"index","follow":"follow","max-snippet":"max-snippet:-1","max-image-preview":"max-image-preview:large","max-video-preview":"max-video-preview:-1"},"canonical":"https:\/\/tandcity.se\/en\/emergency-dentist-malmo\/","twitter_misc":{"Estimated reading time":"4 minutes"},"schema":{"@context":"https:\/\/schema.org","@graph":[{"@type":"WebPage","@id":"https:\/\/tandcity.se\/sv\/akut-tandvard-malmo\/","url":"https:\/\/tandcity.se\/sv\/akut-tandvard-malmo\/","name":"Emergency dental care Malm\u00f6 - Emergency dentist - Get an appointment quickly - TandCity","isPartOf":{"@id":"https:\/\/tandcity.se\/sv\/#website"},"datePublished":"2016-10-19T09:48:51+00:00","dateModified":"2024-09-19T12:23:45+00:00","description":"Akuttandl\u00e4kare i Malm\u00f6 alla dagar om \u00e5ret. F\u00e5 hj\u00e4lp med all typ av tandv\u00e5rd s\u00e5som tandv\u00e4rk, tandskada eller andra akuta besv\u00e4r. Boka akut tandv\u00e5rd idag!","breadcrumb":{"@id":"https:\/\/tandcity.se\/sv\/akut-tandvard-malmo\/#breadcrumb"},"inLanguage":"en-GB","potentialAction":[{"@type":"ReadAction","target":["https:\/\/tandcity.se\/sv\/akut-tandvard-malmo\/"]}]},{"@type":"BreadcrumbList","@id":"https:\/\/tandcity.se\/sv\/akut-tandvard-malmo\/#breadcrumb","itemListElement":[{"@type":"ListItem","position":1,"name":"Hjem","item":"https:\/\/tandcity.se\/en\/"},{"@type":"ListItem","position":2,"name":"Akuttandl\u00e4kare Malm\u00f6"}]},{"@type":"WebSite","@id":"https:\/\/tandcity.se\/sv\/#website","url":"https:\/\/tandcity.se\/sv\/","name":"TandCity Malm\u00f6","description":"","potentialAction":[{"@type":"SearchAction","target":{"@type":"EntryPoint","urlTemplate":"https:\/\/tandcity.se\/sv\/?s={search_term_string}"},"query-input":{"@type":"PropertyValueSpecification","valueRequired":true,"valueName":"search_term_string"}}],"inLanguage":"en-GB"}]}},"_links":{"self":[{"href":"https:\/\/tandcity.se\/en\/wp-json\/wp\/v2\/pages\/79","targetHints":{"allow":["GET"]}}],"collection":[{"href":"https:\/\/tandcity.se\/en\/wp-json\/wp\/v2\/pages"}],"about":[{"href":"https:\/\/tandcity.se\/en\/wp-json\/wp\/v2\/types\/page"}],"author":[{"embeddable":true,"href":"https:\/\/tandcity.se\/en\/wp-json\/wp\/v2\/users\/24"}],"replies":[{"embeddable":true,"href":"https:\/\/tandcity.se\/en\/wp-json\/wp\/v2\/comments?post=79"}],"version-history":[{"count":11,"href":"https:\/\/tandcity.se\/en\/wp-json\/wp\/v2\/pages\/79\/revisions"}],"predecessor-version":[{"id":4372,"href":"https:\/\/tandcity.se\/en\/wp-json\/wp\/v2\/pages\/79\/revisions\/4372"}],"wp:attachment":[{"href":"https:\/\/tandcity.se\/en\/wp-json\/wp\/v2\/media?parent=79"}],"curies":[{"name":"wp","href":"https:\/\/api.w.org\/{rel}","templated":true}]}}