{"id":78,"date":"2016-10-19T11:48:31","date_gmt":"2016-10-19T09:48:31","guid":{"rendered":"https:\/\/tandcity2.wpengine.com\/?page_id=78"},"modified":"2023-11-10T10:46:46","modified_gmt":"2023-11-10T09:46:46","slug":"sinuslift-i-malmo","status":"publish","type":"page","link":"https:\/\/tandcity.se\/en\/sinuslift-malmo\/","title":{"rendered":"Benuppbyggnad i Malm\u00f6"},"content":{"rendered":"<div class=\"wpb-content-wrapper\"><div data-vc-full-width=\"true\" data-vc-full-width-init=\"false\" data-vc-stretch-content=\"true\" class=\"vc_row wpb_row vc_row-fluid fullwidth coverimage vc_custom_1494504349907 vc_row-has-fill\"><div class=\"wpb_column vc_column_container vc_col-sm-12\"><div class=\"vc_column-inner\"><div class=\"wpb_wrapper\"><\/div><\/div><\/div><\/div><div class=\"vc_row-full-width vc_clearfix\"><\/div><div class=\"vc_row wpb_row vc_row-fluid\"><div class=\"wpb_column vc_column_container vc_col-sm-12\"><div class=\"vc_column-inner\"><div class=\"wpb_wrapper\">\n\t<div class=\"wpb_text_column wpb_content_element  introtext\" >\n\t\t<div class=\"wpb_wrapper\">\n\t\t\t<h1>Get help with the sinus lift method from our qualified dentists in Malm\u00f6<\/h1>\n<p><em>Bone building makes it possible for everyone to be able to have an implant inserted! Since implants require bone for insertion, a bone structure is required where the implant is to be placed.\u00a0<\/em><\/p>\n\n\t\t<\/div>\n\t<\/div>\n<\/div><\/div><\/div><\/div><div class=\"vc_row wpb_row vc_row-fluid\"><div class=\"wpb_column vc_column_container vc_col-sm-6\"><div class=\"vc_column-inner\"><div class=\"wpb_wrapper\">\n\t<div class=\"wpb_text_column wpb_content_element\" >\n\t\t<div class=\"wpb_wrapper\">\n\t\t\t<h2>Bone reconstruction with the sinus lift method - in case of lack of bone in the jaw<\/h2>\n<p>There are a number of causes of decreased bone mass.<\/p>\n<p>In the upper jaw, the reason is mostly that the Sinus (sinus) grows with age. To remedy this problem, you can use the sinus lift method, where you carefully lift up the sinus and build on it with bone replacement material.<br \/>\nAnother reason for reduced bone mass may be that the bone mass recedes after an extraction.<\/p>\n<p>In the lower jaw, the problem is mostly the thickness of the bone mass and underlying nerve (Nervus Mandibularis).<\/p>\n\n\t\t<\/div>\n\t<\/div>\n<\/div><\/div><\/div><div class=\"wpb_column vc_column_container vc_col-sm-6\"><div class=\"vc_column-inner\"><div class=\"wpb_wrapper\">\n\t<div  class=\"wpb_single_image wpb_content_element vc_align_center  wpb_animate_when_almost_visible wpb_bottom-to-top bottom-to-top\">\n\t\t\n\t\t<figure class=\"wpb_wrapper vc_figure\">\n\t\t\t<div class=\"vc_single_image-wrapper   vc_box_border_grey\"><img loading=\"lazy\" decoding=\"async\" width=\"866\" height=\"578\" src=\"https:\/\/tandcity.se\/wp-content\/uploads\/2016\/10\/benuppbyggnad-sinuslift.jpg\" class=\"vc_single_image-img attachment-full\" alt=\"Get help with a sinus lift in Malm\u00f6 - TandCity\" title=\"Behandla brist p\u00e5 ben i k\u00e4ken med benuppbyggnad\" srcset=\"https:\/\/tandcity.se\/wp-content\/uploads\/2016\/10\/benuppbyggnad-sinuslift.jpg 866w, https:\/\/tandcity.se\/wp-content\/uploads\/2016\/10\/benuppbyggnad-sinuslift-300x200.jpg 300w, https:\/\/tandcity.se\/wp-content\/uploads\/2016\/10\/benuppbyggnad-sinuslift-768x513.jpg 768w, https:\/\/tandcity.se\/wp-content\/uploads\/2016\/10\/benuppbyggnad-sinuslift-272x182.jpg 272w\" sizes=\"auto, (max-width: 866px) 100vw, 866px\" \/><\/div>\n\t\t<\/figure>\n\t<\/div>\n<\/div><\/div><\/div><\/div><div class=\"vc_row wpb_row vc_row-fluid\"><div class=\"wpb_column vc_column_container vc_col-sm-12\"><div class=\"vc_column-inner\"><div class=\"wpb_wrapper\">\n\t<div class=\"wpb_text_column wpb_content_element\" >\n\t\t<div class=\"wpb_wrapper\">\n\t\t\t<h2>Bone building<\/h2>\n<p>When building bones, we use a biocompatible material called Bio-Oss, which the body easily assimilates. Through this, new bones are formed, which are required for the planned\u00a0<a href=\"http:\/\/tandcity.se\/en\/dental-implants-malmo\/\">the implant treatment<\/a>.<\/p>\n\n\t\t<\/div>\n\t<\/div>\n<\/div><\/div><\/div><\/div><div class=\"vc_row wpb_row vc_row-fluid\"><div class=\"wpb_column vc_column_container vc_col-sm-6\"><div class=\"vc_column-inner\"><div class=\"wpb_wrapper\">\n\t<div  class=\"wpb_single_image wpb_content_element vc_align_center  wpb_animate_when_almost_visible wpb_bottom-to-top bottom-to-top\">\n\t\t\n\t\t<figure class=\"wpb_wrapper vc_figure\">\n\t\t\t<div class=\"vc_single_image-wrapper   vc_box_border_grey\"><img loading=\"lazy\" decoding=\"async\" width=\"467\" height=\"467\" src=\"https:\/\/tandcity.se\/wp-content\/uploads\/2016\/10\/Bone-building-a.jpg\" class=\"vc_single_image-img attachment-full\" alt=\"Bone reconstruction in case of lack of bone in the jaw - TandCity\" title=\"bone-building-a\" srcset=\"https:\/\/tandcity.se\/wp-content\/uploads\/2016\/10\/Bone-building-a.jpg 467w, https:\/\/tandcity.se\/wp-content\/uploads\/2016\/10\/Bone-building-a-150x150.jpg 150w, https:\/\/tandcity.se\/wp-content\/uploads\/2016\/10\/Bone-building-a-300x300.jpg 300w\" sizes=\"auto, (max-width: 467px) 100vw, 467px\" \/><\/div>\n\t\t<\/figure>\n\t<\/div>\n<\/div><\/div><\/div><div class=\"wpb_column vc_column_container vc_col-sm-6\"><div class=\"vc_column-inner\"><div class=\"wpb_wrapper\">\n\t<div class=\"wpb_text_column wpb_content_element\" >\n\t\t<div class=\"wpb_wrapper\">\n\t\t\t<p>The sinus lift method can simply be described as opening a window into the mouth right up to the sinus. The sinus is closed with a soft tissue along the walls of the sinus. The fabric is movable and can thus be used as a kind of tent. This tent is filled with Bio-Oss, at the same time as the window is closed.<br \/>\nThis is followed by a healing period of at least 6 months. After successful healing, implants can then be inserted. Even after a normal tooth extraction, an immediate bone build-up is sometimes recommended, to enable an even better implant treatment.<\/p>\n<p>With the help of an X-ray image, we can in most cases assess the need for bone reconstruction before the treatment. However, certain factors only become apparent when the bone shows itself during the implant treatment itself. If the bone mass is insufficient, we either do a sinus lift in combination with an implant or we start with build-up and then when everything is healed, the implant treatment itself is done.<\/p>\n\n\t\t<\/div>\n\t<\/div>\n<\/div><\/div><\/div><\/div><div data-vc-full-width=\"true\" data-vc-full-width-init=\"false\" class=\"vc_row wpb_row vc_row-fluid fullwidth booking_section_responsive vc_custom_1529577533916 vc_row-has-fill vc_row-o-equal-height vc_row-flex\"><div class=\"wpb_column vc_column_container vc_col-sm-12\"><div class=\"vc_column-inner\"><div class=\"wpb_wrapper\">\n\t<div class=\"wpb_text_column wpb_content_element\" >\n\t\t<div class=\"wpb_wrapper\">\n\t\t\t<h2><span style=\"color: #ffffff;\">TandCity \u2013 emergency dental care in Malm\u00f6<\/span><\/h2>\n<p class=\"subtext_online\">Are you in need of an emergency time or do you want to have a time quickly for some other reason?<\/p>\n<p>&nbsp;<\/p>\n<h4><span style=\"color: #ffffff;\">Just calm down, we\u2019ll help you. We understand that some things can\u2019t wait and make sure you get a time as soon as possible. Contact us at phone number 040 23 66 00 or book your time online. Warm welcome!<\/span><\/h4>\n\n\t\t<\/div>\n\t<\/div>\n<div class=\"vc_btn3-container  tandcitygreen vc_btn3-inline vc_custom_1585897977913\" ><a class=\"vc_general vc_btn3 vc_btn3-size-lg vc_btn3-shape-rounded vc_btn3-style-modern vc_btn3-color-green\" href=\"http:\/\/tandcity.se\/en\/boka-tid-online\/\" title=\"Book online\" target=\"_blank\" onclick=\"ga(&#039;send&#039;, &#039;event&#039;, &#039;button&#039;, &#039;click&#039;, &#039;bottom-banner-sv&#039;);\">Book online<\/a><\/div><\/div><\/div><\/div><\/div><div class=\"vc_row-full-width vc_clearfix\"><\/div>\n<\/div>","protected":false},"excerpt":{"rendered":"F\u00e5 hj\u00e4lp med sinuslyft metoden av v\u00e5ra kvalificerade tandl\u00e4kare i Malm\u00f6 Benuppbyggnad g\u00f6r det m\u00f6jligt f\u00f6r alla att kunna f\u00e5 <a href=\"https:\/\/tandcity.se\/en\/sinuslift-malmo\/\" class=\"more-link\">...<span class=\"screen-reader-text\">  Benuppbyggnad i Malm\u00f6<\/span><\/a>","protected":false},"author":24,"featured_media":0,"parent":0,"menu_order":0,"comment_status":"closed","ping_status":"closed","template":"","meta":{"footnotes":""},"class_list":["post-78","page","type-page","status-publish"],"yoast_head":"<!-- This site is optimized with the Yoast SEO plugin v25.5 - https:\/\/yoast.com\/wordpress\/plugins\/seo\/ -->\n<title>Sinuslyft: implantat &amp; bentransplantation k\u00e4ken | TandCity Malm\u00f6<\/title>\n<meta name=\"description\" content=\"Sinuslyft (\u00f6vre k\u00e4kkirurgi), \u00e4r en bepr\u00f6vad metod f\u00f6r att \u00e5terst\u00e4lla benmassan i \u00f6vre k\u00e4ken, s\u00e4rskilt runt kindt\u00e4nderna. Boka tid p\u00e5 TandCity.se.\" \/>\n<meta name=\"robots\" content=\"index, follow, max-snippet:-1, max-image-preview:large, max-video-preview:-1\" \/>\n<link rel=\"canonical\" href=\"https:\/\/tandcity.se\/en\/sinuslift-malmo\/\" \/>\n<meta name=\"twitter:label1\" content=\"Estimated reading time\" \/>\n\t<meta name=\"twitter:data1\" content=\"2 minutes\" \/>\n<!-- \/ Yoast SEO plugin. -->","yoast_head_json":{"title":"Sinuslyft: implantat & bentransplantation k\u00e4ken | TandCity Malm\u00f6","description":"Sinuslyft (\u00f6vre k\u00e4kkirurgi), \u00e4r en bepr\u00f6vad metod f\u00f6r att \u00e5terst\u00e4lla benmassan i \u00f6vre k\u00e4ken, s\u00e4rskilt runt kindt\u00e4nderna. Boka tid p\u00e5 TandCity.se.","robots":{"index":"index","follow":"follow","max-snippet":"max-snippet:-1","max-image-preview":"max-image-preview:large","max-video-preview":"max-video-preview:-1"},"canonical":"https:\/\/tandcity.se\/en\/sinuslift-malmo\/","twitter_misc":{"Estimated reading time":"2 minutes"},"schema":{"@context":"https:\/\/schema.org","@graph":[{"@type":"WebPage","@id":"https:\/\/tandcity.se\/sv\/sinuslift-i-malmo\/","url":"https:\/\/tandcity.se\/sv\/sinuslift-i-malmo\/","name":"Sinuslyft: implantat & bentransplantation k\u00e4ken | TandCity Malm\u00f6","isPartOf":{"@id":"https:\/\/tandcity.se\/sv\/#website"},"datePublished":"2016-10-19T09:48:31+00:00","dateModified":"2023-11-10T09:46:46+00:00","description":"Sinuslyft (\u00f6vre k\u00e4kkirurgi), \u00e4r en bepr\u00f6vad metod f\u00f6r att \u00e5terst\u00e4lla benmassan i \u00f6vre k\u00e4ken, s\u00e4rskilt runt kindt\u00e4nderna. Boka tid p\u00e5 TandCity.se.","breadcrumb":{"@id":"https:\/\/tandcity.se\/sv\/sinuslift-i-malmo\/#breadcrumb"},"inLanguage":"en-GB","potentialAction":[{"@type":"ReadAction","target":["https:\/\/tandcity.se\/sv\/sinuslift-i-malmo\/"]}]},{"@type":"BreadcrumbList","@id":"https:\/\/tandcity.se\/sv\/sinuslift-i-malmo\/#breadcrumb","itemListElement":[{"@type":"ListItem","position":1,"name":"Hjem","item":"https:\/\/tandcity.se\/en\/"},{"@type":"ListItem","position":2,"name":"Benuppbyggnad i Malm\u00f6"}]},{"@type":"WebSite","@id":"https:\/\/tandcity.se\/sv\/#website","url":"https:\/\/tandcity.se\/sv\/","name":"TandCity Malm\u00f6","description":"","potentialAction":[{"@type":"SearchAction","target":{"@type":"EntryPoint","urlTemplate":"https:\/\/tandcity.se\/sv\/?s={search_term_string}"},"query-input":{"@type":"PropertyValueSpecification","valueRequired":true,"valueName":"search_term_string"}}],"inLanguage":"en-GB"}]}},"_links":{"self":[{"href":"https:\/\/tandcity.se\/en\/wp-json\/wp\/v2\/pages\/78","targetHints":{"allow":["GET"]}}],"collection":[{"href":"https:\/\/tandcity.se\/en\/wp-json\/wp\/v2\/pages"}],"about":[{"href":"https:\/\/tandcity.se\/en\/wp-json\/wp\/v2\/types\/page"}],"author":[{"embeddable":true,"href":"https:\/\/tandcity.se\/en\/wp-json\/wp\/v2\/users\/24"}],"replies":[{"embeddable":true,"href":"https:\/\/tandcity.se\/en\/wp-json\/wp\/v2\/comments?post=78"}],"version-history":[{"count":3,"href":"https:\/\/tandcity.se\/en\/wp-json\/wp\/v2\/pages\/78\/revisions"}],"predecessor-version":[{"id":4044,"href":"https:\/\/tandcity.se\/en\/wp-json\/wp\/v2\/pages\/78\/revisions\/4044"}],"wp:attachment":[{"href":"https:\/\/tandcity.se\/en\/wp-json\/wp\/v2\/media?parent=78"}],"curies":[{"name":"wp","href":"https:\/\/api.w.org\/{rel}","templated":true}]}}