{"id":76,"date":"2016-10-19T11:47:45","date_gmt":"2016-10-19T09:47:45","guid":{"rendered":"https:\/\/tandcity2.wpengine.com\/?page_id=76"},"modified":"2023-11-10T10:29:46","modified_gmt":"2023-11-10T09:29:46","slug":"behandla-tandgnissling","status":"publish","type":"page","link":"https:\/\/tandcity.se\/en\/teeth-grinding\/","title":{"rendered":"Tandgnissling i Malm\u00f6"},"content":{"rendered":"<div class=\"wpb-content-wrapper\"><div data-vc-full-width=\"true\" data-vc-full-width-init=\"false\" data-vc-stretch-content=\"true\" class=\"vc_row wpb_row vc_row-fluid fullwidth coverimage vc_custom_1494505334005 vc_row-has-fill\"><div class=\"wpb_column vc_column_container vc_col-sm-12\"><div class=\"vc_column-inner\"><div class=\"wpb_wrapper\"><\/div><\/div><\/div><\/div><div class=\"vc_row-full-width vc_clearfix\"><\/div><div class=\"vc_row wpb_row vc_row-fluid\"><div class=\"wpb_column vc_column_container vc_col-sm-12\"><div class=\"vc_column-inner\"><div class=\"wpb_wrapper\">\n\t<div class=\"wpb_text_column wpb_content_element  introtext\" >\n\t\t<div class=\"wpb_wrapper\">\n\t\t\t<h1>Qualified treatment of teeth grinding in Malm\u00f6<\/h1>\n<p><em>Teeth grinding and clenching are also called bruxism. A lot of people sometimes grind their teeth or clench their teeth hard, often under stress and in sleep. If it doesn&#039;t happen very often, it&#039;s not a problem. But if it happens regularly, the bite can be damaged. It is common that you also get a headache from grinding your teeth.\u00a0<\/em><\/p>\n\n\t\t<\/div>\n\t<\/div>\n<\/div><\/div><\/div><\/div><div class=\"vc_row wpb_row vc_row-fluid\"><div class=\"wpb_column vc_column_container vc_col-sm-12\"><div class=\"vc_column-inner\"><div class=\"wpb_wrapper\">\n\t<div class=\"wpb_text_column wpb_content_element\" >\n\t\t<div class=\"wpb_wrapper\">\n\t\t\t<h2>What are the causes of teeth grinding?<\/h2>\n\n\t\t<\/div>\n\t<\/div>\n<\/div><\/div><\/div><\/div><div class=\"vc_row wpb_row vc_row-fluid\"><div class=\"wpb_column vc_column_container vc_col-sm-6\"><div class=\"vc_column-inner\"><div class=\"wpb_wrapper\">\n\t<div class=\"wpb_text_column wpb_content_element\" >\n\t\t<div class=\"wpb_wrapper\">\n\t\t\t<p>Teeth grinding or clenching can be due to stress or anxiety but also sleep disorders (e.g. sleep apnea). It can also be due to an incorrect occlusion (contact between the upper and lower jaw), for example missing teeth or crooked teeth.<\/p>\n<p>As an indication of teeth grinding, you can get a sore jaw or a persistent headache.<\/p>\n<p>A patient&#039;s partner is often the one to alert the patient that he\/she is grinding his\/her teeth during the night.<\/p>\n<p>A person&#039;s bite develops during childhood. It is shaped by dental changes, jaw muscles, tongue and individual habits. Even if most people don&#039;t have an absolutely perfect bite, it can still work without a problem. In some, it can give rise to an unstable bite. To adapt to this unstable bite, one begins to grind one&#039;s teeth.<\/p>\n\n\t\t<\/div>\n\t<\/div>\n<\/div><\/div><\/div><div class=\"wpb_column vc_column_container vc_col-sm-6\"><div class=\"vc_column-inner\"><div class=\"wpb_wrapper\">\n\t<div  class=\"wpb_single_image wpb_content_element vc_align_center  wpb_animate_when_almost_visible wpb_bottom-to-top bottom-to-top\">\n\t\t\n\t\t<figure class=\"wpb_wrapper vc_figure\">\n\t\t\t<div class=\"vc_single_image-wrapper   vc_box_border_grey\"><img loading=\"lazy\" decoding=\"async\" width=\"600\" height=\"474\" src=\"https:\/\/tandcity.se\/wp-content\/uploads\/2016\/10\/behandla-tandgnissling-och-bruxismus.jpg\" class=\"vc_single_image-img attachment-full\" alt=\"Get help with a qualified treatment of teeth grinding in Malm\u00f6 - TandCity\" title=\"Tandgnissling pris\" srcset=\"https:\/\/tandcity.se\/wp-content\/uploads\/2016\/10\/behandla-tandgnissling-och-bruxismus.jpg 600w, https:\/\/tandcity.se\/wp-content\/uploads\/2016\/10\/behandla-tandgnissling-och-bruxismus-300x237.jpg 300w\" sizes=\"auto, (max-width: 600px) 100vw, 600px\" \/><\/div>\n\t\t<\/figure>\n\t<\/div>\n<\/div><\/div><\/div><\/div><div class=\"vc_row wpb_row vc_row-fluid\"><div class=\"wpb_column vc_column_container vc_col-sm-12\"><div class=\"vc_column-inner\"><div class=\"wpb_wrapper\">\n\t<div class=\"wpb_text_column wpb_content_element\" >\n\t\t<div class=\"wpb_wrapper\">\n\t\t\t<p>An unstable bite can also be a result of changes due to <a href=\"http:\/\/tandcity.se\/en\/tooth-filling-malmo\/\">dental fillings<\/a> or crowns, if sufficient consideration has not been given to the bite. The dentist must always take care that the changes made do not have any disturbing effect on the bite, as these can cause far-reaching damage to the teeth, muscles and joints.<\/p>\n<h2><\/h2>\n\n\t\t<\/div>\n\t<\/div>\n<\/div><\/div><\/div><\/div><div class=\"vc_row wpb_row vc_row-fluid\"><div class=\"wpb_column vc_column_container vc_col-sm-6\"><div class=\"vc_column-inner\"><div class=\"wpb_wrapper\">\n\t<div  class=\"wpb_single_image wpb_content_element vc_align_center  wpb_animate_when_almost_visible wpb_bottom-to-top bottom-to-top\">\n\t\t\n\t\t<figure class=\"wpb_wrapper vc_figure\">\n\t\t\t<div class=\"vc_single_image-wrapper   vc_box_border_grey\"><img loading=\"lazy\" decoding=\"async\" width=\"725\" height=\"538\" src=\"https:\/\/tandcity.se\/wp-content\/uploads\/2016\/10\/shutterstock_150281285-a.jpg\" class=\"vc_single_image-img attachment-full\" alt=\"Get treated for Bruxism in Malm\u00f6 -TandCity\" title=\"Bideskinne Tandcity\" srcset=\"https:\/\/tandcity.se\/wp-content\/uploads\/2016\/10\/shutterstock_150281285-a.jpg 725w, https:\/\/tandcity.se\/wp-content\/uploads\/2016\/10\/shutterstock_150281285-a-300x223.jpg 300w\" sizes=\"auto, (max-width: 725px) 100vw, 725px\" \/><\/div>\n\t\t<\/figure>\n\t<\/div>\n<\/div><\/div><\/div><div class=\"wpb_column vc_column_container vc_col-sm-6\"><div class=\"vc_column-inner\"><div class=\"wpb_wrapper\">\n\t<div class=\"wpb_text_column wpb_content_element\" >\n\t\t<div class=\"wpb_wrapper\">\n\t\t\t<h2>Things to consider when treating teeth grinding<\/h2>\n<p>The most difficult but also the most important task is to solve the problems of occlusion.<br \/>\nOn\u00a0<a href=\"http:\/\/tandcity.se\/en\/\" target=\"_blank\" rel=\"noopener noreferrer\">TandCity in Malm\u00f6<\/a>\u00a0This is exactly what we focus on. We inform all patients about the problems related to bites, jaws and joints. When treating teeth grinding, it is important not only to think about the teeth and the bite individually, but to understand how everything is connected.<\/p>\n<p>There are two important components that must be taken into account when grinding your teeth: muscles and joints.<\/p>\n<p>In unstable bites, the jaw slides to the side during the bite. This lateral slip causes a change in the joint position, which in turn is compensated by the muscles, in order to possibly joint injuries must be avoided. The compensatory movement together with the unstable occlusion gives rise over time to excessive tooth wear, muscle pain and headaches.<\/p>\n<p>Teeth grinding can sometimes lead to joint disorders. Clicking sounds occur and it becomes more difficult to move the jaw.<\/p>\n\n\t\t<\/div>\n\t<\/div>\n<\/div><\/div><\/div><\/div><div class=\"vc_row wpb_row vc_row-fluid\"><div class=\"wpb_column vc_column_container vc_col-sm-12\"><div class=\"vc_column-inner\"><div class=\"wpb_wrapper\">\n\t<div class=\"wpb_text_column wpb_content_element\" >\n\t\t<div class=\"wpb_wrapper\">\n\t\t\t<h2>What happens if teeth grinding is not treated?<\/h2>\n<p>If Bruxism is not treated, the teeth can become looser, break or even fall out. An excessive loss of tooth substance can lead to stumps, which ultimately require root canals, crowns, bridges and\u00a0<a href=\"http:\/\/tandcity.se\/en\/dental-implants-malmo\/\" target=\"_blank\" rel=\"noopener noreferrer\">dental implants<\/a>. Teeth grinding can also affect joints and muscles so that joint pain and headaches occur.<\/p>\n\n\t\t<\/div>\n\t<\/div>\n<\/div><\/div><\/div><\/div><div class=\"vc_row wpb_row vc_row-fluid\"><div class=\"wpb_column vc_column_container vc_col-sm-12\"><div class=\"vc_column-inner\"><div class=\"wpb_wrapper\">\n\t<div class=\"wpb_text_column wpb_content_element\" >\n\t\t<div class=\"wpb_wrapper\">\n\t\t\t<h2>What can I do to stop teething?<\/h2>\n\n\t\t<\/div>\n\t<\/div>\n<\/div><\/div><\/div><\/div><div class=\"vc_row wpb_row vc_row-fluid\"><div class=\"wpb_column vc_column_container vc_col-sm-6\"><div class=\"vc_column-inner\"><div class=\"wpb_wrapper\">\n\t<div class=\"wpb_text_column wpb_content_element\" >\n\t\t<div class=\"wpb_wrapper\">\n\t\t\t<p>First of all, you must make an appointment with the dentist to have your teeth and jaw examined, to check if and what kind of Bruxism you have. In most cases, a first choice of treatment for teeth grinding is an individual bite splint, which is to be used at night and is either attached to the upper or lower jaw.<\/p>\n<p>With the help of tooth impressions taken, the dental technician can immediately see how you grind and which teeth are causing the bite instability. Based on this knowledge, an individual splint is manufactured for a stable bite. This means that the lower jaw cannot slide to the side and no muscle compensation is required. The splint acts as a protection for the teeth and also prevents the teeth from moving over time.<\/p>\n<p>If results are seen when using the splint, there is a possibility of permanently keeping it in the mouth. As a treatment for teeth grinding in Malm\u00f6, in these cases the dentist can produce a stable and comfortable occlusion with tailor-made &#034;guides&#034; produced by our dental technician. Here, ceramics and composite are often used in combination.<\/p>\n<p>If you need treatment for teeth grinding in Malm\u00f6 or if you have questions, you are welcome to contact us at TandCity. We are happy to examine your teeth, joints and muscles to check if it is Bruxism.<\/p>\n<h2><\/h2>\n\n\t\t<\/div>\n\t<\/div>\n<\/div><\/div><\/div><div class=\"wpb_column vc_column_container vc_col-sm-6\"><div class=\"vc_column-inner\"><div class=\"wpb_wrapper\">\n\t<div  class=\"wpb_single_image wpb_content_element vc_align_center  wpb_animate_when_almost_visible wpb_bottom-to-top bottom-to-top\">\n\t\t\n\t\t<figure class=\"wpb_wrapper vc_figure\">\n\t\t\t<div class=\"vc_single_image-wrapper   vc_box_border_grey\"><img loading=\"lazy\" decoding=\"async\" width=\"551\" height=\"587\" src=\"https:\/\/tandcity.se\/wp-content\/uploads\/2016\/10\/stop-bruxism-a.jpg\" class=\"vc_single_image-img attachment-full\" alt=\"Bruxism and teeth grinding, treated in Malm\u00f6 - TandCity\" title=\"stop tandcity\" srcset=\"https:\/\/tandcity.se\/wp-content\/uploads\/2016\/10\/stop-bruxism-a.jpg 551w, https:\/\/tandcity.se\/wp-content\/uploads\/2016\/10\/stop-bruxism-a-282x300.jpg 282w\" sizes=\"auto, (max-width: 551px) 100vw, 551px\" \/><\/div>\n\t\t<\/figure>\n\t<\/div>\n<\/div><\/div><\/div><\/div><div data-vc-full-width=\"true\" data-vc-full-width-init=\"false\" class=\"vc_row wpb_row vc_row-fluid fullwidth booking_section_responsive vc_custom_1529581450960 vc_row-has-fill vc_row-o-equal-height vc_row-flex\"><div class=\"wpb_column vc_column_container vc_col-sm-12\"><div class=\"vc_column-inner\"><div class=\"wpb_wrapper\">\n\t<div class=\"wpb_text_column wpb_content_element\" >\n\t\t<div class=\"wpb_wrapper\">\n\t\t\t<h2><span style=\"color: #ffffff;\">TandCity \u2013 emergency dental care in Malm\u00f6<\/span><\/h2>\n<p class=\"subtext_online\">Are you in need of an emergency time or do you want to have a time quickly for some other reason?<\/p>\n<p>&nbsp;<\/p>\n<h4><span style=\"color: #ffffff;\">Just calm down, we\u2019ll help you. We understand that some things can\u2019t wait and make sure you get a time as soon as possible. Contact us at phone number 040 23 66 00 or book your time online. Warm welcome!<\/span><\/h4>\n\n\t\t<\/div>\n\t<\/div>\n<div class=\"vc_btn3-container  tandcitygreen vc_btn3-inline vc_custom_1585899802437\" ><a class=\"vc_general vc_btn3 vc_btn3-size-lg vc_btn3-shape-rounded vc_btn3-style-modern vc_btn3-color-green\" href=\"http:\/\/tandcity.se\/en\/boka-tid-online\/\" title=\"Book online\" target=\"_blank\" onclick=\"ga(&#039;send&#039;, &#039;event&#039;, &#039;button&#039;, &#039;click&#039;, &#039;bottom-banner-sv&#039;);\">Book online<\/a><\/div><\/div><\/div><\/div><\/div><div class=\"vc_row-full-width vc_clearfix\"><\/div>\n<\/div>","protected":false},"excerpt":{"rendered":"Kvalificerad behandling av tandgnissling i Malm\u00f6 Tandgnissling och tandpressning kallas ocks\u00e5 Bruxismus.\u00a0En hel del m\u00e4nniskor gnisslar ibland t\u00e4nderna eller pressar <a href=\"https:\/\/tandcity.se\/en\/teeth-grinding\/\" class=\"more-link\">...<span class=\"screen-reader-text\">  Tandgnissling i Malm\u00f6<\/span><\/a>","protected":false},"author":24,"featured_media":0,"parent":0,"menu_order":0,"comment_status":"closed","ping_status":"closed","template":"","meta":{"footnotes":""},"class_list":["post-76","page","type-page","status-publish"],"yoast_head":"<!-- This site is optimized with the Yoast SEO plugin v25.5 - https:\/\/yoast.com\/wordpress\/plugins\/seo\/ -->\n<title>Behandling bruxism &amp; tandgnissling Malm\u00f6 | TandCity<\/title>\n<meta name=\"description\" content=\"Gnissla t\u00e4nder? Vi erbjuder utv\u00e4rdering &amp; behandling av bruxism &amp; tandgnissling i Malm\u00f6. \u00d6ppet alla dagar - \u00e4ven akut tandv\u00e5rd. Boka tid online idag!\" \/>\n<meta name=\"robots\" content=\"index, follow, max-snippet:-1, max-image-preview:large, max-video-preview:-1\" \/>\n<link rel=\"canonical\" href=\"https:\/\/tandcity.se\/en\/teeth-grinding\/\" \/>\n<meta name=\"twitter:label1\" content=\"Estimated reading time\" \/>\n\t<meta name=\"twitter:data1\" content=\"4 minutes\" \/>\n<!-- \/ Yoast SEO plugin. -->","yoast_head_json":{"title":"Behandling bruxism & tandgnissling Malm\u00f6 | TandCity","description":"Gnissla t\u00e4nder? Vi erbjuder utv\u00e4rdering & behandling av bruxism & tandgnissling i Malm\u00f6. \u00d6ppet alla dagar - \u00e4ven akut tandv\u00e5rd. Boka tid online idag!","robots":{"index":"index","follow":"follow","max-snippet":"max-snippet:-1","max-image-preview":"max-image-preview:large","max-video-preview":"max-video-preview:-1"},"canonical":"https:\/\/tandcity.se\/en\/teeth-grinding\/","twitter_misc":{"Estimated reading time":"4 minutes"},"schema":{"@context":"https:\/\/schema.org","@graph":[{"@type":"WebPage","@id":"https:\/\/tandcity.se\/en\/teeth-grinding\/","url":"https:\/\/tandcity.se\/en\/teeth-grinding\/","name":"Behandling bruxism & tandgnissling Malm\u00f6 | TandCity","isPartOf":{"@id":"https:\/\/tandcity.se\/sv\/#website"},"datePublished":"2016-10-19T09:47:45+00:00","dateModified":"2023-11-10T09:29:46+00:00","description":"Gnissla t\u00e4nder? Vi erbjuder utv\u00e4rdering & behandling av bruxism & tandgnissling i Malm\u00f6. \u00d6ppet alla dagar - \u00e4ven akut tandv\u00e5rd. Boka tid online idag!","breadcrumb":{"@id":"https:\/\/tandcity.se\/en\/teeth-grinding\/#breadcrumb"},"inLanguage":"en-GB","potentialAction":[{"@type":"ReadAction","target":["https:\/\/tandcity.se\/en\/teeth-grinding\/"]}]},{"@type":"BreadcrumbList","@id":"https:\/\/tandcity.se\/en\/teeth-grinding\/#breadcrumb","itemListElement":[{"@type":"ListItem","position":1,"name":"Hjem","item":"https:\/\/tandcity.se\/en\/"},{"@type":"ListItem","position":2,"name":"Tandgnissling i Malm\u00f6"}]},{"@type":"WebSite","@id":"https:\/\/tandcity.se\/sv\/#website","url":"https:\/\/tandcity.se\/sv\/","name":"TandCity Malm\u00f6","description":"","potentialAction":[{"@type":"SearchAction","target":{"@type":"EntryPoint","urlTemplate":"https:\/\/tandcity.se\/sv\/?s={search_term_string}"},"query-input":{"@type":"PropertyValueSpecification","valueRequired":true,"valueName":"search_term_string"}}],"inLanguage":"en-GB"}]}},"_links":{"self":[{"href":"https:\/\/tandcity.se\/en\/wp-json\/wp\/v2\/pages\/76","targetHints":{"allow":["GET"]}}],"collection":[{"href":"https:\/\/tandcity.se\/en\/wp-json\/wp\/v2\/pages"}],"about":[{"href":"https:\/\/tandcity.se\/en\/wp-json\/wp\/v2\/types\/page"}],"author":[{"embeddable":true,"href":"https:\/\/tandcity.se\/en\/wp-json\/wp\/v2\/users\/24"}],"replies":[{"embeddable":true,"href":"https:\/\/tandcity.se\/en\/wp-json\/wp\/v2\/comments?post=76"}],"version-history":[{"count":3,"href":"https:\/\/tandcity.se\/en\/wp-json\/wp\/v2\/pages\/76\/revisions"}],"predecessor-version":[{"id":4054,"href":"https:\/\/tandcity.se\/en\/wp-json\/wp\/v2\/pages\/76\/revisions\/4054"}],"wp:attachment":[{"href":"https:\/\/tandcity.se\/en\/wp-json\/wp\/v2\/media?parent=76"}],"curies":[{"name":"wp","href":"https:\/\/api.w.org\/{rel}","templated":true}]}}