{"id":75,"date":"2016-10-19T11:47:24","date_gmt":"2016-10-19T09:47:24","guid":{"rendered":"https:\/\/tandcity2.wpengine.com\/?page_id=75"},"modified":"2023-12-15T14:32:55","modified_gmt":"2023-12-15T13:32:55","slug":"dental-jewelry","status":"publish","type":"page","link":"https:\/\/tandcity.se\/en\/dental-jewelry\/","title":{"rendered":"Tooth Jewelry"},"content":{"rendered":"<div class=\"wpb-content-wrapper\"><div data-vc-full-width=\"true\" data-vc-full-width-init=\"false\" data-vc-stretch-content=\"true\" class=\"vc_row wpb_row vc_row-fluid fullwidth coverimage vc_custom_1494505288208 vc_row-has-fill\"><div class=\"wpb_column vc_column_container vc_col-sm-12\"><div class=\"vc_column-inner\"><div class=\"wpb_wrapper\"><\/div><\/div><\/div><\/div><div class=\"vc_row-full-width vc_clearfix\"><\/div><div class=\"vc_row wpb_row vc_row-fluid\"><div class=\"wpb_column vc_column_container vc_col-sm-12\"><div class=\"vc_column-inner\"><div class=\"wpb_wrapper\">\n\t<div class=\"wpb_text_column wpb_content_element  introtext\" >\n\t\t<div class=\"wpb_wrapper\">\n\t\t\t<h1>Dental jewelry in Malm\u00f6 - put a little extra shine on your smile<\/h1>\n<p><em>If you want to achieve a luxurious look, you will surely bring out a sparkling necklace or glittering earrings. Now we can help you further by providing you with a radiant smile via dental jewellery.<\/em><\/p>\n\n\t\t<\/div>\n\t<\/div>\n<\/div><\/div><\/div><\/div><div class=\"vc_row wpb_row vc_row-fluid\"><div class=\"wpb_column vc_column_container vc_col-sm-12\"><div class=\"vc_column-inner\"><div class=\"wpb_wrapper\"><\/div><\/div><\/div><\/div><div class=\"vc_row wpb_row vc_row-fluid\"><div class=\"wpb_column vc_column_container vc_col-sm-6\"><div class=\"vc_column-inner\"><div class=\"wpb_wrapper\">\n\t<div class=\"wpb_text_column wpb_content_element\" >\n\t\t<div class=\"wpb_wrapper\">\n\t\t\t<h2>Get a prettier smile with dental jewelry<\/h2>\n<p>We offer Swarovski dental jewelry, which are very small crystals that are attached to the tooth. Swarovski is famous for being able to grind glass so precisely that the crystals sparkle like diamonds. You decide exactly where you want these crystals on the tooth. Before we attach the Swarovski crystal to the tooth, we lightly polish the tooth surface. A transparent adhesive is then placed on the tooth surface, which is illuminated with halogen light. The tooth enamel is not damaged with this method and you will not feel any pain. If you want to remove the crystal after a while, it&#039;s no problem.<\/p>\n<p>In other words, dental jewelry is an easy way to a more personal and sparkling smile. At TandCity in Malm\u00f6, we have a number of crystals that you can choose from. Which piece of jewelry you want is entirely up to you, and for the best end result, we always recommend that you choose jewelry color and size according to your own taste. Of course, there is also no requirement that you choose from the particular jewelery that we provide. On the contrary, you can even bring your own jewelry that you want us to attach to your tooth.<\/p>\n<p>Dental jewelry requires no special care and no more or less dental care than your usual routines. The crystal usually stays put until you want to remove it, for one reason or another, and in connection with the removal you never have to worry about the jewelry leaving traces on the tooth enamel. On the contrary, the tooth will then look exactly as it did before the crystal was glued on.<\/p>\n<p>Welcome to contact us at TandCity for help with dental jewelry in Malm\u00f6 or for more information about our various treatments. If you don&#039;t feel that a dental jewelry is an option for you, one is <a href=\"http:\/\/tandcity.se\/en\/dental-hygiene-malmo\/\">professional teeth cleaning in Malm\u00f6<\/a> another effective way to a radiant smile. <a href=\"http:\/\/tandcity.se\/en\/contact\/\">Book an appointment today!<\/a><\/p>\n\n\t\t<\/div>\n\t<\/div>\n<\/div><\/div><\/div><div class=\"wpb_column vc_column_container vc_col-sm-6\"><div class=\"vc_column-inner\"><div class=\"wpb_wrapper\">\n\t<div  class=\"wpb_single_image wpb_content_element vc_align_center  wpb_animate_when_almost_visible wpb_bottom-to-top bottom-to-top\">\n\t\t\n\t\t<figure class=\"wpb_wrapper vc_figure\">\n\t\t\t<div class=\"vc_single_image-wrapper   vc_box_border_grey\"><img loading=\"lazy\" decoding=\"async\" width=\"629\" height=\"418\" src=\"https:\/\/tandcity.se\/wp-content\/uploads\/2016\/10\/Tandsmykke.jpg\" class=\"vc_single_image-img attachment-full\" alt=\"Add some extra shine to your smile with dental jewelry in Malm\u00f6 - TandCity\" title=\"F\u00e5 et smukkere smil med Tandsmykke\" srcset=\"https:\/\/tandcity.se\/wp-content\/uploads\/2016\/10\/Tandsmykke.jpg 629w, https:\/\/tandcity.se\/wp-content\/uploads\/2016\/10\/Tandsmykke-300x199.jpg 300w, https:\/\/tandcity.se\/wp-content\/uploads\/2016\/10\/Tandsmykke-272x182.jpg 272w\" sizes=\"auto, (max-width: 629px) 100vw, 629px\" \/><\/div>\n\t\t<\/figure>\n\t<\/div>\n<\/div><\/div><\/div><\/div><div class=\"vc_row wpb_row vc_row-fluid\"><div class=\"wpb_column vc_column_container vc_col-sm-12\"><div class=\"vc_column-inner\"><div class=\"wpb_wrapper\">\n\t<div class=\"wpb_text_column wpb_content_element\" >\n\t\t<div class=\"wpb_wrapper\">\n\t\t\t<table class=\"table-style1\">\n<tbody>\n<tr>\n<th>Tooth Jewelry<\/th>\n<th>Award<\/th>\n<\/tr>\n<tr>\n<td>Tooth Jewelry<\/td>\n<td>850<\/td>\n<\/tr>\n<\/tbody>\n<\/table>\n\n\t\t<\/div>\n\t<\/div>\n<\/div><\/div><\/div><\/div><div data-vc-full-width=\"true\" data-vc-full-width-init=\"false\" class=\"vc_row wpb_row vc_row-fluid fullwidth booking_section_responsive vc_custom_1529581724866 vc_row-has-fill vc_row-o-equal-height vc_row-flex\"><div class=\"wpb_column vc_column_container vc_col-sm-12\"><div class=\"vc_column-inner\"><div class=\"wpb_wrapper\">\n\t<div class=\"wpb_text_column wpb_content_element\" >\n\t\t<div class=\"wpb_wrapper\">\n\t\t\t<h2><span style=\"color: #ffffff;\">TandCity \u2013 emergency dental care in Malm\u00f6<\/span><\/h2>\n<p class=\"subtext_online\">Are you in need of an emergency time or do you want to have a time quickly for some other reason?<\/p>\n<p>&nbsp;<\/p>\n<h4><span style=\"color: #ffffff;\">Just calm down, we\u2019ll help you. We understand that some things can\u2019t wait and make sure you get a time as soon as possible. Contact us at phone number 040 23 66 00 or book your time online. Warm welcome!<\/span><\/h4>\n\n\t\t<\/div>\n\t<\/div>\n<div class=\"vc_btn3-container  tandcitygreen vc_btn3-inline vc_custom_1585900652625\" ><a class=\"vc_general vc_btn3 vc_btn3-size-lg vc_btn3-shape-rounded vc_btn3-style-modern vc_btn3-color-green\" href=\"http:\/\/tandcity.se\/en\/boka-tid-online\/\" title=\"Book online\" target=\"_blank\" onclick=\"ga(&#039;send&#039;, &#039;event&#039;, &#039;button&#039;, &#039;click&#039;, &#039;bottom-banner-sv&#039;);\">Book online<\/a><\/div><\/div><\/div><\/div><\/div><div class=\"vc_row-full-width vc_clearfix\"><\/div>\n<\/div>","protected":false},"excerpt":{"rendered":"Tandsmycke i Malm\u00f6 \u2013 s\u00e4tt lite extra glans p\u00e5 leendet Om du vill \u00e5stadkomma en lyxig look tar du s\u00e4kert <a href=\"https:\/\/tandcity.se\/en\/dental-jewelry\/\" class=\"more-link\">...<span class=\"screen-reader-text\">  Tooth Jewelry<\/span><\/a>","protected":false},"author":24,"featured_media":0,"parent":0,"menu_order":0,"comment_status":"closed","ping_status":"closed","template":"","meta":{"footnotes":""},"class_list":["post-75","page","type-page","status-publish"],"yoast_head":"<!-- This site is optimized with the Yoast SEO plugin v25.5 - https:\/\/yoast.com\/wordpress\/plugins\/seo\/ -->\n<title>Tandsmycke i Malm\u00f6 - Swarovski kristaller | TandCity<\/title>\n<meta name=\"description\" content=\"Vi erbjuder tandsmycken i kristall f\u00f6r ett glittrande leende. Vi tar \u00e4ven bort befintliga tandsmycken. Se v\u00e5ra priser &amp; boka tid idag p\u00e5 TandCity i Malm\u00f6.\" \/>\n<meta name=\"robots\" content=\"index, follow, max-snippet:-1, max-image-preview:large, max-video-preview:-1\" \/>\n<link rel=\"canonical\" href=\"https:\/\/tandcity.se\/en\/dental-jewelry\/\" \/>\n<meta name=\"twitter:label1\" content=\"Estimated reading time\" \/>\n\t<meta name=\"twitter:data1\" content=\"3 minutes\" \/>\n<!-- \/ Yoast SEO plugin. -->","yoast_head_json":{"title":"Tandsmycke i Malm\u00f6 - Swarovski kristaller | TandCity","description":"Vi erbjuder tandsmycken i kristall f\u00f6r ett glittrande leende. Vi tar \u00e4ven bort befintliga tandsmycken. Se v\u00e5ra priser & boka tid idag p\u00e5 TandCity i Malm\u00f6.","robots":{"index":"index","follow":"follow","max-snippet":"max-snippet:-1","max-image-preview":"max-image-preview:large","max-video-preview":"max-video-preview:-1"},"canonical":"https:\/\/tandcity.se\/en\/dental-jewelry\/","twitter_misc":{"Estimated reading time":"3 minutes"},"schema":{"@context":"https:\/\/schema.org","@graph":[{"@type":"WebPage","@id":"https:\/\/tandcity.se\/en\/dental-jewelry\/","url":"https:\/\/tandcity.se\/en\/dental-jewelry\/","name":"Tandsmycke i Malm\u00f6 - Swarovski kristaller | TandCity","isPartOf":{"@id":"https:\/\/tandcity.se\/sv\/#website"},"datePublished":"2016-10-19T09:47:24+00:00","dateModified":"2023-12-15T13:32:55+00:00","description":"Vi erbjuder tandsmycken i kristall f\u00f6r ett glittrande leende. Vi tar \u00e4ven bort befintliga tandsmycken. Se v\u00e5ra priser & boka tid idag p\u00e5 TandCity i Malm\u00f6.","breadcrumb":{"@id":"https:\/\/tandcity.se\/en\/dental-jewelry\/#breadcrumb"},"inLanguage":"en-GB","potentialAction":[{"@type":"ReadAction","target":["https:\/\/tandcity.se\/en\/dental-jewelry\/"]}]},{"@type":"BreadcrumbList","@id":"https:\/\/tandcity.se\/en\/dental-jewelry\/#breadcrumb","itemListElement":[{"@type":"ListItem","position":1,"name":"Hjem","item":"https:\/\/tandcity.se\/en\/"},{"@type":"ListItem","position":2,"name":"Tandsmycke"}]},{"@type":"WebSite","@id":"https:\/\/tandcity.se\/sv\/#website","url":"https:\/\/tandcity.se\/sv\/","name":"TandCity Malm\u00f6","description":"","potentialAction":[{"@type":"SearchAction","target":{"@type":"EntryPoint","urlTemplate":"https:\/\/tandcity.se\/sv\/?s={search_term_string}"},"query-input":{"@type":"PropertyValueSpecification","valueRequired":true,"valueName":"search_term_string"}}],"inLanguage":"en-GB"}]}},"_links":{"self":[{"href":"https:\/\/tandcity.se\/en\/wp-json\/wp\/v2\/pages\/75","targetHints":{"allow":["GET"]}}],"collection":[{"href":"https:\/\/tandcity.se\/en\/wp-json\/wp\/v2\/pages"}],"about":[{"href":"https:\/\/tandcity.se\/en\/wp-json\/wp\/v2\/types\/page"}],"author":[{"embeddable":true,"href":"https:\/\/tandcity.se\/en\/wp-json\/wp\/v2\/users\/24"}],"replies":[{"embeddable":true,"href":"https:\/\/tandcity.se\/en\/wp-json\/wp\/v2\/comments?post=75"}],"version-history":[{"count":4,"href":"https:\/\/tandcity.se\/en\/wp-json\/wp\/v2\/pages\/75\/revisions"}],"predecessor-version":[{"id":4060,"href":"https:\/\/tandcity.se\/en\/wp-json\/wp\/v2\/pages\/75\/revisions\/4060"}],"wp:attachment":[{"href":"https:\/\/tandcity.se\/en\/wp-json\/wp\/v2\/media?parent=75"}],"curies":[{"name":"wp","href":"https:\/\/api.w.org\/{rel}","templated":true}]}}