{"id":74,"date":"2016-10-19T11:47:03","date_gmt":"2016-10-19T09:47:03","guid":{"rendered":"https:\/\/tandcity2.wpengine.com\/?page_id=74"},"modified":"2025-01-29T14:27:58","modified_gmt":"2025-01-29T13:27:58","slug":"tandfyllning-malmo","status":"publish","type":"page","link":"https:\/\/tandcity.se\/en\/tooth-filling-malmo\/","title":{"rendered":"Tandfyllning i Malm\u00f6"},"content":{"rendered":"<div class=\"wpb-content-wrapper\"><div data-vc-full-width=\"true\" data-vc-full-width-init=\"false\" data-vc-stretch-content=\"true\" class=\"vc_row wpb_row vc_row-fluid fullwidth coverimage vc_custom_1528186575233 vc_row-has-fill\"><div class=\"wpb_column vc_column_container vc_col-sm-12\"><div class=\"vc_column-inner\"><div class=\"wpb_wrapper\"><\/div><\/div><\/div><\/div><div class=\"vc_row-full-width vc_clearfix\"><\/div><div class=\"vc_row wpb_row vc_row-fluid\"><div class=\"wpb_column vc_column_container vc_col-sm-12\"><div class=\"vc_column-inner\"><div class=\"wpb_wrapper\">\n\t<div class=\"wpb_text_column wpb_content_element  introtext\" >\n\t\t<div class=\"wpb_wrapper\">\n\t\t\t<h1>Dental filling in Malm\u00f6 - recreate a beautiful smile<\/h1>\n<p><em>We offer the latest dental filling materials on the market. Choose from different tooth colors and features that can be adapted to your particular situation.<\/em><\/p>\n\n\t\t<\/div>\n\t<\/div>\n<\/div><\/div><\/div><\/div><div class=\"vc_row wpb_row vc_row-fluid\"><div class=\"wpb_column vc_column_container vc_col-sm-6\"><div class=\"vc_column-inner\"><div class=\"wpb_wrapper\">\n\t<div class=\"wpb_text_column wpb_content_element\" >\n\t\t<div class=\"wpb_wrapper\">\n\t\t\t<p>The appearance of the teeth, especially the front teeth, changes a lot with the prevailing light conditions. If artificial material is used for the tooth filling, this fact is taken into account in order for the newly filled teeth to resemble the surrounding teeth as much as possible. At TandCity in Malm\u00f6, we work with the latest technology and with fillings made of art materials. In cases where the largest part of the chewing surface must be renewed or when the patient has <a href=\"http:\/\/tandcity.se\/en\/teeth-grinding\/\">tandgnisslingproblem<\/a>, we recommend porcelain fillings. These last longer and wear more slowly. The procedure is similar to that used for crowns, but you keep more of your own tooth.<\/p>\n\n\t\t<\/div>\n\t<\/div>\n<\/div><\/div><\/div><div class=\"wpb_column vc_column_container vc_col-sm-6\"><div class=\"vc_column-inner\"><div class=\"wpb_wrapper\">\n\t<div  class=\"wpb_single_image wpb_content_element vc_align_left  wpb_animate_when_almost_visible wpb_bottom-to-top bottom-to-top\">\n\t\t\n\t\t<figure class=\"wpb_wrapper vc_figure\">\n\t\t\t<div class=\"vc_single_image-wrapper   vc_box_border_grey\"><img loading=\"lazy\" decoding=\"async\" width=\"1000\" height=\"722\" src=\"https:\/\/tandcity.se\/wp-content\/uploads\/2016\/10\/Tandfyllning-.jpg\" class=\"vc_single_image-img attachment-full\" alt=\"Best tooth filling in Malm\u00f6 -TandCity\" title=\"Tooth Fillings\" srcset=\"https:\/\/tandcity.se\/wp-content\/uploads\/2016\/10\/Tandfyllning-.jpg 1000w, https:\/\/tandcity.se\/wp-content\/uploads\/2016\/10\/Tandfyllning--300x217.jpg 300w, https:\/\/tandcity.se\/wp-content\/uploads\/2016\/10\/Tandfyllning--768x554.jpg 768w\" sizes=\"auto, (max-width: 1000px) 100vw, 1000px\" \/><\/div>\n\t\t<\/figure>\n\t<\/div>\n<\/div><\/div><\/div><\/div><div class=\"vc_row wpb_row vc_row-fluid\"><div class=\"wpb_column vc_column_container vc_col-sm-12\"><div class=\"vc_column-inner\"><div class=\"wpb_wrapper\">\n\t<div class=\"wpb_text_column wpb_content_element\" >\n\t\t<div class=\"wpb_wrapper\">\n\t\t\t<h2>We only use approved tooth filling materials<\/h2>\n<p>We do not use metal fillings (amalgam) at TandCity. Since these alloys contain mercury, they are in free form harmful to the human brain and nervous system. The risk is low when used in the oral cavity because the amount of mercury released into the oral cavity through corrosion is very low. However, studies have shown that the amount of mercury measured in nature increases due to increased use of mercury in society and there is more mercury in the food we eat. This combined with aesthetic grounds and taking into account the amount of tooth substance that must be removed when using metal fillings means that we do not use this type of dental filling.<\/p>\n<p>Research is still ongoing on the risk of amalgam fillings. We know that there is continuous corrosion when you have an amalgam filling. The filling slowly expands until surrounding tooth parts fracture. We therefore recommend our patients who may have amalgam fillings to replace these with composite or <a href=\"http:\/\/tandcity.se\/en\/veeners-malmo\/\">porcelain fillings<\/a>, before the fractures occur. The fact that the teeth also become more aesthetically pleasing is a plus.<\/p>\n\n\t\t<\/div>\n\t<\/div>\n<\/div><\/div><\/div><\/div><div class=\"vc_row wpb_row vc_row-fluid\"><div class=\"wpb_column vc_column_container vc_col-sm-12\"><div class=\"vc_column-inner\"><div class=\"wpb_wrapper\"><h2 style=\"text-align: left;font-family:Abril Fatface;font-weight:400;font-style:normal\" class=\"vc_custom_heading\" >Dental filling price<\/h2>\n\t<div class=\"wpb_text_column wpb_content_element\" >\n\t\t<div class=\"wpb_wrapper\">\n\t\t\t<table class=\"table-style1\">\n<tbody>\n<tr>\n<th>Filling<\/th>\n<th>Award<\/th>\n<\/tr>\n<tr>\n<td>Filling a surface on a front tooth or canine tooth<\/td>\n<td>\u00a0720<\/td>\n<\/tr>\n<tr>\n<td>Filling of two surfaces on a front tooth or canine tooth<\/td>\n<td>\u00a01145<\/td>\n<\/tr>\n<tr>\n<td>Filling of three or more surfaces on front teeth or canines<\/td>\n<td>\u00a01405<\/td>\n<\/tr>\n<tr>\n<td>Filling a surface on a molar or premolar<\/td>\n<td>\u00a0925<\/td>\n<\/tr>\n<tr>\n<td>Filling of two surfaces on molars or premolars<\/td>\n<td>\u00a01508<\/td>\n<\/tr>\n<tr>\n<td>Filling of three or more surfaces on molars or premolars<\/td>\n<td>\u00a01870<\/td>\n<\/tr>\n<tr>\n<td>Composite crown, clinic prepared<\/td>\n<td>\u00a03120<\/td>\n<\/tr>\n<\/tbody>\n<\/table>\n\n\t\t<\/div>\n\t<\/div>\n<\/div><\/div><\/div><\/div><div data-vc-full-width=\"true\" data-vc-full-width-init=\"false\" class=\"vc_row wpb_row vc_row-fluid fullwidth booking_section_responsive vc_custom_1529577045463 vc_row-has-fill vc_row-o-equal-height vc_row-flex\"><div class=\"wpb_column vc_column_container vc_col-sm-12\"><div class=\"vc_column-inner\"><div class=\"wpb_wrapper\">\n\t<div class=\"wpb_text_column wpb_content_element\" >\n\t\t<div class=\"wpb_wrapper\">\n\t\t\t<h2><span style=\"color: #ffffff;\">TandCity \u2013 emergency dental care in Malm\u00f6<\/span><\/h2>\n<p class=\"subtext_online\">Are you in need of an emergency time or do you want to have a time quickly for some other reason?<\/p>\n<p>&nbsp;<\/p>\n<h4><span style=\"color: #ffffff;\">Just calm down, we\u2019ll help you. We understand that some things can\u2019t wait and make sure you get a time as soon as possible. Contact us at phone number 040 23 66 00 or book your time online. Warm welcome!<\/span><\/h4>\n\n\t\t<\/div>\n\t<\/div>\n<div class=\"vc_btn3-container  tandcitygreen vc_btn3-inline vc_custom_1585899826622\" ><a class=\"vc_general vc_btn3 vc_btn3-size-lg vc_btn3-shape-rounded vc_btn3-style-modern vc_btn3-color-green\" href=\"http:\/\/tandcity.se\/en\/boka-tid-online\/\" title=\"Book online\" target=\"_blank\" onclick=\"ga(&#039;send&#039;, &#039;event&#039;, &#039;button&#039;, &#039;click&#039;, &#039;bottom-banner-sv&#039;);\">Book online<\/a><\/div><\/div><\/div><\/div><\/div><div class=\"vc_row-full-width vc_clearfix\"><\/div>\n<\/div>","protected":false},"excerpt":{"rendered":"Tandfyllning i Malm\u00f6 \u2013 \u00e5terskapa ett vackert leende Vi erbjuder de senaste tandfyllningsmaterialen p\u00e5 marknaden.\u00a0V\u00e4lj mellan olika tandf\u00e4rger och egenskaper <a href=\"https:\/\/tandcity.se\/en\/tooth-filling-malmo\/\" class=\"more-link\">...<span class=\"screen-reader-text\">  Tandfyllning i Malm\u00f6<\/span><\/a>","protected":false},"author":24,"featured_media":0,"parent":0,"menu_order":0,"comment_status":"closed","ping_status":"closed","template":"","meta":{"footnotes":""},"class_list":["post-74","page","type-page","status-publish"],"yoast_head":"<!-- This site is optimized with the Yoast SEO plugin v25.5 - https:\/\/yoast.com\/wordpress\/plugins\/seo\/ -->\n<title>Tandfyllning: Behandling, material &amp; pris | TandCity Malm\u00f6<\/title>\n<meta name=\"description\" content=\"TandCity erbjuder sm\u00e4rtfri, kvalitativ tandfyllning till ett bra pris. Bes\u00f6k v\u00e5r hemsida f\u00f6r information om v\u00e5ra tandfyllningsbehandlingar &amp; priser.\" \/>\n<meta name=\"robots\" content=\"index, follow, max-snippet:-1, max-image-preview:large, max-video-preview:-1\" \/>\n<link rel=\"canonical\" href=\"https:\/\/tandcity.se\/en\/tooth-filling-malmo\/\" \/>\n<meta name=\"twitter:label1\" content=\"Estimated reading time\" \/>\n\t<meta name=\"twitter:data1\" content=\"3 minutes\" \/>\n<!-- \/ Yoast SEO plugin. -->","yoast_head_json":{"title":"Tandfyllning: Behandling, material & pris | TandCity Malm\u00f6","description":"TandCity erbjuder sm\u00e4rtfri, kvalitativ tandfyllning till ett bra pris. Bes\u00f6k v\u00e5r hemsida f\u00f6r information om v\u00e5ra tandfyllningsbehandlingar & priser.","robots":{"index":"index","follow":"follow","max-snippet":"max-snippet:-1","max-image-preview":"max-image-preview:large","max-video-preview":"max-video-preview:-1"},"canonical":"https:\/\/tandcity.se\/en\/tooth-filling-malmo\/","twitter_misc":{"Estimated reading time":"3 minutes"},"schema":{"@context":"https:\/\/schema.org","@graph":[{"@type":"WebPage","@id":"https:\/\/tandcity.se\/sv\/tandfyllning-malmo\/","url":"https:\/\/tandcity.se\/sv\/tandfyllning-malmo\/","name":"Tandfyllning: Behandling, material & pris | TandCity Malm\u00f6","isPartOf":{"@id":"https:\/\/tandcity.se\/sv\/#website"},"datePublished":"2016-10-19T09:47:03+00:00","dateModified":"2025-01-29T13:27:58+00:00","description":"TandCity erbjuder sm\u00e4rtfri, kvalitativ tandfyllning till ett bra pris. Bes\u00f6k v\u00e5r hemsida f\u00f6r information om v\u00e5ra tandfyllningsbehandlingar & priser.","breadcrumb":{"@id":"https:\/\/tandcity.se\/sv\/tandfyllning-malmo\/#breadcrumb"},"inLanguage":"en-GB","potentialAction":[{"@type":"ReadAction","target":["https:\/\/tandcity.se\/sv\/tandfyllning-malmo\/"]}]},{"@type":"BreadcrumbList","@id":"https:\/\/tandcity.se\/sv\/tandfyllning-malmo\/#breadcrumb","itemListElement":[{"@type":"ListItem","position":1,"name":"Hjem","item":"https:\/\/tandcity.se\/en\/"},{"@type":"ListItem","position":2,"name":"Tandfyllning i Malm\u00f6"}]},{"@type":"WebSite","@id":"https:\/\/tandcity.se\/sv\/#website","url":"https:\/\/tandcity.se\/sv\/","name":"TandCity Malm\u00f6","description":"","potentialAction":[{"@type":"SearchAction","target":{"@type":"EntryPoint","urlTemplate":"https:\/\/tandcity.se\/sv\/?s={search_term_string}"},"query-input":{"@type":"PropertyValueSpecification","valueRequired":true,"valueName":"search_term_string"}}],"inLanguage":"en-GB"}]}},"_links":{"self":[{"href":"https:\/\/tandcity.se\/en\/wp-json\/wp\/v2\/pages\/74","targetHints":{"allow":["GET"]}}],"collection":[{"href":"https:\/\/tandcity.se\/en\/wp-json\/wp\/v2\/pages"}],"about":[{"href":"https:\/\/tandcity.se\/en\/wp-json\/wp\/v2\/types\/page"}],"author":[{"embeddable":true,"href":"https:\/\/tandcity.se\/en\/wp-json\/wp\/v2\/users\/24"}],"replies":[{"embeddable":true,"href":"https:\/\/tandcity.se\/en\/wp-json\/wp\/v2\/comments?post=74"}],"version-history":[{"count":15,"href":"https:\/\/tandcity.se\/en\/wp-json\/wp\/v2\/pages\/74\/revisions"}],"predecessor-version":[{"id":4427,"href":"https:\/\/tandcity.se\/en\/wp-json\/wp\/v2\/pages\/74\/revisions\/4427"}],"wp:attachment":[{"href":"https:\/\/tandcity.se\/en\/wp-json\/wp\/v2\/media?parent=74"}],"curies":[{"name":"wp","href":"https:\/\/api.w.org\/{rel}","templated":true}]}}