{"id":73,"date":"2016-10-19T11:46:30","date_gmt":"2016-10-19T09:46:30","guid":{"rendered":"https:\/\/tandcity2.wpengine.com\/?page_id=73"},"modified":"2023-10-17T15:43:12","modified_gmt":"2023-10-17T13:43:12","slug":"inman-aligner","status":"publish","type":"page","link":"https:\/\/tandcity.se\/en\/inman-aligner\/","title":{"rendered":"Inman Aligner"},"content":{"rendered":"<div class=\"wpb-content-wrapper\"><div data-vc-full-width=\"true\" data-vc-full-width-init=\"false\" data-vc-stretch-content=\"true\" class=\"vc_row wpb_row vc_row-fluid fullwidth coverimage vc_custom_1494505131724 vc_row-has-fill\"><div class=\"wpb_column vc_column_container vc_col-sm-12\"><div class=\"vc_column-inner\"><div class=\"wpb_wrapper\"><\/div><\/div><\/div><\/div><div class=\"vc_row-full-width vc_clearfix\"><\/div><div class=\"vc_row wpb_row vc_row-fluid\"><div class=\"wpb_column vc_column_container vc_col-sm-12\"><div class=\"vc_column-inner\"><div class=\"wpb_wrapper\">\n\t<div class=\"wpb_text_column wpb_content_element  introtext\" >\n\t\t<div class=\"wpb_wrapper\">\n\t\t\t<h1>Qualified Inman Aligner treatment in Malm\u00f6<\/h1>\n<p><em>Not happy with your smile?\u00a0<\/em><em>Not interested in fixed braces?\u00a0<\/em><em>Do you want fast and reliable treatment? Then Inman Aligner or Invisalign is your best choice!\u00a0<\/em><\/p>\n<p><em>An excellent choice for crowded or protruding teeth. Fast, reliable and removable!<\/em><\/p>\n\n\t\t<\/div>\n\t<\/div>\n<\/div><\/div><\/div><\/div><div class=\"vc_row wpb_row vc_row-fluid\"><div class=\"wpb_column vc_column_container vc_col-sm-12\"><div class=\"vc_column-inner\"><div class=\"wpb_wrapper\">\n\t<div class=\"wpb_text_column wpb_content_element\" >\n\t\t<div class=\"wpb_wrapper\">\n\t\t\t<h2>Get straight teeth with the Inman Aligner<\/h2>\n\n\t\t<\/div>\n\t<\/div>\n<\/div><\/div><\/div><\/div><div class=\"vc_row wpb_row vc_row-fluid\"><div class=\"wpb_column vc_column_container vc_col-sm-6\"><div class=\"vc_column-inner\"><div class=\"wpb_wrapper\">\n\t<div class=\"wpb_text_column wpb_content_element\" >\n\t\t<div class=\"wpb_wrapper\">\n\t\t\t<p>The patented <strong>Inman Aligner<\/strong> the method involves a &#034;Stand alone&#034; treatment with a removable orthodontic frame. It is mainly used to straighten teeth, before <a href=\"http:\/\/tandcity.se\/en\/dental-jewelry\/\">cosmetic treatments<\/a> with e.g. aesthetic <a href=\"http:\/\/tandcity.se\/en\/tooth-filling-malmo\/\">dental fillings<\/a> or facades become necessary.<\/p>\n<p>By straightening the teeth, not only is a healthy and beautiful smile achieved. It also has a positive effect on tooth and gum health. Without orthodontics, the teeth move freely in the mouth. With orthodontics, it is much easier to keep teeth and gums in good shape.<\/p>\n\n\t\t<\/div>\n\t<\/div>\n<\/div><\/div><\/div><div class=\"wpb_column vc_column_container vc_col-sm-6\"><div class=\"vc_column-inner\"><div class=\"wpb_wrapper\">\n\t<div  class=\"wpb_single_image wpb_content_element vc_align_center  wpb_animate_when_almost_visible wpb_bottom-to-top bottom-to-top\">\n\t\t\n\t\t<figure class=\"wpb_wrapper vc_figure\">\n\t\t\t<div class=\"vc_single_image-wrapper   vc_box_border_grey\"><img loading=\"lazy\" decoding=\"async\" width=\"330\" height=\"280\" src=\"https:\/\/tandcity.se\/wp-content\/uploads\/2016\/10\/inman-aligner-behandling.png\" class=\"vc_single_image-img attachment-full\" alt=\"Inman Aligner treatment in Malm\u00f6 -TandCity\" title=\"Inman Aligner price\" srcset=\"https:\/\/tandcity.se\/wp-content\/uploads\/2016\/10\/inman-aligner-behandling.png 330w, https:\/\/tandcity.se\/wp-content\/uploads\/2016\/10\/inman-aligner-behandling-300x255.png 300w\" sizes=\"auto, (max-width: 330px) 100vw, 330px\" \/><\/div>\n\t\t<\/figure>\n\t<\/div>\n<\/div><\/div><\/div><\/div><div class=\"vc_row wpb_row vc_row-fluid\"><div class=\"wpb_column vc_column_container vc_col-sm-12\"><div class=\"vc_column-inner\"><div class=\"wpb_wrapper\">\n\t<div class=\"wpb_text_column wpb_content_element\" >\n\t\t<div class=\"wpb_wrapper\">\n\t\t\t<h2>How does the Inman Aligner work and how do I proceed?<\/h2>\n<p>With the Inman Aligner, two metal bands are used, which for two Aligner arches together, which gradually brings the teeth to the desired position. The treatment period is between 3-6 months, but can also be terminated earlier.<\/p>\n<p>You book an appointment for advice with our certified <a href=\"http:\/\/tandcity.se\/en\/tandl%C3%A4kare-malm%C3%B6\/\">dentist<\/a>. One of our certified dentists will assess whether a treatment is suitable in your case.<\/p>\n\n\t\t<\/div>\n\t<\/div>\n<\/div><\/div><\/div><\/div><div class=\"vc_row wpb_row vc_row-fluid\"><div class=\"wpb_column vc_column_container vc_col-sm-6\"><div class=\"vc_column-inner\"><div class=\"wpb_wrapper\">\n\t<div  class=\"wpb_single_image wpb_content_element vc_align_left\">\n\t\t\n\t\t<figure class=\"wpb_wrapper vc_figure\">\n\t\t\t<div class=\"vc_single_image-wrapper   vc_box_border_grey\"><img loading=\"lazy\" decoding=\"async\" width=\"500\" height=\"334\" src=\"https:\/\/tandcity.se\/wp-content\/uploads\/2016\/10\/inman-aligner.jpg\" class=\"vc_single_image-img attachment-full\" alt=\"Get a nicer smile with Inman Aligner treatment - TandCity\" title=\"inman-aligner\" srcset=\"https:\/\/tandcity.se\/wp-content\/uploads\/2016\/10\/inman-aligner.jpg 500w, https:\/\/tandcity.se\/wp-content\/uploads\/2016\/10\/inman-aligner-300x200.jpg 300w, https:\/\/tandcity.se\/wp-content\/uploads\/2016\/10\/inman-aligner-272x182.jpg 272w\" sizes=\"auto, (max-width: 500px) 100vw, 500px\" \/><\/div>\n\t\t<\/figure>\n\t<\/div>\n<\/div><\/div><\/div><div class=\"wpb_column vc_column_container vc_col-sm-6\"><div class=\"vc_column-inner\"><div class=\"wpb_wrapper\">\n\t<div class=\"wpb_text_column wpb_content_element\" >\n\t\t<div class=\"wpb_wrapper\">\n\t\t\t<p>You get a realistic assessment so that you understand what the treatment entails and approximately how long it will take. If you and the dentist decide together that the Inman Aligner might be a good option for you, impressions are taken of the lower and upper jaw, along with a bite impression that shows how it should look when you bite your teeth together. The impressions are sent to the dental technician who will manufacture your individual braces.<\/p>\n<p>Two weeks after the impressions have been taken, the adjustment of the Inman Aligner should be done. You must wear braces 16-20 hours per day. Every 4 weeks, a follow-up must be done with your dentist at TandCity in Malm\u00f6. When the treatment is finished, a retainer (tooth stabilizer) must be used to prevent the teeth from shifting again. A Retainer is a thin fixed metal wire, which is attached to the back of the front teeth.<\/p>\n<p>Are you ready for a new smile?<\/p>\n\n\t\t<\/div>\n\t<\/div>\n<\/div><\/div><\/div><\/div><div data-vc-full-width=\"true\" data-vc-full-width-init=\"false\" class=\"vc_row wpb_row vc_row-fluid fullwidth booking_section_responsive vc_custom_1529581576251 vc_row-has-fill vc_row-o-equal-height vc_row-flex\"><div class=\"wpb_column vc_column_container vc_col-sm-12\"><div class=\"vc_column-inner\"><div class=\"wpb_wrapper\">\n\t<div class=\"wpb_text_column wpb_content_element\" >\n\t\t<div class=\"wpb_wrapper\">\n\t\t\t<h2><span style=\"color: #ffffff;\">TandCity \u2013 emergency dental care in Malm\u00f6<\/span><\/h2>\n<p class=\"subtext_online\">Are you in need of an emergency time or do you want to have a time quickly for some other reason?<\/p>\n<p>&nbsp;<\/p>\n<h4><span style=\"color: #ffffff;\">Just calm down, we\u2019ll help you. We understand that some things can\u2019t wait and make sure you get a time as soon as possible. Contact us at phone number 040 23 66 00 or book your time online. Warm welcome!<\/span><\/h4>\n\n\t\t<\/div>\n\t<\/div>\n<div class=\"vc_btn3-container  tandcitygreen vc_btn3-inline vc_custom_1574088847024\" ><a class=\"vc_general vc_btn3 vc_btn3-size-lg vc_btn3-shape-rounded vc_btn3-style-modern vc_btn3-color-green\" href=\"https:\/\/4447.etand.se\/$\/\" title=\"Book online\" target=\"_blank\" onclick=\"ga(&#039;send&#039;, &#039;event&#039;, &#039;button&#039;, &#039;click&#039;, &#039;bottom-banner-sv&#039;);\">Book online<\/a><\/div><\/div><\/div><\/div><\/div><div class=\"vc_row-full-width vc_clearfix\"><\/div>\n<\/div>","protected":false},"excerpt":{"rendered":"Kvalificerad Inman Aligner-behandling i Malm\u00f6 \u00c4r du\u00a0inte n\u00f6jd med ditt\u00a0leende?\u00a0Inte intresserad av fast tandst\u00e4llning?\u00a0\u00d6nskar du\u00a0en snabb och tillf\u00f6rlitlig behandling? D\u00e5 <a href=\"https:\/\/tandcity.se\/en\/inman-aligner\/\" class=\"more-link\">...<span class=\"screen-reader-text\">  Inman Aligner<\/span><\/a>","protected":false},"author":24,"featured_media":0,"parent":0,"menu_order":0,"comment_status":"closed","ping_status":"closed","template":"","meta":{"footnotes":""},"class_list":["post-73","page","type-page","status-publish"],"yoast_head":"<!-- This site is optimized with the Yoast SEO plugin v25.5 - https:\/\/yoast.com\/wordpress\/plugins\/seo\/ -->\n<title>Inman Aligner - tandreglering Malm\u00f6 f\u00f6r raka t\u00e4nder | TandCity<\/title>\n<meta name=\"description\" content=\"F\u00e5 raka t\u00e4nder med Inman Aligner tandst\u00e4llning - ett utm\u00e4rkt val f\u00f6r tr\u00e5nga eller utst\u00e5ende t\u00e4nder. Bra pris. Boka r\u00e5dgivning idag hos TandCity i Malm\u00f6.\" \/>\n<meta name=\"robots\" content=\"index, follow, max-snippet:-1, max-image-preview:large, max-video-preview:-1\" \/>\n<link rel=\"canonical\" href=\"http:\/\/tandcity.se\/en\/inman-aligner-malmo\/\" \/>\n<meta name=\"twitter:label1\" content=\"Estimated reading time\" \/>\n\t<meta name=\"twitter:data1\" content=\"3 minutes\" \/>\n<!-- \/ Yoast SEO plugin. -->","yoast_head_json":{"title":"Inman Aligner - tandreglering Malm\u00f6 f\u00f6r raka t\u00e4nder | TandCity","description":"F\u00e5 raka t\u00e4nder med Inman Aligner tandst\u00e4llning - ett utm\u00e4rkt val f\u00f6r tr\u00e5nga eller utst\u00e5ende t\u00e4nder. Bra pris. Boka r\u00e5dgivning idag hos TandCity i Malm\u00f6.","robots":{"index":"index","follow":"follow","max-snippet":"max-snippet:-1","max-image-preview":"max-image-preview:large","max-video-preview":"max-video-preview:-1"},"canonical":"http:\/\/tandcity.se\/en\/inman-aligner-malmo\/","twitter_misc":{"Estimated reading time":"3 minutes"},"schema":{"@context":"https:\/\/schema.org","@graph":[{"@type":"WebPage","@id":"https:\/\/tandcity.se\/en\/inman-aligner\/","url":"http:\/\/tandcity.se\/sv\/inman-aligner-malmo\/","name":"Inman Aligner - tandreglering Malm\u00f6 f\u00f6r raka t\u00e4nder | TandCity","isPartOf":{"@id":"https:\/\/tandcity.se\/sv\/#website"},"datePublished":"2016-10-19T09:46:30+00:00","dateModified":"2023-10-17T13:43:12+00:00","description":"F\u00e5 raka t\u00e4nder med Inman Aligner tandst\u00e4llning - ett utm\u00e4rkt val f\u00f6r tr\u00e5nga eller utst\u00e5ende t\u00e4nder. Bra pris. Boka r\u00e5dgivning idag hos TandCity i Malm\u00f6.","breadcrumb":{"@id":"http:\/\/tandcity.se\/sv\/inman-aligner-malmo\/#breadcrumb"},"inLanguage":"en-GB","potentialAction":[{"@type":"ReadAction","target":["http:\/\/tandcity.se\/sv\/inman-aligner-malmo\/"]}]},{"@type":"BreadcrumbList","@id":"http:\/\/tandcity.se\/sv\/inman-aligner-malmo\/#breadcrumb","itemListElement":[{"@type":"ListItem","position":1,"name":"Hjem","item":"https:\/\/tandcity.se\/en\/"},{"@type":"ListItem","position":2,"name":"Inman Aligner"}]},{"@type":"WebSite","@id":"https:\/\/tandcity.se\/sv\/#website","url":"https:\/\/tandcity.se\/sv\/","name":"TandCity Malm\u00f6","description":"","potentialAction":[{"@type":"SearchAction","target":{"@type":"EntryPoint","urlTemplate":"https:\/\/tandcity.se\/sv\/?s={search_term_string}"},"query-input":{"@type":"PropertyValueSpecification","valueRequired":true,"valueName":"search_term_string"}}],"inLanguage":"en-GB"}]}},"_links":{"self":[{"href":"https:\/\/tandcity.se\/en\/wp-json\/wp\/v2\/pages\/73","targetHints":{"allow":["GET"]}}],"collection":[{"href":"https:\/\/tandcity.se\/en\/wp-json\/wp\/v2\/pages"}],"about":[{"href":"https:\/\/tandcity.se\/en\/wp-json\/wp\/v2\/types\/page"}],"author":[{"embeddable":true,"href":"https:\/\/tandcity.se\/en\/wp-json\/wp\/v2\/users\/24"}],"replies":[{"embeddable":true,"href":"https:\/\/tandcity.se\/en\/wp-json\/wp\/v2\/comments?post=73"}],"version-history":[{"count":2,"href":"https:\/\/tandcity.se\/en\/wp-json\/wp\/v2\/pages\/73\/revisions"}],"predecessor-version":[{"id":4121,"href":"https:\/\/tandcity.se\/en\/wp-json\/wp\/v2\/pages\/73\/revisions\/4121"}],"wp:attachment":[{"href":"https:\/\/tandcity.se\/en\/wp-json\/wp\/v2\/media?parent=73"}],"curies":[{"name":"wp","href":"https:\/\/api.w.org\/{rel}","templated":true}]}}