{"id":72,"date":"2016-10-19T11:46:00","date_gmt":"2016-10-19T09:46:00","guid":{"rendered":"https:\/\/tandcity2.wpengine.com\/?page_id=72"},"modified":"2024-08-19T16:49:35","modified_gmt":"2024-08-19T14:49:35","slug":"tandimplantat-malmo","status":"publish","type":"page","link":"https:\/\/tandcity.se\/en\/dental-implants-malmo\/","title":{"rendered":"Dental implants in Malm\u00f6"},"content":{"rendered":"<div class=\"wpb-content-wrapper\"><div data-vc-full-width=\"true\" data-vc-full-width-init=\"false\" data-vc-stretch-content=\"true\" class=\"vc_row wpb_row vc_row-fluid fullwidth coverimage vc_custom_1494505026474 vc_row-has-fill\"><div class=\"wpb_column vc_column_container vc_col-sm-12\"><div class=\"vc_column-inner\"><div class=\"wpb_wrapper\"><\/div><\/div><\/div><\/div><div class=\"vc_row-full-width vc_clearfix\"><\/div><div class=\"vc_row wpb_row vc_row-fluid\"><div class=\"wpb_column vc_column_container vc_col-sm-12\"><div class=\"vc_column-inner\"><div class=\"wpb_wrapper\">\n\t<div class=\"wpb_text_column wpb_content_element  introtext\" >\n\t\t<div class=\"wpb_wrapper\">\n\t\t\t<h1>Vi erbjuder tandimplantat i olika material<\/h1>\n<p><em>Tandimplantat \u2013 det nya s\u00e4ttet att ers\u00e4tta f\u00f6rlorade t\u00e4nder! Med tandimplantat har vi f\u00e5tt ett genombrott inom tandh\u00e4lsov\u00e5rden. Implantat \u00e4r l\u00f6sningen f\u00f6r dig\u00a0som har f\u00f6rlorat en, flera eller kanske alla dina t\u00e4nder. Ist\u00e4llet f\u00f6r att f\u00e4sta broar i friska t\u00e4nder eller anv\u00e4nda ofixerade tanders\u00e4ttningar, kan permanenta konstgjorda t\u00e4nder anv\u00e4ndas.<\/em><\/p>\n<div style=\"width: 272px;\" class=\"wp-video\"><!--[if lt IE 9]><script>document.createElement('video');<\/script><![endif]-->\n<video class=\"wp-video-shortcode\" id=\"video-72-1\" width=\"272\" height=\"480\" preload=\"metadata\" controls=\"controls\"><source type=\"video\/mp4\" src=\"https:\/\/tandcity.se\/wp-content\/uploads\/2016\/10\/Implantat-Malm\u00f6-TandCity.mp4?_=1\" \/><a href=\"https:\/\/tandcity.se\/wp-content\/uploads\/2016\/10\/Implantat-Malm\u00f6-TandCity.mp4\">https:\/\/tandcity.se\/wp-content\/uploads\/2016\/10\/Implantat-Malm\u00f6-TandCity.mp4<\/a><\/video><\/div>\n\n\t\t<\/div>\n\t<\/div>\n<\/div><\/div><\/div><\/div><div class=\"vc_row wpb_row vc_row-fluid\"><div class=\"wpb_column vc_column_container vc_col-sm-6\"><div class=\"vc_column-inner\"><div class=\"wpb_wrapper\">\n\t<div class=\"wpb_text_column wpb_content_element \" >\n\t\t<div class=\"wpb_wrapper\">\n\t\t\t<h2>Ers\u00e4tt en saknad tand med tandimplantat<\/h2>\n<p>Vid en implantatbehandling beh\u00f6vs bara lokalbed\u00f6vning. Ett tandimplantat f\u00e4sts med en skruv p\u00e5 \u00f6nskad plats i k\u00e4ken. Under en l\u00e4kningsperioden skall implantatet v\u00e4xa ihop med tandbenet. Tanders\u00e4ttningen (Bett\/Krona\/Bro) kan d\u00e4refter f\u00e4stas permanent med hj\u00e4lp av skruvar p\u00e5 implantatet.<\/p>\n<p>Tandimplantat \u00e4r idag en standardmetod inom tandh\u00e4lsov\u00e5rden, med betydande f\u00f6rdelar. \u00a0Tandimplantat k\u00e4nns naturliga, som riktiga t\u00e4nder och ser ocks\u00e5 naturliga ut. Dessutom p\u00e5verkas varken saliv eller tal.<\/p>\n\n\t\t<\/div>\n\t<\/div>\n<\/div><\/div><\/div><div class=\"wpb_column vc_column_container vc_col-sm-6\"><div class=\"vc_column-inner\"><div class=\"wpb_wrapper\">\n\t<div  class=\"wpb_single_image wpb_content_element vc_align_center  wpb_animate_when_almost_visible wpb_bottom-to-top bottom-to-top\">\n\t\t\n\t\t<figure class=\"wpb_wrapper vc_figure\">\n\t\t\t<div class=\"vc_single_image-wrapper   vc_box_border_grey\"><img loading=\"lazy\" decoding=\"async\" width=\"600\" height=\"450\" src=\"https:\/\/tandcity.se\/wp-content\/uploads\/2016\/10\/Professionelle-tandimplantat.jpg\" class=\"vc_single_image-img attachment-full\" alt=\"Best\u00e4ll tid f\u00f6r professionella tandimplantat i Malm\u00f6 - TandCity\" title=\"Tandcity er specialister til tandimplantater\" srcset=\"https:\/\/tandcity.se\/wp-content\/uploads\/2016\/10\/Professionelle-tandimplantat.jpg 600w, https:\/\/tandcity.se\/wp-content\/uploads\/2016\/10\/Professionelle-tandimplantat-300x225.jpg 300w\" sizes=\"auto, (max-width: 600px) 100vw, 600px\" \/><\/div>\n\t\t<\/figure>\n\t<\/div>\n<\/div><\/div><\/div><\/div><div class=\"vc_row wpb_row vc_row-fluid\"><div class=\"wpb_column vc_column_container vc_col-sm-12\"><div class=\"vc_column-inner\"><div class=\"wpb_wrapper\">\n\t<div class=\"wpb_text_column wpb_content_element \" >\n\t\t<div class=\"wpb_wrapper\">\n\t\t\t<p>\u00c5r 1965 fick den f\u00f6rsta patienten ett tandimplantat i titan. N\u00e4r denna patient dog \u00e5r 2006 kunde man konstatera att implantatet hade fungerat bra i mer \u00e4n 40 \u00e5r. Implantatoperationen hade utf\u00f6rts av Dr. Br\u00e5nemark som ocks\u00e5 hade uppt\u00e4ckt den biokompatibla egenskapen hos titan, den s k Osseo Integrationen. De f\u00f6ljande \u00e5ren d\u00e4refter skedde en omfattande och snabb utveckling av implantat som behandlingsmetod inom tandh\u00e4lsov\u00e5rd. Idag finns ett flertal implantat m\u00e4rken.<\/p>\n\n\t\t<\/div>\n\t<\/div>\n<\/div><\/div><\/div><\/div><div class=\"vc_row wpb_row vc_row-fluid\"><div class=\"wpb_column vc_column_container vc_col-sm-6\"><div class=\"vc_column-inner\"><div class=\"wpb_wrapper\">\n\t<div  class=\"wpb_single_image wpb_content_element vc_align_center  wpb_animate_when_almost_visible wpb_bottom-to-top bottom-to-top\">\n\t\t\n\t\t<figure class=\"wpb_wrapper vc_figure\">\n\t\t\t<div class=\"vc_single_image-wrapper   vc_box_border_grey\"><img loading=\"lazy\" decoding=\"async\" width=\"620\" height=\"620\" src=\"https:\/\/tandcity.se\/wp-content\/uploads\/2016\/10\/shutterstock_151587851-a.jpg\" class=\"vc_single_image-img attachment-full\" alt=\"Ers\u00e4tt en saknad tand med tandimplantat i Malm\u00f6 - TandCity\" title=\"shutterstock_151587851-a\" srcset=\"https:\/\/tandcity.se\/wp-content\/uploads\/2016\/10\/shutterstock_151587851-a.jpg 620w, https:\/\/tandcity.se\/wp-content\/uploads\/2016\/10\/shutterstock_151587851-a-150x150.jpg 150w, https:\/\/tandcity.se\/wp-content\/uploads\/2016\/10\/shutterstock_151587851-a-300x300.jpg 300w\" sizes=\"auto, (max-width: 620px) 100vw, 620px\" \/><\/div>\n\t\t<\/figure>\n\t<\/div>\n<\/div><\/div><\/div><div class=\"wpb_column vc_column_container vc_col-sm-6\"><div class=\"vc_column-inner\"><div class=\"wpb_wrapper\">\n\t<div class=\"wpb_text_column wpb_content_element \" >\n\t\t<div class=\"wpb_wrapper\">\n\t\t\t<h2>Anpassade implantat<\/h2>\n<p>P\u00e5 TandCity i Malm\u00f6 erbjuder vi tandimplantat i olika material, l\u00e4ngd, bredd och form. Vi tar h\u00e4nsyn till faktorer som implantat position och benmassa. Eftersom implantat fungerar olika, beroende p\u00e5 den individuella situationen, v\u00e4ljer vi det implantat som \u00e4r b\u00e4st f\u00f6r din speciella situation.<\/p>\n<p>Vi samarbetar med Implant Solutions i G\u00f6teborg och Thommen medical i Stockholm som f\u00f6rser oss med det senaste inom implantatutvecklingen. Vi anv\u00e4nder Anyridge fr\u00e5n Megagen och Thommen fr\u00e5n Schweiziska Thommen medical , som till\u00e5ter oss att arbeta minimal invasivt pga dess unika design och egenskaper.<\/p>\n<p>Vi kan ocks\u00e5 erbjuda behandlingar med andra implantat system, d\u00e5 vi\u00a0ocks\u00e5 f\u00f6rfogar \u00f6ver instrument f\u00f6r andra m\u00e4rken.<\/p>\n<p>P\u00e5 TandCity h\u00f6r implantat behandlingar till rutinen. H\u00e4r erbjuds\u00a0du en behandling i en stressfri och lugn milj\u00f6 av <a href=\"https:\/\/tandcity.se\/sv\/\">tandl\u00e4kare<\/a> med de senaste kunskaperna inom implantatforskningen.<\/p>\n<p>Har vi gjort dig nyfiken? <a href=\"http:\/\/tandcity.se\/sv\/kontakt\/\">Kontakta oss<\/a> f\u00f6r\u00a0information och\/eller boka tid online.<\/p>\n\n\t\t<\/div>\n\t<\/div>\n<\/div><\/div><\/div><\/div><div data-vc-full-width=\"true\" data-vc-full-width-init=\"false\" class=\"vc_row wpb_row vc_row-fluid fullwidth booking_section_responsive vc_custom_1529577322917 vc_row-has-fill vc_row-o-equal-height vc_row-flex\"><div class=\"wpb_column vc_column_container vc_col-sm-12\"><div class=\"vc_column-inner\"><div class=\"wpb_wrapper\">\n\t<div class=\"wpb_text_column wpb_content_element \" >\n\t\t<div class=\"wpb_wrapper\">\n\t\t\t<h2><span style=\"color: #ffffff;\">TandCity \u2013 akut tandv\u00e5rd i Malm\u00f6<\/span><\/h2>\n<p class=\"subtext_online\">\u00c4r du i behov av en <a href=\"https:\/\/tandcity.se\/sv\/akut-tandvard-malmo\/\">akuttandv\u00e5rd i Malm\u00f6<\/a> eller vill du av n\u00e5gon annan anledning f\u00e5 en tid snabbt?<\/p>\n<p>&nbsp;<\/p>\n<h4><span style=\"color: #ffffff;\">Bara lugn, vi hj\u00e4lper dig. Vi f\u00f6rst\u00e5r att vissa saker inte kan v\u00e4nta och ser till att du f\u00e5r en tid s\u00e5 fort som m\u00f6jligt. H\u00f6r av dig till oss p\u00e5 telefonnummer 040 23 66 00 eller boka din tid online. Varmt v\u00e4lkommen!<\/span><\/h4>\n\n\t\t<\/div>\n\t<\/div>\n<div class=\"vc_btn3-container  tandcitygreen vc_btn3-inline vc_custom_1585898964381\" ><a class=\"vc_general vc_btn3 vc_btn3-size-lg vc_btn3-shape-rounded vc_btn3-style-modern vc_btn3-color-green\" href=\"http:\/\/tandcity.se\/sv\/boka-tid-online\/\" title=\"Best\u00e4ll tid online\" target=\"_blank\" onclick=\"ga(&#039;send&#039;, &#039;event&#039;, &#039;button&#039;, &#039;click&#039;, &#039;bottom-banner-sv&#039;);\">Best\u00e4ll tid online<\/a><\/div><\/div><\/div><\/div><\/div><div class=\"vc_row-full-width vc_clearfix\"><\/div>\n<\/div>","protected":false},"excerpt":{"rendered":"Vi erbjuder tandimplantat i olika material Tandimplantat \u2013 det nya s\u00e4ttet att ers\u00e4tta f\u00f6rlorade t\u00e4nder! Med tandimplantat har vi f\u00e5tt <a href=\"https:\/\/tandcity.se\/en\/dental-implants-malmo\/\" class=\"more-link\">...<span class=\"screen-reader-text\">  Dental implants in Malm\u00f6<\/span><\/a>","protected":false},"author":24,"featured_media":0,"parent":0,"menu_order":0,"comment_status":"closed","ping_status":"closed","template":"","meta":{"footnotes":""},"class_list":["post-72","page","type-page","status-publish"],"yoast_head":"<!-- This site is optimized with the Yoast SEO plugin v25.5 - https:\/\/yoast.com\/wordpress\/plugins\/seo\/ -->\n<title>Tandimplantat Malm\u00f6 - implantat tand pris | TandCity<\/title>\n<meta name=\"description\" content=\"Ers\u00e4tt en saknad tand med tandimplantat i Malm\u00f6. TandCity erbjuder h\u00f6gkvalitativa l\u00f6sningar till bra priser. Boka tid idag &amp; f\u00e5 tillbaka ditt leende!\" \/>\n<meta name=\"robots\" content=\"index, follow, max-snippet:-1, max-image-preview:large, max-video-preview:-1\" \/>\n<link rel=\"canonical\" href=\"https:\/\/tandcity.se\/en\/dental-implants-malmo\/\" \/>\n<meta name=\"twitter:label1\" content=\"Estimated reading time\" \/>\n\t<meta name=\"twitter:data1\" content=\"3 minutes\" \/>\n<!-- \/ Yoast SEO plugin. -->","yoast_head_json":{"title":"Tandimplantat Malm\u00f6 - implantat tand pris | TandCity","description":"Ers\u00e4tt en saknad tand med tandimplantat i Malm\u00f6. TandCity erbjuder h\u00f6gkvalitativa l\u00f6sningar till bra priser. Boka tid idag & f\u00e5 tillbaka ditt leende!","robots":{"index":"index","follow":"follow","max-snippet":"max-snippet:-1","max-image-preview":"max-image-preview:large","max-video-preview":"max-video-preview:-1"},"canonical":"https:\/\/tandcity.se\/en\/dental-implants-malmo\/","twitter_misc":{"Estimated reading time":"3 minutes"},"schema":{"@context":"https:\/\/schema.org","@graph":[{"@type":"WebPage","@id":"https:\/\/tandcity.se\/sv\/tandimplantat-malmo\/","url":"https:\/\/tandcity.se\/sv\/tandimplantat-malmo\/","name":"Tandimplantat Malm\u00f6 - implantat tand pris | TandCity","isPartOf":{"@id":"https:\/\/tandcity.se\/sv\/#website"},"datePublished":"2016-10-19T09:46:00+00:00","dateModified":"2024-08-19T14:49:35+00:00","description":"Ers\u00e4tt en saknad tand med tandimplantat i Malm\u00f6. TandCity erbjuder h\u00f6gkvalitativa l\u00f6sningar till bra priser. Boka tid idag & f\u00e5 tillbaka ditt leende!","breadcrumb":{"@id":"https:\/\/tandcity.se\/sv\/tandimplantat-malmo\/#breadcrumb"},"inLanguage":"en-GB","potentialAction":[{"@type":"ReadAction","target":["https:\/\/tandcity.se\/sv\/tandimplantat-malmo\/"]}]},{"@type":"BreadcrumbList","@id":"https:\/\/tandcity.se\/sv\/tandimplantat-malmo\/#breadcrumb","itemListElement":[{"@type":"ListItem","position":1,"name":"Hjem","item":"https:\/\/tandcity.se\/en\/"},{"@type":"ListItem","position":2,"name":"Tandimplantat i Malm\u00f6"}]},{"@type":"WebSite","@id":"https:\/\/tandcity.se\/sv\/#website","url":"https:\/\/tandcity.se\/sv\/","name":"TandCity Malm\u00f6","description":"","potentialAction":[{"@type":"SearchAction","target":{"@type":"EntryPoint","urlTemplate":"https:\/\/tandcity.se\/sv\/?s={search_term_string}"},"query-input":{"@type":"PropertyValueSpecification","valueRequired":true,"valueName":"search_term_string"}}],"inLanguage":"en-GB"}]}},"_links":{"self":[{"href":"https:\/\/tandcity.se\/en\/wp-json\/wp\/v2\/pages\/72","targetHints":{"allow":["GET"]}}],"collection":[{"href":"https:\/\/tandcity.se\/en\/wp-json\/wp\/v2\/pages"}],"about":[{"href":"https:\/\/tandcity.se\/en\/wp-json\/wp\/v2\/types\/page"}],"author":[{"embeddable":true,"href":"https:\/\/tandcity.se\/en\/wp-json\/wp\/v2\/users\/24"}],"replies":[{"embeddable":true,"href":"https:\/\/tandcity.se\/en\/wp-json\/wp\/v2\/comments?post=72"}],"version-history":[{"count":10,"href":"https:\/\/tandcity.se\/en\/wp-json\/wp\/v2\/pages\/72\/revisions"}],"predecessor-version":[{"id":4346,"href":"https:\/\/tandcity.se\/en\/wp-json\/wp\/v2\/pages\/72\/revisions\/4346"}],"wp:attachment":[{"href":"https:\/\/tandcity.se\/en\/wp-json\/wp\/v2\/media?parent=72"}],"curies":[{"name":"wp","href":"https:\/\/api.w.org\/{rel}","templated":true}]}}