{"id":71,"date":"2016-10-19T11:45:24","date_gmt":"2016-10-19T09:45:24","guid":{"rendered":"https:\/\/tandcity2.wpengine.com\/?page_id=71"},"modified":"2025-01-29T14:41:18","modified_gmt":"2025-01-29T13:41:18","slug":"tandkottsinflammation-behandling","status":"publish","type":"page","link":"https:\/\/tandcity.se\/en\/gingivitis-periodontitis\/","title":{"rendered":"Tandk\u00f6ttsinflammation"},"content":{"rendered":"<div class=\"wpb-content-wrapper\"><div data-vc-full-width=\"true\" data-vc-full-width-init=\"false\" data-vc-stretch-content=\"true\" class=\"vc_row wpb_row vc_row-fluid fullwidth coverimage vc_custom_1494504984509 vc_row-has-fill\"><div class=\"wpb_column vc_column_container vc_col-sm-12\"><div class=\"vc_column-inner\"><div class=\"wpb_wrapper\"><\/div><\/div><\/div><\/div><div class=\"vc_row-full-width vc_clearfix\"><\/div><div class=\"vc_row wpb_row vc_row-fluid\"><div class=\"wpb_column vc_column_container vc_col-sm-12\"><div class=\"vc_column-inner\"><div class=\"wpb_wrapper\">\n\t<div class=\"wpb_text_column wpb_content_element  introtext\" >\n\t\t<div class=\"wpb_wrapper\">\n\t\t\t<h1>We have extensive experience in treating gingivitis and tooth loss<\/h1>\n<p><em>Brushing the teeth with toothpaste and cleaning between the teeth with dental floss at least twice a day is part of good oral hygiene. Unfortunately, these measures are not always enough or the cleaning is insufficient. This increases the risk of suffering from gingivitis.<\/em><\/p>\n\n\t\t<\/div>\n\t<\/div>\n<\/div><\/div><\/div><\/div><div class=\"vc_row wpb_row vc_row-fluid\"><div class=\"wpb_column vc_column_container vc_col-sm-6\"><div class=\"vc_column-inner\"><div class=\"wpb_wrapper\">\n\t<div class=\"wpb_text_column wpb_content_element\" >\n\t\t<div class=\"wpb_wrapper\">\n\t\t\t<h2>Causes and prevention of gingivitis<\/h2>\n<p>At TandCity in Malm\u00f6, you can get a thorough and professional cleaning according to your individual needs. For some, there is a greater risk of suffering from oral diseases, eg for diabetics and smokers.<\/p>\n<p>Therefore, we are careful to give each patient a completely individually adapted treatment for gingivitis or other problem areas. Sometimes many treatments may be needed. When required or the patient particularly wishes, we carry out treatments with general anaesthesia.<\/p>\n<p><strong>A regular professional dental hygienist treatment consists of:<\/strong><\/p>\n<ul>\n<li>A clinical check and information, including a short gingivitis check.<\/li>\n<li>Aesthetic cleaning<\/li>\n<li>Deep cleaning if necessary<\/li>\n<li>Polishing<\/li>\n<li><a href=\"http:\/\/tandcity.se\/en\/gingivitis-periodontitis\/\">Oral hygiene<\/a>\u00a0- Instructions and advice for proper dental care<\/li>\n<li>Recommendation of special products, if this is required<\/li>\n<\/ul>\n\n\t\t<\/div>\n\t<\/div>\n<\/div><\/div><\/div><div class=\"wpb_column vc_column_container vc_col-sm-6\"><div class=\"vc_column-inner\"><div class=\"wpb_wrapper\">\n\t<div  class=\"wpb_single_image wpb_content_element vc_align_center  wpb_animate_when_almost_visible wpb_bottom-to-top bottom-to-top\">\n\t\t\n\t\t<figure class=\"wpb_wrapper vc_figure\">\n\t\t\t<div class=\"vc_single_image-wrapper   vc_box_border_grey\"><img loading=\"lazy\" decoding=\"async\" width=\"648\" height=\"571\" src=\"https:\/\/tandcity.se\/wp-content\/uploads\/2016\/10\/tandkottsinflammation.jpg\" class=\"vc_single_image-img attachment-full\" alt=\"Method for treating gingivitis step by step\" title=\"tandkottsinflammation\" srcset=\"https:\/\/tandcity.se\/wp-content\/uploads\/2016\/10\/tandkottsinflammation.jpg 648w, https:\/\/tandcity.se\/wp-content\/uploads\/2016\/10\/tandkottsinflammation-300x264.jpg 300w\" sizes=\"auto, (max-width: 648px) 100vw, 648px\" \/><\/div>\n\t\t<\/figure>\n\t<\/div>\n<\/div><\/div><\/div><\/div><div class=\"vc_row wpb_row vc_row-fluid\"><div class=\"wpb_column vc_column_container vc_col-sm-12\"><div class=\"vc_column-inner\"><div class=\"wpb_wrapper\">\n\t<div class=\"wpb_text_column wpb_content_element\" >\n\t\t<div class=\"wpb_wrapper\">\n\t\t\t<h2>What exactly is Periodontitis?<\/h2>\n<p>The first phase of Periodontitis is often called Gingivitis, which is a gum inflammation caused by bacteria in the gum line. A characteristic of the inflammation is that the gums bleed when you brush your teeth or floss.<\/p>\n<p>If the inflammation spreads deeper into the tissues, the tooth bone can also be attacked and give rise to tooth loss. If treatment is not instituted, the teeth may be lost completely. Gingivitis mostly occurs due to poor oral hygiene, but it can also be caused by other factors such as smoking, heredity, special bacteria and diabetes.<\/p>\n<p>If you want to prevent or prevent the risk of periodontitis, you should take care of your oral hygiene with daily dental care, regular dental hygiene visits and preferably stop smoking. Treatment of gingivitis rarely involves antibiotics.<\/p>\n<p>With a <a href=\"http:\/\/tandcity.se\/en\/dental-hygiene-malmo\/\">professional teeth cleaning<\/a>\u00a0you save both time and money and also get a beautiful smile.<\/p>\n\n\t\t<\/div>\n\t<\/div>\n<\/div><\/div><\/div><\/div><div class=\"vc_row wpb_row vc_row-fluid\"><div class=\"wpb_column vc_column_container vc_col-sm-12\"><div class=\"vc_column-inner\"><div class=\"wpb_wrapper\">\n\t<div class=\"wpb_text_column wpb_content_element\" >\n\t\t<div class=\"wpb_wrapper\">\n\t\t\t<table class=\"table-style1\">\n<tbody>\n<tr>\n<th>Inflamed gums\/Periodontitis<\/th>\n<th>Award<\/th>\n<\/tr>\n<tr>\n<td>Treatment of periodontal disease (periodontitis) or peri-implantitis, minor extent<\/td>\n<td>640<\/td>\n<\/tr>\n<tr>\n<td>Treatment of periodontal disease (periodontitis) or peri-implantitis, greater extent<\/td>\n<td>1245<\/td>\n<\/tr>\n<tr>\n<td>Treatment of periodontal disease (periodontitis) or peri-implantitis, especially time-consuming treatment<\/td>\n<td>1875<\/td>\n<\/tr>\n<\/tbody>\n<\/table>\n\n\t\t<\/div>\n\t<\/div>\n<\/div><\/div><\/div><\/div><div data-vc-full-width=\"true\" data-vc-full-width-init=\"false\" class=\"vc_row wpb_row vc_row-fluid fullwidth booking_section_responsive vc_custom_1529581403422 vc_row-has-fill vc_row-o-equal-height vc_row-flex\"><div class=\"wpb_column vc_column_container vc_col-sm-12\"><div class=\"vc_column-inner\"><div class=\"wpb_wrapper\">\n\t<div class=\"wpb_text_column wpb_content_element\" >\n\t\t<div class=\"wpb_wrapper\">\n\t\t\t<h2><span style=\"color: #ffffff;\">TandCity \u2013 emergency dental care in Malm\u00f6<\/span><\/h2>\n<p class=\"subtext_online\">Are you in need of an emergency time or do you want to have a time quickly for some other reason?<\/p>\n<p>&nbsp;<\/p>\n<h4><span style=\"color: #ffffff;\">Just calm down, we\u2019ll help you. We understand that some things can\u2019t wait and make sure you get a time as soon as possible. Contact us at phone number 040 23 66 00 or book your time online. Warm welcome!<\/span><\/h4>\n\n\t\t<\/div>\n\t<\/div>\n<div class=\"vc_btn3-container  tandcitygreen vc_btn3-inline vc_custom_1585900721748\" ><a class=\"vc_general vc_btn3 vc_btn3-size-lg vc_btn3-shape-rounded vc_btn3-style-modern vc_btn3-color-green\" href=\"http:\/\/tandcity.se\/en\/boka-tid-online\/\" title=\"Book online\" target=\"_blank\" onclick=\"ga(&#039;send&#039;, &#039;event&#039;, &#039;button&#039;, &#039;click&#039;, &#039;bottom-banner-sv&#039;);\">Book online<\/a><\/div><\/div><\/div><\/div><\/div><div class=\"vc_row-full-width vc_clearfix\"><\/div>\n<\/div>","protected":false},"excerpt":{"rendered":"Vi har l\u00e5ng erfarenhet av att behandla tandk\u00f6ttsinflammation och tandlossning Att borsta t\u00e4nderna med tandkr\u00e4m och att reng\u00f6ra mellan t\u00e4nderna <a href=\"https:\/\/tandcity.se\/en\/gingivitis-periodontitis\/\" class=\"more-link\">...<span class=\"screen-reader-text\">  Tandk\u00f6ttsinflammation<\/span><\/a>","protected":false},"author":24,"featured_media":0,"parent":0,"menu_order":0,"comment_status":"closed","ping_status":"closed","template":"","meta":{"footnotes":""},"class_list":["post-71","page","type-page","status-publish"],"yoast_head":"<!-- This site is optimized with the Yoast SEO plugin v25.5 - https:\/\/yoast.com\/wordpress\/plugins\/seo\/ -->\n<title>Ginginvis tandk\u00f6ttsinflammation - Behandling - TandCity<\/title>\n<meta name=\"description\" content=\"F\u00e5 professionell behandling av gingivit, tandk\u00f6ttsinflammation - inflammation i mjukv\u00e4vnaden runt t\u00e4nderna. Best\u00e4ll tid eller kontakta oss idag!\" \/>\n<meta name=\"robots\" content=\"index, follow, max-snippet:-1, max-image-preview:large, max-video-preview:-1\" \/>\n<link rel=\"canonical\" href=\"https:\/\/tandcity.se\/en\/gingivitis-periodontitis\/\" \/>\n<meta name=\"twitter:label1\" content=\"Estimated reading time\" \/>\n\t<meta name=\"twitter:data1\" content=\"3 minutes\" \/>\n<!-- \/ Yoast SEO plugin. -->","yoast_head_json":{"title":"Ginginvis tandk\u00f6ttsinflammation - Behandling - TandCity","description":"F\u00e5 professionell behandling av gingivit, tandk\u00f6ttsinflammation - inflammation i mjukv\u00e4vnaden runt t\u00e4nderna. Best\u00e4ll tid eller kontakta oss idag!","robots":{"index":"index","follow":"follow","max-snippet":"max-snippet:-1","max-image-preview":"max-image-preview:large","max-video-preview":"max-video-preview:-1"},"canonical":"https:\/\/tandcity.se\/en\/gingivitis-periodontitis\/","twitter_misc":{"Estimated reading time":"3 minutes"},"schema":{"@context":"https:\/\/schema.org","@graph":[{"@type":"WebPage","@id":"https:\/\/tandcity.se\/sv\/tandkottsinflammation-behandling\/","url":"https:\/\/tandcity.se\/sv\/tandkottsinflammation-behandling\/","name":"Ginginvis tandk\u00f6ttsinflammation - Behandling - TandCity","isPartOf":{"@id":"https:\/\/tandcity.se\/sv\/#website"},"datePublished":"2016-10-19T09:45:24+00:00","dateModified":"2025-01-29T13:41:18+00:00","description":"F\u00e5 professionell behandling av gingivit, tandk\u00f6ttsinflammation - inflammation i mjukv\u00e4vnaden runt t\u00e4nderna. Best\u00e4ll tid eller kontakta oss idag!","breadcrumb":{"@id":"https:\/\/tandcity.se\/sv\/tandkottsinflammation-behandling\/#breadcrumb"},"inLanguage":"en-GB","potentialAction":[{"@type":"ReadAction","target":["https:\/\/tandcity.se\/sv\/tandkottsinflammation-behandling\/"]}]},{"@type":"BreadcrumbList","@id":"https:\/\/tandcity.se\/sv\/tandkottsinflammation-behandling\/#breadcrumb","itemListElement":[{"@type":"ListItem","position":1,"name":"Hjem","item":"https:\/\/tandcity.se\/en\/"},{"@type":"ListItem","position":2,"name":"Tandk\u00f6ttsinflammation"}]},{"@type":"WebSite","@id":"https:\/\/tandcity.se\/sv\/#website","url":"https:\/\/tandcity.se\/sv\/","name":"TandCity Malm\u00f6","description":"","potentialAction":[{"@type":"SearchAction","target":{"@type":"EntryPoint","urlTemplate":"https:\/\/tandcity.se\/sv\/?s={search_term_string}"},"query-input":{"@type":"PropertyValueSpecification","valueRequired":true,"valueName":"search_term_string"}}],"inLanguage":"en-GB"}]}},"_links":{"self":[{"href":"https:\/\/tandcity.se\/en\/wp-json\/wp\/v2\/pages\/71","targetHints":{"allow":["GET"]}}],"collection":[{"href":"https:\/\/tandcity.se\/en\/wp-json\/wp\/v2\/pages"}],"about":[{"href":"https:\/\/tandcity.se\/en\/wp-json\/wp\/v2\/types\/page"}],"author":[{"embeddable":true,"href":"https:\/\/tandcity.se\/en\/wp-json\/wp\/v2\/users\/24"}],"replies":[{"embeddable":true,"href":"https:\/\/tandcity.se\/en\/wp-json\/wp\/v2\/comments?post=71"}],"version-history":[{"count":9,"href":"https:\/\/tandcity.se\/en\/wp-json\/wp\/v2\/pages\/71\/revisions"}],"predecessor-version":[{"id":4431,"href":"https:\/\/tandcity.se\/en\/wp-json\/wp\/v2\/pages\/71\/revisions\/4431"}],"wp:attachment":[{"href":"https:\/\/tandcity.se\/en\/wp-json\/wp\/v2\/media?parent=71"}],"curies":[{"name":"wp","href":"https:\/\/api.w.org\/{rel}","templated":true}]}}