{"id":68,"date":"2016-10-19T11:42:45","date_gmt":"2016-10-19T09:42:45","guid":{"rendered":"https:\/\/tandcity2.wpengine.com\/?page_id=68"},"modified":"2025-01-29T14:38:19","modified_gmt":"2025-01-29T13:38:19","slug":"keramiska-tandkronor","status":"publish","type":"page","link":"https:\/\/tandcity.se\/en\/dental-crown\/","title":{"rendered":"keramiska tandkronor"},"content":{"rendered":"<div class=\"wpb-content-wrapper\"><div data-vc-full-width=\"true\" data-vc-full-width-init=\"false\" data-vc-stretch-content=\"true\" class=\"vc_row wpb_row vc_row-fluid fullwidth coverimage vc_custom_1494504868488 vc_row-has-fill\"><div class=\"wpb_column vc_column_container vc_col-sm-12\"><div class=\"vc_column-inner\"><div class=\"wpb_wrapper\"><\/div><\/div><\/div><\/div><div class=\"vc_row-full-width vc_clearfix\"><\/div><div class=\"vc_row wpb_row vc_row-fluid\"><div class=\"wpb_column vc_column_container vc_col-sm-12\"><div class=\"vc_column-inner\"><div class=\"wpb_wrapper\">\n\t<div class=\"wpb_text_column wpb_content_element  introtext\" >\n\t\t<div class=\"wpb_wrapper\">\n\t\t\t<h1>Broken dental crown? Get help from our talented dentists in Malm\u00f6 with ceramic dental crowns<\/h1>\n<p><em>All-ceramic dental crowns and dental bridges work like real teeth. Sometimes a dental crown may have been destroyed, weakened or discolored due to caries, fractures or larger old fillings. To extend the life of the tooth or improve its appearance, we recommend that the tooth be fitted with an all-ceramic crown.<\/em><\/p>\n\n\t\t<\/div>\n\t<\/div>\n<\/div><\/div><\/div><\/div><div class=\"vc_row wpb_row vc_row-fluid\"><div class=\"wpb_column vc_column_container vc_col-sm-6\"><div class=\"vc_column-inner\"><div class=\"wpb_wrapper\">\n\t<div class=\"wpb_text_column wpb_content_element\" >\n\t\t<div class=\"wpb_wrapper\">\n\t\t\t<h2>We only use approved materials for our dental crowns<\/h2>\n\n\t\t<\/div>\n\t<\/div>\n\n\t<div class=\"wpb_text_column wpb_content_element\" >\n\t\t<div class=\"wpb_wrapper\">\n\t\t\t<p>An artificial dental crown is a permanent covering of the entire old crown, including edges and possible damage. The edge of the crown will be under the gums and the artificial crown will be carefully attached with a type of dental cement.<\/p>\n<p>By using all-ceramic dental crowns, optimal aesthetics are obtained where the gums look their best. In the past, metal crowns with ceramic inlays were used. On these, a metallic line was often seen at the gums or could appear when the gums receded. With all-ceramic crowns, the tooth looks completely healthy. Therefore, we prefer as a professional <a href=\"http:\/\/tandcity.se\/en\/emergency-dentist-malmo\/\">emergency dentist in Malm\u00f6<\/a> this type of crowns.<\/p>\n\n\t\t<\/div>\n\t<\/div>\n<\/div><\/div><\/div><div class=\"wpb_column vc_column_container vc_col-sm-6\"><div class=\"vc_column-inner\"><div class=\"wpb_wrapper\">\n\t<div  class=\"wpb_single_image wpb_content_element vc_align_center  wpb_animate_when_almost_visible wpb_bottom-to-top bottom-to-top\">\n\t\t\n\t\t<figure class=\"wpb_wrapper vc_figure\">\n\t\t\t<div class=\"vc_single_image-wrapper   vc_box_border_grey\"><img loading=\"lazy\" decoding=\"async\" width=\"500\" height=\"400\" src=\"https:\/\/tandcity.se\/wp-content\/uploads\/2016\/10\/tandkrona.jpg\" class=\"vc_single_image-img attachment-full\" alt=\"Get help with ceramic dental crowns in Malm\u00f6 -TandCity\" title=\"dental crown\" srcset=\"https:\/\/tandcity.se\/wp-content\/uploads\/2016\/10\/tandkrona.jpg 500w, https:\/\/tandcity.se\/wp-content\/uploads\/2016\/10\/tandkrona-300x240.jpg 300w\" sizes=\"auto, (max-width: 500px) 100vw, 500px\" \/><\/div>\n\t\t<\/figure>\n\t<\/div>\n<\/div><\/div><\/div><\/div><div class=\"vc_row wpb_row vc_row-fluid\"><div class=\"wpb_column vc_column_container vc_col-sm-12\"><div class=\"vc_column-inner\"><div class=\"wpb_wrapper\">\n\t<div class=\"wpb_text_column wpb_content_element\" >\n\t\t<div class=\"wpb_wrapper\">\n\t\t\t<h2>Dental crown without the risk of &#034;chip-off&#034; damage<\/h2>\n<p>All of our all-ceramic products have been manufactured in one piece of ceramic. This is important to know because there are methods where products with a hard ceramic core and a softer ceramic coating are used. With these products, damage such as &#034;chip-off&#034; can occur that is difficult to repair without completely replacing the crown with a new one. At TandCity we do not use these methods. We use Bruxir for molars and Empress for front teeth. Both products are manufactured in one piece, with no risk of &#034;chip-off&#034; damage.<\/p>\n\n\t\t<\/div>\n\t<\/div>\n<\/div><\/div><\/div><\/div><div class=\"vc_row wpb_row vc_row-fluid\"><div class=\"wpb_column vc_column_container vc_col-sm-6\"><div class=\"vc_column-inner\"><div class=\"wpb_wrapper\">\n\t<div  class=\"wpb_single_image wpb_content_element vc_align_center  wpb_animate_when_almost_visible wpb_bottom-to-top bottom-to-top\">\n\t\t\n\t\t<figure class=\"wpb_wrapper vc_figure\">\n\t\t\t<div class=\"vc_single_image-wrapper   vc_box_border_grey\"><img loading=\"lazy\" decoding=\"async\" width=\"500\" height=\"400\" src=\"https:\/\/tandcity.se\/wp-content\/uploads\/2016\/10\/keramisk-tandkrona.jpg\" class=\"vc_single_image-img attachment-full\" alt=\"Professional dentist in Malm\u00f6 for ceramic dental crowns - TandCity\" title=\"keramisk tandkrona\" srcset=\"https:\/\/tandcity.se\/wp-content\/uploads\/2016\/10\/keramisk-tandkrona.jpg 500w, https:\/\/tandcity.se\/wp-content\/uploads\/2016\/10\/keramisk-tandkrona-300x240.jpg 300w\" sizes=\"auto, (max-width: 500px) 100vw, 500px\" \/><\/div>\n\t\t<\/figure>\n\t<\/div>\n<\/div><\/div><\/div><div class=\"wpb_column vc_column_container vc_col-sm-6\"><div class=\"vc_column-inner\"><div class=\"wpb_wrapper\">\n\t<div class=\"wpb_text_column wpb_content_element\" >\n\t\t<div class=\"wpb_wrapper\">\n\t\t\t<p>If you have lost one or more teeth and implants do not feel like a good option, we can offer a solution using<strong>\u00a0<\/strong>dental bridges. We then replace the missing teeth with crowns placed on a bridge. The new crowns are attached to the healthy teeth next to the space for the missing teeth. In this way, a strong bridge structure is created.<\/p>\n<p>Time to <a href=\"http:\/\/tandcity.se\/en\/\">book an appointment for dental care in Malm\u00f6<\/a>? We at TandCity offer personal service and also use all-ceramic dental crowns and dental bridges for\u00a0<a href=\"http:\/\/tandcity.se\/en\/dental-implants-malmo\/\" target=\"_blank\" rel=\"noopener noreferrer\">dental implants<\/a>. These are permanently attached with screws to the implants. Feel free to contact us for more information about the price for dental crowns or other treatments.<\/p>\n\n\t\t<\/div>\n\t<\/div>\n<\/div><\/div><\/div><\/div><div class=\"vc_row wpb_row vc_row-fluid\"><div class=\"wpb_column vc_column_container vc_col-sm-12\"><div class=\"vc_column-inner\"><div class=\"wpb_wrapper\">\n\t<div class=\"wpb_text_column wpb_content_element\" >\n\t\t<div class=\"wpb_wrapper\">\n\t\t\t<table class=\"table-style1\">\n<tbody>\n<tr>\n<th>Prosthetics \/ Crown \/ Bridge<\/th>\n<th>Award<\/th>\n<\/tr>\n<tr>\n<td>Permanent tooth-supported crown, all-ceramic, one per jaw<\/td>\n<td>6760<\/td>\n<\/tr>\n<tr>\n<td>Permanent tooth-supported crown, all-ceramic, several in the same jaw<\/td>\n<td>5290<\/td>\n<\/tr>\n<tr>\n<td>Hanging joints in tooth-supported prosthetics, all-ceramic, per joint<\/td>\n<td>2675<\/td>\n<\/tr>\n<tr>\n<td>Partial denture for temporary use, one to three teeth<\/td>\n<td>4590<\/td>\n<\/tr>\n<tr>\n<td>Partial denture for temporary use, four or more teeth<\/td>\n<td>6360<\/td>\n<\/tr>\n<tr>\n<td>Partial prosthesis with cast skeleton, anchored with staples<\/td>\n<td>12470<\/td>\n<\/tr>\n<tr>\n<td>Complicated partial denture supported by socket crown, inner crown or attachments<\/td>\n<td>14225<\/td>\n<\/tr>\n<tr>\n<td>Full mandibular prosthesis<\/td>\n<td>11295<\/td>\n<\/tr>\n<tr>\n<td>Complete upper jaw prosthesis<\/td>\n<td>11295<\/td>\n<\/tr>\n<tr>\n<td>Immediate prosthesis, full jaw<\/td>\n<td>8660<\/td>\n<\/tr>\n<tr>\n<td>Adjustment of removable prosthesis<\/td>\n<td>475<\/td>\n<\/tr>\n<tr>\n<td>Repair of prosthesis or addition of protestand<\/td>\n<td>1655<\/td>\n<\/tr>\n<tr>\n<td>Rebasing of prosthesis<\/td>\n<td>3075<\/td>\n<\/tr>\n<tr>\n<td>Repair of prosthesis where impression is required<\/td>\n<td>2481<\/td>\n<\/tr>\n<tr>\n<td>Complicated repair of prosthesis<\/td>\n<td>4532<\/td>\n<\/tr>\n<\/tbody>\n<\/table>\n\n\t\t<\/div>\n\t<\/div>\n<\/div><\/div><\/div><\/div><div data-vc-full-width=\"true\" data-vc-full-width-init=\"false\" class=\"vc_row wpb_row vc_row-fluid fullwidth booking_section_responsive vc_custom_1529577181811 vc_row-has-fill vc_row-o-equal-height vc_row-flex\"><div class=\"wpb_column vc_column_container vc_col-sm-12\"><div class=\"vc_column-inner\"><div class=\"wpb_wrapper\">\n\t<div class=\"wpb_text_column wpb_content_element\" >\n\t\t<div class=\"wpb_wrapper\">\n\t\t\t<h3><span style=\"color: #ffffff;\">TandCity \u2013 emergency dental care in Malm\u00f6<\/span><\/h3>\n<p>&nbsp;<\/p>\n<p><span style=\"color: #ffffff;\">Are you in need of an emergency time or do you want to have a time quickly for some other reason?<br \/>\nJust calm down, we\u2019ll help you. We understand that some things can\u2019t wait and make sure you get a time as soon as possible. Contact us at phone number 040 23 66 00 or book your time online. Warm welcome!<\/span><\/p>\n\n\t\t<\/div>\n\t<\/div>\n<div class=\"vc_btn3-container  tandcitygreen vc_btn3-inline vc_custom_1585898378547\" ><a class=\"vc_general vc_btn3 vc_btn3-size-lg vc_btn3-shape-rounded vc_btn3-style-modern vc_btn3-color-green\" href=\"http:\/\/tandcity.se\/en\/boka-tid-online\/\" title=\"Book online\" target=\"_blank\" onclick=\"ga(&#039;send&#039;, &#039;event&#039;, &#039;button&#039;, &#039;click&#039;, &#039;bottom-banner-sv&#039;);\">Book online<\/a><\/div><\/div><\/div><\/div><\/div><div class=\"vc_row-full-width vc_clearfix\"><\/div>\n<\/div>","protected":false},"excerpt":{"rendered":"Trasig tandkrona? F\u00e5 hj\u00e4lp av v\u00e5ra duktiga tandl\u00e4kare i Malm\u00f6 med keramiska tandkronor Helkeramiska tandkronor och tandbroar fungerar som riktiga <a href=\"https:\/\/tandcity.se\/en\/dental-crown\/\" class=\"more-link\">...<span class=\"screen-reader-text\">  keramiska tandkronor<\/span><\/a>","protected":false},"author":24,"featured_media":0,"parent":0,"menu_order":0,"comment_status":"closed","ping_status":"closed","template":"","meta":{"footnotes":""},"class_list":["post-68","page","type-page","status-publish"],"yoast_head":"<!-- This site is optimized with the Yoast SEO plugin v25.5 - https:\/\/yoast.com\/wordpress\/plugins\/seo\/ -->\n<title>Keramiska kronor och broar- anlita professionella tandl\u00e4kare<\/title>\n<meta name=\"description\" content=\"F\u00e5 hj\u00e4lp med att fylla en tand med en tandkrona eller tandbrygga av v\u00e5ra duktiga tandl\u00e4kare i Malm\u00f6. Vi har \u00f6ppet alla dagar. Boka tid hos oss idag.\" \/>\n<meta name=\"robots\" content=\"index, follow, max-snippet:-1, max-image-preview:large, max-video-preview:-1\" \/>\n<link rel=\"canonical\" href=\"https:\/\/tandcity.se\/en\/dental-crown\/\" \/>\n<meta name=\"twitter:label1\" content=\"Estimated reading time\" \/>\n\t<meta name=\"twitter:data1\" content=\"3 minutes\" \/>\n<!-- \/ Yoast SEO plugin. -->","yoast_head_json":{"title":"Ceramic crowns and bridges - hire professional dentists","description":"F\u00e5 hj\u00e4lp med att fylla en tand med en tandkrona eller tandbrygga av v\u00e5ra duktiga tandl\u00e4kare i Malm\u00f6. Vi har \u00f6ppet alla dagar. Boka tid hos oss idag.","robots":{"index":"index","follow":"follow","max-snippet":"max-snippet:-1","max-image-preview":"max-image-preview:large","max-video-preview":"max-video-preview:-1"},"canonical":"https:\/\/tandcity.se\/en\/dental-crown\/","twitter_misc":{"Estimated reading time":"3 minutes"},"schema":{"@context":"https:\/\/schema.org","@graph":[{"@type":"WebPage","@id":"https:\/\/tandcity.se\/en\/dental-crown\/","url":"https:\/\/tandcity.se\/en\/dental-crown\/","name":"Ceramic crowns and bridges - hire professional dentists","isPartOf":{"@id":"https:\/\/tandcity.se\/sv\/#website"},"datePublished":"2016-10-19T09:42:45+00:00","dateModified":"2025-01-29T13:38:19+00:00","description":"F\u00e5 hj\u00e4lp med att fylla en tand med en tandkrona eller tandbrygga av v\u00e5ra duktiga tandl\u00e4kare i Malm\u00f6. Vi har \u00f6ppet alla dagar. Boka tid hos oss idag.","breadcrumb":{"@id":"https:\/\/tandcity.se\/en\/dental-crown\/#breadcrumb"},"inLanguage":"en-GB","potentialAction":[{"@type":"ReadAction","target":["https:\/\/tandcity.se\/en\/dental-crown\/"]}]},{"@type":"BreadcrumbList","@id":"https:\/\/tandcity.se\/en\/dental-crown\/#breadcrumb","itemListElement":[{"@type":"ListItem","position":1,"name":"Hjem","item":"https:\/\/tandcity.se\/en\/"},{"@type":"ListItem","position":2,"name":"keramiska tandkronor"}]},{"@type":"WebSite","@id":"https:\/\/tandcity.se\/sv\/#website","url":"https:\/\/tandcity.se\/sv\/","name":"TandCity Malm\u00f6","description":"","potentialAction":[{"@type":"SearchAction","target":{"@type":"EntryPoint","urlTemplate":"https:\/\/tandcity.se\/sv\/?s={search_term_string}"},"query-input":{"@type":"PropertyValueSpecification","valueRequired":true,"valueName":"search_term_string"}}],"inLanguage":"en-GB"}]}},"_links":{"self":[{"href":"https:\/\/tandcity.se\/en\/wp-json\/wp\/v2\/pages\/68","targetHints":{"allow":["GET"]}}],"collection":[{"href":"https:\/\/tandcity.se\/en\/wp-json\/wp\/v2\/pages"}],"about":[{"href":"https:\/\/tandcity.se\/en\/wp-json\/wp\/v2\/types\/page"}],"author":[{"embeddable":true,"href":"https:\/\/tandcity.se\/en\/wp-json\/wp\/v2\/users\/24"}],"replies":[{"embeddable":true,"href":"https:\/\/tandcity.se\/en\/wp-json\/wp\/v2\/comments?post=68"}],"version-history":[{"count":10,"href":"https:\/\/tandcity.se\/en\/wp-json\/wp\/v2\/pages\/68\/revisions"}],"predecessor-version":[{"id":4429,"href":"https:\/\/tandcity.se\/en\/wp-json\/wp\/v2\/pages\/68\/revisions\/4429"}],"wp:attachment":[{"href":"https:\/\/tandcity.se\/en\/wp-json\/wp\/v2\/media?parent=68"}],"curies":[{"name":"wp","href":"https:\/\/api.w.org\/{rel}","templated":true}]}}