{"id":54,"date":"2016-10-18T14:06:15","date_gmt":"2016-10-18T12:06:15","guid":{"rendered":"https:\/\/tandcity2.wpengine.com\/?page_id=54"},"modified":"2024-01-29T10:32:27","modified_gmt":"2024-01-29T09:32:27","slug":"kontakt","status":"publish","type":"page","link":"https:\/\/tandcity.se\/en\/contact\/","title":{"rendered":"Contact"},"content":{"rendered":"<div class=\"wpb-content-wrapper\"><div class=\"vc_row wpb_row vc_row-fluid\"><div class=\"wpb_column vc_column_container vc_col-sm-12\"><div class=\"vc_column-inner\"><div class=\"wpb_wrapper\">\n\t<div class=\"wpb_text_column wpb_content_element  introtext\" >\n\t\t<div class=\"wpb_wrapper\">\n\t\t\t<h1>Kontakt<\/h1>\n<p>V\u00e4lkommen till Tandcity. Du hittar v\u00e5r klinik p\u00e5 Hamngatan 1 i Malm\u00f6, centralt och med bra f\u00f6rbindelser.<\/p>\n\n\t\t<\/div>\n\t<\/div>\n<\/div><\/div><\/div><\/div><div class=\"vc_row wpb_row vc_row-fluid vc_custom_1494590016235\"><div class=\"wpb_column vc_column_container vc_col-sm-6\"><div class=\"vc_column-inner\"><div class=\"wpb_wrapper\">\n<div class=\"wpcf7 no-js\" id=\"wpcf7-f718-o1\" lang=\"sv-SE\" dir=\"ltr\" data-wpcf7-id=\"718\">\n<div class=\"screen-reader-response\"><p role=\"status\" aria-live=\"polite\" aria-atomic=\"true\"><\/p> <ul><\/ul><\/div>\n<form action=\"\/en\/wp-json\/wp\/v2\/pages\/54#wpcf7-f718-o1\" method=\"post\" class=\"wpcf7-form init\" aria-label=\"Kontaktformul\u00e4r\" novalidate=\"novalidate\" data-status=\"init\">\n<fieldset class=\"hidden-fields-container\"><input type=\"hidden\" name=\"_wpcf7\" value=\"718\" \/><input type=\"hidden\" name=\"_wpcf7_version\" value=\"6.1.5\" \/><input type=\"hidden\" name=\"_wpcf7_locale\" value=\"sv_SE\" \/><input type=\"hidden\" name=\"_wpcf7_unit_tag\" value=\"wpcf7-f718-o1\" \/><input type=\"hidden\" name=\"_wpcf7_container_post\" value=\"0\" \/><input type=\"hidden\" name=\"_wpcf7_posted_data_hash\" value=\"\" \/>\n<\/fieldset>\n<p><label> Ditt namn (obligatorisk)<br \/>\n<span class=\"wpcf7-form-control-wrap\" data-name=\"your-name\"><input size=\"40\" maxlength=\"400\" class=\"wpcf7-form-control wpcf7-text wpcf7-validates-as-required\" aria-required=\"true\" aria-invalid=\"false\" value=\"\" type=\"text\" name=\"your-name\" \/><\/span> <\/label>\n<\/p>\n<p><label> Din epost (obligatorisk)<br \/>\n<span class=\"wpcf7-form-control-wrap\" data-name=\"your-email\"><input size=\"40\" maxlength=\"400\" class=\"wpcf7-form-control wpcf7-email wpcf7-validates-as-required wpcf7-text wpcf7-validates-as-email\" aria-required=\"true\" aria-invalid=\"false\" value=\"\" type=\"email\" name=\"your-email\" \/><\/span> <\/label>\n<\/p>\n<p><label> \u00c4mne<br \/>\n<span class=\"wpcf7-form-control-wrap\" data-name=\"your-subject\"><input size=\"40\" maxlength=\"400\" class=\"wpcf7-form-control wpcf7-text\" aria-invalid=\"false\" value=\"\" type=\"text\" name=\"your-subject\" \/><\/span> <\/label>\n<\/p>\n<p><label> Ditt meddelande<br \/>\n<span class=\"wpcf7-form-control-wrap\" data-name=\"your-message\"><textarea cols=\"40\" rows=\"10\" maxlength=\"2000\" class=\"wpcf7-form-control wpcf7-textarea\" aria-invalid=\"false\" name=\"your-message\"><\/textarea><\/span> <\/label>\n<\/p>\n<p>[recaptcha]\n<\/p>\n<p><input class=\"wpcf7-form-control wpcf7-submit has-spinner\" type=\"submit\" value=\"Skicka\" \/>\n<\/p><div class=\"wpcf7-response-output\" aria-hidden=\"true\"><\/div>\n<\/form>\n<\/div>\n<\/div><\/div><\/div><div class=\"wpb_column vc_column_container vc_col-sm-6\"><div class=\"vc_column-inner\"><div class=\"wpb_wrapper\">\n\t<div class=\"wpb_text_column wpb_content_element \" >\n\t\t<div class=\"wpb_wrapper\">\n\t\t\t<p>TandCity Sweden<br \/>\nHamngatan 1<br \/>\n211 22 MALM\u00d6<br \/>\n<a href=\"mailto:info@tandcity.se\">info@tandcity.se<\/a><br \/>\n<a href=\"tel:+4640236600\">+46 040 23 66 00<\/a><br \/>\nM\u00e5ndag &#8211; Fredag: 07.00 &#8211; 20.00<br \/>\nL\u00f6rdag: 09.00 &#8211; 17.00<br \/>\nR\u00f6d dagar: 09.00 &#8211; 12.00<br \/>\nS\u00f6ndag och ny\u00e5rsdagen: St\u00e4ngt<\/p>\n\n\t\t<\/div>\n\t<\/div>\n<div class=\"wpb_gmaps_widget wpb_content_element\"><div class=\"wpb_wrapper\"><div class=\"wpb_map_wraper\"><iframe\n    width=\"100%\"\n    height=\"350\"\n    frameborder=\"0\"\n    scrolling=\"no\"\n    marginheight=\"0\"\n    marginwidth=\"0\"\nsrc=\"https:\/\/www.google.com\/maps\/embed?pb=!1m18!1m12!1m3!1d2253.683949267123!2d12.997266315924916!3d55.607513980514724!2m3!1f0!2f0!3f0!3m2!1i1024!2i768!4f13.1!3m3!1m2!1s0x4653a3fea73c1cf9%3A0xcb2add3396b4ba7!2sTandCity+-+Tandv%C3%A5rd+i+Malm%C3%B6!5e0!3m2!1sen!2sin!4v1553863822458!5m2!1sen!2sin\" width=\"600\" height=\"300\" frameborder=\"0\" style=\"border:0\" allowfullscreen><\/iframe><\/div><\/div><\/div><\/div><\/div><\/div><\/div><div data-vc-full-width=\"true\" data-vc-full-width-init=\"false\" class=\"vc_row wpb_row vc_row-fluid fullwidth booking_section_responsive vc_custom_1529584850966 vc_row-has-fill vc_row-o-equal-height vc_row-flex\"><div class=\"wpb_column vc_column_container vc_col-sm-12\"><div class=\"vc_column-inner\"><div class=\"wpb_wrapper\">\n\t<div class=\"wpb_text_column wpb_content_element \" >\n\t\t<div class=\"wpb_wrapper\">\n\t\t\t<p><span style=\"color: #ffffff; font-size: 24px; font-weight: 400;\">TandCity \u2013 akut tandv\u00e5rd i Malm\u00f6<\/span><\/p>\n<p>&nbsp;<\/p>\n<p class=\"subtext_online\">\u00c4r du i behov av en akuttid eller vill du av n\u00e5gon annan anledning f\u00e5 en tid snabbt?<\/p>\n<p><span style=\"color: #ffffff;\">Bara lugn, vi hj\u00e4lper dig. Vi f\u00f6rst\u00e5r att vissa saker inte kan v\u00e4nta och ser till att du f\u00e5r en tid s\u00e5 fort som m\u00f6jligt. H\u00f6r av dig till oss p\u00e5 telefonnummer 040 23 66 00 eller boka din tid online. Varmt v\u00e4lkommen!<\/span><\/p>\n\n\t\t<\/div>\n\t<\/div>\n<div class=\"vc_btn3-container  tandcitygreen vc_btn3-inline vc_custom_1585899902065\" ><a class=\"vc_general vc_btn3 vc_btn3-size-lg vc_btn3-shape-rounded vc_btn3-style-modern vc_btn3-color-green\" href=\"http:\/\/tandcity.se\/sv\/boka-tid-online\/\" title=\"Best\u00e4ll tid online\" target=\"_blank\" onclick=\"ga(&#039;send&#039;, &#039;event&#039;, &#039;button&#039;, &#039;click&#039;, &#039;bottom-banner-sv&#039;);\">Best\u00e4ll tid online<\/a><\/div><\/div><\/div><\/div><\/div><div class=\"vc_row-full-width vc_clearfix\"><\/div>\n<\/div>","protected":false},"excerpt":{"rendered":"Kontakt V\u00e4lkommen till Tandcity. Du hittar v\u00e5r klinik p\u00e5 Hamngatan 1 i Malm\u00f6, centralt och med bra f\u00f6rbindelser. Ditt namn <a href=\"https:\/\/tandcity.se\/en\/contact\/\" class=\"more-link\">...<span class=\"screen-reader-text\">  Contact<\/span><\/a>","protected":false},"author":24,"featured_media":0,"parent":0,"menu_order":0,"comment_status":"closed","ping_status":"closed","template":"","meta":{"footnotes":""},"class_list":["post-54","page","type-page","status-publish"],"yoast_head":"<!-- This site is optimized with the Yoast SEO plugin v25.5 - https:\/\/yoast.com\/wordpress\/plugins\/seo\/ -->\n<title>Kontakta oss - vi finns p\u00e5 Hamngatan 1 i Malm\u00f6 | TandCity<\/title>\n<meta name=\"description\" content=\"Kontakta oss p\u00e5 Tandcity i Malm\u00f6, vi har \u00f6ppet 6 dagar i veckan och du hittar oss p\u00e5 Hamngatan 1 i Malm\u00f6. Bes\u00f6k oss idag!\" \/>\n<meta name=\"robots\" content=\"index, follow, max-snippet:-1, max-image-preview:large, max-video-preview:-1\" \/>\n<link rel=\"canonical\" href=\"https:\/\/tandcity.se\/en\/contact\/\" \/>\n<meta name=\"twitter:label1\" content=\"Estimated reading time\" \/>\n\t<meta name=\"twitter:data1\" content=\"1 minute\" \/>\n<!-- \/ Yoast SEO plugin. -->","yoast_head_json":{"title":"Kontakta oss - vi finns p\u00e5 Hamngatan 1 i Malm\u00f6 | TandCity","description":"Kontakta oss p\u00e5 Tandcity i Malm\u00f6, vi har \u00f6ppet 6 dagar i veckan och du hittar oss p\u00e5 Hamngatan 1 i Malm\u00f6. Bes\u00f6k oss idag!","robots":{"index":"index","follow":"follow","max-snippet":"max-snippet:-1","max-image-preview":"max-image-preview:large","max-video-preview":"max-video-preview:-1"},"canonical":"https:\/\/tandcity.se\/en\/contact\/","twitter_misc":{"Estimated reading time":"1 minute"},"schema":{"@context":"https:\/\/schema.org","@graph":[{"@type":"WebPage","@id":"https:\/\/tandcity.se\/en\/contact\/","url":"https:\/\/tandcity.se\/en\/contact\/","name":"Kontakta oss - vi finns p\u00e5 Hamngatan 1 i Malm\u00f6 | TandCity","isPartOf":{"@id":"https:\/\/tandcity.se\/sv\/#website"},"datePublished":"2016-10-18T12:06:15+00:00","dateModified":"2024-01-29T09:32:27+00:00","description":"Kontakta oss p\u00e5 Tandcity i Malm\u00f6, vi har \u00f6ppet 6 dagar i veckan och du hittar oss p\u00e5 Hamngatan 1 i Malm\u00f6. Bes\u00f6k oss idag!","breadcrumb":{"@id":"https:\/\/tandcity.se\/en\/contact\/#breadcrumb"},"inLanguage":"en-GB","potentialAction":[{"@type":"ReadAction","target":["https:\/\/tandcity.se\/en\/contact\/"]}]},{"@type":"BreadcrumbList","@id":"https:\/\/tandcity.se\/en\/contact\/#breadcrumb","itemListElement":[{"@type":"ListItem","position":1,"name":"Hjem","item":"https:\/\/tandcity.se\/en\/"},{"@type":"ListItem","position":2,"name":"Kontakt"}]},{"@type":"WebSite","@id":"https:\/\/tandcity.se\/sv\/#website","url":"https:\/\/tandcity.se\/sv\/","name":"TandCity Malm\u00f6","description":"","potentialAction":[{"@type":"SearchAction","target":{"@type":"EntryPoint","urlTemplate":"https:\/\/tandcity.se\/sv\/?s={search_term_string}"},"query-input":{"@type":"PropertyValueSpecification","valueRequired":true,"valueName":"search_term_string"}}],"inLanguage":"en-GB"}]}},"_links":{"self":[{"href":"https:\/\/tandcity.se\/en\/wp-json\/wp\/v2\/pages\/54","targetHints":{"allow":["GET"]}}],"collection":[{"href":"https:\/\/tandcity.se\/en\/wp-json\/wp\/v2\/pages"}],"about":[{"href":"https:\/\/tandcity.se\/en\/wp-json\/wp\/v2\/types\/page"}],"author":[{"embeddable":true,"href":"https:\/\/tandcity.se\/en\/wp-json\/wp\/v2\/users\/24"}],"replies":[{"embeddable":true,"href":"https:\/\/tandcity.se\/en\/wp-json\/wp\/v2\/comments?post=54"}],"version-history":[{"count":1,"href":"https:\/\/tandcity.se\/en\/wp-json\/wp\/v2\/pages\/54\/revisions"}],"predecessor-version":[{"id":4073,"href":"https:\/\/tandcity.se\/en\/wp-json\/wp\/v2\/pages\/54\/revisions\/4073"}],"wp:attachment":[{"href":"https:\/\/tandcity.se\/en\/wp-json\/wp\/v2\/media?parent=54"}],"curies":[{"name":"wp","href":"https:\/\/api.w.org\/{rel}","templated":true}]}}