{"id":51,"date":"2016-10-18T14:05:29","date_gmt":"2016-10-18T12:05:29","guid":{"rendered":"https:\/\/tandcity2.wpengine.com\/?page_id=51"},"modified":"2023-11-10T10:34:51","modified_gmt":"2023-11-10T09:34:51","slug":"galleri","status":"publish","type":"page","link":"https:\/\/tandcity.se\/en\/gallery\/","title":{"rendered":"\u00bb Gallery"},"content":{"rendered":"<div class=\"wpb-content-wrapper\"><div data-vc-full-width=\"true\" data-vc-full-width-init=\"false\" data-vc-stretch-content=\"true\" class=\"vc_row wpb_row vc_row-fluid fullwidth coverimage vc_custom_1494504038335 vc_row-has-fill\"><div class=\"wpb_column vc_column_container vc_col-sm-12\"><div class=\"vc_column-inner\"><div class=\"wpb_wrapper\"><\/div><\/div><\/div><\/div><div class=\"vc_row-full-width vc_clearfix\"><\/div><div class=\"vc_row wpb_row vc_row-fluid\"><div class=\"wpb_column vc_column_container vc_col-sm-12\"><div class=\"vc_column-inner\"><div class=\"wpb_wrapper\">\n\t<div class=\"wpb_text_column wpb_content_element  introtext\" >\n\t\t<div class=\"wpb_wrapper\">\n\t\t\t<h1>Welcome to our smile gallery!<\/h1>\n<p>Here you see a selection of before and after pictures for various treatments. For more pictures, you are welcome to our Instagram page here:<\/p>\n<p><a href=\"https:\/\/tandcity.se\/en\/sociala-medier\/\"><img decoding=\"async\" src=\"https:\/\/www.instagram.com\/static\/images\/web\/logged_out_wordmark.png\/7a252de00b20.png\" alt=\"Instagram\" \/><\/a>\u00a0 (Click on the Instagram logo)<\/p>\n\n\t\t<\/div>\n\t<\/div>\n<\/div><\/div><\/div><\/div><div class=\"vc_row wpb_row vc_row-fluid\"><div class=\"wpb_column vc_column_container vc_col-sm-12\"><div class=\"vc_column-inner\"><div class=\"wpb_wrapper\">\n\t<div class=\"wpb_text_column wpb_content_element\" >\n\t\t<div class=\"wpb_wrapper\">\n\t\t\t<h3>Facades<\/h3>\n<p>Picture 1: The patient wants to have his gap between the front teeth removed<br \/>\nImage 2: With digital imaging, you can see how the final result will be<br \/>\nImage 3: <a href=\"http:\/\/tandcity.se\/en\/tandfasader-malmo\/\">Facades<\/a> on four incisors<\/p>\n\n\t\t<\/div>\n\t<\/div>\n<div class=\"vc_row wpb_row vc_inner vc_row-fluid\"><div class=\"wpb_column vc_column_container vc_col-sm-4\"><div class=\"vc_column-inner\"><div class=\"wpb_wrapper\">\n\t<div  class=\"wpb_single_image wpb_content_element vc_align_left\">\n\t\t\n\t\t<figure class=\"wpb_wrapper vc_figure\">\n\t\t\t<div class=\"vc_single_image-wrapper   vc_box_border_grey\"><img loading=\"lazy\" decoding=\"async\" data-vc-zoom=\"https:\/\/tandcity.se\/wp-content\/uploads\/2016\/10\/26.jpg\" width=\"300\" height=\"201\" src=\"https:\/\/tandcity.se\/wp-content\/uploads\/2016\/10\/26-300x201.jpg\" class=\"vc_single_image-img attachment-medium\" alt=\"Before treatment porcelain veneers - TandCity\" title=\"26\" srcset=\"https:\/\/tandcity.se\/wp-content\/uploads\/2016\/10\/26-300x201.jpg 300w, https:\/\/tandcity.se\/wp-content\/uploads\/2016\/10\/26-272x182.jpg 272w, https:\/\/tandcity.se\/wp-content\/uploads\/2016\/10\/26.jpg 712w\" sizes=\"auto, (max-width: 300px) 100vw, 300px\" \/><\/div><figcaption class=\"vc_figure-caption\">F\u00f6re behandling \/ The patient wish to close the gap between the front teeth<\/figcaption>\n\t\t<\/figure>\n\t<\/div>\n<\/div><\/div><\/div><div class=\"wpb_column vc_column_container vc_col-sm-4\"><div class=\"vc_column-inner\"><div class=\"wpb_wrapper\">\n\t<div  class=\"wpb_single_image wpb_content_element vc_align_left\">\n\t\t\n\t\t<figure class=\"wpb_wrapper vc_figure\">\n\t\t\t<div class=\"vc_single_image-wrapper   vc_box_border_grey\"><img loading=\"lazy\" decoding=\"async\" data-vc-zoom=\"https:\/\/tandcity.se\/wp-content\/uploads\/2016\/10\/27.jpg\" width=\"300\" height=\"201\" src=\"https:\/\/tandcity.se\/wp-content\/uploads\/2016\/10\/27-300x201.jpg\" class=\"vc_single_image-img attachment-medium\" alt=\"After treatment porcelain veneers -TandCity\" title=\"27\" srcset=\"https:\/\/tandcity.se\/wp-content\/uploads\/2016\/10\/27-300x201.jpg 300w, https:\/\/tandcity.se\/wp-content\/uploads\/2016\/10\/27-272x182.jpg 272w, https:\/\/tandcity.se\/wp-content\/uploads\/2016\/10\/27.jpg 712w\" sizes=\"auto, (max-width: 300px) 100vw, 300px\" \/><\/div><figcaption class=\"vc_figure-caption\">Efter behandling \/ By using digital imaging the final result can be illustrated<\/figcaption>\n\t\t<\/figure>\n\t<\/div>\n<\/div><\/div><\/div><div class=\"wpb_column vc_column_container vc_col-sm-4\"><div class=\"vc_column-inner\"><div class=\"wpb_wrapper\">\n\t<div  class=\"wpb_single_image wpb_content_element vc_align_left\">\n\t\t\n\t\t<figure class=\"wpb_wrapper vc_figure\">\n\t\t\t<div class=\"vc_single_image-wrapper   vc_box_border_grey\"><img loading=\"lazy\" decoding=\"async\" data-vc-zoom=\"https:\/\/tandcity.se\/wp-content\/uploads\/2016\/10\/1450093097_566eaa299b6b9-1.jpg\" width=\"300\" height=\"201\" src=\"https:\/\/tandcity.se\/wp-content\/uploads\/2016\/10\/1450093097_566eaa299b6b9-1-300x201.jpg\" class=\"vc_single_image-img attachment-medium\" alt=\"After porcelain facades -TandCity\" title=\"1450093097_566eaa299b6b9\" srcset=\"https:\/\/tandcity.se\/wp-content\/uploads\/2016\/10\/1450093097_566eaa299b6b9-1-300x201.jpg 300w, https:\/\/tandcity.se\/wp-content\/uploads\/2016\/10\/1450093097_566eaa299b6b9-1-272x182.jpg 272w, https:\/\/tandcity.se\/wp-content\/uploads\/2016\/10\/1450093097_566eaa299b6b9-1.jpg 712w\" sizes=\"auto, (max-width: 300px) 100vw, 300px\" \/><\/div><figcaption class=\"vc_figure-caption\">Efter behandling \/ Veneers have been used on the patient\u2019s four front teeth<\/figcaption>\n\t\t<\/figure>\n\t<\/div>\n<\/div><\/div><\/div><\/div><\/div><\/div><\/div><\/div><div class=\"vc_row wpb_row vc_row-fluid\"><div class=\"wpb_column vc_column_container vc_col-sm-12\"><div class=\"vc_column-inner\"><div class=\"wpb_wrapper\">\n\t<div class=\"wpb_text_column wpb_content_element\" >\n\t\t<div class=\"wpb_wrapper\">\n\t\t\t<h3>Smiledesign<\/h3>\n<p>The patient wanted smoother and more Hollywood <a href=\"http:\/\/tandcity.se\/en\/tandblekning-malmo\/\">White teeth<\/a><br \/>\nPicture 1-2: Before and after treatment<br \/>\nImage 3 Visualization<br \/>\nImage 4 After treatment<\/p>\n\n\t\t<\/div>\n\t<\/div>\n<div class=\"vc_row wpb_row vc_inner vc_row-fluid\"><div class=\"wpb_column vc_column_container vc_col-sm-3\"><div class=\"vc_column-inner\"><div class=\"wpb_wrapper\">\n\t<div  class=\"wpb_single_image wpb_content_element vc_align_left\">\n\t\t\n\t\t<figure class=\"wpb_wrapper vc_figure\">\n\t\t\t<div class=\"vc_single_image-wrapper   vc_box_border_grey\"><img loading=\"lazy\" decoding=\"async\" data-vc-zoom=\"https:\/\/tandcity.se\/wp-content\/uploads\/2016\/10\/1450093534_566eabde17810-1.jpg\" width=\"199\" height=\"300\" src=\"https:\/\/tandcity.se\/wp-content\/uploads\/2016\/10\/1450093534_566eabde17810-1-199x300.jpg\" class=\"vc_single_image-img attachment-medium\" alt=\"Before treatment smiledesign-TandCity\" title=\"1450093534_566eabde17810\" srcset=\"https:\/\/tandcity.se\/wp-content\/uploads\/2016\/10\/1450093534_566eabde17810-1-199x300.jpg 199w, https:\/\/tandcity.se\/wp-content\/uploads\/2016\/10\/1450093534_566eabde17810-1.jpg 484w\" sizes=\"auto, (max-width: 199px) 100vw, 199px\" \/><\/div><figcaption class=\"vc_figure-caption\">F\u00f6re behandling \/ Before treatment<\/figcaption>\n\t\t<\/figure>\n\t<\/div>\n<\/div><\/div><\/div><div class=\"wpb_column vc_column_container vc_col-sm-3\"><div class=\"vc_column-inner\"><div class=\"wpb_wrapper\">\n\t<div  class=\"wpb_single_image wpb_content_element vc_align_left\">\n\t\t\n\t\t<figure class=\"wpb_wrapper vc_figure\">\n\t\t\t<div class=\"vc_single_image-wrapper   vc_box_border_grey\"><img loading=\"lazy\" decoding=\"async\" data-vc-zoom=\"https:\/\/tandcity.se\/wp-content\/uploads\/2016\/10\/12.jpg\" width=\"199\" height=\"300\" src=\"https:\/\/tandcity.se\/wp-content\/uploads\/2016\/10\/12-199x300.jpg\" class=\"vc_single_image-img attachment-medium\" alt=\"After treatment smile design -TandCity\" title=\"12\" srcset=\"https:\/\/tandcity.se\/wp-content\/uploads\/2016\/10\/12-199x300.jpg 199w, https:\/\/tandcity.se\/wp-content\/uploads\/2016\/10\/12.jpg 484w\" sizes=\"auto, (max-width: 199px) 100vw, 199px\" \/><\/div><figcaption class=\"vc_figure-caption\">Efter behandling \/ After treatment<\/figcaption>\n\t\t<\/figure>\n\t<\/div>\n<\/div><\/div><\/div><div class=\"wpb_column vc_column_container vc_col-sm-3\"><div class=\"vc_column-inner\"><div class=\"wpb_wrapper\">\n\t<div  class=\"wpb_single_image wpb_content_element vc_align_left\">\n\t\t\n\t\t<figure class=\"wpb_wrapper vc_figure\">\n\t\t\t<div class=\"vc_single_image-wrapper   vc_box_border_grey\"><img decoding=\"async\" data-vc-zoom=\"https:\/\/tandcity.se\/wp-content\/uploads\/2016\/10\/13.jpg\" class=\"vc_single_image-img\" src=\"https:\/\/tandcity.se\/wp-content\/uploads\/2016\/10\/13-295x220.jpg\" width=\"295\" height=\"220\" alt=\"Visualizing treatment for smile design -TandCity\" title=\"13\" loading=\"lazy\" \/><\/div><figcaption class=\"vc_figure-caption\">F\u00f6re behandling \/ Visualising<\/figcaption>\n\t\t<\/figure>\n\t<\/div>\n<\/div><\/div><\/div><div class=\"wpb_column vc_column_container vc_col-sm-3\"><div class=\"vc_column-inner\"><div class=\"wpb_wrapper\">\n\t<div  class=\"wpb_single_image wpb_content_element vc_align_left\">\n\t\t\n\t\t<figure class=\"wpb_wrapper vc_figure\">\n\t\t\t<div class=\"vc_single_image-wrapper   vc_box_border_grey\"><img decoding=\"async\" data-vc-zoom=\"https:\/\/tandcity.se\/wp-content\/uploads\/2016\/10\/14.jpg\" class=\"vc_single_image-img\" src=\"https:\/\/tandcity.se\/wp-content\/uploads\/2016\/10\/14-295x220.jpg\" width=\"295\" height=\"220\" alt=\"A perfect smile in Malm\u00f6 -TandCity\" title=\"14\" loading=\"lazy\" \/><\/div><figcaption class=\"vc_figure-caption\">Efter behandling \/ After treatment<\/figcaption>\n\t\t<\/figure>\n\t<\/div>\n<\/div><\/div><\/div><\/div><\/div><\/div><\/div><\/div><div class=\"vc_row wpb_row vc_row-fluid\"><div class=\"wpb_column vc_column_container vc_col-sm-12\"><div class=\"vc_column-inner\"><div class=\"wpb_wrapper\">\n\t<div class=\"wpb_text_column wpb_content_element\" >\n\t\t<div class=\"wpb_wrapper\">\n\t\t\t<h3>Implant<\/h3>\n<p>The patient wanted fixed teeth in the upper and lower jaw.<\/p>\n\n\t\t<\/div>\n\t<\/div>\n<div class=\"vc_row wpb_row vc_inner vc_row-fluid\"><div class=\"wpb_column vc_column_container vc_col-sm-6\"><div class=\"vc_column-inner\"><div class=\"wpb_wrapper\">\n\t<div  class=\"wpb_single_image wpb_content_element vc_align_left\">\n\t\t\n\t\t<figure class=\"wpb_wrapper vc_figure\">\n\t\t\t<div class=\"vc_single_image-wrapper   vc_box_border_grey\"><img loading=\"lazy\" decoding=\"async\" data-vc-zoom=\"https:\/\/tandcity.se\/wp-content\/uploads\/2016\/10\/15-1024x685.jpg\" width=\"1024\" height=\"685\" src=\"https:\/\/tandcity.se\/wp-content\/uploads\/2016\/10\/15.jpg\" class=\"vc_single_image-img attachment-full\" alt=\"Before treatment dental implants in Malm\u00f6 - TandCity\" title=\"15\" srcset=\"https:\/\/tandcity.se\/wp-content\/uploads\/2016\/10\/15.jpg 1024w, https:\/\/tandcity.se\/wp-content\/uploads\/2016\/10\/15-300x201.jpg 300w, https:\/\/tandcity.se\/wp-content\/uploads\/2016\/10\/15-768x514.jpg 768w, https:\/\/tandcity.se\/wp-content\/uploads\/2016\/10\/15-272x182.jpg 272w\" sizes=\"auto, (max-width: 1024px) 100vw, 1024px\" \/><\/div><figcaption class=\"vc_figure-caption\">F\u00f6re behandling \/ Before treatment<\/figcaption>\n\t\t<\/figure>\n\t<\/div>\n<\/div><\/div><\/div><div class=\"wpb_column vc_column_container vc_col-sm-6\"><div class=\"vc_column-inner\"><div class=\"wpb_wrapper\">\n\t<div  class=\"wpb_single_image wpb_content_element vc_align_left\">\n\t\t\n\t\t<figure class=\"wpb_wrapper vc_figure\">\n\t\t\t<div class=\"vc_single_image-wrapper   vc_box_border_grey\"><img loading=\"lazy\" decoding=\"async\" data-vc-zoom=\"https:\/\/tandcity.se\/wp-content\/uploads\/2016\/10\/16-1024x685.jpg\" width=\"1024\" height=\"685\" src=\"https:\/\/tandcity.se\/wp-content\/uploads\/2016\/10\/16.jpg\" class=\"vc_single_image-img attachment-full\" alt=\"After treatment dental implants in Malm\u00f6 - TandCity\" title=\"16\" srcset=\"https:\/\/tandcity.se\/wp-content\/uploads\/2016\/10\/16.jpg 1024w, https:\/\/tandcity.se\/wp-content\/uploads\/2016\/10\/16-300x201.jpg 300w, https:\/\/tandcity.se\/wp-content\/uploads\/2016\/10\/16-768x514.jpg 768w, https:\/\/tandcity.se\/wp-content\/uploads\/2016\/10\/16-272x182.jpg 272w\" sizes=\"auto, (max-width: 1024px) 100vw, 1024px\" \/><\/div><figcaption class=\"vc_figure-caption\">Efter behandling \/ After treatment<\/figcaption>\n\t\t<\/figure>\n\t<\/div>\n<\/div><\/div><\/div><\/div><\/div><\/div><\/div><\/div><div class=\"vc_row wpb_row vc_row-fluid\"><div class=\"wpb_column vc_column_container vc_col-sm-12\"><div class=\"vc_column-inner\"><div class=\"wpb_wrapper\">\n\t<div class=\"wpb_text_column wpb_content_element\" >\n\t\t<div class=\"wpb_wrapper\">\n\t\t\t<h3>Invisalign<\/h3>\n<p>The patient wanted even teeth in both the upper and lower jaw.<br \/>\nDecision on <a href=\"http:\/\/tandcity.se\/en\/inman-aligner-invisalign\/\">Invisalign treatment<\/a>.<br \/>\nThe pictures show before and after treatment for the upper and lower jaw.<\/p>\n\n\t\t<\/div>\n\t<\/div>\n<div class=\"vc_row wpb_row vc_inner vc_row-fluid\"><div class=\"wpb_column vc_column_container vc_col-sm-3\"><div class=\"vc_column-inner\"><div class=\"wpb_wrapper\">\n\t<div  class=\"wpb_single_image wpb_content_element vc_align_left\">\n\t\t\n\t\t<figure class=\"wpb_wrapper vc_figure\">\n\t\t\t<div class=\"vc_single_image-wrapper   vc_box_border_grey\"><img loading=\"lazy\" decoding=\"async\" data-vc-zoom=\"https:\/\/tandcity.se\/wp-content\/uploads\/2016\/10\/17.jpg\" width=\"300\" height=\"201\" src=\"https:\/\/tandcity.se\/wp-content\/uploads\/2016\/10\/17-300x201.jpg\" class=\"vc_single_image-img attachment-medium\" alt=\"Before treatment with Invisalign for the lower jaw - TandCity\" title=\"17\" srcset=\"https:\/\/tandcity.se\/wp-content\/uploads\/2016\/10\/17-300x201.jpg 300w, https:\/\/tandcity.se\/wp-content\/uploads\/2016\/10\/17-768x514.jpg 768w, https:\/\/tandcity.se\/wp-content\/uploads\/2016\/10\/17-272x182.jpg 272w, https:\/\/tandcity.se\/wp-content\/uploads\/2016\/10\/17.jpg 856w\" sizes=\"auto, (max-width: 300px) 100vw, 300px\" \/><\/div><figcaption class=\"vc_figure-caption\">F\u00f6re behandling \/ Before treatment<\/figcaption>\n\t\t<\/figure>\n\t<\/div>\n<\/div><\/div><\/div><div class=\"wpb_column vc_column_container vc_col-sm-3\"><div class=\"vc_column-inner\"><div class=\"wpb_wrapper\">\n\t<div  class=\"wpb_single_image wpb_content_element vc_align_left\">\n\t\t\n\t\t<figure class=\"wpb_wrapper vc_figure\">\n\t\t\t<div class=\"vc_single_image-wrapper   vc_box_border_grey\"><img loading=\"lazy\" decoding=\"async\" data-vc-zoom=\"https:\/\/tandcity.se\/wp-content\/uploads\/2016\/10\/18.jpg\" width=\"300\" height=\"201\" src=\"https:\/\/tandcity.se\/wp-content\/uploads\/2016\/10\/18-300x201.jpg\" class=\"vc_single_image-img attachment-medium\" alt=\"After treatment with Invisalign for the lower jaw - TandCity\" title=\"18\" srcset=\"https:\/\/tandcity.se\/wp-content\/uploads\/2016\/10\/18-300x201.jpg 300w, https:\/\/tandcity.se\/wp-content\/uploads\/2016\/10\/18-768x514.jpg 768w, https:\/\/tandcity.se\/wp-content\/uploads\/2016\/10\/18-272x182.jpg 272w, https:\/\/tandcity.se\/wp-content\/uploads\/2016\/10\/18.jpg 856w\" sizes=\"auto, (max-width: 300px) 100vw, 300px\" \/><\/div><figcaption class=\"vc_figure-caption\">Efter behandling \/ After treatment<\/figcaption>\n\t\t<\/figure>\n\t<\/div>\n<\/div><\/div><\/div><div class=\"wpb_column vc_column_container vc_col-sm-3\"><div class=\"vc_column-inner\"><div class=\"wpb_wrapper\">\n\t<div  class=\"wpb_single_image wpb_content_element vc_align_left\">\n\t\t\n\t\t<figure class=\"wpb_wrapper vc_figure\">\n\t\t\t<div class=\"vc_single_image-wrapper   vc_box_border_grey\"><img loading=\"lazy\" decoding=\"async\" data-vc-zoom=\"https:\/\/tandcity.se\/wp-content\/uploads\/2016\/10\/19.jpg\" width=\"300\" height=\"201\" src=\"https:\/\/tandcity.se\/wp-content\/uploads\/2016\/10\/19-300x201.jpg\" class=\"vc_single_image-img attachment-medium\" alt=\"Before treatment with Invisalign for the upper jaw - TandCity\" title=\"19\" srcset=\"https:\/\/tandcity.se\/wp-content\/uploads\/2016\/10\/19-300x201.jpg 300w, https:\/\/tandcity.se\/wp-content\/uploads\/2016\/10\/19-768x514.jpg 768w, https:\/\/tandcity.se\/wp-content\/uploads\/2016\/10\/19-272x182.jpg 272w, https:\/\/tandcity.se\/wp-content\/uploads\/2016\/10\/19.jpg 856w\" sizes=\"auto, (max-width: 300px) 100vw, 300px\" \/><\/div><figcaption class=\"vc_figure-caption\">F\u00f6re behandling \/ Before treatment<\/figcaption>\n\t\t<\/figure>\n\t<\/div>\n<\/div><\/div><\/div><div class=\"wpb_column vc_column_container vc_col-sm-3\"><div class=\"vc_column-inner\"><div class=\"wpb_wrapper\">\n\t<div  class=\"wpb_single_image wpb_content_element vc_align_left\">\n\t\t\n\t\t<figure class=\"wpb_wrapper vc_figure\">\n\t\t\t<div class=\"vc_single_image-wrapper   vc_box_border_grey\"><img loading=\"lazy\" decoding=\"async\" data-vc-zoom=\"https:\/\/tandcity.se\/wp-content\/uploads\/2016\/10\/20.jpg\" width=\"300\" height=\"201\" src=\"https:\/\/tandcity.se\/wp-content\/uploads\/2016\/10\/20-300x201.jpg\" class=\"vc_single_image-img attachment-medium\" alt=\"After treatment with Invisalign for the upper jaw - TandCity\" title=\"After treatment with Invisalign for the upper jaw - TandCity\" srcset=\"https:\/\/tandcity.se\/wp-content\/uploads\/2016\/10\/20-300x201.jpg 300w, https:\/\/tandcity.se\/wp-content\/uploads\/2016\/10\/20-768x514.jpg 768w, https:\/\/tandcity.se\/wp-content\/uploads\/2016\/10\/20-50x33.jpg 50w, https:\/\/tandcity.se\/wp-content\/uploads\/2016\/10\/20-272x182.jpg 272w, https:\/\/tandcity.se\/wp-content\/uploads\/2016\/10\/20.jpg 856w\" sizes=\"auto, (max-width: 300px) 100vw, 300px\" \/><\/div><figcaption class=\"vc_figure-caption\">Efter behandling \/ After treatment<\/figcaption>\n\t\t<\/figure>\n\t<\/div>\n<\/div><\/div><\/div><\/div><div class=\"vc_row wpb_row vc_inner vc_row-fluid\"><div class=\"wpb_column vc_column_container vc_col-sm-6\"><div class=\"vc_column-inner\"><div class=\"wpb_wrapper\">\n\t<div  class=\"wpb_single_image wpb_content_element vc_align_left\">\n\t\t\n\t\t<figure class=\"wpb_wrapper vc_figure\">\n\t\t\t<div class=\"vc_single_image-wrapper   vc_box_border_grey\"><img loading=\"lazy\" decoding=\"async\" data-vc-zoom=\"https:\/\/tandcity.se\/wp-content\/uploads\/2017\/08\/Cleaning-and-ZOOM-bleaching-1024x685.jpg\" width=\"4256\" height=\"2848\" src=\"https:\/\/tandcity.se\/wp-content\/uploads\/2017\/08\/Cleaning-and-ZOOM-bleaching.jpg\" class=\"vc_single_image-img attachment-full\" alt=\"Cleaning and ZOOM bleaching Before\" title=\"Cleaning and ZOOM bleaching Before\" srcset=\"https:\/\/tandcity.se\/wp-content\/uploads\/2017\/08\/Cleaning-and-ZOOM-bleaching.jpg 4256w, https:\/\/tandcity.se\/wp-content\/uploads\/2017\/08\/Cleaning-and-ZOOM-bleaching-300x201.jpg 300w, https:\/\/tandcity.se\/wp-content\/uploads\/2017\/08\/Cleaning-and-ZOOM-bleaching-768x514.jpg 768w, https:\/\/tandcity.se\/wp-content\/uploads\/2017\/08\/Cleaning-and-ZOOM-bleaching-1024x685.jpg 1024w, https:\/\/tandcity.se\/wp-content\/uploads\/2017\/08\/Cleaning-and-ZOOM-bleaching-50x33.jpg 50w, https:\/\/tandcity.se\/wp-content\/uploads\/2017\/08\/Cleaning-and-ZOOM-bleaching-272x182.jpg 272w\" sizes=\"auto, (max-width: 4256px) 100vw, 4256px\" \/><\/div>\n\t\t<\/figure>\n\t<\/div>\n<\/div><\/div><\/div><div class=\"wpb_column vc_column_container vc_col-sm-6\"><div class=\"vc_column-inner\"><div class=\"wpb_wrapper\">\n\t<div  class=\"wpb_single_image wpb_content_element vc_align_left\">\n\t\t\n\t\t<figure class=\"wpb_wrapper vc_figure\">\n\t\t\t<div class=\"vc_single_image-wrapper   vc_box_border_grey\"><img loading=\"lazy\" decoding=\"async\" data-vc-zoom=\"https:\/\/tandcity.se\/wp-content\/uploads\/2017\/08\/Cleaning-and-ZOOM-bleaching-after-1024x685.jpg\" width=\"4256\" height=\"2848\" src=\"https:\/\/tandcity.se\/wp-content\/uploads\/2017\/08\/Cleaning-and-ZOOM-bleaching-after.jpg\" class=\"vc_single_image-img attachment-full\" alt=\"Cleaning and ZOOM bleaching after\" title=\"Cleaning and ZOOM bleaching after\" srcset=\"https:\/\/tandcity.se\/wp-content\/uploads\/2017\/08\/Cleaning-and-ZOOM-bleaching-after.jpg 4256w, https:\/\/tandcity.se\/wp-content\/uploads\/2017\/08\/Cleaning-and-ZOOM-bleaching-after-300x201.jpg 300w, https:\/\/tandcity.se\/wp-content\/uploads\/2017\/08\/Cleaning-and-ZOOM-bleaching-after-768x514.jpg 768w, https:\/\/tandcity.se\/wp-content\/uploads\/2017\/08\/Cleaning-and-ZOOM-bleaching-after-1024x685.jpg 1024w, https:\/\/tandcity.se\/wp-content\/uploads\/2017\/08\/Cleaning-and-ZOOM-bleaching-after-50x33.jpg 50w, https:\/\/tandcity.se\/wp-content\/uploads\/2017\/08\/Cleaning-and-ZOOM-bleaching-after-272x182.jpg 272w\" sizes=\"auto, (max-width: 4256px) 100vw, 4256px\" \/><\/div>\n\t\t<\/figure>\n\t<\/div>\n<\/div><\/div><\/div><\/div><\/div><\/div><\/div><\/div><div data-vc-full-width=\"true\" data-vc-full-width-init=\"false\" class=\"vc_row wpb_row vc_row-fluid fullwidth booking_section_responsive vc_custom_1529584824275 vc_row-has-fill vc_row-o-equal-height vc_row-flex\"><div class=\"wpb_column vc_column_container vc_col-sm-12\"><div class=\"vc_column-inner\"><div class=\"wpb_wrapper\">\n\t<div class=\"wpb_text_column wpb_content_element\" >\n\t\t<div class=\"wpb_wrapper\">\n\t\t\t<p><span style=\"color: #ffffff; font-size: 24px; font-weight: 400;\">TandCity \u2013 emergency dental care in Malm\u00f6<\/span><\/p>\n<p>&nbsp;<\/p>\n<p class=\"subtext_online\">Are you in need of an emergency time or do you want to have a time quickly for some other reason?<\/p>\n<p><span style=\"color: #ffffff;\">Just calm down, we\u2019ll help you. We understand that some things can\u2019t wait and make sure you get a time as soon as possible. Contact us at phone number 040 23 66 00 or book your time online. Warm welcome!<\/span><\/p>\n\n\t\t<\/div>\n\t<\/div>\n<div class=\"vc_btn3-container  tandcitygreen vc_btn3-inline vc_custom_1585898350944\" ><a class=\"vc_general vc_btn3 vc_btn3-size-lg vc_btn3-shape-rounded vc_btn3-style-modern vc_btn3-color-green\" href=\"http:\/\/tandcity.se\/en\/boka-tid-online\/\" title=\"Book online\" target=\"_blank\" onclick=\"ga(&#039;send&#039;, &#039;event&#039;, &#039;button&#039;, &#039;click&#039;, &#039;bottom-banner-sv&#039;);\">Book online<\/a><\/div><\/div><\/div><\/div><\/div><div class=\"vc_row-full-width vc_clearfix\"><\/div>\n<\/div>","protected":false},"excerpt":{"rendered":"V\u00e4lkommen till v\u00e5rt smile galleri! H\u00e4r ser du ett urval av f\u00f6re- och efterbilder f\u00f6r olika behandlingar. F\u00f6r fler bilder <a href=\"https:\/\/tandcity.se\/en\/gallery\/\" class=\"more-link\">...<span class=\"screen-reader-text\">  \u00bb Gallery<\/span><\/a>","protected":false},"author":24,"featured_media":0,"parent":0,"menu_order":0,"comment_status":"closed","ping_status":"closed","template":"","meta":{"footnotes":""},"class_list":["post-51","page","type-page","status-publish"],"yoast_head":"<!-- This site is optimized with the Yoast SEO plugin v25.5 - https:\/\/yoast.com\/wordpress\/plugins\/seo\/ -->\n<title>Galleri med f\u00f6re och efter bilder p\u00e5 tandl\u00e4karbehandlingar<\/title>\n<meta name=\"description\" content=\"Gallerisidan f\u00f6r TandCity Malm\u00f6. H\u00e4r kan du se f\u00f6re- och efter bilder f\u00f6r m\u00e5nga lyckade tandv\u00e5rdsbehandlingar som t.ex. implantat, fasader &amp; invisalign.\" \/>\n<meta name=\"robots\" content=\"index, follow, max-snippet:-1, max-image-preview:large, max-video-preview:-1\" \/>\n<link rel=\"canonical\" href=\"https:\/\/tandcity.se\/en\/gallery\/\" \/>\n<meta name=\"twitter:label1\" content=\"Estimated reading time\" \/>\n\t<meta name=\"twitter:data1\" content=\"2 minutes\" \/>\n<!-- \/ Yoast SEO plugin. -->","yoast_head_json":{"title":"Gallery of before and after pictures of dental treatments","description":"Gallerisidan f\u00f6r TandCity Malm\u00f6. H\u00e4r kan du se f\u00f6re- och efter bilder f\u00f6r m\u00e5nga lyckade tandv\u00e5rdsbehandlingar som t.ex. implantat, fasader & invisalign.","robots":{"index":"index","follow":"follow","max-snippet":"max-snippet:-1","max-image-preview":"max-image-preview:large","max-video-preview":"max-video-preview:-1"},"canonical":"https:\/\/tandcity.se\/en\/gallery\/","twitter_misc":{"Estimated reading time":"2 minutes"},"schema":{"@context":"https:\/\/schema.org","@graph":[{"@type":"WebPage","@id":"https:\/\/tandcity.se\/en\/gallery\/","url":"https:\/\/tandcity.se\/en\/gallery\/","name":"Gallery of before and after pictures of dental treatments","isPartOf":{"@id":"https:\/\/tandcity.se\/sv\/#website"},"primaryImageOfPage":{"@id":"https:\/\/tandcity.se\/en\/gallery\/#primaryimage"},"image":{"@id":"https:\/\/tandcity.se\/en\/gallery\/#primaryimage"},"thumbnailUrl":"https:\/\/www.instagram.com\/static\/images\/web\/logged_out_wordmark.png\/7a252de00b20.png","datePublished":"2016-10-18T12:05:29+00:00","dateModified":"2023-11-10T09:34:51+00:00","description":"Gallerisidan f\u00f6r TandCity Malm\u00f6. H\u00e4r kan du se f\u00f6re- och efter bilder f\u00f6r m\u00e5nga lyckade tandv\u00e5rdsbehandlingar som t.ex. implantat, fasader & invisalign.","breadcrumb":{"@id":"https:\/\/tandcity.se\/en\/gallery\/#breadcrumb"},"inLanguage":"en-GB","potentialAction":[{"@type":"ReadAction","target":["https:\/\/tandcity.se\/en\/gallery\/"]}]},{"@type":"ImageObject","inLanguage":"en-GB","@id":"https:\/\/tandcity.se\/en\/gallery\/#primaryimage","url":"https:\/\/www.instagram.com\/static\/images\/web\/logged_out_wordmark.png\/7a252de00b20.png","contentUrl":"https:\/\/www.instagram.com\/static\/images\/web\/logged_out_wordmark.png\/7a252de00b20.png"},{"@type":"BreadcrumbList","@id":"https:\/\/tandcity.se\/en\/gallery\/#breadcrumb","itemListElement":[{"@type":"ListItem","position":1,"name":"Hjem","item":"https:\/\/tandcity.se\/en\/"},{"@type":"ListItem","position":2,"name":"Galleri"}]},{"@type":"WebSite","@id":"https:\/\/tandcity.se\/sv\/#website","url":"https:\/\/tandcity.se\/sv\/","name":"TandCity Malm\u00f6","description":"","potentialAction":[{"@type":"SearchAction","target":{"@type":"EntryPoint","urlTemplate":"https:\/\/tandcity.se\/sv\/?s={search_term_string}"},"query-input":{"@type":"PropertyValueSpecification","valueRequired":true,"valueName":"search_term_string"}}],"inLanguage":"en-GB"}]}},"_links":{"self":[{"href":"https:\/\/tandcity.se\/en\/wp-json\/wp\/v2\/pages\/51","targetHints":{"allow":["GET"]}}],"collection":[{"href":"https:\/\/tandcity.se\/en\/wp-json\/wp\/v2\/pages"}],"about":[{"href":"https:\/\/tandcity.se\/en\/wp-json\/wp\/v2\/types\/page"}],"author":[{"embeddable":true,"href":"https:\/\/tandcity.se\/en\/wp-json\/wp\/v2\/users\/24"}],"replies":[{"embeddable":true,"href":"https:\/\/tandcity.se\/en\/wp-json\/wp\/v2\/comments?post=51"}],"version-history":[{"count":6,"href":"https:\/\/tandcity.se\/en\/wp-json\/wp\/v2\/pages\/51\/revisions"}],"predecessor-version":[{"id":4201,"href":"https:\/\/tandcity.se\/en\/wp-json\/wp\/v2\/pages\/51\/revisions\/4201"}],"wp:attachment":[{"href":"https:\/\/tandcity.se\/en\/wp-json\/wp\/v2\/media?parent=51"}],"curies":[{"name":"wp","href":"https:\/\/api.w.org\/{rel}","templated":true}]}}