{"id":3222,"date":"2020-04-03T08:27:58","date_gmt":"2020-04-03T06:27:58","guid":{"rendered":"http:\/\/tandcity.se\/sv\/?page_id=3222"},"modified":"2023-02-22T15:19:29","modified_gmt":"2023-02-22T14:19:29","slug":"boka-tid-online","status":"publish","type":"page","link":"https:\/\/tandcity.se\/en\/boka-tid-online\/","title":{"rendered":"Book an appointment online"},"content":{"rendered":"<div class=\"wpb-content-wrapper\"><div class=\"vc_row wpb_row vc_row-fluid vc_custom_1585895166644\"><div class=\"wpb_column vc_column_container vc_col-sm-12\"><div class=\"vc_column-inner\"><div class=\"wpb_wrapper\">\n\t<div class=\"wpb_raw_code wpb_content_element wpb_raw_html\" >\n\t\t<div class=\"wpb_wrapper\">\n\t\t\t<iframe loading=\"lazy\" src=\"https:\/\/4447.etand.se\/$\/\" width=\"1000\" height=\"750\" scrolling=\"auto\" marginwidth=\"0\" marginheight=\"0\" frameborder=\"0\" vspace=\"0\" hspace=\"0\" style=\"width:100%\"> <p>Ihr Browser kann leider keine eingebetteten Frames anzeigen: Sie k\u00f6nnen die Online-Terminbuchung \u00fcber den folgenden Verweis aufrufen: <a href=\"https:\/\/tl.doctena.de\/tandcity\/\">Online-Terminbuchung<\/a> <\/p> <\/iframe>\n\t\t<\/div>\n\t<\/div>\n<\/div><\/div><\/div><\/div>\n<\/div>","protected":false},"excerpt":{"rendered":"Ihr Browser kann leider keine eingebetteten Frames anzeigen: Sie k\u00f6nnen die Online-Terminbuchung \u00fcber den folgenden Verweis aufrufen: Online-Terminbuchung","protected":false},"author":7,"featured_media":0,"parent":0,"menu_order":0,"comment_status":"closed","ping_status":"closed","template":"","meta":{"footnotes":""},"class_list":["post-3222","page","type-page","status-publish"],"yoast_head":"<!-- This site is optimized with the Yoast SEO plugin v25.5 - https:\/\/yoast.com\/wordpress\/plugins\/seo\/ -->\n<title>Boka tid hos tandl\u00e4karen online | TandCity<\/title>\n<meta name=\"description\" content=\"Oavsett om det \u00e4r akut tandv\u00e5rd eller andra tandproblem | Boka tid hos TandCity-tandl\u00e4karen | S\u00e4rskild v\u00e5rd f\u00f6r tandl\u00e4karskr\u00e4ck | Vardagar 7-20 l\u00f6rdag 9-17\" \/>\n<meta name=\"robots\" content=\"noindex, nofollow\" \/>\n<meta name=\"twitter:label1\" content=\"Estimated reading time\" \/>\n\t<meta name=\"twitter:data1\" content=\"1 minute\" \/>\n<!-- \/ Yoast SEO plugin. -->","yoast_head_json":{"title":"Boka tid hos tandl\u00e4karen online | TandCity","description":"Oavsett om det \u00e4r akut tandv\u00e5rd eller andra tandproblem | Boka tid hos TandCity-tandl\u00e4karen | S\u00e4rskild v\u00e5rd f\u00f6r tandl\u00e4karskr\u00e4ck | Vardagar 7-20 l\u00f6rdag 9-17","robots":{"index":"noindex","follow":"nofollow"},"twitter_misc":{"Estimated reading time":"1 minute"},"schema":{"@context":"https:\/\/schema.org","@graph":[{"@type":"WebPage","@id":"https:\/\/tandcity.se\/en\/boka-tid-online\/","url":"https:\/\/tandcity.se\/en\/boka-tid-online\/","name":"Boka tid hos tandl\u00e4karen online | TandCity","isPartOf":{"@id":"https:\/\/tandcity.se\/sv\/#website"},"datePublished":"2020-04-03T06:27:58+00:00","dateModified":"2023-02-22T14:19:29+00:00","description":"Oavsett om det \u00e4r akut tandv\u00e5rd eller andra tandproblem | Boka tid hos TandCity-tandl\u00e4karen | S\u00e4rskild v\u00e5rd f\u00f6r tandl\u00e4karskr\u00e4ck | Vardagar 7-20 l\u00f6rdag 9-17","breadcrumb":{"@id":"https:\/\/tandcity.se\/en\/boka-tid-online\/#breadcrumb"},"inLanguage":"en-GB","potentialAction":[{"@type":"ReadAction","target":["https:\/\/tandcity.se\/en\/boka-tid-online\/"]}]},{"@type":"BreadcrumbList","@id":"https:\/\/tandcity.se\/en\/boka-tid-online\/#breadcrumb","itemListElement":[{"@type":"ListItem","position":1,"name":"Hjem","item":"https:\/\/tandcity.se\/en\/"},{"@type":"ListItem","position":2,"name":"Boka tid online"}]},{"@type":"WebSite","@id":"https:\/\/tandcity.se\/sv\/#website","url":"https:\/\/tandcity.se\/sv\/","name":"TandCity Malm\u00f6","description":"","potentialAction":[{"@type":"SearchAction","target":{"@type":"EntryPoint","urlTemplate":"https:\/\/tandcity.se\/sv\/?s={search_term_string}"},"query-input":{"@type":"PropertyValueSpecification","valueRequired":true,"valueName":"search_term_string"}}],"inLanguage":"en-GB"}]}},"_links":{"self":[{"href":"https:\/\/tandcity.se\/en\/wp-json\/wp\/v2\/pages\/3222","targetHints":{"allow":["GET"]}}],"collection":[{"href":"https:\/\/tandcity.se\/en\/wp-json\/wp\/v2\/pages"}],"about":[{"href":"https:\/\/tandcity.se\/en\/wp-json\/wp\/v2\/types\/page"}],"author":[{"embeddable":true,"href":"https:\/\/tandcity.se\/en\/wp-json\/wp\/v2\/users\/7"}],"replies":[{"embeddable":true,"href":"https:\/\/tandcity.se\/en\/wp-json\/wp\/v2\/comments?post=3222"}],"version-history":[{"count":5,"href":"https:\/\/tandcity.se\/en\/wp-json\/wp\/v2\/pages\/3222\/revisions"}],"predecessor-version":[{"id":4118,"href":"https:\/\/tandcity.se\/en\/wp-json\/wp\/v2\/pages\/3222\/revisions\/4118"}],"wp:attachment":[{"href":"https:\/\/tandcity.se\/en\/wp-json\/wp\/v2\/media?parent=3222"}],"curies":[{"name":"wp","href":"https:\/\/api.w.org\/{rel}","templated":true}]}}