{"id":28,"date":"2016-10-18T08:50:27","date_gmt":"2016-10-18T06:50:27","guid":{"rendered":"https:\/\/tandcity2.wpengine.com\/?page_id=28"},"modified":"2024-01-29T10:05:50","modified_gmt":"2024-01-29T09:05:50","slug":"blekning-pa-kliniken","status":"publish","type":"page","link":"https:\/\/tandcity.se\/en\/teeth-bleaching-malmo\/","title":{"rendered":"Teeth Bleaching"},"content":{"rendered":"<div class=\"wpb-content-wrapper\"><div data-vc-full-width=\"true\" data-vc-full-width-init=\"false\" data-vc-stretch-content=\"true\" class=\"vc_row wpb_row vc_row-fluid fullwidth coverimage vc_custom_1494504816016 vc_row-has-fill\"><div class=\"wpb_column vc_column_container vc_col-sm-12\"><div class=\"vc_column-inner\"><div class=\"wpb_wrapper\"><\/div><\/div><\/div><\/div><div class=\"vc_row-full-width vc_clearfix\"><\/div><div class=\"vc_row wpb_row vc_row-fluid\"><div class=\"wpb_column vc_column_container vc_col-sm-12\"><div class=\"vc_column-inner\"><div class=\"wpb_wrapper\">\n\t<div class=\"wpb_text_column wpb_content_element  introtext\" >\n\t\t<div class=\"wpb_wrapper\">\n\t\t\t<h1>Teeth whitening in Malm\u00f6 - for a beautiful smile<\/h1>\n<p><em>With a beautiful smile, you look more vital and indirectly gain better self-confidence. With professional teeth whitening, the teeth become visibly brighter. The treatment can be done at home or directly with us at TandCity in Malm\u00f6.<\/em><\/p>\n\n\t\t<\/div>\n\t<\/div>\n\n\t<div class=\"wpb_text_column wpb_content_element\" >\n\t\t<div class=\"wpb_wrapper\">\n\t\t\t<h2>Teeth whitening at home or at TandCity<\/h2>\n<p>All people have their own individual shade of tooth enamel from birth. This is genetically determined and partially affects the teeth during growth. The biggest problem, however, is discoloration that occurs when the teeth are exposed to substances with a color-affecting effect. Different food products and drinks, as well as smoking, can also cause discoloration.<\/p>\n<p>Plaque and tartar can be removed with a teeth cleaning, but some of the discoloration may have entered the enamel and will not disappear with a simple teeth cleaning. In medical dentistry, various tooth whitening methods have been used since the end of the 80s to achieve the best possible tooth colors.<\/p>\n<p>At TandCity in Malm\u00f6, we offer two different types of whitening methods: Home whitening or teeth whitening at the clinic. We use Opalescence and Zoom Philips, which are the biggest and best known companies for whitening products.<\/p>\n\n\t\t<\/div>\n\t<\/div>\n<\/div><\/div><\/div><\/div><div class=\"vc_row wpb_row vc_row-fluid\"><div class=\"wpb_column vc_column_container vc_col-sm-6\"><div class=\"vc_column-inner\"><div class=\"wpb_wrapper\">\n\t<div class=\"wpb_text_column wpb_content_element\" >\n\t\t<div class=\"wpb_wrapper\">\n\t\t\t<h2>Teeth whitening at home<\/h2>\n<p>When bleaching at home, two clinic visits are needed. At the first visit, impressions are taken of the teeth and we give you all the necessary information before use. At the second visit, you will receive whitening agents and the whitening trays that have been specially made for your teeth. Now you can start the treatment yourself.<\/p>\n<p>It usually takes one to two weeks to achieve the desired color. The bleaching lasts between six months and two years, depending on what external influences your teeth are exposed to during that time.<\/p>\n<h2><\/h2>\n\n\t\t<\/div>\n\t<\/div>\n<\/div><\/div><\/div><div class=\"wpb_column vc_column_container vc_col-sm-6\"><div class=\"vc_column-inner\"><div class=\"wpb_wrapper\">\n\t<div  class=\"wpb_single_image wpb_content_element vc_align_left  wpb_animate_when_almost_visible wpb_bottom-to-top bottom-to-top\">\n\t\t\n\t\t<figure class=\"wpb_wrapper vc_figure\">\n\t\t\t<div class=\"vc_single_image-wrapper   vc_box_border_grey\"><img loading=\"lazy\" decoding=\"async\" width=\"467\" height=\"461\" src=\"https:\/\/tandcity.se\/wp-content\/uploads\/2016\/10\/professionell-tandblekning-i-malmo.jpg\" class=\"vc_single_image-img attachment-full\" alt=\"Visit a dentist in Malm\u00f6 for help with teeth whitening - TandCity\" title=\"Tandblekning hos tandl\u00e4kare\" srcset=\"https:\/\/tandcity.se\/wp-content\/uploads\/2016\/10\/professionell-tandblekning-i-malmo.jpg 467w, https:\/\/tandcity.se\/wp-content\/uploads\/2016\/10\/professionell-tandblekning-i-malmo-300x296.jpg 300w\" sizes=\"auto, (max-width: 467px) 100vw, 467px\" \/><\/div>\n\t\t<\/figure>\n\t<\/div>\n<\/div><\/div><\/div><\/div><div class=\"vc_row wpb_row vc_row-fluid\"><div class=\"wpb_column vc_column_container vc_col-sm-12\"><div class=\"vc_column-inner\"><div class=\"wpb_wrapper\">\n\t<div class=\"wpb_text_column wpb_content_element\" >\n\t\t<div class=\"wpb_wrapper\">\n\t\t\t<h2>Teeth whitening at the clinic<\/h2>\n<p>White teeth in just 90 minutes! Clinic bleaching is carried out in a significantly shorter time with the help of a highly concentrated bleaching gel. To enhance the effect, a specially developed LED lamp is also used.<\/p>\n\n\t\t<\/div>\n\t<\/div>\n<\/div><\/div><\/div><\/div><div class=\"vc_row wpb_row vc_row-fluid\"><div class=\"wpb_column vc_column_container vc_col-sm-6\"><div class=\"vc_column-inner\"><div class=\"wpb_wrapper\">\n\t<div  class=\"wpb_single_image wpb_content_element vc_align_left  wpb_animate_when_almost_visible wpb_bottom-to-top bottom-to-top\">\n\t\t\n\t\t<figure class=\"wpb_wrapper vc_figure\">\n\t\t\t<div class=\"vc_single_image-wrapper   vc_box_border_grey\"><img loading=\"lazy\" decoding=\"async\" width=\"1000\" height=\"667\" src=\"https:\/\/tandcity.se\/wp-content\/uploads\/2016\/10\/tandblekning.jpg\" class=\"vc_single_image-img attachment-full\" alt=\"Teeth whitening treatment in Malm\u00f6 -TandCity\" title=\"teeth whitening\" srcset=\"https:\/\/tandcity.se\/wp-content\/uploads\/2016\/10\/tandblekning.jpg 1000w, https:\/\/tandcity.se\/wp-content\/uploads\/2016\/10\/tandblekning-300x200.jpg 300w, https:\/\/tandcity.se\/wp-content\/uploads\/2016\/10\/tandblekning-768x512.jpg 768w, https:\/\/tandcity.se\/wp-content\/uploads\/2016\/10\/tandblekning-272x182.jpg 272w\" sizes=\"auto, (max-width: 1000px) 100vw, 1000px\" \/><\/div>\n\t\t<\/figure>\n\t<\/div>\n<\/div><\/div><\/div><div class=\"wpb_column vc_column_container vc_col-sm-6\"><div class=\"vc_column-inner\"><div class=\"wpb_wrapper\">\n\t<div class=\"wpb_text_column wpb_content_element\" >\n\t\t<div class=\"wpb_wrapper\">\n\t\t\t<h2><\/h2>\n<p>Protective material is placed on the gums and a concentrated bleaching agent is applied to the teeth, which should work for 15 minutes on the tooth surface. After this, the jelly is sucked away and a new layer is applied. The procedure is repeated 4 times.<\/p>\n<p>It is common for the teeth to become somewhat sensitive to cold during the first weeks after the treatment. We advise our patients to use a toothpaste for sensitive teeth during this time. We would also like to recommend that you do a general check of the teeth before the treatment. There may be certain risks in carrying out teeth whitening in cases where the teeth are affected by caries or there is a <a href=\"http:\/\/tandcity.se\/en\/gingivitis-periodontitis\/\">gingivitis<\/a>. Something that can lead to bigger problems.<\/p>\n\n\t\t<\/div>\n\t<\/div>\n<\/div><\/div><\/div><\/div><div class=\"vc_row wpb_row vc_row-fluid\"><div class=\"wpb_column vc_column_container vc_col-sm-12\"><div class=\"vc_column-inner\"><div class=\"wpb_wrapper\">\n\t<div class=\"wpb_text_column wpb_content_element\" >\n\t\t<div class=\"wpb_wrapper\">\n\t\t\t<table class=\"table-style1\">\n<tbody>\n<tr>\n<th>Teeth Bleaching<\/th>\n<th>Award<\/th>\n<\/tr>\n<tr>\n<td>Clinic whitening + splints for home whitening<\/td>\n<td>\u00a05500<\/td>\n<\/tr>\n<tr>\n<td>Home bleaching with splints and bleaching gel<\/td>\n<td>\u00a03500<\/td>\n<\/tr>\n<\/tbody>\n<\/table>\n\n\t\t<\/div>\n\t<\/div>\n<\/div><\/div><\/div><\/div><div data-vc-full-width=\"true\" data-vc-full-width-init=\"false\" class=\"vc_row wpb_row vc_row-fluid fullwidth booking_section_responsive vc_custom_1529581651890 vc_row-has-fill vc_row-o-equal-height vc_row-flex\"><div class=\"wpb_column vc_column_container vc_col-sm-12\"><div class=\"vc_column-inner\"><div class=\"wpb_wrapper\">\n\t<div class=\"wpb_text_column wpb_content_element\" >\n\t\t<div class=\"wpb_wrapper\">\n\t\t\t<h2><span style=\"color: #ffffff;\">TandCity \u2013 emergency dental care in Malm\u00f6<\/span><\/h2>\n<p class=\"subtext_online\">Are you in need of an emergency time or do you want to have a time quickly for some other reason?<\/p>\n<p>&nbsp;<\/p>\n<h4><span style=\"color: #ffffff;\">Just calm down, we\u2019ll help you. We understand that some things can\u2019t wait and make sure you get a time as soon as possible. Contact us at phone number 040 23 66 00 or book your time online. Warm welcome!<\/span><\/h4>\n\n\t\t<\/div>\n\t<\/div>\n<div class=\"vc_btn3-container  tandcitygreen vc_btn3-inline vc_custom_1585899873088\" ><a class=\"vc_general vc_btn3 vc_btn3-size-lg vc_btn3-shape-rounded vc_btn3-style-modern vc_btn3-color-green\" href=\"http:\/\/tandcity.se\/en\/boka-tid-online\/\" title=\"Book online\" target=\"_blank\" onclick=\"ga(&#039;send&#039;, &#039;event&#039;, &#039;button&#039;, &#039;click&#039;, &#039;bottom-banner-sv&#039;);\">Book online<\/a><\/div><\/div><\/div><\/div><\/div><div class=\"vc_row-full-width vc_clearfix\"><\/div>\n<\/div>","protected":false},"excerpt":{"rendered":"Tandblekning i Malm\u00f6 \u2013 f\u00f6r ett snyggt leende Med ett vackert leende ser man\u00a0mer vital ut och f\u00e5r indirekt ett <a href=\"https:\/\/tandcity.se\/en\/teeth-bleaching-malmo\/\" class=\"more-link\">...<span class=\"screen-reader-text\">  Teeth Bleaching<\/span><\/a>","protected":false},"author":24,"featured_media":0,"parent":0,"menu_order":0,"comment_status":"closed","ping_status":"closed","template":"","meta":{"footnotes":""},"class_list":["post-28","page","type-page","status-publish"],"yoast_head":"<!-- This site is optimized with the Yoast SEO plugin v25.5 - https:\/\/yoast.com\/wordpress\/plugins\/seo\/ -->\n<title>Tandblekning klinik eller blekning hemma | TandCity Malm\u00f6<\/title>\n<meta name=\"description\" content=\"TandCity Malm\u00f6 erbjuder tandblekning p\u00e5 klinik eller blekning hemma. L\u00e4s mer om v\u00e5ra priser &amp; behandlingar f\u00f6r ett vackert leende. Boka tid hos oss idag!\" \/>\n<meta name=\"robots\" content=\"index, follow, max-snippet:-1, max-image-preview:large, max-video-preview:-1\" \/>\n<link rel=\"canonical\" href=\"https:\/\/tandcity.se\/en\/teeth-bleaching-malmo\/\" \/>\n<meta name=\"twitter:label1\" content=\"Estimated reading time\" \/>\n\t<meta name=\"twitter:data1\" content=\"3 minutes\" \/>\n<!-- \/ Yoast SEO plugin. -->","yoast_head_json":{"title":"Tandblekning klinik eller blekning hemma | TandCity Malm\u00f6","description":"TandCity Malm\u00f6 erbjuder tandblekning p\u00e5 klinik eller blekning hemma. L\u00e4s mer om v\u00e5ra priser & behandlingar f\u00f6r ett vackert leende. Boka tid hos oss idag!","robots":{"index":"index","follow":"follow","max-snippet":"max-snippet:-1","max-image-preview":"max-image-preview:large","max-video-preview":"max-video-preview:-1"},"canonical":"https:\/\/tandcity.se\/en\/teeth-bleaching-malmo\/","twitter_misc":{"Estimated reading time":"3 minutes"},"schema":{"@context":"https:\/\/schema.org","@graph":[{"@type":"WebPage","@id":"https:\/\/tandcity.se\/en\/teeth-bleaching-malmo\/","url":"https:\/\/tandcity.se\/en\/teeth-bleaching-malmo\/","name":"Tandblekning klinik eller blekning hemma | TandCity Malm\u00f6","isPartOf":{"@id":"https:\/\/tandcity.se\/sv\/#website"},"datePublished":"2016-10-18T06:50:27+00:00","dateModified":"2024-01-29T09:05:50+00:00","description":"TandCity Malm\u00f6 erbjuder tandblekning p\u00e5 klinik eller blekning hemma. L\u00e4s mer om v\u00e5ra priser & behandlingar f\u00f6r ett vackert leende. Boka tid hos oss idag!","breadcrumb":{"@id":"https:\/\/tandcity.se\/en\/teeth-bleaching-malmo\/#breadcrumb"},"inLanguage":"en-GB","potentialAction":[{"@type":"ReadAction","target":["https:\/\/tandcity.se\/en\/teeth-bleaching-malmo\/"]}]},{"@type":"BreadcrumbList","@id":"https:\/\/tandcity.se\/en\/teeth-bleaching-malmo\/#breadcrumb","itemListElement":[{"@type":"ListItem","position":1,"name":"Hjem","item":"https:\/\/tandcity.se\/en\/"},{"@type":"ListItem","position":2,"name":"Tandblekning"}]},{"@type":"WebSite","@id":"https:\/\/tandcity.se\/sv\/#website","url":"https:\/\/tandcity.se\/sv\/","name":"TandCity Malm\u00f6","description":"","potentialAction":[{"@type":"SearchAction","target":{"@type":"EntryPoint","urlTemplate":"https:\/\/tandcity.se\/sv\/?s={search_term_string}"},"query-input":{"@type":"PropertyValueSpecification","valueRequired":true,"valueName":"search_term_string"}}],"inLanguage":"en-GB"}]}},"_links":{"self":[{"href":"https:\/\/tandcity.se\/en\/wp-json\/wp\/v2\/pages\/28","targetHints":{"allow":["GET"]}}],"collection":[{"href":"https:\/\/tandcity.se\/en\/wp-json\/wp\/v2\/pages"}],"about":[{"href":"https:\/\/tandcity.se\/en\/wp-json\/wp\/v2\/types\/page"}],"author":[{"embeddable":true,"href":"https:\/\/tandcity.se\/en\/wp-json\/wp\/v2\/users\/24"}],"replies":[{"embeddable":true,"href":"https:\/\/tandcity.se\/en\/wp-json\/wp\/v2\/comments?post=28"}],"version-history":[{"count":4,"href":"https:\/\/tandcity.se\/en\/wp-json\/wp\/v2\/pages\/28\/revisions"}],"predecessor-version":[{"id":4058,"href":"https:\/\/tandcity.se\/en\/wp-json\/wp\/v2\/pages\/28\/revisions\/4058"}],"wp:attachment":[{"href":"https:\/\/tandcity.se\/en\/wp-json\/wp\/v2\/media?parent=28"}],"curies":[{"name":"wp","href":"https:\/\/api.w.org\/{rel}","templated":true}]}}