{"id":27,"date":"2016-10-17T21:21:52","date_gmt":"2016-10-17T19:21:52","guid":{"rendered":"https:\/\/tandcity2.wpengine.com\/?page_id=27"},"modified":"2024-09-25T11:12:44","modified_gmt":"2024-09-25T09:12:44","slug":"tandlakarskrack-malmo","status":"publish","type":"page","link":"https:\/\/tandcity.se\/en\/dental-fear-malmo\/","title":{"rendered":"Treatment of dental fear in adults"},"content":{"rendered":"<div class=\"wpb-content-wrapper\"><div data-vc-full-width=\"true\" data-vc-full-width-init=\"false\" data-vc-stretch-content=\"true\" class=\"vc_row wpb_row vc_row-fluid fullwidth coverimage vc_custom_1494504479834 vc_row-has-fill\"><div class=\"wpb_column vc_column_container vc_col-sm-12\"><div class=\"vc_column-inner\"><div class=\"wpb_wrapper\"><div class=\"vc_empty_space\"   style=\"height: 32px\"><span class=\"vc_empty_space_inner\"><\/span><\/div><div class=\"vc_empty_space\"   style=\"height: 32px\"><span class=\"vc_empty_space_inner\"><\/span><\/div><div class=\"vc_empty_space\"   style=\"height: 32px\"><span class=\"vc_empty_space_inner\"><\/span><\/div><div class=\"vc_empty_space\"   style=\"height: 32px\"><span class=\"vc_empty_space_inner\"><\/span><\/div>\n\t<div class=\"wpb_text_column wpb_content_element\" >\n\t\t<div class=\"wpb_wrapper\">\n\t\t\t<p><a class=\"header_button_boka\" href=\"https:\/\/4447.etand.se\/bookings\/\" target=\"_blank\" rel=\"noopener noreferrer\">Book an appointment online<\/a>\u00a0 \u00a0 <a class=\"header_button_kontakt\" href=\"\/en\/contact\/\">Contact Us<\/a><\/p>\n\n\t\t<\/div>\n\t<\/div>\n<\/div><\/div><\/div><\/div><div class=\"vc_row-full-width vc_clearfix\"><\/div><div class=\"vc_row wpb_row vc_row-fluid\"><div class=\"wpb_column vc_column_container vc_col-sm-12\"><div class=\"vc_column-inner\"><div class=\"wpb_wrapper\">\n\t<div class=\"wpb_text_column wpb_content_element  introtext\" >\n\t\t<div class=\"wpb_wrapper\">\n\t\t\t<h1>Treatment of dental fear in adults<\/h1>\n<p>Many patients suffer from dental fear \u2013 some more, some less. This may be due to bad experiences from previous dental visits. Regardless of how this fear has arisen, our goal is to provide you with the best possible treatment so that you feel safe in the dentist&#039;s chair.<\/p>\n<div id=\"gtx-trans\" style=\"position: absolute; left: 599px; top: -0.5625px;\"><\/div>\n\n\t\t<\/div>\n\t<\/div>\n<\/div><\/div><\/div><\/div><div class=\"vc_row wpb_row vc_row-fluid\"><div class=\"wpb_column vc_column_container vc_col-sm-12\"><div class=\"vc_column-inner\"><div class=\"wpb_wrapper\">\n\t<div class=\"wpb_text_column wpb_content_element\" >\n\t\t<div class=\"wpb_wrapper\">\n\t\t\t<h2>We help cure your fear of the dentist<\/h2>\n\n\t\t<\/div>\n\t<\/div>\n<\/div><\/div><\/div><\/div><div class=\"vc_row wpb_row vc_row-fluid\"><div class=\"wpb_column vc_column_container vc_col-sm-6\"><div class=\"vc_column-inner\"><div class=\"wpb_wrapper\">\n\t<div class=\"wpb_text_column wpb_content_element\" >\n\t\t<div class=\"wpb_wrapper\">\n\t\t\t<p>The patients with a fear of the dentist have become much calmer and more confident after the first treatments at the clinic and are happy to come back to us. If the patient suffers from a great fear of the dentist, we are very keen to try to find special forms of treatment that can facilitate the treatment.<\/p>\n<p>V\u00e5ra <a href=\"https:\/\/tandcity.se\/en\/\">dentist in Malm\u00f6<\/a> arbetar lugnt, metodiskt och f\u00f6rsiktigt i en lugn och behaglig milj\u00f6. Vi informerar kontinuerligt om varje steg i behandlingen. Om du k\u00e4nner minsta r\u00e4dsla eller \u00e4ngslan under behandlingen, g\u00f6r vi uppeh\u00e5ll och forts\u00e4tter f\u00f6rst n\u00e4r du k\u00e4nner dig lugn och redo att forts\u00e4tta igen. Vi vet att man kan vara olika k\u00e4nslig olika dagar. V\u00e5rt arbete syftar till att hj\u00e4lpa dig oavsett tandv\u00e5rdssituation, men sj\u00e4lvklart \u00e4r det alltid du som patient som best\u00e4mmer vad som skall g\u00f6ras.<\/p>\n\n\t\t<\/div>\n\t<\/div>\n<\/div><\/div><\/div><div class=\"wpb_column vc_column_container vc_col-sm-6\"><div class=\"vc_column-inner\"><div class=\"wpb_wrapper\">\n\t<div  class=\"wpb_single_image wpb_content_element vc_align_left\">\n\t\t\n\t\t<figure class=\"wpb_wrapper vc_figure\">\n\t\t\t<div class=\"vc_single_image-wrapper   vc_box_border_grey\"><img loading=\"lazy\" decoding=\"async\" width=\"883\" height=\"589\" src=\"https:\/\/tandcity.se\/wp-content\/uploads\/2016\/10\/Slip-af-med-tandl\u00e6geskr\u00e6k.jpg\" class=\"vc_single_image-img attachment-full\" alt=\"Get help to cure your fear of the dentist - TandCity\" title=\"Behandl tandl\u00e6geskr\u00e6k\" srcset=\"https:\/\/tandcity.se\/wp-content\/uploads\/2016\/10\/Slip-af-med-tandl\u00e6geskr\u00e6k.jpg 883w, https:\/\/tandcity.se\/wp-content\/uploads\/2016\/10\/Slip-af-med-tandl\u00e6geskr\u00e6k-300x200.jpg 300w, https:\/\/tandcity.se\/wp-content\/uploads\/2016\/10\/Slip-af-med-tandl\u00e6geskr\u00e6k-768x512.jpg 768w, https:\/\/tandcity.se\/wp-content\/uploads\/2016\/10\/Slip-af-med-tandl\u00e6geskr\u00e6k-272x182.jpg 272w\" sizes=\"auto, (max-width: 883px) 100vw, 883px\" \/><\/div>\n\t\t<\/figure>\n\t<\/div>\n<\/div><\/div><\/div><\/div><div class=\"vc_row wpb_row vc_row-fluid\"><div class=\"wpb_column vc_column_container vc_col-sm-12\"><div class=\"vc_column-inner\"><div class=\"wpb_wrapper\">\n\t<div class=\"wpb_text_column wpb_content_element\" >\n\t\t<div class=\"wpb_wrapper\">\n\t\t\t<h2>Treat dental fear with anesthesia<\/h2>\n<p>If, despite calming methods, you still feel fear or stress, we can also offer sedatives before the treatment. We use Benzodiazepine (so-called Dormicum), an agent that mainly reduces anxiety and relaxes the muscles. You become calmer but do not fall asleep. Something that is beneficial when it comes to patients who have difficulty overcoming their fear of the dentist.<\/p>\n\n\t\t<\/div>\n\t<\/div>\n<\/div><\/div><\/div><\/div><div class=\"vc_row wpb_row vc_row-fluid\"><div class=\"wpb_column vc_column_container vc_col-sm-6\"><div class=\"vc_column-inner\"><div class=\"wpb_wrapper\">\n\t<div  class=\"wpb_single_image wpb_content_element vc_align_left\">\n\t\t\n\t\t<figure class=\"wpb_wrapper vc_figure\">\n\t\t\t<div class=\"vc_single_image-wrapper   vc_box_border_grey\"><img loading=\"lazy\" decoding=\"async\" width=\"1200\" height=\"800\" src=\"https:\/\/tandcity.se\/wp-content\/uploads\/2016\/10\/TandCity-Sverige-1.jpg\" class=\"vc_single_image-img attachment-full\" alt=\"Narcotics for fear of the dentist - TandCity\" title=\"Narcotics for fear of the dentist - TandCity\" srcset=\"https:\/\/tandcity.se\/wp-content\/uploads\/2016\/10\/TandCity-Sverige-1.jpg 1200w, https:\/\/tandcity.se\/wp-content\/uploads\/2016\/10\/TandCity-Sverige-1-300x200.jpg 300w, https:\/\/tandcity.se\/wp-content\/uploads\/2016\/10\/TandCity-Sverige-1-768x512.jpg 768w, https:\/\/tandcity.se\/wp-content\/uploads\/2016\/10\/TandCity-Sverige-1-1024x683.jpg 1024w, https:\/\/tandcity.se\/wp-content\/uploads\/2016\/10\/TandCity-Sverige-1-272x182.jpg 272w\" sizes=\"auto, (max-width: 1200px) 100vw, 1200px\" \/><\/div>\n\t\t<\/figure>\n\t<\/div>\n<\/div><\/div><\/div><div class=\"wpb_column vc_column_container vc_col-sm-6\"><div class=\"vc_column-inner\"><div class=\"wpb_wrapper\">\n\t<div class=\"wpb_text_column wpb_content_element\" >\n\t\t<div class=\"wpb_wrapper\">\n\t\t\t<p>In some cases, patients are given treatment during <a href=\"http:\/\/tandcity.se\/en\/narkostandvard-malmo\/\">anesthetic<\/a>. It may be necessary, especially in the case of treatments that may be experienced by the patient as painful.<\/p>\n<p>During full anesthesia, the body can cope with several phases that normally do not pose a problem for a healthy person. However, there may be risks with full anesthesia, which must be taken into account.<br \/>\nAt TandCity, we primarily want to recommend sedatives instead of full anesthesia.<\/p>\n<p>It is important to us that you feel calm and at ease with us so that we can give you the very best treatment.<\/p>\n\n\t\t<\/div>\n\t<\/div>\n<\/div><\/div><\/div><\/div><div data-vc-full-width=\"true\" data-vc-full-width-init=\"false\" class=\"vc_row wpb_row vc_row-fluid fullwidth booking_section_responsive vc_custom_1529576714633 vc_row-has-fill vc_row-o-equal-height vc_row-flex\"><div class=\"wpb_column vc_column_container vc_col-sm-12\"><div class=\"vc_column-inner\"><div class=\"wpb_wrapper\">\n\t<div class=\"wpb_text_column wpb_content_element\" >\n\t\t<div class=\"wpb_wrapper\">\n\t\t\t<h2><span style=\"color: #ffffff;\">TandCity \u2013 emergency dental care in Malm\u00f6<\/span><\/h2>\n<p class=\"subtext_online\">Are you in need of an emergency time or do you want to have a time quickly for some other reason?<\/p>\n<p>&nbsp;<\/p>\n<h4><span style=\"color: #ffffff;\">Just calm down, we\u2019ll help you. We understand that some things can\u2019t wait and make sure you get a time as soon as possible. Contact us at phone number 040 23 66 00 or book your time online. Warm welcome!<\/span><\/h4>\n\n\t\t<\/div>\n\t<\/div>\n<div class=\"vc_btn3-container  tandcitygreen vc_btn3-inline vc_custom_1585898026289\" ><a class=\"vc_general vc_btn3 vc_btn3-size-lg vc_btn3-shape-rounded vc_btn3-style-modern vc_btn3-color-green\" href=\"http:\/\/tandcity.se\/en\/boka-tid-online\/\" title=\"Book online\" target=\"_blank\" onclick=\"ga(&#039;send&#039;, &#039;event&#039;, &#039;button&#039;, &#039;click&#039;, &#039;bottom-banner-sv&#039;);\">Book online<\/a><\/div><\/div><\/div><\/div><\/div><div class=\"vc_row-full-width vc_clearfix\"><\/div>\n<\/div>","protected":false},"excerpt":{"rendered":"Boka tid online\u00a0 \u00a0 Kontakta oss Behandling av tandl\u00e4karskr\u00e4ck hos vuxna M\u00e5nga\u00a0patienter lider av tandl\u00e4karskr\u00e4ck - vissa mer, vissa mindre.\u00a0Detta <a href=\"https:\/\/tandcity.se\/en\/dental-fear-malmo\/\" class=\"more-link\">...<span class=\"screen-reader-text\">  Treatment of dental fear in adults<\/span><\/a>","protected":false},"author":24,"featured_media":0,"parent":0,"menu_order":0,"comment_status":"closed","ping_status":"closed","template":"","meta":{"footnotes":""},"class_list":["post-27","page","type-page","status-publish"],"yoast_head":"<!-- This site is optimized with the Yoast SEO plugin v25.5 - https:\/\/yoast.com\/wordpress\/plugins\/seo\/ -->\n<title>Tandl\u00e4karskr\u00e4ck Malm\u00f6 - tandl\u00e4kare f\u00f6r r\u00e4dda | TandCity<\/title>\n<meta name=\"description\" content=\"Besv\u00e4ras du i Malm\u00f6 av tandl\u00e4karskr\u00e4ck? Vi p\u00e5 TandCity erbjuder tandl\u00e4kare f\u00f6r r\u00e4dda &amp; har l\u00e5ng erfarenhet av tandl\u00e4karskr\u00e4ck hos vuxna. Boka tid idag!\" \/>\n<meta name=\"robots\" content=\"index, follow, max-snippet:-1, max-image-preview:large, max-video-preview:-1\" \/>\n<link rel=\"canonical\" href=\"https:\/\/tandcity.se\/en\/dental-fear-malmo\/\" \/>\n<meta name=\"twitter:label1\" content=\"Estimated reading time\" \/>\n\t<meta name=\"twitter:data1\" content=\"3 minutes\" \/>\n<!-- \/ Yoast SEO plugin. -->","yoast_head_json":{"title":"Tandl\u00e4karskr\u00e4ck Malm\u00f6 - tandl\u00e4kare f\u00f6r r\u00e4dda | TandCity","description":"Besv\u00e4ras du i Malm\u00f6 av tandl\u00e4karskr\u00e4ck? Vi p\u00e5 TandCity erbjuder tandl\u00e4kare f\u00f6r r\u00e4dda & har l\u00e5ng erfarenhet av tandl\u00e4karskr\u00e4ck hos vuxna. Boka tid idag!","robots":{"index":"index","follow":"follow","max-snippet":"max-snippet:-1","max-image-preview":"max-image-preview:large","max-video-preview":"max-video-preview:-1"},"canonical":"https:\/\/tandcity.se\/en\/dental-fear-malmo\/","twitter_misc":{"Estimated reading time":"3 minutes"},"schema":{"@context":"https:\/\/schema.org","@graph":[{"@type":"WebPage","@id":"https:\/\/tandcity.se\/sv\/tandlakarskrack-malmo\/","url":"https:\/\/tandcity.se\/sv\/tandlakarskrack-malmo\/","name":"Tandl\u00e4karskr\u00e4ck Malm\u00f6 - tandl\u00e4kare f\u00f6r r\u00e4dda | TandCity","isPartOf":{"@id":"https:\/\/tandcity.se\/sv\/#website"},"datePublished":"2016-10-17T19:21:52+00:00","dateModified":"2024-09-25T09:12:44+00:00","description":"Besv\u00e4ras du i Malm\u00f6 av tandl\u00e4karskr\u00e4ck? Vi p\u00e5 TandCity erbjuder tandl\u00e4kare f\u00f6r r\u00e4dda & har l\u00e5ng erfarenhet av tandl\u00e4karskr\u00e4ck hos vuxna. Boka tid idag!","breadcrumb":{"@id":"https:\/\/tandcity.se\/sv\/tandlakarskrack-malmo\/#breadcrumb"},"inLanguage":"en-GB","potentialAction":[{"@type":"ReadAction","target":["https:\/\/tandcity.se\/sv\/tandlakarskrack-malmo\/"]}]},{"@type":"BreadcrumbList","@id":"https:\/\/tandcity.se\/sv\/tandlakarskrack-malmo\/#breadcrumb","itemListElement":[{"@type":"ListItem","position":1,"name":"Hjem","item":"https:\/\/tandcity.se\/en\/"},{"@type":"ListItem","position":2,"name":"Behandling av tandl\u00e4karskr\u00e4ck hos vuxna"}]},{"@type":"WebSite","@id":"https:\/\/tandcity.se\/sv\/#website","url":"https:\/\/tandcity.se\/sv\/","name":"TandCity Malm\u00f6","description":"","potentialAction":[{"@type":"SearchAction","target":{"@type":"EntryPoint","urlTemplate":"https:\/\/tandcity.se\/sv\/?s={search_term_string}"},"query-input":{"@type":"PropertyValueSpecification","valueRequired":true,"valueName":"search_term_string"}}],"inLanguage":"en-GB"}]}},"_links":{"self":[{"href":"https:\/\/tandcity.se\/en\/wp-json\/wp\/v2\/pages\/27","targetHints":{"allow":["GET"]}}],"collection":[{"href":"https:\/\/tandcity.se\/en\/wp-json\/wp\/v2\/pages"}],"about":[{"href":"https:\/\/tandcity.se\/en\/wp-json\/wp\/v2\/types\/page"}],"author":[{"embeddable":true,"href":"https:\/\/tandcity.se\/en\/wp-json\/wp\/v2\/users\/24"}],"replies":[{"embeddable":true,"href":"https:\/\/tandcity.se\/en\/wp-json\/wp\/v2\/comments?post=27"}],"version-history":[{"count":11,"href":"https:\/\/tandcity.se\/en\/wp-json\/wp\/v2\/pages\/27\/revisions"}],"predecessor-version":[{"id":4376,"href":"https:\/\/tandcity.se\/en\/wp-json\/wp\/v2\/pages\/27\/revisions\/4376"}],"wp:attachment":[{"href":"https:\/\/tandcity.se\/en\/wp-json\/wp\/v2\/media?parent=27"}],"curies":[{"name":"wp","href":"https:\/\/api.w.org\/{rel}","templated":true}]}}