{"id":2000,"date":"2017-12-19T07:02:31","date_gmt":"2017-12-19T06:02:31","guid":{"rendered":"http:\/\/tandcity.se\/sv\/?page_id=2000"},"modified":"2024-01-29T10:06:32","modified_gmt":"2024-01-29T09:06:32","slug":"invisalign","status":"publish","type":"page","link":"https:\/\/tandcity.se\/en\/invisalign\/","title":{"rendered":"Invisalign"},"content":{"rendered":"<div class=\"wpb-content-wrapper\"><div data-vc-full-width=\"true\" data-vc-full-width-init=\"false\" data-vc-stretch-content=\"true\" class=\"vc_row wpb_row vc_row-fluid fullwidth coverimage vc_custom_1528186351798 vc_row-has-fill\"><div class=\"wpb_column vc_column_container vc_col-sm-12\"><div class=\"vc_column-inner\"><div class=\"wpb_wrapper\"><\/div><\/div><\/div><\/div><div class=\"vc_row-full-width vc_clearfix\"><\/div><div class=\"vc_row wpb_row vc_row-fluid\"><div class=\"wpb_column vc_column_container vc_col-sm-12\"><div class=\"vc_column-inner\"><div class=\"wpb_wrapper\">\n\t<div class=\"wpb_text_column wpb_content_element  introtext\" >\n\t\t<div class=\"wpb_wrapper\">\n\t\t\t<h1>Professional Invisalign treatment in Malm\u00f6<\/h1>\n<p><em>A beautiful smile can change everything, your confidence, your appearance, your life. If you are not satisfied with your current smile, read here what Invisalign can do for you!<\/em><\/p>\n<p><em>With the help of a new technology, transparent rails, so-called <strong>Invisalign\u00a0Aligner<\/strong>, is produced individually. A range of problems can then be solved, from simple misalignments to complicated cases. The best thing about the method is that your everyday life is not affected by its use.<\/em><\/p>\n\n\t\t<\/div>\n\t<\/div>\n<\/div><\/div><\/div><\/div><div class=\"vc_row wpb_row vc_row-fluid\"><div class=\"wpb_column vc_column_container vc_col-sm-12\"><div class=\"vc_column-inner\"><div class=\"wpb_wrapper\">\n\t<div class=\"wpb_text_column wpb_content_element\" >\n\t\t<div class=\"wpb_wrapper\">\n\t\t\t<h2>What is Invisalign?<\/h2>\n\n\t\t<\/div>\n\t<\/div>\n<\/div><\/div><\/div><\/div><div class=\"vc_row wpb_row vc_row-fluid\"><div class=\"wpb_column vc_column_container vc_col-sm-6\"><div class=\"vc_column-inner\"><div class=\"wpb_wrapper\">\n\t<div class=\"wpb_text_column wpb_content_element\" >\n\t\t<div class=\"wpb_wrapper\">\n\t\t\t<p>Through the use of a series of individually manufactured, removable and almost invisible Invisalign splints, the so-called Inman Aligner, your teeth are gradually corrected.<\/p>\n<p>Each set of Aligner splints must be used for 2-3 weeks. Then you take a new set. With the set, the teeth are gradually corrected -week by week, step by step, until a final result is reached. The number of required Invisalign aligners as well as treatment time depends on how complicated the case is.<\/p>\n\n\t\t<\/div>\n\t<\/div>\n<\/div><\/div><\/div><div class=\"wpb_column vc_column_container vc_col-sm-6\"><div class=\"vc_column-inner\"><div class=\"wpb_wrapper\">\n\t<div  class=\"wpb_single_image wpb_content_element vc_align_center\">\n\t\t\n\t\t<figure class=\"wpb_wrapper vc_figure\">\n\t\t\t<div class=\"vc_single_image-wrapper   vc_box_border_grey\"><img loading=\"lazy\" decoding=\"async\" width=\"799\" height=\"533\" src=\"https:\/\/tandcity.se\/wp-content\/uploads\/2016\/10\/invisalign-tandstallning.jpg\" class=\"vc_single_image-img attachment-full\" alt=\"Professional Invisalign treatment in Malm\u00f6 -TandCity\" title=\"invisalign\" srcset=\"https:\/\/tandcity.se\/wp-content\/uploads\/2016\/10\/invisalign-tandstallning.jpg 799w, https:\/\/tandcity.se\/wp-content\/uploads\/2016\/10\/invisalign-tandstallning-300x200.jpg 300w, https:\/\/tandcity.se\/wp-content\/uploads\/2016\/10\/invisalign-tandstallning-768x512.jpg 768w, https:\/\/tandcity.se\/wp-content\/uploads\/2016\/10\/invisalign-tandstallning-272x182.jpg 272w\" sizes=\"auto, (max-width: 799px) 100vw, 799px\" \/><\/div>\n\t\t<\/figure>\n\t<\/div>\n<\/div><\/div><\/div><\/div><div class=\"vc_row wpb_row vc_row-fluid\"><div class=\"wpb_column vc_column_container vc_col-sm-12\"><div class=\"vc_column-inner\"><div class=\"wpb_wrapper\">\n\t<div class=\"wpb_text_column wpb_content_element\" >\n\t\t<div class=\"wpb_wrapper\">\n\t\t\t<ul>\n<li><strong>Comfortable<\/strong><em>\u00a0<\/em>- No metal wires or staples are needed, which can irritate the mouth and gums. Aligner sets are adapted to your teeth and are comfortable to use. You may feel a brief slight discomfort when transitioning to each new Aligner set, but this is just a sign that the shift has begun and the discomfort will disappear quickly.<\/li>\n<li><strong>Removable<\/strong> - You can take out the Aligner set before you eat, when you have to perform your daily oral hygiene and in case of special needs.<\/li>\n<li><strong>Almost invisible<\/strong><em> \u2013<\/em> Invisalign Aligners are almost transparent. They are easily integrated into your own lifestyle. No one notices that you are treating the teeth with this method.<\/li>\n<\/ul>\n\n\t\t<\/div>\n\t<\/div>\n<\/div><\/div><\/div><\/div><div class=\"vc_row wpb_row vc_row-fluid\"><div class=\"wpb_column vc_column_container vc_col-sm-12\"><div class=\"vc_column-inner\"><div class=\"wpb_wrapper\">\n\t<div class=\"wpb_text_column wpb_content_element\" >\n\t\t<div class=\"wpb_wrapper\">\n\t\t\t<h2>How does Invisalign work and how do you proceed?<\/h2>\n\n\t\t<\/div>\n\t<\/div>\n<\/div><\/div><\/div><\/div><div class=\"vc_row wpb_row vc_row-fluid\"><div class=\"wpb_column vc_column_container vc_col-sm-6\"><div class=\"vc_column-inner\"><div class=\"wpb_wrapper\">\n\t<div  class=\"wpb_single_image wpb_content_element vc_align_left\">\n\t\t\n\t\t<figure class=\"wpb_wrapper vc_figure\">\n\t\t\t<div class=\"vc_single_image-wrapper   vc_box_border_grey\"><img loading=\"lazy\" decoding=\"async\" width=\"600\" height=\"483\" src=\"https:\/\/tandcity.se\/wp-content\/uploads\/2016\/10\/Invisalign.jpg\" class=\"vc_single_image-img attachment-full\" alt=\"With the help of a new technologist Invisalign in Malm\u00f6 -TandCity\" title=\"Invisalign\" srcset=\"https:\/\/tandcity.se\/wp-content\/uploads\/2016\/10\/Invisalign.jpg 600w, https:\/\/tandcity.se\/wp-content\/uploads\/2016\/10\/Invisalign-300x242.jpg 300w\" sizes=\"auto, (max-width: 600px) 100vw, 600px\" \/><\/div>\n\t\t<\/figure>\n\t<\/div>\n<\/div><\/div><\/div><div class=\"wpb_column vc_column_container vc_col-sm-6\"><div class=\"vc_column-inner\"><div class=\"wpb_wrapper\">\n\t<div class=\"wpb_text_column wpb_content_element\" >\n\t\t<div class=\"wpb_wrapper\">\n\t\t\t<p>You book an appointment with one of our Invisalign certified experts, to get information and find out how your own personal treatment should go. The next step is to have your teeth photographed and an impression taken. The photos and prints are sent to a special laboratory in the USA.<\/p>\n<p>After about two weeks, a new appointment is booked with an invisalign specialist to see the treatment plan via a virtual 3-D software. The program shows the planned end result and indicates the time for the treatment. Two weeks later, your Invisalign journey begins and you receive your first two Aligner sets.<\/p>\n<p>You should start using the first set immediately. You take the other set home to use later.<\/p>\n<p>After a month, when you have used both sets for two weeks each, you book a new appointment with your specialist at TandCity in Malm\u00f6 to get new Aligner sets. In this way the procedure continues until the desired result is achieved.<\/p>\n<p>Convenient, almost invisible, removable - read why <a href=\"http:\/\/www.invisalign.se\/the-results\" target=\"_blank\" rel=\"noopener noreferrer\">4 million people worldwide have been treated with Invisalign<\/a>! Are you ready for a new smile?<\/p>\n\n\t\t<\/div>\n\t<\/div>\n<\/div><\/div><\/div><\/div><div data-vc-full-width=\"true\" data-vc-full-width-init=\"false\" class=\"vc_row wpb_row vc_row-fluid fullwidth booking_section_responsive vc_custom_1529581559465 vc_row-has-fill vc_row-o-equal-height vc_row-flex\"><div class=\"wpb_column vc_column_container vc_col-sm-12\"><div class=\"vc_column-inner\"><div class=\"wpb_wrapper\">\n\t<div class=\"wpb_text_column wpb_content_element\" >\n\t\t<div class=\"wpb_wrapper\">\n\t\t\t<h2><span style=\"color: #ffffff;\">TandCity \u2013 emergency dental care in Malm\u00f6<\/span><\/h2>\n<p class=\"subtext_online\">Are you in need of an emergency time or do you want to have a time quickly for some other reason?<\/p>\n<p>&nbsp;<\/p>\n<h4><span style=\"color: #ffffff;\">Just calm down, we\u2019ll help you. We understand that some things can\u2019t wait and make sure you get a time as soon as possible. Contact us at phone number 040 23 66 00 or book your time online. Warm welcome!<\/span><\/h4>\n\n\t\t<\/div>\n\t<\/div>\n<div class=\"vc_btn3-container  tandcitygreen vc_btn3-inline\" ><a class=\"vc_general vc_btn3 vc_btn3-size-lg vc_btn3-shape-rounded vc_btn3-style-modern vc_btn3-color-green\" href=\"http:\/\/tandcity.se\/en\/boka-tid-online\/\" title=\"\" target=\"_blank\" onclick=\"ga(&#039;send&#039;, &#039;event&#039;, &#039;button&#039;, &#039;click&#039;, &#039;bottom-banner-sv&#039;);\">Book online<\/a><\/div><\/div><\/div><\/div><\/div><div class=\"vc_row-full-width vc_clearfix\"><\/div>\n<\/div>","protected":false},"excerpt":{"rendered":"Professionell Invisalign-behandling i Malm\u00f6 Ett vackert leende kan f\u00f6r\u00e4ndra allt, ditt\u00a0sj\u00e4lvf\u00f6rtroende, ditt\u00a0utseende, ditt\u00a0liv. Om du\u00a0inte \u00e4r n\u00f6jd med ditt\u00a0nuvarande leende, <a href=\"https:\/\/tandcity.se\/en\/invisalign\/\" class=\"more-link\">...<span class=\"screen-reader-text\">  Invisalign<\/span><\/a>","protected":false},"author":7,"featured_media":0,"parent":0,"menu_order":0,"comment_status":"closed","ping_status":"closed","template":"","meta":{"footnotes":""},"class_list":["post-2000","page","type-page","status-publish"],"yoast_head":"<!-- This site is optimized with the Yoast SEO plugin v25.5 - https:\/\/yoast.com\/wordpress\/plugins\/seo\/ -->\n<title>Invisalign Malm\u00f6 - Osynlig tandst\u00e4llning - Priser | TandCity<\/title>\n<meta name=\"description\" content=\"TandCity i Malm\u00f6 erbjuder Invisalign - en osynlig, uttagbar &amp; smidig tandst\u00e4llning som korrigerar t\u00e4nderna f\u00f6r ett vackert leende. Boka tid idag!\" \/>\n<meta name=\"robots\" content=\"index, follow, max-snippet:-1, max-image-preview:large, max-video-preview:-1\" \/>\n<link rel=\"canonical\" href=\"https:\/\/tandcity.se\/en\/invisalign\/\" \/>\n<meta name=\"twitter:label1\" content=\"Estimated reading time\" \/>\n\t<meta name=\"twitter:data1\" content=\"3 minutes\" \/>\n<!-- \/ Yoast SEO plugin. -->","yoast_head_json":{"title":"Invisalign Malm\u00f6 - Osynlig tandst\u00e4llning - Priser | TandCity","description":"TandCity i Malm\u00f6 erbjuder Invisalign - en osynlig, uttagbar & smidig tandst\u00e4llning som korrigerar t\u00e4nderna f\u00f6r ett vackert leende. Boka tid idag!","robots":{"index":"index","follow":"follow","max-snippet":"max-snippet:-1","max-image-preview":"max-image-preview:large","max-video-preview":"max-video-preview:-1"},"canonical":"https:\/\/tandcity.se\/en\/invisalign\/","twitter_misc":{"Estimated reading time":"3 minutes"},"schema":{"@context":"https:\/\/schema.org","@graph":[{"@type":"WebPage","@id":"https:\/\/tandcity.se\/en\/invisalign\/","url":"https:\/\/tandcity.se\/en\/invisalign\/","name":"Invisalign Malm\u00f6 - Osynlig tandst\u00e4llning - Priser | TandCity","isPartOf":{"@id":"https:\/\/tandcity.se\/sv\/#website"},"datePublished":"2017-12-19T06:02:31+00:00","dateModified":"2024-01-29T09:06:32+00:00","description":"TandCity i Malm\u00f6 erbjuder Invisalign - en osynlig, uttagbar & smidig tandst\u00e4llning som korrigerar t\u00e4nderna f\u00f6r ett vackert leende. Boka tid idag!","breadcrumb":{"@id":"https:\/\/tandcity.se\/en\/invisalign\/#breadcrumb"},"inLanguage":"en-GB","potentialAction":[{"@type":"ReadAction","target":["https:\/\/tandcity.se\/en\/invisalign\/"]}]},{"@type":"BreadcrumbList","@id":"https:\/\/tandcity.se\/en\/invisalign\/#breadcrumb","itemListElement":[{"@type":"ListItem","position":1,"name":"Hjem","item":"https:\/\/tandcity.se\/en\/"},{"@type":"ListItem","position":2,"name":"Invisalign"}]},{"@type":"WebSite","@id":"https:\/\/tandcity.se\/sv\/#website","url":"https:\/\/tandcity.se\/sv\/","name":"TandCity Malm\u00f6","description":"","potentialAction":[{"@type":"SearchAction","target":{"@type":"EntryPoint","urlTemplate":"https:\/\/tandcity.se\/sv\/?s={search_term_string}"},"query-input":{"@type":"PropertyValueSpecification","valueRequired":true,"valueName":"search_term_string"}}],"inLanguage":"en-GB"}]}},"_links":{"self":[{"href":"https:\/\/tandcity.se\/en\/wp-json\/wp\/v2\/pages\/2000","targetHints":{"allow":["GET"]}}],"collection":[{"href":"https:\/\/tandcity.se\/en\/wp-json\/wp\/v2\/pages"}],"about":[{"href":"https:\/\/tandcity.se\/en\/wp-json\/wp\/v2\/types\/page"}],"author":[{"embeddable":true,"href":"https:\/\/tandcity.se\/en\/wp-json\/wp\/v2\/users\/7"}],"replies":[{"embeddable":true,"href":"https:\/\/tandcity.se\/en\/wp-json\/wp\/v2\/comments?post=2000"}],"version-history":[{"count":5,"href":"https:\/\/tandcity.se\/en\/wp-json\/wp\/v2\/pages\/2000\/revisions"}],"predecessor-version":[{"id":4056,"href":"https:\/\/tandcity.se\/en\/wp-json\/wp\/v2\/pages\/2000\/revisions\/4056"}],"wp:attachment":[{"href":"https:\/\/tandcity.se\/en\/wp-json\/wp\/v2\/media?parent=2000"}],"curies":[{"name":"wp","href":"https:\/\/api.w.org\/{rel}","templated":true}]}}