{"id":1538,"date":"2017-08-29T20:34:02","date_gmt":"2017-08-29T18:34:02","guid":{"rendered":"http:\/\/tandcity.se\/sv\/?page_id=1538"},"modified":"2025-08-11T22:37:48","modified_gmt":"2025-08-11T20:37:48","slug":"tandlakare-malmo","status":"publish","type":"page","link":"https:\/\/tandcity.se\/en\/tandlakare-malmo\/","title":{"rendered":"Dentist in Malm\u00f6"},"content":{"rendered":"<div class=\"wpb-content-wrapper\"><div class=\"vc_row wpb_row vc_row-fluid fullwidth coverimage vc_custom_1737901608117 vc_row-has-fill\"><div class=\"wpb_column vc_column_container vc_col-sm-12\"><div class=\"vc_column-inner\"><div class=\"wpb_wrapper\"><div class=\"vc_empty_space\"   style=\"height: 32px\"><span class=\"vc_empty_space_inner\"><\/span><\/div><\/div><\/div><\/div><\/div><div class=\"vc_row wpb_row vc_row-fluid\"><div class=\"wpb_column vc_column_container vc_col-sm-12\"><div class=\"vc_column-inner\"><div class=\"wpb_wrapper\">\n\t<div class=\"wpb_text_column wpb_content_element  introtext\" >\n\t\t<div class=\"wpb_wrapper\">\n\t\t\t<h1>Book an appointment with the Dentist in Malm\u00f6<\/h1>\n<h2>TandCity&#039;s dentists in Malm\u00f6 offer all treatments with a constant focus on excellent Swedish dental care of the highest quality. We offer professionalism, expertise and always individually adapted treatment.<\/h2>\n\n\t\t<\/div>\n\t<\/div>\n<\/div><\/div><\/div><\/div><div class=\"vc_row wpb_row vc_row-fluid\"><div class=\"wpb_column vc_column_container vc_col-sm-6\"><div class=\"vc_column-inner\"><div class=\"wpb_wrapper\">\n\t<div class=\"wpb_text_column wpb_content_element\" >\n\t\t<div class=\"wpb_wrapper\">\n\t\t\t<h2>We are different. Our vision is to make high-quality dental care available to everyone. Without compromises.<\/h2>\n<p>We are a unique group of people who are passionate about our profession and who want to do our utmost to offer high-class\u00a0<a href=\"http:\/\/tandcity.se\/en\/dentist-malmo-prices\/\">dental care at reasonable prices<\/a>\u00a0- for all! All smiles are unique and should be treated accordingly. We put you as a patient in focus and always do our best to find the right solution for you. Satisfied customers come back and our goal is that all patients who come through our doors should be able to feel our commitment and want to come back. TandCity&#039;s dentist Malm\u00f6 is here for you.<\/p>\n<p><strong>The basic pillars of TandCity&#039;s concept are:<\/strong><\/p>\n<p>QUALITY\u00a0<strong>\u2013\u00a0<\/strong>We want to be proud of the dental care we deliver. Our competent staff works together with the most outstanding dental technicians in Sweden to give you the absolute best. The latest materials and the latest technology give us the ability to deliver <a href=\"http:\/\/tandcity.se\/en\/\">dental care of the highest class<\/a>. In this way, our patients can feel safe. We never skimp on quality.<\/p>\n<p>AVAILABILITY\u00a0<strong>\u2013<\/strong>\u00a0It should be smooth and easy to get to us. That is why we have chosen to place ourselves in the absolute best location in Malm\u00f6 - opposite Malm\u00f6 central station.<\/p>\n<p>SERVICE - We understand that it is difficult to find time in a stressful everyday life. To make it easier for you, we are therefore open from early morning to late evening, including Saturdays. You can also <a href=\"http:\/\/tandcity.se\/en\/boka-tid-online\/\">book your appointment online<\/a>\u00a0via our website - around the clock.<\/p>\n<h2><\/h2>\n\n\t\t<\/div>\n\t<\/div>\n<\/div><\/div><\/div><div class=\"wpb_column vc_column_container vc_col-sm-6\"><div class=\"vc_column-inner\"><div class=\"wpb_wrapper\">\n\t<div  class=\"wpb_single_image wpb_content_element vc_align_left\">\n\t\t\n\t\t<figure class=\"wpb_wrapper vc_figure\">\n\t\t\t<div class=\"vc_single_image-wrapper   vc_box_border_grey\"><img loading=\"lazy\" decoding=\"async\" width=\"768\" height=\"512\" src=\"https:\/\/tandcity.se\/wp-content\/uploads\/2017\/08\/IMG_5091.jpg\" class=\"vc_single_image-img attachment-full\" alt=\"Tv\u00e5 tandl\u00e4kare och grundare av TandCity Malm\u00f6 poserar tillsammans.Bild p\u00e5 tandl\u00e4kare i Malm\u00f6 som levererar h\u00f6gkvalitativ v\u00e5rd\" title=\"Tv\u00e5 erfarna tandl\u00e4kare och grundare av TandCity Malm\u00f6 - Din trygga v\u00e4g till ett vackert leendeTandl\u00e4kare i Malm\u00f6 - Kvalitetss\u00e4krad v\u00e5rd\" srcset=\"https:\/\/tandcity.se\/wp-content\/uploads\/2017\/08\/IMG_5091.jpg 768w, https:\/\/tandcity.se\/wp-content\/uploads\/2017\/08\/IMG_5091-300x200.jpg 300w, https:\/\/tandcity.se\/wp-content\/uploads\/2017\/08\/IMG_5091-272x182.jpg 272w\" sizes=\"auto, (max-width: 768px) 100vw, 768px\" \/><\/div>\n\t\t<\/figure>\n\t<\/div>\n<div class=\"vc_btn3-container vc_btn3-center\" ><a class=\"vc_general vc_btn3 vc_btn3-size-md vc_btn3-shape-square vc_btn3-style-modern vc_btn3-color-success\" href=\"https:\/\/4447.etand.se\/bookings\/\" title=\"\">Book a dental appointment<\/a><\/div><\/div><\/div><\/div><\/div><div class=\"vc_row wpb_row vc_row-fluid\"><div class=\"wpb_column vc_column_container vc_col-sm-12\"><div class=\"vc_column-inner\"><div class=\"wpb_wrapper\">\n\t<div class=\"wpb_text_column wpb_content_element\" >\n\t\t<div class=\"wpb_wrapper\">\n\t\t\t<h2>TandCity \u2013 a private dentist in Malm\u00f6<\/h2>\n<p>Our network of clinics in Switzerland and Sweden all share the same vision. This enables us to work with equipment and materials at the highest international level, even in Malm\u00f6.<\/p>\n<p>We who founded the concept are called <a href=\"https:\/\/tandcity.se\/en\/author\/alexander-johansson\/\">Alexander Johansson<\/a> and Sofie Bergman. We are a couple of dentists, educated at the Karolinska Institutet in Stockholm but born and raised near Malm\u00f6. We are passionate about our profession and have known from the beginning of our career that we want to change and improve. We want to work with the best and with the best. In this way, we can develop and offer our patients something completely extra. In 2012, we opened our first dental practice, ZahnCity, in Zurich, Switzerland. Now we are back at home to realize the dream of a private dental clinic in Malm\u00f6. A private dentist in Malm\u00f6 who will offer the absolute best in dental care, both to staff and to patients. You should be able to feel the difference with us.<\/p>\n<p>We work closely with our own in-house dental technicians, who specialize in cosmetic and aesthetic dentistry. We dare say that they maintain a higher level of service and technical expertise than many others, but above all, they share our vision of high-quality dental care. They work at a high international level and possess knowledge and characteristics that make them unique. Using carefully selected products, equipment and the latest technology, they provide us and our patients with top-class fixed restorations. In our clinics, we only work with all-ceramic crowns and bridges, i.e. completely without metal in the constructions. With the right knowledge and the right materials, we dare to say that metal in fixed structures no longer has a place in modern dentistry.<\/p>\n<h2>What does TandCity&#039;s dentist Malm\u00f6 offer you as a patient?<\/h2>\n<p>\u2022 Reliable and competent staff. You can feel safe in our hands.<br \/>\n\u2022   Highest quality. Carefully selected materials and the latest technical equipment.<br \/>\n\u2022 Unbeatable opening hours. Monday to Friday 07:00 \u2013 20:00. Saturday 09:00-17:00.<br \/>\n\u2022 Best location. The clinic is located opposite Malm\u00f6 Central Station. You can easily reach us by train, car or bus.<br \/>\n\u2022 Appointment booking online. Book your appointment in peace and quiet via our website. Of course, it is also fine to call us to book your appointment.<\/p>\n<p>We hope you choose us at TandCity as your dentist in Malm\u00f6. We promise to do our utmost to ensure your satisfaction. Our patients should feel seen and listened to. They should feel safe and secure. You should be able to feel the difference when you come to us.<\/p>\n<p><strong>We offer professional dental care in Malm\u00f6 and together we develop Swedish dental care. Welcome!<\/strong><\/p>\n\n\t\t<\/div>\n\t<\/div>\n<div class=\"vc_row wpb_row vc_inner vc_row-fluid\"><div class=\"wpb_column vc_column_container vc_col-sm-12\"><div class=\"vc_column-inner\"><div class=\"wpb_wrapper\">\n\t<div class=\"wpb_text_column wpb_content_element\" >\n\t\t<div class=\"wpb_wrapper\">\n\t\t\t<h2>TandCity&#039;s dentist in Malm\u00f6<\/h2>\n\n\t\t<\/div>\n\t<\/div>\n<\/div><\/div><\/div><\/div><\/div><\/div><\/div><\/div><div class=\"vc_row wpb_row vc_row-fluid twoColumn vc_column-gap-20 vc_row-o-equal-height vc_row-flex\"><div class=\"wpb_column vc_column_container vc_col-sm-3\"><div class=\"vc_column-inner\"><div class=\"wpb_wrapper\">\n\t<div  class=\"wpb_single_image wpb_content_element vc_align_center  wpb_animate_when_almost_visible wpb_bottom-to-top bottom-to-top\">\n\t\t\n\t\t<figure class=\"wpb_wrapper vc_figure\">\n\t\t\t<div class=\"vc_single_image-wrapper vc_box_circle  vc_box_border_grey\"><img decoding=\"async\" class=\"vc_single_image-img\" src=\"https:\/\/tandcity.se\/wp-content\/uploads\/2022\/10\/Din-Tandl\u00e4kare-i-Malm\u00f6-Alexander-Johansson-690x690.jpg\" width=\"690\" height=\"690\" alt=\"Dentist Malm\u00f6 Alex\" title=\"Your Dentist in Malm\u00f6 Alexander Johansson\" loading=\"lazy\" \/><\/div>\n\t\t<\/figure>\n\t<\/div>\n\n\t<div class=\"wpb_text_column wpb_content_element\" >\n\t\t<div class=\"wpb_wrapper\">\n\t\t\t<h3 style=\"text-align: center;\"><a href=\"http:\/\/tandcity.se\/en\/author\/alexander-johansson\/\">Alexander Johansson<\/a><\/h3>\n<p style=\"text-align: center;\"><em>Dentist \/ Clinic manager<\/em><\/p>\n<p style=\"text-align: center;\">Niche within aesthetic dentistry and implant surgery<\/p>\n<hr \/>\n\n\t\t<\/div>\n\t<\/div>\n<\/div><\/div><\/div><div class=\"wpb_column vc_column_container vc_col-sm-3\"><div class=\"vc_column-inner\"><div class=\"wpb_wrapper\">\n\t<div  class=\"wpb_single_image wpb_content_element vc_align_center  wpb_animate_when_almost_visible wpb_bottom-to-top bottom-to-top\">\n\t\t\n\t\t<figure class=\"wpb_wrapper vc_figure\">\n\t\t\t<div class=\"vc_single_image-wrapper vc_box_circle  vc_box_border_grey\"><img decoding=\"async\" class=\"vc_single_image-img\" src=\"https:\/\/tandcity.se\/wp-content\/uploads\/2023\/09\/Tandlakare-Malmo-Aliakbar-1_gra-1528x1528.jpg\" width=\"1528\" height=\"1528\" alt=\"Portrait of dentist Aliakbar - experienced dental care expert in Malm\u00f6.\" title=\"Dentist Aliakbar - Reliable Dental Expert in Malm\u00f6\" loading=\"lazy\" \/><\/div>\n\t\t<\/figure>\n\t<\/div>\n\n\t<div class=\"wpb_text_column wpb_content_element\" >\n\t\t<div class=\"wpb_wrapper\">\n\t\t\t<h3 style=\"text-align: center;\"><a href=\"https:\/\/tandcity.se\/en\/author\/aliakbar\/\">Aliakbar Al Obeidi<\/a><\/h3>\n<p style=\"text-align: center;\"><em>Dentist<\/em><\/p>\n<p style=\"text-align: center;\">Niche within soft tissue surgery &amp; implants<\/p>\n<hr \/>\n\n\t\t<\/div>\n\t<\/div>\n<\/div><\/div><\/div><div class=\"wpb_column vc_column_container vc_col-sm-3\"><div class=\"vc_column-inner\"><div class=\"wpb_wrapper\">\n\t<div  class=\"wpb_single_image wpb_content_element vc_align_center  wpb_animate_when_almost_visible wpb_bottom-to-top bottom-to-top\">\n\t\t\n\t\t<figure class=\"wpb_wrapper vc_figure\">\n\t\t\t<div class=\"vc_single_image-wrapper vc_box_circle  vc_box_border_grey\"><img decoding=\"async\" class=\"vc_single_image-img\" src=\"https:\/\/tandcity.se\/wp-content\/uploads\/2016\/08\/L5A0457_tandcity-1463x1463.jpg\" width=\"1463\" height=\"1463\" alt=\"Ripan Sivia Dentist\" title=\"Ripan Sivia\" loading=\"lazy\" \/><\/div>\n\t\t<\/figure>\n\t<\/div>\n\n\t<div class=\"wpb_text_column wpb_content_element\" >\n\t\t<div class=\"wpb_wrapper\">\n\t\t\t<h3 style=\"text-align: center;\"><a href=\"https:\/\/tandcity.se\/en\/author\/ripan-sivia\/\">Ripan Sivia<\/a><\/h3>\n<p style=\"text-align: center;\">Dentist \/ Odontological manager<\/p>\n<p style=\"text-align: center;\">Implantatolog<\/p>\n<hr \/>\n<h3 style=\"text-align: center;\"><\/h3>\n\n\t\t<\/div>\n\t<\/div>\n<\/div><\/div><\/div><div class=\"wpb_column vc_column_container vc_col-sm-3\"><div class=\"vc_column-inner\"><div class=\"wpb_wrapper\">\n\t<div  class=\"wpb_single_image wpb_content_element vc_align_center  wpb_animate_when_almost_visible wpb_bottom-to-top bottom-to-top\">\n\t\t\n\t\t<figure class=\"wpb_wrapper vc_figure\">\n\t\t\t<div class=\"vc_single_image-wrapper vc_box_circle  vc_box_border_grey\"><img decoding=\"async\" class=\"vc_single_image-img\" src=\"https:\/\/tandcity.se\/wp-content\/uploads\/2023\/09\/thumbnail_philipboeni_045_bearbeitet_Sofie-Bergman_grabakgrund-824x824.jpg\" width=\"824\" height=\"824\" alt=\"Portrait of dentist Sofie Bergman - experienced dental care expert in Malm\u00f6.\" title=\"thumbnail_philipboeni_045_edited_Sofie Bergman_gr\u00e5bakgrund\" loading=\"lazy\" \/><\/div>\n\t\t<\/figure>\n\t<\/div>\n\n\t<div class=\"wpb_text_column wpb_content_element\" >\n\t\t<div class=\"wpb_wrapper\">\n\t\t\t<h3 style=\"text-align: center;\"><a href=\"https:\/\/tandcity.se\/en\/author\/sofie-bergman\/\">Sofie Bergman<\/a><\/h3>\n<p style=\"text-align: center;\"><em>Dentist\u00a0<\/em><\/p>\n<p style=\"text-align: center;\">Niche within aesthetic orthodontics with Invisalign<\/p>\n<hr \/>\n\n\t\t<\/div>\n\t<\/div>\n<\/div><\/div><\/div><\/div><div class=\"vc_row wpb_row vc_row-fluid twoColumn vc_column-gap-20 vc_row-o-equal-height vc_row-flex\"><div class=\"wpb_column vc_column_container vc_col-sm-3\"><div class=\"vc_column-inner\"><div class=\"wpb_wrapper\">\n\t<div  class=\"wpb_single_image wpb_content_element vc_align_center  wpb_animate_when_almost_visible wpb_bottom-to-top bottom-to-top\">\n\t\t\n\t\t<figure class=\"wpb_wrapper vc_figure\">\n\t\t\t<div class=\"vc_single_image-wrapper vc_box_circle  vc_box_border_grey\"><img decoding=\"async\" class=\"vc_single_image-img\" src=\"https:\/\/tandcity.se\/wp-content\/uploads\/2024\/11\/Tandlakare-Malmo-Sofia-Olsson-798x798.jpg\" width=\"798\" height=\"798\" alt=\"Female dentist at TandCity dental clinic in Malm\u00f6\" title=\"Dentist Malm\u00f6 Sofia Olsson\" loading=\"lazy\" \/><\/div>\n\t\t<\/figure>\n\t<\/div>\n\n\t<div class=\"wpb_text_column wpb_content_element\" >\n\t\t<div class=\"wpb_wrapper\">\n\t\t\t<h3 style=\"text-align: center;\"><a href=\"https:\/\/tandcity.se\/en\/author\/sofia\/\">Sofia Chiappe Olsson<\/a><\/h3>\n<p style=\"text-align: center;\"><em>Dentist<\/em><\/p>\n<p style=\"text-align: center;\">Niche within aesthetic orthodontics with Invisalign<\/p>\n<hr \/>\n\n\t\t<\/div>\n\t<\/div>\n<\/div><\/div><\/div><div class=\"wpb_column vc_column_container vc_col-sm-3\"><div class=\"vc_column-inner\"><div class=\"wpb_wrapper\">\n\t<div  class=\"wpb_single_image wpb_content_element vc_align_center  wpb_animate_when_almost_visible wpb_bottom-to-top bottom-to-top\">\n\t\t\n\t\t<figure class=\"wpb_wrapper vc_figure\">\n\t\t\t<div class=\"vc_single_image-wrapper vc_box_circle  vc_box_border_grey\"><img decoding=\"async\" class=\"vc_single_image-img\" src=\"https:\/\/tandcity.se\/wp-content\/uploads\/2016\/08\/L5A0599_tandcity-1463x1463.jpg\" width=\"1463\" height=\"1463\" alt=\"Emma Edvinsson Dental hygienist \/ Clinic coordinator\" title=\"Emma Edvinsson\" loading=\"lazy\" \/><\/div>\n\t\t<\/figure>\n\t<\/div>\n\n\t<div class=\"wpb_text_column wpb_content_element\" >\n\t\t<div class=\"wpb_wrapper\">\n\t\t\t<h3 style=\"text-align: center;\"><a href=\"https:\/\/tandcity.se\/en\/author\/emma-edvinsson\/\">Emma<\/a><br \/>\n<a href=\"https:\/\/tandcity.se\/en\/author\/emma-edvinsson\/\">Edvinsson<\/a><\/h3>\n<p style=\"text-align: center;\"><em>Dental hygienist \/ Clinic coordinator<\/em><\/p>\n<hr \/>\n\n\t\t<\/div>\n\t<\/div>\n<\/div><\/div><\/div><div class=\"wpb_column vc_column_container vc_col-sm-3\"><div class=\"vc_column-inner\"><div class=\"wpb_wrapper\">\n\t<div  class=\"wpb_single_image wpb_content_element vc_align_center  wpb_animate_when_almost_visible wpb_bottom-to-top bottom-to-top\">\n\t\t\n\t\t<figure class=\"wpb_wrapper vc_figure\">\n\t\t\t<div class=\"vc_single_image-wrapper vc_box_circle  vc_box_border_grey\"><img decoding=\"async\" class=\"vc_single_image-img\" src=\"https:\/\/tandcity.se\/wp-content\/uploads\/2025\/01\/Tandhygienist-Yashar-Bigli-1-901x901.png\" width=\"901\" height=\"901\" alt=\"Yashar Bigli Dental hygienist\" title=\"Dental hygienist Yashar Bigli\" loading=\"lazy\" \/><\/div>\n\t\t<\/figure>\n\t<\/div>\n\n\t<div class=\"wpb_text_column wpb_content_element\" >\n\t\t<div class=\"wpb_wrapper\">\n\t\t\t<h3 style=\"text-align: center;\"><a href=\"https:\/\/tandcity.se\/en\/author\/yashar-bigli\/\">Yashar Bigli<\/a><\/h3>\n<p style=\"text-align: center;\"><em>Dental hygienist<\/em><\/p>\n<hr \/>\n\n\t\t<\/div>\n\t<\/div>\n<\/div><\/div><\/div><div class=\"wpb_column vc_column_container vc_col-sm-3\"><div class=\"vc_column-inner\"><div class=\"wpb_wrapper\">\n\t<div  class=\"wpb_single_image wpb_content_element vc_align_center  wpb_animate_when_almost_visible wpb_bottom-to-top bottom-to-top\">\n\t\t\n\t\t<figure class=\"wpb_wrapper vc_figure\">\n\t\t\t<div class=\"vc_single_image-wrapper vc_box_circle  vc_box_border_grey\"><img decoding=\"async\" class=\"vc_single_image-img\" src=\"https:\/\/tandcity.se\/wp-content\/uploads\/2025\/08\/Esra-Tandhygienist-Malmo-432x432.jpg\" width=\"432\" height=\"432\" alt=\"Esra Dental hygienist\" title=\"Esra Dental Hygienist\" loading=\"lazy\" \/><\/div>\n\t\t<\/figure>\n\t<\/div>\n\n\t<div class=\"wpb_text_column wpb_content_element\" >\n\t\t<div class=\"wpb_wrapper\">\n\t\t\t<h3 style=\"text-align: center;\"><a href=\"https:\/\/tandcity.se\/en\/author\/esra\/\">Esra Khaled<\/a><\/h3>\n<p style=\"text-align: center;\"><em>Dental hygienist<\/em><\/p>\n<hr \/>\n\n\t\t<\/div>\n\t<\/div>\n<\/div><\/div><\/div><\/div><div data-vc-full-width=\"true\" data-vc-full-width-init=\"false\" class=\"vc_row wpb_row vc_row-fluid fullwidth booking_section_responsive vc_custom_1529581874330 vc_row-has-fill vc_row-o-equal-height vc_row-flex\"><div class=\"wpb_column vc_column_container vc_col-sm-12\"><div class=\"vc_column-inner\"><div class=\"wpb_wrapper\">\n\t<div class=\"wpb_text_column wpb_content_element\" >\n\t\t<div class=\"wpb_wrapper\">\n\t\t\t<h2><span style=\"color: #ffffff;\">TandCity \u2013 emergency dental care in Malm\u00f6<\/span><\/h2>\n<p class=\"subtext_online\">Are you in need of an emergency time or do you want to have a time quickly for some other reason?<\/p>\n<p>&nbsp;<\/p>\n<h4><span style=\"color: #ffffff;\">Just calm down, we\u2019ll help you. We understand that some things can\u2019t wait and make sure you get a time as soon as possible. Contact us at phone number 040 23 66 00 or book your time online. Warm welcome!<\/span><\/h4>\n\n\t\t<\/div>\n\t<\/div>\n<div class=\"vc_btn3-container  tandcitygreen vc_btn3-inline vc_custom_1711010550489\" ><a class=\"vc_general vc_btn3 vc_btn3-size-lg vc_btn3-shape-rounded vc_btn3-style-modern vc_btn3-color-green\" href=\"https:\/\/4447.etand.se\/bookings\" title=\"Book online\" target=\"_blank\" onclick=\"ga(&#039;send&#039;, &#039;event&#039;, &#039;button&#039;, &#039;click&#039;, &#039;bottom-banner-sv&#039;);\">Book online<\/a><\/div><\/div><\/div><\/div><\/div><div class=\"vc_row-full-width vc_clearfix\"><\/div>\n<\/div>","protected":false},"excerpt":{"rendered":"Boka tid hos Tandl\u00e4kare i Malm\u00f6 TandCitys\u00a0tandl\u00e4kare i Malm\u00f6\u00a0erbjuder alla behandlingar med ett konstant fokus p\u00e5 utm\u00e4rkt svensk tandv\u00e5rd av <a href=\"https:\/\/tandcity.se\/en\/tandlakare-malmo\/\" class=\"more-link\">...<span class=\"screen-reader-text\">  Dentist in Malm\u00f6<\/span><\/a>","protected":false},"author":24,"featured_media":0,"parent":0,"menu_order":0,"comment_status":"closed","ping_status":"closed","template":"","meta":{"footnotes":""},"class_list":["post-1538","page","type-page","status-publish"],"yoast_head":"<!-- This site is optimized with the Yoast SEO plugin v25.5 - https:\/\/yoast.com\/wordpress\/plugins\/seo\/ -->\n<title>Professionell tandl\u00e4kare Malm\u00f6 - Boka tid idag - TandCity<\/title>\n<meta name=\"description\" content=\"Beh\u00f6ver du tandl\u00e4kare Malm\u00f6? TandCity har ett erfaret team av tandl\u00e4kare som erbjuder allt fr\u00e5n regelbunden tandv\u00e5rd till tandimplantat. Boka en tid idag.\" \/>\n<meta name=\"robots\" content=\"index, follow, max-snippet:-1, max-image-preview:large, max-video-preview:-1\" \/>\n<link rel=\"canonical\" href=\"https:\/\/tandcity.se\/en\/tandlakare-malmo\/\" \/>\n<meta name=\"twitter:label1\" content=\"Estimated reading time\" \/>\n\t<meta name=\"twitter:data1\" content=\"5 minutes\" \/>\n<!-- \/ Yoast SEO plugin. -->","yoast_head_json":{"title":"Professional dentist Malm\u00f6 - Book an appointment today - TandCity","description":"Beh\u00f6ver du tandl\u00e4kare Malm\u00f6? TandCity har ett erfaret team av tandl\u00e4kare som erbjuder allt fr\u00e5n regelbunden tandv\u00e5rd till tandimplantat. Boka en tid idag.","robots":{"index":"index","follow":"follow","max-snippet":"max-snippet:-1","max-image-preview":"max-image-preview:large","max-video-preview":"max-video-preview:-1"},"canonical":"https:\/\/tandcity.se\/en\/tandlakare-malmo\/","twitter_misc":{"Estimated reading time":"5 minutes"},"schema":{"@context":"https:\/\/schema.org","@graph":[{"@type":"WebPage","@id":"https:\/\/tandcity.se\/sv\/tandlakare-malmo\/","url":"https:\/\/tandcity.se\/sv\/tandlakare-malmo\/","name":"Professional dentist Malm\u00f6 - Book an appointment today - TandCity","isPartOf":{"@id":"https:\/\/tandcity.se\/sv\/#website"},"datePublished":"2017-08-29T18:34:02+00:00","dateModified":"2025-08-11T20:37:48+00:00","description":"Beh\u00f6ver du tandl\u00e4kare Malm\u00f6? TandCity har ett erfaret team av tandl\u00e4kare som erbjuder allt fr\u00e5n regelbunden tandv\u00e5rd till tandimplantat. Boka en tid idag.","breadcrumb":{"@id":"https:\/\/tandcity.se\/sv\/tandlakare-malmo\/#breadcrumb"},"inLanguage":"en-GB","potentialAction":[{"@type":"ReadAction","target":["https:\/\/tandcity.se\/sv\/tandlakare-malmo\/"]}]},{"@type":"BreadcrumbList","@id":"https:\/\/tandcity.se\/sv\/tandlakare-malmo\/#breadcrumb","itemListElement":[{"@type":"ListItem","position":1,"name":"Hjem","item":"https:\/\/tandcity.se\/en\/"},{"@type":"ListItem","position":2,"name":"Tandl\u00e4kare Malm\u00f6"}]},{"@type":"WebSite","@id":"https:\/\/tandcity.se\/sv\/#website","url":"https:\/\/tandcity.se\/sv\/","name":"TandCity Malm\u00f6","description":"","potentialAction":[{"@type":"SearchAction","target":{"@type":"EntryPoint","urlTemplate":"https:\/\/tandcity.se\/sv\/?s={search_term_string}"},"query-input":{"@type":"PropertyValueSpecification","valueRequired":true,"valueName":"search_term_string"}}],"inLanguage":"en-GB"}]}},"_links":{"self":[{"href":"https:\/\/tandcity.se\/en\/wp-json\/wp\/v2\/pages\/1538","targetHints":{"allow":["GET"]}}],"collection":[{"href":"https:\/\/tandcity.se\/en\/wp-json\/wp\/v2\/pages"}],"about":[{"href":"https:\/\/tandcity.se\/en\/wp-json\/wp\/v2\/types\/page"}],"author":[{"embeddable":true,"href":"https:\/\/tandcity.se\/en\/wp-json\/wp\/v2\/users\/24"}],"replies":[{"embeddable":true,"href":"https:\/\/tandcity.se\/en\/wp-json\/wp\/v2\/comments?post=1538"}],"version-history":[{"count":153,"href":"https:\/\/tandcity.se\/en\/wp-json\/wp\/v2\/pages\/1538\/revisions"}],"predecessor-version":[{"id":4484,"href":"https:\/\/tandcity.se\/en\/wp-json\/wp\/v2\/pages\/1538\/revisions\/4484"}],"wp:attachment":[{"href":"https:\/\/tandcity.se\/en\/wp-json\/wp\/v2\/media?parent=1538"}],"curies":[{"name":"wp","href":"https:\/\/api.w.org\/{rel}","templated":true}]}}