{"id":1472,"date":"2017-08-25T19:43:55","date_gmt":"2017-08-25T17:43:55","guid":{"rendered":"http:\/\/tandcity.se\/sv\/?page_id=1472"},"modified":"2025-12-12T15:30:24","modified_gmt":"2025-12-12T14:30:24","slug":"tandlakare-malmo-priser","status":"publish","type":"page","link":"https:\/\/tandcity.se\/en\/dentist-malmo-prices\/","title":{"rendered":"Tandv\u00e5rdspriser"},"content":{"rendered":"<div class=\"wpb-content-wrapper\"><div data-vc-full-width=\"true\" data-vc-full-width-init=\"false\" data-vc-stretch-content=\"true\" class=\"vc_row wpb_row vc_row-fluid fullwidth coverimage vc_custom_1618818148057 vc_row-has-fill vc_row-o-content-top vc_row-flex\"><div class=\"wpb_column vc_column_container vc_col-sm-12\"><div class=\"vc_column-inner\"><div class=\"wpb_wrapper\"><\/div><\/div><\/div><\/div><div class=\"vc_row-full-width vc_clearfix\"><\/div><div class=\"vc_row wpb_row vc_row-fluid\"><div class=\"wpb_column vc_column_container vc_col-sm-12\"><div class=\"vc_column-inner\"><div class=\"wpb_wrapper\">\n\t<div class=\"wpb_text_column wpb_content_element  introtext\" >\n\t\t<div class=\"wpb_wrapper\">\n\t\t\t<h1>Treat acute problems at good prices at TandCity - Your dentist in Malm\u00f6<\/h1>\n<p>Our main goal at TandCity is to provide high quality dental care at a good price. With our state-of-the-art equipment, our skilled staff and the most skilled dental technicians in Sweden, we can ensure that we always provide a high-class standard. A satisfied customer will return!<\/p>\n\n\t\t<\/div>\n\t<\/div>\n<\/div><\/div><\/div><\/div><div class=\"vc_row wpb_row vc_row-fluid\"><div class=\"wpb_column vc_column_container vc_col-sm-6\"><div class=\"vc_column-inner\"><div class=\"wpb_wrapper\">\n\t<div class=\"wpb_text_column wpb_content_element\" >\n\t\t<div class=\"wpb_wrapper\">\n\t\t\t<p>We know that we do good work at fair prices for our dental care and therefore have no problem being transparent about the treatment prices of our cheap dentists and dental hygienists. We are of course connected to the Social Insurance Agency, which means that you can use the general dental care allowance (ATB) and have access to high-cost protection in exactly the same way as with other cheap dentists.<\/p>\n<p>V\u00e5ra <a href=\"https:\/\/tandcity.se\/en\/\">dentist in Malm\u00f6<\/a> arbetar alltid med patienten i fokus och utg\u00e5r alltid fr\u00e5n att varje patient \u00e4r unik. Tillsammans kommer vi fram till den b\u00e4sta l\u00f6sningen f\u00f6r just dig, b\u00e5de ur behandlingsm\u00e4ssig och ekonomisk synpunkt. Faktorer som p\u00e5verkar behandlingskostnaden f\u00f6r v\u00e5ra tandl\u00e4kare och tandhygienister \u00e4r din \u00e5lder samt vilka unders\u00f6kningar och behandlingar som beh\u00f6vs. Hos oss f\u00e5r du reda p\u00e5 kostnaden f\u00f6r behandlingen redan innan den p\u00e5b\u00f6rjas.<\/p>\n\n\t\t<\/div>\n\t<\/div>\n<\/div><\/div><\/div><div class=\"wpb_column vc_column_container vc_col-sm-6\"><div class=\"vc_column-inner\"><div class=\"wpb_wrapper\">\n\t<div  class=\"wpb_single_image wpb_content_element vc_align_left\">\n\t\t\n\t\t<figure class=\"wpb_wrapper vc_figure\">\n\t\t\t<div class=\"vc_single_image-wrapper   vc_box_border_grey\"><img loading=\"lazy\" decoding=\"async\" width=\"473\" height=\"314\" src=\"https:\/\/tandcity.se\/wp-content\/uploads\/2017\/08\/tandlakar-priser-malmo.jpg\" class=\"vc_single_image-img attachment-full\" alt=\"Dental care prices in Malm\u00f6 -TandCity\" title=\"L\u00e5ga tandv\u00e5rdspriser hos Tandcity\" srcset=\"https:\/\/tandcity.se\/wp-content\/uploads\/2017\/08\/tandlakar-priser-malmo.jpg 473w, https:\/\/tandcity.se\/wp-content\/uploads\/2017\/08\/tandlakar-priser-malmo-300x199.jpg 300w, https:\/\/tandcity.se\/wp-content\/uploads\/2017\/08\/tandlakar-priser-malmo-272x182.jpg 272w\" sizes=\"auto, (max-width: 473px) 100vw, 473px\" \/><\/div>\n\t\t<\/figure>\n\t<\/div>\n<\/div><\/div><\/div><\/div><div class=\"vc_row wpb_row vc_row-fluid\"><div class=\"wpb_column vc_column_container vc_col-sm-12\"><div class=\"vc_column-inner\"><div class=\"wpb_wrapper\">\n\t<div class=\"wpb_text_column wpb_content_element\" >\n\t\t<div class=\"wpb_wrapper\">\n\t\t\t\n\t\t<\/div>\n\t<\/div>\n\n\t<div class=\"wpb_text_column wpb_content_element\" >\n\t\t<div class=\"wpb_wrapper\">\n\t\t\t<h2>Dental support financed by government<\/h2>\n<p>Du har r\u00e4tt till fri tandv\u00e5rd till och med det \u00e5r du fyller 19 \u00e5r. D\u00e4remot f\u00e5r du ekonomisk hj\u00e4lp i form av det statliga tandv\u00e5rdsst\u00f6det som best\u00e5r av tre delar:<\/p>\n<ul>\n<li>General dental care allowance<\/li>\n<li>Special dental care allowance<\/li>\n<li>High-cost protection<\/li>\n<\/ul>\n\n\t\t<\/div>\n\t<\/div>\n<\/div><\/div><\/div><\/div><div class=\"vc_row wpb_row vc_row-fluid\"><div class=\"wpb_column vc_column_container vc_col-sm-6\"><div class=\"vc_column-inner\"><div class=\"wpb_wrapper\">\n\t<div  class=\"wpb_single_image wpb_content_element vc_align_left\">\n\t\t\n\t\t<figure class=\"wpb_wrapper vc_figure\">\n\t\t\t<div class=\"vc_single_image-wrapper   vc_box_border_grey\"><img loading=\"lazy\" decoding=\"async\" width=\"2048\" height=\"3072\" src=\"https:\/\/tandcity.se\/wp-content\/uploads\/2017\/08\/E4A9457_tandcity_2.jpg\" class=\"vc_single_image-img attachment-full\" alt=\"Women Visit Tandcity\" title=\"Women Visit Tandcity\" srcset=\"https:\/\/tandcity.se\/wp-content\/uploads\/2017\/08\/E4A9457_tandcity_2.jpg 2048w, https:\/\/tandcity.se\/wp-content\/uploads\/2017\/08\/E4A9457_tandcity_2-200x300.jpg 200w, https:\/\/tandcity.se\/wp-content\/uploads\/2017\/08\/E4A9457_tandcity_2-768x1152.jpg 768w, https:\/\/tandcity.se\/wp-content\/uploads\/2017\/08\/E4A9457_tandcity_2-683x1024.jpg 683w, https:\/\/tandcity.se\/wp-content\/uploads\/2017\/08\/E4A9457_tandcity_2-320x480.jpg 320w, https:\/\/tandcity.se\/wp-content\/uploads\/2017\/08\/E4A9457_tandcity_2-33x50.jpg 33w\" sizes=\"auto, (max-width: 2048px) 100vw, 2048px\" \/><\/div>\n\t\t<\/figure>\n\t<\/div>\n<\/div><\/div><\/div><div class=\"wpb_column vc_column_container vc_col-sm-6\"><div class=\"vc_column-inner\"><div class=\"wpb_wrapper\">\n\t<div class=\"wpb_text_column wpb_content_element\" >\n\t\t<div class=\"wpb_wrapper\">\n\t\t\t<p>The first part is <em>general dental care allowance (ATB) <\/em>where the size of the grant is dependent on your age. The general dental care allowance belongs to the patient but is paid to the cheap dentist or dental hygienist. The entire grant must be used at one time and it is up to the patient to decide if and when it should be used to pay part of the cost of the treatment.<\/p>\n<p>On 1 July each year, you receive a new dental care grant and it is possible to save the grant from one year and use it together with the new grant the following year, at the same time or on different occasions. It is not possible to save more than two contributions, after which one of the previous contributions disappears and is replaced by a new one.<\/p>\n<ul>\n<li>Fr\u00e5n och med det \u00e5r du fyller 20 \u00e5r till och med det \u00e5r du fyller 29 \u00e5r \u00e4r bidraget 600 kr\/\u00e5r.<\/li>\n<li>From the year you turn 30 and up to and including the year you turn 64, the contribution is SEK 300\/year.<\/li>\n<li>From the year you turn 65, the contribution is SEK 600\/year.<\/li>\n<\/ul>\n\n\t\t<\/div>\n\t<\/div>\n<\/div><\/div><\/div><\/div><div class=\"vc_row wpb_row vc_row-fluid\"><div class=\"wpb_column vc_column_container vc_col-sm-12\"><div class=\"vc_column-inner\"><div class=\"wpb_wrapper\">\n\t<div class=\"wpb_text_column wpb_content_element\" >\n\t\t<div class=\"wpb_wrapper\">\n\t\t\t<p>There is also one <em>special dental care support (STB) <\/em>which is SEK 600 per six months. This is for people with diseases or disabilities that affect the teeth and oral cavity negatively and usually requires a doctor&#039;s certificate. The third part of the state dental care support is called <em>high-cost protection <\/em>and means that the patient receives financial help when paying for major treatments. In this way, the patient does not have to bear the entire cost himself. F\u00f6rs\u00e4kringskassan pays the compensation for the remaining part of the treatment cost directly to the cheap dentist or dental hygienist. This protection starts to apply when the total cost of a visit to the dentist (calculated on the reference price) exceeds SEK 3,000 during a 12-month period. You will then receive a deduction where the size of the deduction depends on how high the total cost will be.<\/p>\n<ul>\n<li>For dental care costs with a reference price of up to SEK 3,000, you will not receive compensation but pay the full dental care price yourself.<\/li>\n<li>For dental care costs with a reference price between SEK 3,000-15,000, you receive 50 percent compensation.<\/li>\n<li>For dental care costs with a reference price above SEK 15,000, you receive 85 percent compensation.<\/li>\n<\/ul>\n<p>Aesthetic dental care, such as teeth whitening, is not included in the state dental care support and is not reimbursed.<\/p>\n<h2><span style=\"font-weight: 400;\">How much does it cost to repair a broken tooth?<\/span><\/h2>\n<p><span style=\"font-weight: 400;\">One of the most common dental conditions we come across is broken teeth. Depending on how serious the damage is, one or more treatments may need to be carried out. For example, if the tooth is so broken that it cannot be repaired, it may need to be extracted. So the answer to the question <\/span><span style=\"font-weight: 400;\">how much does it cost to repair a tooth <\/span><span style=\"font-weight: 400;\">is unfortunately not clear-cut but depends entirely on the extent of the damage.<\/span><\/p>\n<p>Before starting your treatment with us, you can always ask us about the prices for visiting our dentists or dental hygienists <a href=\"http:\/\/tandcity.se\/en\/tandlakare-malmo\/\" target=\"_blank\" rel=\"noopener noreferrer\">in Malm\u00f6<\/a> and what specific treatments cost. Below you can see the dental care prices for a selection of the most common treatments in our range. We reserve the right for any errors in the price list.<\/p>\n\n\t\t<\/div>\n\t<\/div>\n<\/div><\/div><\/div><\/div><div class=\"vc_row wpb_row vc_row-fluid\"><div class=\"wpb_column vc_column_container vc_col-sm-12\"><div class=\"vc_column-inner\"><div class=\"wpb_wrapper\">\n\t<div class=\"wpb_text_column wpb_content_element\" >\n\t\t<div class=\"wpb_wrapper\">\n\t\t\t\n\t\t<\/div>\n\t<\/div>\n\n\t<div class=\"wpb_text_column wpb_content_element\" >\n\t\t<div class=\"wpb_wrapper\">\n\t\t\t<h2>Prices for dental care performed by dentists and dental hygienists at Tandcity<\/h2>\n<table class=\"table-style1\">\n<tbody>\n<tr>\n<th>Survey types<\/th>\n<th>Award<\/th>\n<\/tr>\n<tr>\n<td>Basic examination and diagnostics, performed by dentists<\/td>\n<td>1100<\/td>\n<\/tr>\n<tr>\n<td>Basic examination with complete periodontal examination, performed by a dental hygienist<\/td>\n<td>\u00a01285<\/td>\n<\/tr>\n<tr>\n<td>Acute or supplementary examination, performed by a dentist<\/td>\n<td>\u00a0619<\/td>\n<\/tr>\n<tr>\n<td>Comprehensive emergency or supplementary examination, performed by a dentist<\/td>\n<td>1 275<\/td>\n<\/tr>\n<tr>\n<td>Investigation including examination, performed by a dentist<\/td>\n<td>2060<\/td>\n<\/tr>\n<tr>\n<td>Emergency or other examination, performed by a dental hygienist<\/td>\n<td>535<\/td>\n<\/tr>\n<tr>\n<td>Complementary periodontal examination or caries investigation, performed by a dental hygienist<\/td>\n<td>\u00a0785<\/td>\n<\/tr>\n<\/tbody>\n<\/table>\n<table class=\"table-style1\">\n<tbody>\n<tr>\n<th>R\u00f6ntgenunders\u00f6kningar<\/th>\n<th>Award<\/th>\n<\/tr>\n<tr>\n<td>X-ray examination of a single tooth<\/td>\n<td>\u00a070<\/td>\n<\/tr>\n<tr>\n<td>X-ray examination, partial status<\/td>\n<td>\u00a0246<\/td>\n<\/tr>\n<tr>\n<td>X-ray examination, full status<\/td>\n<td>960<\/td>\n<\/tr>\n<tr>\n<td>Panoramic X-ray examination<\/td>\n<td>\u00a0625<\/td>\n<\/tr>\n<\/tbody>\n<\/table>\n<table class=\"table-style1\">\n<tbody>\n<tr>\n<th>Preventive care<\/th>\n<th>Award<\/th>\n<\/tr>\n<tr>\n<td>Prophylaxis splint, per splint<\/td>\n<td>1135<\/td>\n<\/tr>\n<tr>\n<td>Fluoride treatment including professional teeth cleaning<\/td>\n<td>\u00a0485<\/td>\n<\/tr>\n<tr>\n<td>Mechanical removal of supragingival calculus<\/td>\n<td>\u00a0375<\/td>\n<\/tr>\n<tr>\n<td>Mechanical removal of supragingival calculus, extensive<\/td>\n<td>735<\/td>\n<\/tr>\n<tr>\n<td>Mechanical removal of supragingival calculus, particularly time-consuming<\/td>\n<td>\u00a01145<\/td>\n<\/tr>\n<\/tbody>\n<\/table>\n<table class=\"table-style1\">\n<tbody>\n<tr>\n<th>Disease-treating thyg<\/th>\n<th>Award<\/th>\n<\/tr>\n<tr>\n<td>Treatment of periodontal disease or peri-implantitis, minor extent<\/td>\n<td>\u00a0735<\/td>\n<\/tr>\n<tr>\n<td>Treatment of periodontal disease or peri-implantitis, larger extent<\/td>\n<td>\u00a01430<\/td>\n<\/tr>\n<tr>\n<td>Treatment of periodontal disease or peri-implantitis, particularly time-consuming<\/td>\n<td>2165<\/td>\n<\/tr>\n<\/tbody>\n<\/table>\n<table class=\"table-style1\">\n<tbody>\n<tr>\n<th>Extraction<\/th>\n<th>Award<\/th>\n<\/tr>\n<tr>\n<td>Tooth extraction, a tooth<\/td>\n<td>\u00a01280<\/td>\n<\/tr>\n<tr>\n<td>Tooth extraction, when separation or exposure is required, a tooth<\/td>\n<td>\u00a01820<\/td>\n<\/tr>\n<tr>\n<td>Tooth extraction, additional simple<\/td>\n<td>\u00a0510<\/td>\n<\/tr>\n<tr>\n<td>Kirurgiskt avl\u00e4gsnande av en eller flera t\u00e4nder i samma kvadrant<\/td>\n<td>4472<\/td>\n<\/tr>\n<\/tbody>\n<\/table>\n<table class=\"table-style1\">\n<tbody>\n<tr>\n<th>Root canal treatment<\/th>\n<th>Award<\/th>\n<\/tr>\n<tr>\n<td>Cleaning and root filling, a root canal<\/td>\n<td>4105<\/td>\n<\/tr>\n<tr>\n<td>Cleaning and root filling, two root canals<\/td>\n<td>4955<\/td>\n<\/tr>\n<tr>\n<td>Cleaning and root filling, three root canals<\/td>\n<td>6225<\/td>\n<\/tr>\n<tr>\n<td>Cleaning and root filling, four or more root canals<\/td>\n<td>6790<\/td>\n<\/tr>\n<tr>\n<td>Acute root canal treatment<\/td>\n<td>950<\/td>\n<\/tr>\n<\/tbody>\n<\/table>\n<table class=\"table-style1\">\n<tbody>\n<tr>\n<th>Fillings<\/th>\n<th>Award<\/th>\n<\/tr>\n<tr>\n<td>Filling a surface on a front tooth or canine tooth<\/td>\n<td>730<\/td>\n<\/tr>\n<tr>\n<td>Filling of two surfaces on a front tooth or canine tooth<\/td>\n<td>1160<\/td>\n<\/tr>\n<tr>\n<td>Filling of three or more surfaces on front teeth or canines<\/td>\n<td>1420<\/td>\n<\/tr>\n<tr>\n<td>Filling a surface on a molar or premolar<\/td>\n<td>940<\/td>\n<\/tr>\n<tr>\n<td>Filling of two cavities on molars or premolars<\/td>\n<td>1508<\/td>\n<\/tr>\n<tr>\n<td>Filling of three or more surfaces on molars or premolars<\/td>\n<td>1870<\/td>\n<\/tr>\n<\/tbody>\n<\/table>\n<table class=\"table-style1\">\n<tbody>\n<tr>\n<th>Bite physiology<\/th>\n<th>Award<\/th>\n<\/tr>\n<tr>\n<td>Bite splint in hard acrylate in the upper jaw, made based on bite physiology indication, per splint<\/td>\n<td>4370<\/td>\n<\/tr>\n<tr>\n<td>Bite splint in hard acrylate in the lower jaw, made based on bite physiology indication, per splint<\/td>\n<td>4370<\/td>\n<\/tr>\n<\/tbody>\n<\/table>\n<table class=\"table-style1\">\n<tbody>\n<tr>\n<th>Prosthetics\/Crown\/Bridge<\/th>\n<th>Award<\/th>\n<\/tr>\n<tr>\n<td>Permanent tooth-supported crown, one per jaw<\/td>\n<td>6825<\/td>\n<\/tr>\n<\/tbody>\n<\/table>\n<table class=\"table-style1\" style=\"height: 264px;\" width=\"436\">\n<tbody>\n<tr>\n<th>Bleaching<\/th>\n<th>Award<\/th>\n<\/tr>\n<tr>\n<td>Home bleach<\/td>\n<td>3500<\/td>\n<\/tr>\n<tr>\n<td>Clinics<\/td>\n<td>5500<\/td>\n<\/tr>\n<tr>\n<td>Tooth Jewelry<\/td>\n<td>\u00a0850<\/td>\n<\/tr>\n<tr>\n<td>Attaching jewelery when the patient has their own<\/td>\n<td>\u00a0500<\/td>\n<\/tr>\n<tr>\n<td>Implants (approximate price per implant)<\/td>\n<td>ca 16.000 m FK,<br \/>\nca 20-24.000<br \/>\nwithout FK<\/td>\n<\/tr>\n<tr>\n<td>Invisalign<\/td>\n<td>40.000<\/td>\n<\/tr>\n<\/tbody>\n<\/table>\n\n\t\t<\/div>\n\t<\/div>\n<\/div><\/div><\/div><\/div><div data-vc-full-width=\"true\" data-vc-full-width-init=\"false\" class=\"vc_row wpb_row vc_row-fluid fullwidth booking_section_responsive vc_custom_1529584935555 vc_row-has-fill vc_row-o-equal-height vc_row-flex\"><div class=\"wpb_column vc_column_container vc_col-sm-12\"><div class=\"vc_column-inner\"><div class=\"wpb_wrapper\">\n\t<div class=\"wpb_text_column wpb_content_element\" >\n\t\t<div class=\"wpb_wrapper\">\n\t\t\t<h2><span style=\"color: #ffffff;\">TandCity \u2013 emergency dental care in Malm\u00f6<\/span><\/h2>\n<p class=\"subtext_online\">Are you in need of an emergency time or do you want to have a time quickly for some other reason?<\/p>\n<p>&nbsp;<\/p>\n<h4><span style=\"color: #ffffff;\">Just calm down, we\u2019ll help you. We understand that some things can\u2019t wait and make sure you get a time as soon as possible. Contact us at phone number 040 23 66 00 or book your time online. Warm welcome!<\/span><\/h4>\n\n\t\t<\/div>\n\t<\/div>\n<div class=\"vc_btn3-container  tandcitygreen vc_btn3-inline vc_custom_1585900026592\" ><a class=\"vc_general vc_btn3 vc_btn3-size-lg vc_btn3-shape-rounded vc_btn3-style-modern vc_btn3-color-green\" href=\"http:\/\/tandcity.se\/en\/boka-tid-online\/\" title=\"Book online\" target=\"_blank\" onclick=\"ga(&#039;send&#039;, &#039;event&#039;, &#039;button&#039;, &#039;click&#039;, &#039;bottom-banner-sv&#039;);\">Book online<\/a><\/div><\/div><\/div><\/div><\/div><div class=\"vc_row-full-width vc_clearfix\"><\/div>\n<\/div>","protected":false},"excerpt":{"rendered":"Behandla akuta besv\u00e4r till bra priser hos TandCity - Din tandl\u00e4kare i Malm\u00f6 V\u00e5rt huvudm\u00e5l p\u00e5 TandCity \u00e4r att ge <a href=\"https:\/\/tandcity.se\/en\/dentist-malmo-prices\/\" class=\"more-link\">...<span class=\"screen-reader-text\">  Tandv\u00e5rdspriser<\/span><\/a>","protected":false},"author":24,"featured_media":0,"parent":0,"menu_order":0,"comment_status":"closed","ping_status":"closed","template":"","meta":{"footnotes":""},"class_list":["post-1472","page","type-page","status-publish"],"yoast_head":"<!-- This site is optimized with the Yoast SEO plugin v25.5 - https:\/\/yoast.com\/wordpress\/plugins\/seo\/ -->\n<title>Billig Tandl\u00e4kare | Priser &amp; Behandlingar | TandCity<\/title>\n<meta name=\"description\" content=\"S\u00f6ker du en billig tandl\u00e4kare till ett bra pris i Malm\u00f6? Kontakta TandCity eller bes\u00f6k v\u00e5r hemsida f\u00f6r att boka en tandv\u00e5rdsbehandling redan idag.\" \/>\n<meta name=\"robots\" content=\"index, follow, max-snippet:-1, max-image-preview:large, max-video-preview:-1\" \/>\n<link rel=\"canonical\" href=\"https:\/\/tandcity.se\/en\/dentist-malmo-prices\/\" \/>\n<meta name=\"twitter:label1\" content=\"Estimated reading time\" \/>\n\t<meta name=\"twitter:data1\" content=\"6 minutes\" \/>\n<!-- \/ Yoast SEO plugin. -->","yoast_head_json":{"title":"Cheap Dentist | Prices &amp; Treatments | ToothCity","description":"S\u00f6ker du en billig tandl\u00e4kare till ett bra pris i Malm\u00f6? Kontakta TandCity eller bes\u00f6k v\u00e5r hemsida f\u00f6r att boka en tandv\u00e5rdsbehandling redan idag.","robots":{"index":"index","follow":"follow","max-snippet":"max-snippet:-1","max-image-preview":"max-image-preview:large","max-video-preview":"max-video-preview:-1"},"canonical":"https:\/\/tandcity.se\/en\/dentist-malmo-prices\/","twitter_misc":{"Estimated reading time":"6 minutes"},"schema":{"@context":"https:\/\/schema.org","@graph":[{"@type":"WebPage","@id":"https:\/\/tandcity.se\/tandlakare-malmo-priser\/","url":"https:\/\/tandcity.se\/tandlakare-malmo-priser\/","name":"Cheap Dentist | Prices &amp; Treatments | ToothCity","isPartOf":{"@id":"https:\/\/tandcity.se\/sv\/#website"},"datePublished":"2017-08-25T17:43:55+00:00","dateModified":"2025-12-12T14:30:24+00:00","description":"S\u00f6ker du en billig tandl\u00e4kare till ett bra pris i Malm\u00f6? Kontakta TandCity eller bes\u00f6k v\u00e5r hemsida f\u00f6r att boka en tandv\u00e5rdsbehandling redan idag.","breadcrumb":{"@id":"https:\/\/tandcity.se\/tandlakare-malmo-priser\/#breadcrumb"},"inLanguage":"en-GB","potentialAction":[{"@type":"ReadAction","target":["https:\/\/tandcity.se\/tandlakare-malmo-priser\/"]}]},{"@type":"BreadcrumbList","@id":"https:\/\/tandcity.se\/tandlakare-malmo-priser\/#breadcrumb","itemListElement":[{"@type":"ListItem","position":1,"name":"Hjem","item":"https:\/\/tandcity.se\/en\/"},{"@type":"ListItem","position":2,"name":"Tandv\u00e5rdspriser"}]},{"@type":"WebSite","@id":"https:\/\/tandcity.se\/sv\/#website","url":"https:\/\/tandcity.se\/sv\/","name":"TandCity Malm\u00f6","description":"","potentialAction":[{"@type":"SearchAction","target":{"@type":"EntryPoint","urlTemplate":"https:\/\/tandcity.se\/sv\/?s={search_term_string}"},"query-input":{"@type":"PropertyValueSpecification","valueRequired":true,"valueName":"search_term_string"}}],"inLanguage":"en-GB"}]}},"_links":{"self":[{"href":"https:\/\/tandcity.se\/en\/wp-json\/wp\/v2\/pages\/1472","targetHints":{"allow":["GET"]}}],"collection":[{"href":"https:\/\/tandcity.se\/en\/wp-json\/wp\/v2\/pages"}],"about":[{"href":"https:\/\/tandcity.se\/en\/wp-json\/wp\/v2\/types\/page"}],"author":[{"embeddable":true,"href":"https:\/\/tandcity.se\/en\/wp-json\/wp\/v2\/users\/24"}],"replies":[{"embeddable":true,"href":"https:\/\/tandcity.se\/en\/wp-json\/wp\/v2\/comments?post=1472"}],"version-history":[{"count":32,"href":"https:\/\/tandcity.se\/en\/wp-json\/wp\/v2\/pages\/1472\/revisions"}],"predecessor-version":[{"id":3502,"href":"https:\/\/tandcity.se\/en\/wp-json\/wp\/v2\/pages\/1472\/revisions\/3502"}],"wp:attachment":[{"href":"https:\/\/tandcity.se\/en\/wp-json\/wp\/v2\/media?parent=1472"}],"curies":[{"name":"wp","href":"https:\/\/api.w.org\/{rel}","templated":true}]}}